{"id":15294,"date":"2025-01-19T14:20:55","date_gmt":"2025-01-19T14:20:55","guid":{"rendered":"https:\/\/www.hydraulic-cylinders.net\/product\/bucket-cylinder-for-doosan-large-excavator-dx700lc\/"},"modified":"2025-01-19T14:20:57","modified_gmt":"2025-01-19T14:20:57","slug":"bucket-cylinder-for-doosan-large-excavator-dx700lc","status":"publish","type":"product","link":"https:\/\/www.hydraulic-cylinders.net\/es\/producto\/bucket-cylinder-for-doosan-large-excavator-dx700lc\/","title":{"rendered":"Cilindro de cuchar\u00f3n para excavadora grande Doosan DX700LC"},"content":{"rendered":"<h1>Cilindro de cuchar\u00f3n para excavadora grande Doosan DX700LC<\/h1>\n<h2>Introducci\u00f3n<\/h2>\n<h3>\u00bfQu\u00e9 es un cilindro de cubo?<\/h3>\n<p>El cilindro del cuchar\u00f3n es un cilindro hidr\u00e1ulico especialmente dise\u00f1ado que se utiliza principalmente para controlar el movimiento del cuchar\u00f3n en maquinaria pesada como excavadoras, retroexcavadoras y cargadoras frontales. Su funci\u00f3n principal es permitir que el cuchar\u00f3n se eleve, baje e incline, facilitando el transporte de diversos materiales. En el sistema hidr\u00e1ulico, el cilindro del cuchar\u00f3n aprovecha los cambios de presi\u00f3n del aceite hidr\u00e1ulico para lograr un control preciso del cuchar\u00f3n, lo que permite a los operadores manipular cargas pesadas con eficiencia y adaptarse a entornos de trabajo complejos y diversos requisitos operativos.<\/p>\n<p><img decoding=\"async\" src=\"https:\/\/www.hydraulic-cylinders.net\/wp-content\/uploads\/2025\/01\/songte-company-2.webp\" alt=\"Imagen del cilindro del cubo\"><\/p>\n<h2>Caracter\u00edsticas<\/h2>\n<ul>\n<li>Alta resistencia y durabilidad: generalmente fabricado en acero o aluminio de alta resistencia, puede soportar alta presi\u00f3n y cargas pesadas, adaptarse a entornos de trabajo hostiles y est\u00e1 dise\u00f1ado con resistencia al desgaste y a la corrosi\u00f3n para extender la vida \u00fatil.<\/li>\n<li>Operaci\u00f3n hidr\u00e1ulica eficiente: utiliza la presi\u00f3n del aceite hidr\u00e1ulico para lograr una extensi\u00f3n y retracci\u00f3n suaves, responder r\u00e1pidamente a los comandos de control, proporcionar una fuerte fuerza de empuje y tracci\u00f3n y es adecuado para manipular cargas pesadas y tareas operativas complejas.<\/li>\n<li>Diversos tipos: Se pueden seleccionar cilindros de simple efecto (hidr\u00e1ulicos en una sola direcci\u00f3n) o de doble efecto (hidr\u00e1ulicos en ambas direcciones) seg\u00fan sea necesario para satisfacer diferentes requisitos operativos. Algunos modelos son telesc\u00f3picos, lo que permite una mayor extensi\u00f3n sin aumentar las dimensiones externas, ideal para aplicaciones con espacio limitado.<\/li>\n<\/ul>\n<p>Podemos producir este producto, nuestro producto puede reemplazar perfectamente estos cilindros hidr\u00e1ulicos.<\/p>\n<p><img decoding=\"async\" src=\"https:\/\/www.hydraulic-cylinders.net\/wp-content\/uploads\/2025\/01\/songte-cylinder-head-with-all-kinds-excavator-models.webp\" alt=\"Imagen de reemplazo del cilindro del cuchar\u00f3n\"><\/p>\n<h2>Aplicaciones<\/h2>\n<h3>Equipos de construcci\u00f3n<\/h3>\n<p>En las excavadoras, son esenciales para excavar, cargar y mover tierra o escombros. En las retroexcavadoras, el cilindro del cuchar\u00f3n facilita tanto la excavaci\u00f3n como la elevaci\u00f3n. En la maquinaria agr\u00edcola, se utiliza en las cargadoras frontales para recoger, levantar y transportar tierra, heno y otros materiales. En las cargadoras, ayudan a elevar y volcar cargas eficazmente.<\/p>\n<h2>Consideraciones de dise\u00f1o y criterios de selecci\u00f3n<\/h2>\n<h3>Capacidad de carga<\/h3>\n<p>La capacidad de carga del cilindro del cuchar\u00f3n es crucial. Debe estar dise\u00f1ado para soportar el peso de la carga que se levanta y la presi\u00f3n hidr\u00e1ulica.<\/p>\n<h3>Caza de focas<\/h3>\n<p>El sellado es esencial para evitar fugas de aceite hidr\u00e1ulico y garantizar que el cilindro del cuchar\u00f3n funcione sin problemas.<\/p>\n<h3>Durabilidad<\/h3>\n<p>El cilindro del cuchar\u00f3n debe dise\u00f1arse teniendo en cuenta la durabilidad, considerando la resistencia al desgaste y la corrosi\u00f3n para extender su vida \u00fatil.<\/p>\n<h3>Seguridad<\/h3>\n<p>El cilindro del cuchar\u00f3n debe estar dise\u00f1ado para cumplir con los requisitos de seguridad de la m\u00e1quina y del operador.<\/p>\n<h3>Mantenimiento<\/h3>\n<p>El cilindro del cuchar\u00f3n debe estar dise\u00f1ado teniendo en cuenta la facilidad de mantenimiento, con componentes accesibles para mantenimiento y reparaciones.<\/p>\n<p><img decoding=\"async\" src=\"https:\/\/www.hydraulic-cylinders.net\/wp-content\/uploads\/2025\/01\/songte-oil-pipes-and-spare-parts.webp\" alt=\"Imagen de piezas del cilindro del cubo\"><\/p>\n<h2>Sellado y lubricaci\u00f3n<\/h2>\n<p>Se utilizan diversos elementos de sellado, como sellos de pist\u00f3n, sellos de v\u00e1stago, etc. Estos sellos utilizan materiales resistentes al desgaste como poliuretano y caucho de nitrilo. El cuerpo del cilindro y la superficie del extremo roscado est\u00e1n finamente procesados \u200b\u200bpara mejorar la resistencia al desgaste. El cilindro del cuchar\u00f3n requiere lubricaci\u00f3n regular con aceite hidr\u00e1ulico para garantizar un funcionamiento suave, y es esencial utilizar el aceite lubricante correcto.<\/p>\n<h2>Medidas de inspecci\u00f3n y mantenimiento preventivo<\/h2>\n<p>Las inspecciones peri\u00f3dicas, la lubricaci\u00f3n adecuada, el reemplazo de sellos y las comprobaciones de calibraci\u00f3n son tareas de mantenimiento comunes. Una instalaci\u00f3n, lubricaci\u00f3n y ajuste adecuados son cruciales. Durante la instalaci\u00f3n, se debe proporcionar una gu\u00eda de alineaci\u00f3n adecuada y el cilindro debe fijarse con los soportes de montaje adecuados. Se deben seguir los procedimientos recomendados de inspecci\u00f3n, reparaci\u00f3n y reemplazo. Disponemos de repuestos y servicios de reconstrucci\u00f3n para prolongar la vida \u00fatil del cilindro del cuchar\u00f3n.<\/p>\n<p><img decoding=\"async\" src=\"https:\/\/www.hydraulic-cylinders.net\/wp-content\/uploads\/2025\/01\/songte-chushion-collar.webp\" alt=\"Imagen de mantenimiento del cilindro del cuchar\u00f3n\"><\/p>\n<h2>Consideraciones de seguridad y factores ambientales<\/h2>\n<p>Al utilizar el cilindro del cuchar\u00f3n, se deben tomar precauciones de seguridad, como el uso de equipo de protecci\u00f3n personal. Es fundamental garantizar la correcta eliminaci\u00f3n del aceite hidr\u00e1ulico y los componentes usados \u200b\u200bpara proteger el medio ambiente.<\/p>\n<h2>Diagn\u00f3stico y soluci\u00f3n de problemas<\/h2>\n<p>Los problemas comunes con el cilindro del cuchar\u00f3n incluyen fugas, funcionamiento lento y sellos da\u00f1ados. Un diagn\u00f3stico y una resoluci\u00f3n de problemas adecuados son esenciales para identificar y resolver los problemas eficazmente.<\/p>\n<p>Algunos consejos para la resoluci\u00f3n de problemas incluyen la comprobaci\u00f3n de fugas, la inspecci\u00f3n del cilindro para detectar desgaste y da\u00f1os, y la verificaci\u00f3n de la presi\u00f3n hidr\u00e1ulica y los caudales adecuados. La inspecci\u00f3n y el mantenimiento frecuentes pueden ayudar a prevenir posibles problemas.<\/p>\n<p><img decoding=\"async\" src=\"https:\/\/www.hydraulic-cylinders.net\/wp-content\/uploads\/2025\/01\/songte-bushings-with-all-kinds-of-excavator-models.webp\" alt=\"Imagen de soluci\u00f3n de problemas del cilindro del cuchar\u00f3n\"><\/p>\n<h2>Nuestra empresa<\/h2>\n<p>Somos fabricantes de cilindros hidr\u00e1ulicos de repuesto y contamos con una completa gama de productos. Somos uno de los principales fabricantes y distribuidores mayoristas de cilindros hidr\u00e1ulicos tanto en el mercado nacional como en el internacional. Nos adherimos al concepto de excelente calidad y nos basamos en la estrategia de gesti\u00f3n de la producci\u00f3n industrial de nuestros sofisticados talleres de fabricaci\u00f3n. Mejoramos continuamente la plataforma de fabricaci\u00f3n de nuestros talleres, perfeccionando la calidad de la l\u00ednea de producci\u00f3n y contamos con una s\u00f3lida capacidad de innovaci\u00f3n. Nos esforzamos por satisfacer las diversas necesidades de nuestros clientes con productos de alta eficiencia, precisi\u00f3n y calidad.<\/p>\n<p><img decoding=\"async\" src=\"https:\/\/hzpt.com\/wp-content\/uploads\/2024\/11\/songte-company-1.webp\" alt=\"Imagen de la empresa Bucket Cylinder\"><\/p>\n<h3>Profesionalismo<\/h3>\n<p>Contamos con un equipo de expertos t\u00e9cnicos para brindar servicios profesionales, incluyendo dise\u00f1o, producci\u00f3n y control de calidad, para garantizar que nuestros clientes reciban los mejores productos y servicios.<\/p>\n<h3>Certificaci\u00f3n Internacional<\/h3>\n<p>Nuestros productos han pasado certificaciones internacionales como ISO 9001, CE y SGS, lo que garantiza que nuestros productos cumplen con los est\u00e1ndares internacionales.<\/p>\n<h3>Servicios de personalizaci\u00f3n<\/h3>\n<p>Ofrecemos servicios personalizados para satisfacer requisitos espec\u00edficos, incluidos tama\u00f1o, color y funci\u00f3n, para satisfacer las diversas necesidades de nuestros clientes.<\/p>\n<h3>Equipos de producci\u00f3n<\/h3>\n<p>Utilizamos equipos de fabricaci\u00f3n digital avanzados e instalaciones de pruebas profesionales para garantizar que nuestros productos sean de la m\u00e1s alta calidad.<\/p>\n<h3>Servicio postventa<\/h3>\n<p>Brindamos un servicio posventa integral, que incluye soporte t\u00e9cnico, mantenimiento y servicios de reparaci\u00f3n, para garantizar que nuestros clientes reciban servicios oportunos y profesionales.<\/p>\n<p>Autor: lyl.<\/p>","protected":false},"excerpt":{"rendered":"<p>Bucket Cylinder For Doosan Large Excavator DX700LC Introduction What is Bucket Cylinder? The bucket cylinder is a specially designed hydraulic cylinder that is primarily used to control the movement of the bucket in heavy machinery such as excavators, backhoe loaders, and front-end loaders. Its primary function is to allow the bucket to lift, lower, and [&hellip;]<\/p>","protected":false},"featured_media":14765,"comment_status":"open","ping_status":"closed","template":"","meta":{"_et_pb_use_builder":"","_et_pb_old_content":"","_et_gb_content_width":""},"product_brand":[],"product_cat":[1494],"product_tag":[1495,1496],"class_list":{"0":"post-15294","1":"product","2":"type-product","3":"status-publish","4":"has-post-thumbnail","6":"product_cat-bucket-cylinders","7":"product_tag-bucket-cylinders","8":"product_tag-hydraulic-cylinders","10":"first","11":"instock","12":"shipping-taxable","13":"product-type-simple"},"amp_enabled":true,"_links":{"self":[{"href":"https:\/\/www.hydraulic-cylinders.net\/es\/wp-json\/wp\/v2\/product\/15294","targetHints":{"allow":["GET"]}}],"collection":[{"href":"https:\/\/www.hydraulic-cylinders.net\/es\/wp-json\/wp\/v2\/product"}],"about":[{"href":"https:\/\/www.hydraulic-cylinders.net\/es\/wp-json\/wp\/v2\/types\/product"}],"replies":[{"embeddable":true,"href":"https:\/\/www.hydraulic-cylinders.net\/es\/wp-json\/wp\/v2\/comments?post=15294"}],"wp:featuredmedia":[{"embeddable":true,"href":"https:\/\/www.hydraulic-cylinders.net\/es\/wp-json\/wp\/v2\/media\/14765"}],"wp:attachment":[{"href":"https:\/\/www.hydraulic-cylinders.net\/es\/wp-json\/wp\/v2\/media?parent=15294"}],"wp:term":[{"taxonomy":"product_brand","embeddable":true,"href":"https:\/\/www.hydraulic-cylinders.net\/es\/wp-json\/wp\/v2\/product_brand?post=15294"},{"taxonomy":"product_cat","embeddable":true,"href":"https:\/\/www.hydraulic-cylinders.net\/es\/wp-json\/wp\/v2\/product_cat?post=15294"},{"taxonomy":"product_tag","embeddable":true,"href":"https:\/\/www.hydraulic-cylinders.net\/es\/wp-json\/wp\/v2\/product_tag?post=15294"}],"curies":[{"name":"wp","href":"https:\/\/api.w.org\/{rel}","templated":true}]}}