{"id":15300,"date":"2025-01-19T14:21:25","date_gmt":"2025-01-19T14:21:25","guid":{"rendered":"https:\/\/www.hydraulic-cylinders.net\/product\/bucket-cylinder-for-doosan-large-excavator-dh360\/"},"modified":"2025-01-19T14:21:27","modified_gmt":"2025-01-19T14:21:27","slug":"bucket-cylinder-for-doosan-large-excavator-dh360","status":"publish","type":"product","link":"https:\/\/www.hydraulic-cylinders.net\/es\/producto\/bucket-cylinder-for-doosan-large-excavator-dh360\/","title":{"rendered":"Cilindro de cuchar\u00f3n para excavadora grande Doosan DH360"},"content":{"rendered":"<p><!DOCTYPE html><br \/>\n<html><br \/>\n<head><br \/>\n  <title>Cilindro de cuchar\u00f3n para excavadora grande Doosan DH360<\/title><br \/>\n<\/head><br \/>\n<body><\/p>\n<h1>Cilindro de cuchar\u00f3n para excavadora grande Doosan DH360<\/h1>\n<h2>Introducci\u00f3n<\/h2>\n<p>El cilindro del cuchar\u00f3n para la excavadora Doosan DH360 es un cilindro hidr\u00e1ulico especialmente dise\u00f1ado que se utiliza principalmente para controlar el movimiento del cuchar\u00f3n en maquinaria pesada como excavadoras, retroexcavadoras y cargadoras frontales. Su funci\u00f3n principal es facilitar la elevaci\u00f3n, el descenso y la inclinaci\u00f3n del cuchar\u00f3n, lo que permite una manipulaci\u00f3n eficiente de diversos materiales. En un sistema hidr\u00e1ulico, el cilindro del cuchar\u00f3n logra un control preciso del cuchar\u00f3n aprovechando los cambios de presi\u00f3n del aceite hidr\u00e1ulico, lo que permite a los operadores manipular cargas pesadas con eficiencia y adaptarse a entornos de trabajo complejos y a diversos requisitos.<\/p>\n<p>  <img decoding=\"async\" src=\"https:\/\/www.hydraulic-cylinders.net\/wp-content\/uploads\/2025\/01\/songte-company-2.webp\" alt=\"Imagen del producto\"><\/p>\n<h2>Caracter\u00edsticas<\/h2>\n<ul>\n<li>Alta resistencia y durabilidad: Fabricado generalmente en acero o aluminio de alta resistencia, el cilindro del cuchar\u00f3n puede soportar alta presi\u00f3n y cargas pesadas, adapt\u00e1ndose a condiciones de trabajo rigurosas. El dise\u00f1o tambi\u00e9n considera la resistencia al desgaste y a la corrosi\u00f3n para prolongar su vida \u00fatil.<\/li>\n<li>Operaci\u00f3n hidr\u00e1ulica eficiente: Al utilizar la presi\u00f3n del aceite hidr\u00e1ulico, el cilindro del cuchar\u00f3n logra movimientos suaves de extensi\u00f3n y retracci\u00f3n, lo que permite una respuesta r\u00e1pida a los comandos de control y proporciona potentes fuerzas de empuje y tracci\u00f3n. Es ideal para manipular cargas pesadas y tareas complejas.<\/li>\n<li>Varios tipos: El cilindro del cuchar\u00f3n puede elegirse entre simple efecto (fuerza hidr\u00e1ulica aplicada en una sola direcci\u00f3n) o doble efecto (fuerza hidr\u00e1ulica aplicada en ambas direcciones) para satisfacer diferentes necesidades operativas. Algunos modelos son telesc\u00f3picos, lo que permite una mayor extensi\u00f3n sin aumentar las dimensiones externas, lo que los hace ideales para aplicaciones con espacio limitado.<\/li>\n<li>Reemplazo perfecto: Nuestros productos pueden reemplazar perfectamente los cilindros hidr\u00e1ulicos existentes. <img decoding=\"async\" src=\"https:\/\/www.hydraulic-cylinders.net\/wp-content\/uploads\/2025\/01\/songte-cylinder-head-with-all-kinds-excavator-models.webp\" alt=\"Imagen de reemplazo de producto\"><\/li>\n<\/ul>\n<h2>Aplicaciones<\/h2>\n<ul>\n<li>Equipos de construcci\u00f3n: se encuentran en las excavadoras y son cruciales para la excavaci\u00f3n, la carga y el movimiento de materiales.<\/li>\n<li>Maquinaria agr\u00edcola: Se utiliza en cargadores frontales para recoger, levantar y transportar tierra, heno y otros materiales.<\/li>\n<li>Excavadoras: El cilindro del cuchar\u00f3n permite la acci\u00f3n de excavaci\u00f3n al permitir que el cuchar\u00f3n penetre en el suelo.<\/li>\n<li>Cargadores: En los cargadores frontales, ayudan a levantar y descargar mercanc\u00edas de manera eficiente.<\/li>\n<\/ul>\n<h2>Consideraciones de dise\u00f1o y criterios de selecci\u00f3n<\/h2>\n<ul>\n<li>Capacidad de carga: El cilindro del cuchar\u00f3n est\u00e1 dise\u00f1ado para soportar la capacidad de carga especificada.<\/li>\n<li>Sellado: Se utilizan diversos sellos, como sellos de pist\u00f3n y sellos de v\u00e1stago, para garantizar un sellado adecuado. Est\u00e1n fabricados con materiales resistentes al desgaste, como poliuretano y caucho de nitrilo.<\/li>\n<li>Durabilidad: El cuerpo del cilindro y las superficies de los extremos roscados est\u00e1n finamente tratados para mejorar la resistencia al desgaste.<\/li>\n<li>Seguridad: Se implementan medidas de seguridad para prevenir accidentes y garantizar la seguridad del operador.<\/li>\n<li>Mantenibilidad: El cilindro del cuchar\u00f3n est\u00e1 dise\u00f1ado para facilitar su mantenimiento y reparaci\u00f3n.<\/li>\n<\/ul>\n<p>  <img decoding=\"async\" src=\"https:\/\/www.hydraulic-cylinders.net\/wp-content\/uploads\/2025\/01\/songte-oil-pipes-and-spare-parts.webp\" alt=\"Imagen de dise\u00f1o de producto\"><\/p>\n<h2>Sellado y lubricaci\u00f3n<\/h2>\n<p>El cilindro del cuchar\u00f3n utiliza diversos sellos, como sellos de pist\u00f3n y sellos de v\u00e1stago, fabricados con materiales resistentes al desgaste como poliuretano y caucho de nitrilo. El cuerpo del cilindro y las superficies roscadas de los extremos reciben un tratamiento fino para mejorar la resistencia al desgaste. Para un funcionamiento suave, es necesaria una lubricaci\u00f3n regular con la cantidad adecuada de aceite hidr\u00e1ulico.<\/p>\n<h2>Inspecci\u00f3n regular y mantenimiento preventivo<\/h2>\n<ul>\n<li>Inspeccione peri\u00f3dicamente el cilindro del cuchar\u00f3n para detectar cualquier signo de fugas, da\u00f1os o desgaste.<\/li>\n<li>Aseg\u00farese de que el cilindro y sus componentes est\u00e9n lubricados adecuadamente.<\/li>\n<li>Reemplace los sellos cuando sea necesario para mantener un rendimiento de sellado adecuado.<\/li>\n<li>Realice comprobaciones de calibraci\u00f3n para garantizar que el cilindro del cuchar\u00f3n funcione con precisi\u00f3n.<\/li>\n<\/ul>\n<h2>Pautas correctas para la instalaci\u00f3n del producto<\/h2>\n<p>La correcta instalaci\u00f3n del cilindro del cuchar\u00f3n es esencial para garantizar un rendimiento \u00f3ptimo y una larga vida \u00fatil. Siga estas instrucciones:<\/p>\n<ul>\n<li>Alinee correctamente el cilindro durante la instalaci\u00f3n.<\/li>\n<li>Utilice soportes de instalaci\u00f3n adecuados para asegurar el cilindro.<\/li>\n<li>Siga los procedimientos recomendados para inspecci\u00f3n, reparaci\u00f3n y reemplazo.<\/li>\n<li>Proporciona consejos para prolongar la vida \u00fatil del cilindro del cuchar\u00f3n.<\/li>\n<\/ul>\n<p>  <img decoding=\"async\" src=\"https:\/\/www.hydraulic-cylinders.net\/wp-content\/uploads\/2025\/01\/songte-chushion-collar.webp\" alt=\"Imagen de la gu\u00eda de instalaci\u00f3n\"><\/p>\n<h2>Consideraciones de seguridad y factores ambientales<\/h2>\n<p>Al utilizar el cilindro del cuchar\u00f3n, es importante priorizar las medidas de seguridad para prevenir accidentes y garantizar un entorno de trabajo seguro.<\/p>\n<h2>Soluci\u00f3n de problemas y problemas comunes<\/h2>\n<p>Identifique posibles problemas y proporcione consejos y soluciones para su diagn\u00f3stico y resoluci\u00f3n eficaces. Enfatice las medidas preventivas para minimizar los posibles problemas.<\/p>\n<p>  <img decoding=\"async\" src=\"https:\/\/www.hydraulic-cylinders.net\/wp-content\/uploads\/2025\/01\/songte-bushings-with-all-kinds-of-excavator-models.webp\" alt=\"Soluci\u00f3n de problemas de imagen\"><\/p>\n<h2>Acerca de nuestra empresa<\/h2>\n<p>Somos fabricantes de cilindros hidr\u00e1ulicos de repuesto y uno de los principales fabricantes y distribuidores mayoristas en el mercado nacional e internacional. Nos centramos en la excelencia y aplicamos estrategias de gesti\u00f3n de la producci\u00f3n industrializada en nuestro refinado taller de fabricaci\u00f3n. Con una s\u00f3lida capacidad creativa, satisfacemos las diversas necesidades de nuestros clientes bas\u00e1ndonos en los principios de eficiencia, precisi\u00f3n y alta calidad.<\/p>\n<p>  <img decoding=\"async\" src=\"https:\/\/hzpt.com\/wp-content\/uploads\/2024\/11\/songte-company-1.webp\" alt=\"Imagen de la empresa\"><\/p>\n<h3>Profesionalismo:<\/h3>\n<p>Nos adherimos a los m\u00e1s altos est\u00e1ndares de profesionalismo y experiencia en la producci\u00f3n de cilindros hidr\u00e1ulicos.<\/p>\n<h3>Certificaciones internacionales:<\/h3>\n<p>Nuestros productos cumplen con certificaciones internacionales que garantizan su calidad y confiabilidad.<\/p>\n<h3>Servicios de personalizaci\u00f3n:<\/h3>\n<p>Ofrecemos servicios de personalizaci\u00f3n para satisfacer las necesidades espec\u00edficas de cada cliente.<\/p>\n<h3>Equipo de producci\u00f3n:<\/h3>\n<p>Utilizamos equipos de fabricaci\u00f3n avanzados para garantizar la precisi\u00f3n y la calidad de nuestros productos.<\/p>\n<h3>Servicio postventa:<\/h3>\n<p>Ofrecemos servicios integrales de posventa para ayudar a los clientes con cualquier problema o inquietud.<\/p>\n<p>  <img decoding=\"async\" src=\"https:\/\/www.hydraulic-cylinders.net\/wp-content\/uploads\/2025\/01\/songte-company-3.webp\" alt=\"Imagen de informaci\u00f3n de la empresa\"><\/p>\n<p>Autor: lyl<\/p>\n<p><\/body><br \/>\n<\/html><\/p>","protected":false},"excerpt":{"rendered":"<p>Bucket Cylinder For Doosan Large Excavator DH360 Bucket Cylinder For Doosan Large Excavator DH360 Introduction The bucket cylinder for Doosan large excavator DH360 is a specially designed hydraulic cylinder that is primarily used to control the movement of the bucket in heavy machinery such as excavators, backhoe loaders, and front loaders. Its main function is [&hellip;]<\/p>","protected":false},"featured_media":14785,"comment_status":"open","ping_status":"closed","template":"","meta":{"_et_pb_use_builder":"","_et_pb_old_content":"","_et_gb_content_width":""},"product_brand":[],"product_cat":[1494],"product_tag":[1495,1496],"class_list":{"0":"post-15300","1":"product","2":"type-product","3":"status-publish","4":"has-post-thumbnail","6":"product_cat-bucket-cylinders","7":"product_tag-bucket-cylinders","8":"product_tag-hydraulic-cylinders","10":"first","11":"instock","12":"shipping-taxable","13":"product-type-simple"},"amp_enabled":true,"_links":{"self":[{"href":"https:\/\/www.hydraulic-cylinders.net\/es\/wp-json\/wp\/v2\/product\/15300","targetHints":{"allow":["GET"]}}],"collection":[{"href":"https:\/\/www.hydraulic-cylinders.net\/es\/wp-json\/wp\/v2\/product"}],"about":[{"href":"https:\/\/www.hydraulic-cylinders.net\/es\/wp-json\/wp\/v2\/types\/product"}],"replies":[{"embeddable":true,"href":"https:\/\/www.hydraulic-cylinders.net\/es\/wp-json\/wp\/v2\/comments?post=15300"}],"wp:featuredmedia":[{"embeddable":true,"href":"https:\/\/www.hydraulic-cylinders.net\/es\/wp-json\/wp\/v2\/media\/14785"}],"wp:attachment":[{"href":"https:\/\/www.hydraulic-cylinders.net\/es\/wp-json\/wp\/v2\/media?parent=15300"}],"wp:term":[{"taxonomy":"product_brand","embeddable":true,"href":"https:\/\/www.hydraulic-cylinders.net\/es\/wp-json\/wp\/v2\/product_brand?post=15300"},{"taxonomy":"product_cat","embeddable":true,"href":"https:\/\/www.hydraulic-cylinders.net\/es\/wp-json\/wp\/v2\/product_cat?post=15300"},{"taxonomy":"product_tag","embeddable":true,"href":"https:\/\/www.hydraulic-cylinders.net\/es\/wp-json\/wp\/v2\/product_tag?post=15300"}],"curies":[{"name":"wp","href":"https:\/\/api.w.org\/{rel}","templated":true}]}}