{"id":15304,"date":"2025-01-19T14:21:42","date_gmt":"2025-01-19T14:21:42","guid":{"rendered":"https:\/\/www.hydraulic-cylinders.net\/product\/bucket-cylinder-for-doosan-wheel-excavator-dh210w-7\/"},"modified":"2025-01-19T14:21:44","modified_gmt":"2025-01-19T14:21:44","slug":"bucket-cylinder-for-doosan-wheel-excavator-dh210w-7","status":"publish","type":"product","link":"https:\/\/www.hydraulic-cylinders.net\/es\/producto\/bucket-cylinder-for-doosan-wheel-excavator-dh210w-7\/","title":{"rendered":"Cilindro de cuchar\u00f3n para excavadora de ruedas Doosan DH210W-7"},"content":{"rendered":"<h1>Cilindro de cuchar\u00f3n para excavadora de ruedas Doosan DH210W-7<\/h1>\n<h2>Introducci\u00f3n<\/h2>\n<h3>Definici\u00f3n<\/h3>\n<p>Un cilindro de cuchar\u00f3n es un cilindro hidr\u00e1ulico especialmente dise\u00f1ado que se utiliza para controlar el movimiento del cuchar\u00f3n en maquinaria pesada, como excavadoras, retroexcavadoras y cargadoras frontales. Su funci\u00f3n principal es permitir que el cuchar\u00f3n se eleve, baje e incline, facilitando diversas tareas de manipulaci\u00f3n de materiales. En el sistema hidr\u00e1ulico, el cilindro del cuchar\u00f3n logra un control preciso del cuchar\u00f3n mediante cambios en la presi\u00f3n del aceite hidr\u00e1ulico, lo que permite a los operadores manipular cargas pesadas con eficiencia y adaptarse a entornos de trabajo complejos y diversos requisitos operativos.<\/p>\n<p><img decoding=\"async\" src=\"https:\/\/www.hydraulic-cylinders.net\/wp-content\/uploads\/2025\/01\/songte-company-2.webp\"><\/p>\n<h2>Caracter\u00edsticas<\/h2>\n<ul>\n<li>Alta resistencia y durabilidad: generalmente hecho de acero o aluminio de alta resistencia, puede soportar alta presi\u00f3n y cargas pesadas, adaptarse a entornos de trabajo hostiles y est\u00e1 dise\u00f1ado teniendo en cuenta la resistencia al desgaste y la resistencia a la corrosi\u00f3n, lo que extiende la vida \u00fatil.<\/li>\n<li>Operaci\u00f3n hidr\u00e1ulica eficiente: Se logra una acci\u00f3n suave de extensi\u00f3n y contracci\u00f3n utilizando presi\u00f3n de aceite hidr\u00e1ulico, lo que permite una respuesta r\u00e1pida a los comandos de control, brindando una poderosa fuerza de empuje y tracci\u00f3n, y es adecuado para manipular cargas pesadas y tareas operativas complejas.<\/li>\n<li>Diversos tipos: Se pueden seleccionar cilindros de simple efecto (hidr\u00e1ulicos en una sola direcci\u00f3n) o de doble efecto (hidr\u00e1ulicos en ambas direcciones) seg\u00fan sea necesario para satisfacer diferentes requisitos operativos. Algunos modelos son telesc\u00f3picos, lo que permite una mayor extensi\u00f3n sin aumentar las dimensiones externas, ideal para aplicaciones con espacio limitado.<\/li>\n<li>Reemplazo directo: Nuestros productos pueden reemplazar perfectamente estos cilindros hidr\u00e1ulicos. <\/li>\n<\/ul>\n<p><img decoding=\"async\" src=\"https:\/\/www.hydraulic-cylinders.net\/wp-content\/uploads\/2025\/01\/songte-cylinder-head-with-all-kinds-excavator-models.webp\"><\/p>\n<h2>Aplicaciones<\/h2>\n<h3>Equipos de construcci\u00f3n<\/h3>\n<p>En las excavadoras, son esenciales para excavar, cargar y mover tierra o escombros. En las retroexcavadoras, los cilindros del cuchar\u00f3n facilitan tanto la excavaci\u00f3n como la elevaci\u00f3n. En las cargadoras frontales, ayudan a elevar y descargar la carga eficazmente.<\/p>\n<h3>Maquinaria agr\u00edcola<\/h3>\n<p>Los cilindros del cuchar\u00f3n se utilizan en cargadores frontales para recoger, levantar y transportar tierra, heno y otros materiales; permiten realizar acciones de excavaci\u00f3n al permitir que el cuchar\u00f3n penetre en el suelo.<\/p>\n<h3>excavadoras<\/h3>\n<p>En las excavadoras, los cilindros del cuchar\u00f3n permiten acciones de excavaci\u00f3n al permitir que el cuchar\u00f3n penetre en el suelo.<\/p>\n<h3>Cargadores<\/h3>\n<p>En los cargadores frontales, ayudan a levantar y descargar la carga de manera efectiva.<\/p>\n<h2>Consideraciones de dise\u00f1o y criterios de selecci\u00f3n<\/h2>\n<h3>Capacidad de carga<\/h3>\n<p>La consideraci\u00f3n clave en el dise\u00f1o de cilindros de cangilones es su capacidad de carga para garantizar que soporten las cargas elevadas a las que estar\u00e1n sometidos. Esto requiere el uso de materiales de alta resistencia y procesos de fabricaci\u00f3n de precisi\u00f3n para garantizar la resistencia y durabilidad del cilindro.<\/p>\n<h3>Sellado y durabilidad<\/h3>\n<p>Los sellos del cilindro del cuchar\u00f3n son cruciales para garantizar su durabilidad. Deben estar fabricados con materiales resistentes al desgaste y capaces de soportar la presi\u00f3n hidr\u00e1ulica del sistema. Adem\u00e1s, el cuerpo del cilindro y las superficies roscadas de los extremos deben estar finamente procesados \u200b\u200bpara mejorar la resistencia al desgaste. La lubricaci\u00f3n regular tambi\u00e9n es necesaria para garantizar un funcionamiento correcto y una larga vida \u00fatil.<\/p>\n<p><img decoding=\"async\" src=\"https:\/\/www.hydraulic-cylinders.net\/wp-content\/uploads\/2025\/01\/songte-oil-pipes-and-spare-parts.webp\"><\/p>\n<h2>Mantenimiento y soluci\u00f3n de problemas<\/h2>\n<h3>Mantenimiento<\/h3>\n<p>El mantenimiento regular es crucial para garantizar la longevidad y el correcto funcionamiento de los cilindros de cangilones. Las tareas de mantenimiento habituales incluyen revisiones peri\u00f3dicas, lubricaci\u00f3n y sustituci\u00f3n de sellos. La instalaci\u00f3n, lubricaci\u00f3n y ajuste adecuados son fundamentales para garantizar la longevidad del cilindro.<\/p>\n<h3>Soluci\u00f3n de problemas<\/h3>\n<p>Los problemas comunes con los cilindros de los cangilones incluyen fugas, funcionamiento lento y potencia insuficiente. La soluci\u00f3n de problemas implica identificar la causa subyacente y tomar las medidas correctivas adecuadas. La prevenci\u00f3n es fundamental, y el mantenimiento regular es la mejor manera de minimizar posibles problemas.<\/p>\n<h2>Introducci\u00f3n de la empresa<\/h2>\n<p>Somos fabricantes de cilindros hidr\u00e1ulicos de repuesto con una gama completa de productos y nos hemos convertido en uno de los principales fabricantes y mayoristas de cilindros hidr\u00e1ulicos en el mercado nacional e internacional. Nos adherimos al principio de excelente calidad y nos basamos en la estrategia de gesti\u00f3n de la producci\u00f3n industrial de nuestros talleres de alta calidad. Nuestra empresa mejora continuamente la plataforma de fabricaci\u00f3n de nuestros talleres, perfecciona la calidad de producci\u00f3n de nuestros productos y se caracteriza por su gran creatividad, ofreciendo productos de alta eficiencia, precisi\u00f3n y calidad para satisfacer las diversas necesidades de nuestros clientes.<\/p>\n<ul>\n<li>Profesionalismo: Nuestra empresa cuenta con un equipo de profesionales con conocimientos sobre cilindros hidr\u00e1ulicos y que pueden brindar a los clientes asesoramiento experto.<\/li>\n<li>Certificaci\u00f3n internacional: Nuestros productos cumplen con los est\u00e1ndares internacionales y han sido certificados por diversas autoridades internacionales.<\/li>\n<li>Servicio personalizado: Nuestra empresa ofrece servicios personalizados para satisfacer las necesidades espec\u00edficas de los clientes.<\/li>\n<li>Equipo de producci\u00f3n: Nuestra empresa cuenta con equipos de producci\u00f3n avanzados para producir productos de alta calidad.<\/li>\n<li>Servicio postventa: Nuestra empresa ofrece un servicio postventa de alta calidad para garantizar la satisfacci\u00f3n del cliente.<\/li>\n<\/ul>\n<p><img decoding=\"async\" src=\"https:\/\/hzpt.com\/wp-content\/uploads\/2024\/11\/songte-company-1.webp\"><\/p>\n<p>Autor: lyl<\/p>","protected":false},"excerpt":{"rendered":"<p>Bucket Cylinder For Doosan Wheel Excavator DH210W-7 Introduction Definition A bucket cylinder is a specially designed hydraulic cylinder used to control the movement of the bucket in heavy machinery such as excavators, backhoe excavators, and front-end loaders. Its main function is to enable the bucket to lift, lower, and tilt, making it easier to handle [&hellip;]<\/p>","protected":false},"featured_media":14778,"comment_status":"open","ping_status":"closed","template":"","meta":{"_et_pb_use_builder":"","_et_pb_old_content":"","_et_gb_content_width":""},"product_brand":[],"product_cat":[1494],"product_tag":[1495,1496],"class_list":{"0":"post-15304","1":"product","2":"type-product","3":"status-publish","4":"has-post-thumbnail","6":"product_cat-bucket-cylinders","7":"product_tag-bucket-cylinders","8":"product_tag-hydraulic-cylinders","10":"first","11":"instock","12":"shipping-taxable","13":"product-type-simple"},"amp_enabled":true,"_links":{"self":[{"href":"https:\/\/www.hydraulic-cylinders.net\/es\/wp-json\/wp\/v2\/product\/15304","targetHints":{"allow":["GET"]}}],"collection":[{"href":"https:\/\/www.hydraulic-cylinders.net\/es\/wp-json\/wp\/v2\/product"}],"about":[{"href":"https:\/\/www.hydraulic-cylinders.net\/es\/wp-json\/wp\/v2\/types\/product"}],"replies":[{"embeddable":true,"href":"https:\/\/www.hydraulic-cylinders.net\/es\/wp-json\/wp\/v2\/comments?post=15304"}],"wp:featuredmedia":[{"embeddable":true,"href":"https:\/\/www.hydraulic-cylinders.net\/es\/wp-json\/wp\/v2\/media\/14778"}],"wp:attachment":[{"href":"https:\/\/www.hydraulic-cylinders.net\/es\/wp-json\/wp\/v2\/media?parent=15304"}],"wp:term":[{"taxonomy":"product_brand","embeddable":true,"href":"https:\/\/www.hydraulic-cylinders.net\/es\/wp-json\/wp\/v2\/product_brand?post=15304"},{"taxonomy":"product_cat","embeddable":true,"href":"https:\/\/www.hydraulic-cylinders.net\/es\/wp-json\/wp\/v2\/product_cat?post=15304"},{"taxonomy":"product_tag","embeddable":true,"href":"https:\/\/www.hydraulic-cylinders.net\/es\/wp-json\/wp\/v2\/product_tag?post=15304"}],"curies":[{"name":"wp","href":"https:\/\/api.w.org\/{rel}","templated":true}]}}