{"id":15313,"date":"2025-01-19T14:22:24","date_gmt":"2025-01-19T14:22:24","guid":{"rendered":"https:\/\/www.hydraulic-cylinders.net\/product\/bucket-cylinder-for-hyundai-middle-excavator-r200-5-5d\/"},"modified":"2025-01-19T14:22:26","modified_gmt":"2025-01-19T14:22:26","slug":"bucket-cylinder-for-hyundai-middle-excavator-r200-5-5d","status":"publish","type":"product","link":"https:\/\/www.hydraulic-cylinders.net\/es\/producto\/bucket-cylinder-for-hyundai-middle-excavator-r200-5-5d\/","title":{"rendered":"Cilindro de cuchar\u00f3n para excavadora mediana Hyundai R200-5-5D"},"content":{"rendered":"<h1>Cilindro de cuchar\u00f3n para excavadora mediana Hyundai R200-5-5D<\/h1>\n<h2>Introducci\u00f3n<\/h2>\n<p>El cilindro de la cuchara es un cilindro hidr\u00e1ulico dise\u00f1ado espec\u00edficamente para controlar el movimiento de la cuchara en maquinaria pesada como excavadoras, retroexcavadoras y cargadoras frontales. Su funci\u00f3n principal es permitir que la cuchara se eleve, descienda e incline, facilitando as\u00ed el transporte de diversos materiales. En el sistema hidr\u00e1ulico, el cilindro de la cuchara logra un control preciso de los movimientos de la cuchara mediante las variaciones de presi\u00f3n del aceite hidr\u00e1ulico, lo que permite a los operadores manipular materiales pesados \u200b\u200bcon eficiencia, adaptarse a entornos de trabajo complejos y a diversos requisitos operativos.<\/p>\n<p><img decoding=\"async\" src=\"https:\/\/www.hydraulic-cylinders.net\/wp-content\/uploads\/2025\/01\/songte-company-2.webp\"><\/p>\n<h2>Caracter\u00edsticas<\/h2>\n<ul>\n<li>Alta resistencia y durabilidad: generalmente fabricado con acero o aluminio de alta resistencia, puede soportar altas presiones y cargas pesadas, se adapta a entornos de trabajo dif\u00edciles y est\u00e1 dise\u00f1ado con resistencia al desgaste y a la corrosi\u00f3n para prolongar su vida \u00fatil.<\/li>\n<li>Funcionamiento hidr\u00e1ulico eficiente: utiliza la presi\u00f3n del aceite hidr\u00e1ulico para lograr movimientos suaves de extensi\u00f3n y contracci\u00f3n, puede responder r\u00e1pidamente a los comandos de control, proporciona potentes fuerzas de empuje y tracci\u00f3n, y es adecuado para el manejo de materiales pesados \u200b\u200by tareas operativas complejas.<\/li>\n<li>Diversos tipos: se pueden elegir cilindros de simple efecto (accionamiento hidr\u00e1ulico en un solo sentido) o de doble efecto (accionamiento hidr\u00e1ulico en ambos sentidos) seg\u00fan las necesidades operativas. Algunos modelos son telesc\u00f3picos, lo que permite una mayor extensi\u00f3n sin aumentar las dimensiones externas, ideales para aplicaciones con espacio limitado.<\/li>\n<li>F\u00e1cil instalaci\u00f3n: nuestro producto puede reemplazar perfectamente estos cilindros hidr\u00e1ulicos.<\/li>\n<\/ul>\n<p><img decoding=\"async\" src=\"https:\/\/www.hydraulic-cylinders.net\/wp-content\/uploads\/2025\/01\/songte-cylinder-head-with-all-kinds-excavator-models.webp\"><\/p>\n<h2>Aplicaciones<\/h2>\n<p>El cilindro del cuchar\u00f3n se utiliza ampliamente en diversas m\u00e1quinas pesadas, tales como:<\/p>\n<ul>\n<li>Equipos de construcci\u00f3n: En las excavadoras, son vitales para excavar, cargar y mover tierra o escombros. En las retroexcavadoras, ayudan con la excavaci\u00f3n y la elevaci\u00f3n. <\/li>\n<li>Maquinaria agr\u00edcola: Se utiliza en cargadoras frontales para recoger, levantar y transportar tierra, heno y otros materiales. <\/li>\n<li>Excavadoras: El cilindro del cuchar\u00f3n permite la acci\u00f3n de excavaci\u00f3n al permitir que el cuchar\u00f3n penetre en el suelo. <\/li>\n<li>Cargadores: En los cargadores frontales, ayudan a levantar y descargar mercanc\u00edas de manera eficiente.<\/li>\n<\/ul>\n<h2>Consideraciones de dise\u00f1o y est\u00e1ndares de selecci\u00f3n<\/h2>\n<ul>\n<li>Capacidad de carga: El cilindro debe estar dise\u00f1ado para soportar la carga y presi\u00f3n m\u00e1ximas.<\/li>\n<li>Sellado: Diversos componentes de sellado, como juntas de pist\u00f3n, juntas de v\u00e1stago, etc., deben estar fabricados con materiales resistentes al desgaste para garantizar un rendimiento de sellado a largo plazo en entornos hostiles.<\/li>\n<li>Durabilidad: El cilindro debe estar dise\u00f1ado para soportar la fatiga y el desgaste causados \u200b\u200bpor un uso prolongado.<\/li>\n<li>Seguridad: El sistema hidr\u00e1ulico debe dise\u00f1arse para prevenir accidentes y garantizar la seguridad del operador.<\/li>\n<li>Mantenimiento: El cilindro debe dise\u00f1arse teniendo en cuenta un mantenimiento sencillo, incluyendo un f\u00e1cil desmontaje, montaje y sustituci\u00f3n de los componentes da\u00f1ados.<\/li>\n<\/ul>\n<p><img decoding=\"async\" src=\"https:\/\/www.hydraulic-cylinders.net\/wp-content\/uploads\/2025\/01\/songte-oil-pipes-and-spare-parts.webp\"><\/p>\n<h2>Sellado y lubricaci\u00f3n<\/h2>\n<p>Diversos componentes de sellado, como los sellos de pist\u00f3n y de v\u00e1stago, deben fabricarse con materiales resistentes al desgaste para garantizar un sellado \u00f3ptimo a largo plazo en entornos exigentes. El cuerpo del cilindro y la superficie roscada se mecanizan con precisi\u00f3n para mejorar su resistencia al desgaste. Es necesario a\u00f1adir peri\u00f3dicamente la cantidad adecuada de aceite hidr\u00e1ulico para su lubricaci\u00f3n.<\/p>\n<h2>Mantenimiento y precauciones<\/h2>\n<ul>\n<li>Inspecci\u00f3n peri\u00f3dica: La inspecci\u00f3n peri\u00f3dica del cilindro puede prevenir posibles problemas.<\/li>\n<li>Lubricaci\u00f3n adecuada: Una lubricaci\u00f3n apropiada puede mantener el rendimiento del cilindro.<\/li>\n<li>Sustituci\u00f3n de juntas: La sustituci\u00f3n peri\u00f3dica de las juntas puede mejorar el rendimiento de sellado del cilindro. <\/li>\n<li>Comprobaci\u00f3n de calibraci\u00f3n: El cilindro debe calibrarse peri\u00f3dicamente para garantizar su precisi\u00f3n.<\/li>\n<\/ul>\n<p><img decoding=\"async\" src=\"https:\/\/www.hydraulic-cylinders.net\/wp-content\/uploads\/2025\/01\/songte-chushion-collar.webp\"><\/p>\n<h2>Consideraciones de seguridad y factores ambientales<\/h2>\n<p>Las medidas de seguridad son esenciales al usar cilindros hidr\u00e1ulicos para prevenir accidentes. La correcta eliminaci\u00f3n del fluido hidr\u00e1ulico y otros residuos tambi\u00e9n es necesaria para proteger el medio ambiente.<\/p>\n<h2>Diagn\u00f3stico y soluci\u00f3n de problemas<\/h2>\n<p>Si el cilindro falla, puede provocar un rendimiento deficiente o incluso accidentes. Un diagn\u00f3stico y una soluci\u00f3n de problemas adecuados pueden ayudar a resolver estos problemas.<\/p>\n<h2>Acerca de nuestra empresa<\/h2>\n<p>Somos fabricantes de cilindros hidr\u00e1ulicos de repuesto. Nuestra empresa ofrece una amplia gama de productos y se ha consolidado como uno de los principales fabricantes y mayoristas de cilindros hidr\u00e1ulicos en los mercados nacionales e internacionales. Nos regimos por el principio de la excelencia en la calidad y nos apoyamos en una estrategia de gesti\u00f3n de producci\u00f3n industrializada, con talleres de fabricaci\u00f3n de alta precisi\u00f3n. Nuestra empresa mejora continuamente la plataforma de fabricaci\u00f3n del taller, perfecciona el proceso de producci\u00f3n y cuenta con una gran capacidad creativa para satisfacer las diversas necesidades de los clientes con alta eficiencia, precisi\u00f3n y calidad. <\/p>\n<ul>\n<li>Profesionalismo: Contamos con un equipo de profesionales experimentados dedicados a la producci\u00f3n de cilindros hidr\u00e1ulicos de alta calidad.<\/li>\n<li>Certificaci\u00f3n internacional: Nuestros productos han superado certificaciones internacionales de calidad y se han exportado a numerosos pa\u00edses y regiones de todo el mundo.<\/li>\n<li>Servicios de personalizaci\u00f3n: Ofrecemos servicios personalizados para satisfacer las necesidades individuales de cada cliente.<\/li>\n<li>Equipos de producci\u00f3n: Utilizamos equipos de fabricaci\u00f3n digital avanzados para garantizar la calidad y la eficiencia de nuestro proceso de producci\u00f3n.<\/li>\n<li>Servicio postventa: Ofrecemos un servicio postventa integral para garantizar la satisfacci\u00f3n del cliente.<\/li>\n<\/ul>\n<p><img decoding=\"async\" src=\"https:\/\/www.hydraulic-cylinders.net\/wp-content\/uploads\/2025\/01\/songte-company-3.webp\"><\/p>\n<p>Autor: lyl.<\/p>","protected":false},"excerpt":{"rendered":"<p>Bucket Cylinder for Hyundai Middle Excavator R200-5-5D Introduction A bucket cylinder is a specially designed hydraulic cylinder used to control the movement of the bucket in heavy machinery like excavators, backhoe excavators, and front-end loaders. Its main function is to enable the bucket to lift, lower, and tilt, making it easier to transport various materials. [&hellip;]<\/p>","protected":false},"featured_media":14788,"comment_status":"open","ping_status":"closed","template":"","meta":{"_et_pb_use_builder":"","_et_pb_old_content":"","_et_gb_content_width":""},"product_brand":[],"product_cat":[1494],"product_tag":[1495,1496],"class_list":{"0":"post-15313","1":"product","2":"type-product","3":"status-publish","4":"has-post-thumbnail","6":"product_cat-bucket-cylinders","7":"product_tag-bucket-cylinders","8":"product_tag-hydraulic-cylinders","10":"first","11":"instock","12":"shipping-taxable","13":"product-type-simple"},"amp_enabled":true,"_links":{"self":[{"href":"https:\/\/www.hydraulic-cylinders.net\/es\/wp-json\/wp\/v2\/product\/15313","targetHints":{"allow":["GET"]}}],"collection":[{"href":"https:\/\/www.hydraulic-cylinders.net\/es\/wp-json\/wp\/v2\/product"}],"about":[{"href":"https:\/\/www.hydraulic-cylinders.net\/es\/wp-json\/wp\/v2\/types\/product"}],"replies":[{"embeddable":true,"href":"https:\/\/www.hydraulic-cylinders.net\/es\/wp-json\/wp\/v2\/comments?post=15313"}],"wp:featuredmedia":[{"embeddable":true,"href":"https:\/\/www.hydraulic-cylinders.net\/es\/wp-json\/wp\/v2\/media\/14788"}],"wp:attachment":[{"href":"https:\/\/www.hydraulic-cylinders.net\/es\/wp-json\/wp\/v2\/media?parent=15313"}],"wp:term":[{"taxonomy":"product_brand","embeddable":true,"href":"https:\/\/www.hydraulic-cylinders.net\/es\/wp-json\/wp\/v2\/product_brand?post=15313"},{"taxonomy":"product_cat","embeddable":true,"href":"https:\/\/www.hydraulic-cylinders.net\/es\/wp-json\/wp\/v2\/product_cat?post=15313"},{"taxonomy":"product_tag","embeddable":true,"href":"https:\/\/www.hydraulic-cylinders.net\/es\/wp-json\/wp\/v2\/product_tag?post=15313"}],"curies":[{"name":"wp","href":"https:\/\/api.w.org\/{rel}","templated":true}]}}