{"id":15314,"date":"2025-01-19T14:22:28","date_gmt":"2025-01-19T14:22:28","guid":{"rendered":"https:\/\/www.hydraulic-cylinders.net\/product\/bucket-cylinder-for-hyundai-middle-excavator-r210-5d\/"},"modified":"2025-01-19T14:22:29","modified_gmt":"2025-01-19T14:22:29","slug":"bucket-cylinder-for-hyundai-middle-excavator-r210-5d","status":"publish","type":"product","link":"https:\/\/www.hydraulic-cylinders.net\/es\/producto\/bucket-cylinder-for-hyundai-middle-excavator-r210-5d\/","title":{"rendered":"Cilindro de cuchar\u00f3n para excavadora intermedia Hyundai R210-5D"},"content":{"rendered":"<h1>Cilindro de cuchar\u00f3n para excavadora intermedia Hyundai R210-5D<\/h1>\n<h2>Introducci\u00f3n<\/h2>\n<p>Un cilindro de cuchar\u00f3n es un cilindro hidr\u00e1ulico especialmente dise\u00f1ado que se utiliza para controlar el movimiento del cuchar\u00f3n en maquinaria pesada, como excavadoras, retroexcavadoras y cargadoras frontales. Su funci\u00f3n principal es permitir que el cuchar\u00f3n se eleve, baje e incline, facilitando as\u00ed diversas tareas de manipulaci\u00f3n de materiales. En el sistema hidr\u00e1ulico, el cilindro del cuchar\u00f3n logra un control preciso del cuchar\u00f3n variando la presi\u00f3n del aceite hidr\u00e1ulico, lo que permite a los operadores manipular objetos pesados \u200b\u200bcon eficiencia y adaptarse a entornos de trabajo complejos y diversos requisitos operativos.<\/p>\n<p><img decoding=\"async\" src=\"https:\/\/www.hydraulic-cylinders.net\/wp-content\/uploads\/2025\/01\/songte-company-2.webp\" \/><\/p>\n<h2>Caracter\u00edsticas<\/h2>\n<ul>\n<li>\n<h3>Alta resistencia y durabilidad.<\/h3>\n<p>Los cilindros de cangilones suelen estar hechos de acero o aluminio de alta resistencia, capaces de soportar alta presi\u00f3n y cargas pesadas, y dise\u00f1ados teniendo en cuenta la resistencia al desgaste y la corrosi\u00f3n para extender su vida \u00fatil.<\/p>\n<\/li>\n<li>\n<h3>Funcionamiento hidr\u00e1ulico eficiente<\/h3>\n<p>Los cilindros de cangilones utilizan la presi\u00f3n del aceite hidr\u00e1ulico para lograr una extensi\u00f3n y contracci\u00f3n suaves, responder r\u00e1pidamente a los comandos de control, proporcionar potentes fuerzas de empuje y tracci\u00f3n y son ideales para manipular objetos pesados \u200b\u200by tareas operativas complejas.<\/p>\n<\/li>\n<li>\n<h3>Diversos tipos<\/h3>\n<p>Los cilindros de cangilones pueden seleccionarse como de simple efecto (hidr\u00e1ulicos en una sola direcci\u00f3n) o de doble efecto (hidr\u00e1ulicos en dos direcciones) seg\u00fan las necesidades operativas. Algunos modelos son telesc\u00f3picos, lo que permite una mayor expansi\u00f3n sin aumentar las dimensiones externas, ideal para aplicaciones con espacio limitado.<\/p>\n<\/li>\n<li>\n<h3>Reemplazo perfecto<\/h3>\n<p>Nuestros productos pueden reemplazar perfectamente estos cilindros hidr\u00e1ulicos.<\/p>\n<\/li>\n<\/ul>\n<p><img decoding=\"async\" src=\"https:\/\/www.hydraulic-cylinders.net\/wp-content\/uploads\/2025\/01\/songte-cylinder-head-with-all-kinds-excavator-models.webp\" \/><\/p>\n<h2>Aplicaciones<\/h2>\n<p>Los cilindros de cangilones se utilizan ampliamente en diversas industrias para diferentes prop\u00f3sitos, entre ellos:<\/p>\n<ul>\n<li>\n<h3>Equipos de construcci\u00f3n<\/h3>\n<p>Los cilindros del cuchar\u00f3n son esenciales para las excavadoras al excavar, cargar y mover tierra o escombros. En las retroexcavadoras, los cilindros del cuchar\u00f3n ayudan tanto en la excavaci\u00f3n como en la elevaci\u00f3n.<\/p>\n<\/li>\n<li>\n<h3>Maquinaria agr\u00edcola<\/h3>\n<p>Los cilindros del cuchar\u00f3n se utilizan en cargadoras frontales para recoger, levantar y transportar tierra, heno y otros materiales. En las excavadoras, el cilindro del cuchar\u00f3n facilita la excavaci\u00f3n al permitir que el cuchar\u00f3n penetre en el suelo.<\/p>\n<\/li>\n<li>\n<h3>Cargador<\/h3>\n<p>Los cilindros de cangilones ayudan a levantar y descargar mercanc\u00edas de manera eficiente en cargadores frontales.<\/p>\n<\/li>\n<\/ul>\n<h2>Consideraciones de dise\u00f1o y criterios de selecci\u00f3n<\/h2>\n<ul>\n<li>\n<h3>capacidad de carga<\/h3>\n<p>El cilindro debe estar dise\u00f1ado para soportar altas cargas y presiones, y los materiales utilizados deben ser muy duraderos y resistentes al desgaste y la corrosi\u00f3n.<\/p>\n<\/li>\n<li>\n<h3>Sellado y lubricaci\u00f3n<\/h3>\n<p>El cilindro debe utilizar diversos sellos, como anillos de sellado para pist\u00f3n y v\u00e1stago, fabricados con materiales resistentes al desgaste como poliuretano y caucho de nitrilo. El cuerpo del cilindro y las superficies de los extremos de las roscas deben someterse a un tratamiento de precisi\u00f3n para mejorar la resistencia al desgaste. Es necesario a\u00f1adir regularmente aceite hidr\u00e1ulico adecuado para su lubricaci\u00f3n.<\/p>\n<\/li>\n<li>\n<h3>Durabilidad y seguridad<\/h3>\n<p>El cilindro debe dise\u00f1arse pensando en la seguridad, con medidas como v\u00e1lvulas de alivio de presi\u00f3n. Se debe realizar un mantenimiento adecuado y una inspecci\u00f3n peri\u00f3dica para garantizar su durabilidad y seguridad.<\/p>\n<\/li>\n<\/ul>\n<p><img decoding=\"async\" src=\"https:\/\/www.hydraulic-cylinders.net\/wp-content\/uploads\/2025\/01\/songte-oil-pipes-and-spare-parts.webp\" \/><\/p>\n<h2>Mantenimiento y reparaci\u00f3n<\/h2>\n<p>El mantenimiento regular y la lubricaci\u00f3n adecuada son necesarios para la longevidad de los cilindros del cuchar\u00f3n. Las tareas de mantenimiento m\u00e1s comunes incluyen:<\/p>\n<ul>\n<li>\n<h3>Inspecci\u00f3n peri\u00f3dica<\/h3>\n<p>Inspeccionar el cilindro peri\u00f3dicamente para garantizar el correcto funcionamiento y detectar posibles problemas.<\/p>\n<\/li>\n<li>\n<h3>Lubricaci\u00f3n<\/h3>\n<p>Agregar peri\u00f3dicamente la cantidad adecuada de aceite hidr\u00e1ulico para garantizar una lubricaci\u00f3n adecuada del cilindro.<\/p>\n<\/li>\n<li>\n<h3>Reemplazo del sello<\/h3>\n<p>Reemplazo de sellos, como anillos de sellado de pist\u00f3n y anillos de sellado de varilla, cuando sea necesario para mantener la integridad del cilindro.<\/p>\n<\/li>\n<li>\n<h3>Comprobaci\u00f3n de calibraci\u00f3n<\/h3>\n<p>Comprobar peri\u00f3dicamente la calibraci\u00f3n del cilindro para asegurarse de que funciona seg\u00fan lo previsto.<\/p>\n<\/li>\n<\/ul>\n<p><img decoding=\"async\" src=\"https:\/\/www.hydraulic-cylinders.net\/wp-content\/uploads\/2025\/01\/songte-chushion-collar.webp\" \/><\/p>\n<h2>Consideraciones de seguridad y medio ambiente<\/h2>\n<p>Se deben tomar precauciones de seguridad al utilizar cilindros de cuchar\u00f3n para minimizar el riesgo de da\u00f1os a operadores y transe\u00fantes. Tambi\u00e9n es fundamental considerar factores ambientales, como la correcta eliminaci\u00f3n del aceite hidr\u00e1ulico y los sellos usados, para reducir la contaminaci\u00f3n.<\/p>\n<h2>Soluci\u00f3n de problemas y problemas comunes<\/h2>\n<p>Los problemas comunes del cilindro del cuchar\u00f3n incluyen fugas, funcionamiento lento y baja presi\u00f3n. Consejos y soluciones para la resoluci\u00f3n de problemas:<\/p>\n<ul>\n<li>\n<h3>Fuga<\/h3>\n<p>Compruebe los sellos y reempl\u00e1celos si es necesario.<\/p>\n<\/li>\n<li>\n<h3>Operaci\u00f3n lenta<\/h3>\n<p>Compruebe si el nivel de aceite hidr\u00e1ulico es suficiente y ajuste la v\u00e1lvula de control si es necesario.<\/p>\n<\/li>\n<li>\n<h3>Baja presi\u00f3n<\/h3>\n<p>Compruebe si la bomba hidr\u00e1ulica funciona correctamente y ajuste la v\u00e1lvula de alivio si es necesario.<\/p>\n<\/li>\n<li>\n<h3>Medidas preventivas<\/h3>\n<p>El mantenimiento y la inspecci\u00f3n regulares pueden ayudar a prevenir que ocurran problemas comunes y garantizar la longevidad del cilindro.<\/p>\n<\/li>\n<\/ul>\n<p><img decoding=\"async\" src=\"https:\/\/www.hydraulic-cylinders.net\/wp-content\/uploads\/2025\/01\/songte-bushings-with-all-kinds-of-excavator-models.webp\" \/><\/p>\n<h2>Sobre nosotros<\/h2>\n<p>Somos fabricantes de cilindros hidr\u00e1ulicos de repuesto. Nuestra amplia gama de productos nos ha convertido en uno de los principales fabricantes y mayoristas de cilindros hidr\u00e1ulicos en el mercado nacional e internacional. Nos basamos en la excelencia de la calidad y en las estrategias de gesti\u00f3n de la producci\u00f3n industrializada de nuestros sofisticados talleres de fabricaci\u00f3n. Con un enfoque en el talento tecnol\u00f3gico, equipos de fabricaci\u00f3n digitales de alta gama y sistemas de prueba profesionales, nuestra plataforma de fabricaci\u00f3n contin\u00faa mejorando, perfeccionando la calidad de los productos y las rutas de producci\u00f3n para satisfacer las diversas demandas de los clientes con alta eficiencia, precisi\u00f3n y calidad.<\/p>\n<h3>Profesionalismo<\/h3>\n<p>Nuestra empresa est\u00e1 comprometida a proporcionar a los clientes productos y soluciones de cilindros hidr\u00e1ulicos profesionales y confiables, respaldados por un equipo de ingenieros y t\u00e9cnicos calificados con experiencia en el campo de la maquinaria hidr\u00e1ulica.<\/p>\n<h3>Certificaci\u00f3n internacional<\/h3>\n<p>Nuestra empresa ha obtenido certificaci\u00f3n internacional, como ISO9001, garantizando la calidad de nuestros productos.<\/p>\n<h3>Servicio personalizado<\/h3>\n<p>Ofrecemos servicios personalizados adaptados a los requisitos espec\u00edficos de nuestros clientes.<\/p>\n<h3>Equipos de producci\u00f3n<\/h3>\n<p>Nuestra empresa cuenta con equipos de producci\u00f3n y equipos de prueba avanzados, lo que garantiza que nuestros productos cumplan con altos est\u00e1ndares.<\/p>\n<h3>Servicio posventa<\/h3>\n<p>Nuestra empresa brinda un servicio posventa integral y oportuno para garantizar la satisfacci\u00f3n del cliente.<\/p>\n<p><img decoding=\"async\" src=\"https:\/\/hzpt.com\/wp-content\/uploads\/2024\/11\/songte-company-1.webp\" \/><\/p>\n<p>Autor: lyl.<\/p>","protected":false},"excerpt":{"rendered":"<p>Bucket Cylinder For Hyundai Middle Excavator R210-5D Introduction A bucket cylinder is a specially designed hydraulic cylinder used to control the movement of the bucket in heavy machinery, such as excavators, backhoe loaders, and front-end loaders. Its main function is to enable the bucket to lift, lower, and tilt, thus facilitating various material handling tasks. [&hellip;]<\/p>","protected":false},"featured_media":14787,"comment_status":"open","ping_status":"closed","template":"","meta":{"_et_pb_use_builder":"","_et_pb_old_content":"","_et_gb_content_width":""},"product_brand":[],"product_cat":[1494],"product_tag":[1495,1496],"class_list":{"0":"post-15314","1":"product","2":"type-product","3":"status-publish","4":"has-post-thumbnail","6":"product_cat-bucket-cylinders","7":"product_tag-bucket-cylinders","8":"product_tag-hydraulic-cylinders","10":"first","11":"instock","12":"shipping-taxable","13":"product-type-simple"},"amp_enabled":true,"_links":{"self":[{"href":"https:\/\/www.hydraulic-cylinders.net\/es\/wp-json\/wp\/v2\/product\/15314","targetHints":{"allow":["GET"]}}],"collection":[{"href":"https:\/\/www.hydraulic-cylinders.net\/es\/wp-json\/wp\/v2\/product"}],"about":[{"href":"https:\/\/www.hydraulic-cylinders.net\/es\/wp-json\/wp\/v2\/types\/product"}],"replies":[{"embeddable":true,"href":"https:\/\/www.hydraulic-cylinders.net\/es\/wp-json\/wp\/v2\/comments?post=15314"}],"wp:featuredmedia":[{"embeddable":true,"href":"https:\/\/www.hydraulic-cylinders.net\/es\/wp-json\/wp\/v2\/media\/14787"}],"wp:attachment":[{"href":"https:\/\/www.hydraulic-cylinders.net\/es\/wp-json\/wp\/v2\/media?parent=15314"}],"wp:term":[{"taxonomy":"product_brand","embeddable":true,"href":"https:\/\/www.hydraulic-cylinders.net\/es\/wp-json\/wp\/v2\/product_brand?post=15314"},{"taxonomy":"product_cat","embeddable":true,"href":"https:\/\/www.hydraulic-cylinders.net\/es\/wp-json\/wp\/v2\/product_cat?post=15314"},{"taxonomy":"product_tag","embeddable":true,"href":"https:\/\/www.hydraulic-cylinders.net\/es\/wp-json\/wp\/v2\/product_tag?post=15314"}],"curies":[{"name":"wp","href":"https:\/\/api.w.org\/{rel}","templated":true}]}}