{"id":15321,"date":"2025-01-19T14:22:56","date_gmt":"2025-01-19T14:22:56","guid":{"rendered":"https:\/\/www.hydraulic-cylinders.net\/product\/bucket-cylinder-for-hyundai-middle-excavator-r260lc-7\/"},"modified":"2025-01-19T14:22:58","modified_gmt":"2025-01-19T14:22:58","slug":"bucket-cylinder-for-hyundai-middle-excavator-r260lc-7","status":"publish","type":"product","link":"https:\/\/www.hydraulic-cylinders.net\/es\/producto\/bucket-cylinder-for-hyundai-middle-excavator-r260lc-7\/","title":{"rendered":"Cilindro de cuchar\u00f3n para excavadora central Hyundai R260LC-7"},"content":{"rendered":"<h1>Cilindro de cuchar\u00f3n para excavadora central Hyundai R260LC-7<\/h1>\n<h2>Introducci\u00f3n<\/h2>\n<h3>Definici\u00f3n<\/h3>\n<p>Un cilindro de cuchar\u00f3n es un cilindro hidr\u00e1ulico especialmente dise\u00f1ado que se utiliza principalmente para controlar el movimiento del cuchar\u00f3n en maquinaria pesada como excavadoras, retroexcavadoras y cargadoras frontales. Su funci\u00f3n principal es permitir la elevaci\u00f3n, el descenso y la inclinaci\u00f3n del cuchar\u00f3n, facilitando diversas tareas de manipulaci\u00f3n de materiales. En el sistema hidr\u00e1ulico, el cilindro del cuchar\u00f3n logra un control preciso del cuchar\u00f3n mediante cambios en la presi\u00f3n del aceite hidr\u00e1ulico, lo que permite a los operadores manipular cargas pesadas con eficiencia y adaptarse a entornos de trabajo complejos y diversas exigencias operativas.<\/p>\n<p><img decoding=\"async\" src=\"https:\/\/www.hydraulic-cylinders.net\/wp-content\/uploads\/2025\/01\/songte-company-2.webp\" alt=\"Imagen del cilindro del cubo\"><\/p>\n<h3>Caracter\u00edsticas<\/h3>\n<ul>\n<li>Alta resistencia y durabilidad: Generalmente fabricados en acero o aluminio de alta resistencia, soportan alta presi\u00f3n y cargas pesadas, adapt\u00e1ndose a entornos de trabajo exigentes. Dise\u00f1ados para ofrecer resistencia al desgaste y a la corrosi\u00f3n, prolongan su vida \u00fatil.<\/li>\n<li>Operaci\u00f3n hidr\u00e1ulica eficiente: Se logran acciones suaves de extensi\u00f3n y retracci\u00f3n utilizando la presi\u00f3n del aceite hidr\u00e1ulico, lo que permite una respuesta r\u00e1pida a los comandos de control y proporciona poderosas fuerzas de empuje y tracci\u00f3n, adecuadas para manipular cargas pesadas y tareas operativas complejas.<\/li>\n<li>Diversos tipos: El cilindro puede seleccionarse como de simple efecto (hidr\u00e1ulico en una sola direcci\u00f3n) o de doble efecto (hidr\u00e1ulico en ambas direcciones) seg\u00fan las necesidades operativas. Algunos modelos son telesc\u00f3picos, lo que permite una mayor extensi\u00f3n sin aumentar las dimensiones externas, ideal para aplicaciones con espacio limitado.<\/li>\n<li>Reemplazable: Nuestro producto puede reemplazar perfectamente estos cilindros hidr\u00e1ulicos.<\/li>\n<\/ul>\n<p><img decoding=\"async\" src=\"https:\/\/www.hydraulic-cylinders.net\/wp-content\/uploads\/2025\/01\/songte-cylinder-head-with-all-kinds-excavator-models.webp\" alt=\"Imagen de cilindro reemplazable\"><\/p>\n<h2>Aplicaciones<\/h2>\n<p>Los cilindros de cangilones se utilizan en diversas industrias y aplicaciones, entre ellas:<\/p>\n<h3>Equipos de construcci\u00f3n<\/h3>\n<p>En las excavadoras, son fundamentales para excavar, cargar y mover tierra o escombros. En las retroexcavadoras, el cilindro del cuchar\u00f3n facilita la excavaci\u00f3n y la elevaci\u00f3n. En las cargadoras frontales, ayudan a levantar e inclinar mercanc\u00edas eficazmente.<\/p>\n<h3>Maquinaria agr\u00edcola<\/h3>\n<p>Se utiliza en cargadores frontales con el fin de recoger, levantar y transportar tierra, heno y otros materiales.<\/p>\n<h3>excavadoras<\/h3>\n<p>El cilindro del cuchar\u00f3n permite la excavaci\u00f3n al permitir que el cuchar\u00f3n penetre en el suelo.<\/p>\n<h3>Cargadores<\/h3>\n<p>En los cargadores frontales, ayudan a levantar e inclinar las mercanc\u00edas de manera eficaz.<\/p>\n<h2>Consideraciones de dise\u00f1o y criterios de selecci\u00f3n<\/h2>\n<p>Las consideraciones de dise\u00f1o clave para los cilindros de cangilones incluyen:<\/p>\n<ul>\n<li>Capacidad de carga: El cilindro debe poder soportar alta presi\u00f3n y cargas pesadas.<\/li>\n<li>Propiedad de sellado: El cilindro debe tener una buena propiedad de sellado para evitar fugas de aceite hidr\u00e1ulico.<\/li>\n<li>Durabilidad: El cilindro debe ser resistente al desgaste y a la corrosi\u00f3n para una larga vida \u00fatil.<\/li>\n<li>Seguridad: El cilindro debe estar dise\u00f1ado teniendo en cuenta la seguridad y proporcionar un funcionamiento confiable y seguro.<\/li>\n<li>Mantenibilidad: El cilindro debe ser f\u00e1cil de mantener y reparar para un uso a largo plazo.<\/li>\n<\/ul>\n<p><img decoding=\"async\" src=\"https:\/\/www.hydraulic-cylinders.net\/wp-content\/uploads\/2025\/01\/songte-oil-pipes-and-spare-parts.webp\" alt=\"Imagen de piezas del cilindro hidr\u00e1ulico\"><\/p>\n<h2>Sellado y lubricaci\u00f3n<\/h2>\n<p>Se utilizan diversos sellos, como sellos de pist\u00f3n y de v\u00e1stago, fabricados con materiales resistentes al desgaste como poliuretano y caucho de nitrilo. El cuerpo del cilindro y la superficie del extremo roscado se procesan con precisi\u00f3n para mejorar la resistencia al desgaste. Para la lubricaci\u00f3n, se requiere la adici\u00f3n regular de aceite hidr\u00e1ulico adecuado.<\/p>\n<h2>Mantenimiento y reparaci\u00f3n<\/h2>\n<p>Se deben tomar medidas de mantenimiento y prevenci\u00f3n peri\u00f3dicas para garantizar el correcto funcionamiento del cilindro del cuchar\u00f3n. Las tareas de mantenimiento habituales incluyen:<\/p>\n<ul>\n<li>Inspecci\u00f3n peri\u00f3dica<\/li>\n<li>Lubricaci\u00f3n adecuada<\/li>\n<li>Reemplazo del sello<\/li>\n<li>Comprobaci\u00f3n de calibraci\u00f3n<\/li>\n<\/ul>\n<p>Una instalaci\u00f3n correcta es esencial para garantizar la longevidad del cilindro. Se recomienda utilizar soportes de montaje adecuados para la estabilidad y alineaci\u00f3n del cilindro, as\u00ed como seguir los procedimientos recomendados de inspecci\u00f3n, reparaci\u00f3n y reemplazo. Disponemos de servicios de reemplazo y reconstrucci\u00f3n de componentes para prolongar la vida \u00fatil del cilindro del cuchar\u00f3n.<\/p>\n<p><img decoding=\"async\" src=\"https:\/\/www.hydraulic-cylinders.net\/wp-content\/uploads\/2025\/01\/songte-chushion-collar.webp\" alt=\"Imagen de reparaci\u00f3n de cilindros hidr\u00e1ulicos\"><\/p>\n<h2>Consideraciones de seguridad y factores ambientales<\/h2>\n<p>La seguridad es primordial al trabajar con maquinaria hidr\u00e1ulica. Una formaci\u00f3n adecuada y el cumplimiento de las medidas de seguridad son esenciales para evitar accidentes y lesiones.<\/p>\n<p><img decoding=\"async\" src=\"https:\/\/hzpt.com\/wp-content\/uploads\/2024\/11\/songte-company-1.webp\" alt=\"Imagen de seguridad hidr\u00e1ulica\"><\/p>\n<h2>Diagn\u00f3stico y soluci\u00f3n de problemas<\/h2>\n<p>Las fallas comunes en los cilindros de cangilones incluyen fugas, presi\u00f3n insuficiente y funcionamiento lento. Ofrecemos consejos y soluciones para diagnosticar y resolver problemas, as\u00ed como medidas preventivas para minimizar posibles inconvenientes.<\/p>\n<p><img decoding=\"async\" src=\"https:\/\/www.hydraulic-cylinders.net\/wp-content\/uploads\/2025\/01\/songte-bushings-with-all-kinds-of-excavator-models.webp\" alt=\"Imagen de soluci\u00f3n de problemas del cilindro hidr\u00e1ulico\"><\/p>\n<h2>Acerca de nuestra empresa<\/h2>\n<p>Somos fabricantes de cilindros hidr\u00e1ulicos de repuesto. Nuestra amplia gama de productos nos ha convertido en uno de los principales fabricantes y distribuidores mayoristas de cilindros hidr\u00e1ulicos tanto en el mercado nacional como en el internacional. Nos adherimos al principio de excelencia en calidad y nos basamos en la estrategia de gesti\u00f3n de producci\u00f3n de un taller de alta calidad. Mejoramos continuamente la plataforma de fabricaci\u00f3n del taller mediante el uso de personal t\u00e9cnico cualificado, equipos de fabricaci\u00f3n digitales de alta gama y sistemas de prueba profesionales. Contamos con una gran capacidad creativa y satisfacemos las necesidades de nuestros clientes con productos de alta eficiencia, precisi\u00f3n y calidad. <\/p>\n<p><img decoding=\"async\" src=\"https:\/\/www.hydraulic-cylinders.net\/wp-content\/uploads\/2025\/01\/songte-company-3.webp\" alt=\"Nuestra imagen de empresa\"><\/p>\n<h3>Profesionalismo<\/h3>\n<p>Contamos con personal t\u00e9cnico profesional y equipos de fabricaci\u00f3n avanzados para garantizar la alta calidad de nuestros productos.<\/p>\n<h3>Certificaciones internacionales<\/h3>\n<p>Nuestros productos han pasado varias certificaciones internacionales como ISO, CE y SGS.<\/p>\n<h3>Servicio de personalizaci\u00f3n<\/h3>\n<p>Ofrecemos servicios personalizados para satisfacer las diferentes necesidades de los clientes.<\/p>\n<h3>Equipos de producci\u00f3n<\/h3>\n<p>Contamos con m\u00e1quinas de corte CNC avanzadas, tornos CNC y otros equipos de alta gama, que proporcionan una base s\u00f3lida para la calidad de nuestra producci\u00f3n.<\/p>\n<h3>Servicio postventa<\/h3>\n<p>Brindamos un servicio posventa integral y soporte t\u00e9cnico para garantizar la satisfacci\u00f3n del cliente.<\/p>\n<p>Autor: lyl<\/p>","protected":false},"excerpt":{"rendered":"<p>Bucket Cylinder For Hyundai Middle Excavator R260LC-7 Introduction Definition A bucket cylinder is a specially designed hydraulic cylinder that is primarily used to control the movement of the bucket in heavy machinery such as excavators, backhoes, and front-end loaders. Its primary function is to allow the bucket to be lifted, lowered, and tilted, making it [&hellip;]<\/p>","protected":false},"featured_media":14773,"comment_status":"open","ping_status":"closed","template":"","meta":{"_et_pb_use_builder":"","_et_pb_old_content":"","_et_gb_content_width":""},"product_brand":[],"product_cat":[1494],"product_tag":[1495,1496],"class_list":{"0":"post-15321","1":"product","2":"type-product","3":"status-publish","4":"has-post-thumbnail","6":"product_cat-bucket-cylinders","7":"product_tag-bucket-cylinders","8":"product_tag-hydraulic-cylinders","10":"first","11":"instock","12":"shipping-taxable","13":"product-type-simple"},"amp_enabled":true,"_links":{"self":[{"href":"https:\/\/www.hydraulic-cylinders.net\/es\/wp-json\/wp\/v2\/product\/15321","targetHints":{"allow":["GET"]}}],"collection":[{"href":"https:\/\/www.hydraulic-cylinders.net\/es\/wp-json\/wp\/v2\/product"}],"about":[{"href":"https:\/\/www.hydraulic-cylinders.net\/es\/wp-json\/wp\/v2\/types\/product"}],"replies":[{"embeddable":true,"href":"https:\/\/www.hydraulic-cylinders.net\/es\/wp-json\/wp\/v2\/comments?post=15321"}],"wp:featuredmedia":[{"embeddable":true,"href":"https:\/\/www.hydraulic-cylinders.net\/es\/wp-json\/wp\/v2\/media\/14773"}],"wp:attachment":[{"href":"https:\/\/www.hydraulic-cylinders.net\/es\/wp-json\/wp\/v2\/media?parent=15321"}],"wp:term":[{"taxonomy":"product_brand","embeddable":true,"href":"https:\/\/www.hydraulic-cylinders.net\/es\/wp-json\/wp\/v2\/product_brand?post=15321"},{"taxonomy":"product_cat","embeddable":true,"href":"https:\/\/www.hydraulic-cylinders.net\/es\/wp-json\/wp\/v2\/product_cat?post=15321"},{"taxonomy":"product_tag","embeddable":true,"href":"https:\/\/www.hydraulic-cylinders.net\/es\/wp-json\/wp\/v2\/product_tag?post=15321"}],"curies":[{"name":"wp","href":"https:\/\/api.w.org\/{rel}","templated":true}]}}