{"id":15322,"date":"2025-01-19T14:23:00","date_gmt":"2025-01-19T14:23:00","guid":{"rendered":"https:\/\/www.hydraulic-cylinders.net\/product\/bucket-cylinder-for-hyundai-middle-excavator-r265lc-7\/"},"modified":"2025-01-19T14:23:02","modified_gmt":"2025-01-19T14:23:02","slug":"bucket-cylinder-for-hyundai-middle-excavator-r265lc-7","status":"publish","type":"product","link":"https:\/\/www.hydraulic-cylinders.net\/es\/producto\/bucket-cylinder-for-hyundai-middle-excavator-r265lc-7\/","title":{"rendered":"Cilindro de cuchar\u00f3n para excavadora intermedia Hyundai R265LC-7"},"content":{"rendered":"<h1>Cilindro de cuchar\u00f3n para excavadora intermedia Hyundai R265LC-7<\/h1>\n<h2>Introducci\u00f3n<\/h2>\n<p>El cilindro del cuchar\u00f3n para la excavadora intermedia Hyundai R265LC-7 es un cilindro hidr\u00e1ulico especialmente dise\u00f1ado que controla el movimiento del cuchar\u00f3n en maquinaria pesada como excavadoras, retroexcavadoras y cargadoras frontales. Su funci\u00f3n principal es permitir la elevaci\u00f3n, el descenso y la inclinaci\u00f3n del cuchar\u00f3n, facilitando la manipulaci\u00f3n de materiales. En el sistema hidr\u00e1ulico, el cilindro del cuchar\u00f3n controla con precisi\u00f3n el cuchar\u00f3n mediante cambios en la presi\u00f3n del aceite hidr\u00e1ulico, lo que permite a los operadores manipular cargas pesadas con eficiencia y adaptarse a entornos de trabajo complejos y diversos requisitos operativos.<\/p>\n<p><img decoding=\"async\" src=\"https:\/\/www.hydraulic-cylinders.net\/wp-content\/uploads\/2025\/01\/songte-company-2.webp\"><\/p>\n<h2>Caracter\u00edsticas<\/h2>\n<ul>\n<li>Alta resistencia y durabilidad: Fabricado generalmente en acero o aluminio de alta resistencia, el cilindro del cuchar\u00f3n soporta alta presi\u00f3n y cargas pesadas, adapt\u00e1ndose a condiciones de trabajo rigurosas. Su dise\u00f1o considera la resistencia al desgaste y a la corrosi\u00f3n, lo que prolonga su vida \u00fatil.<\/li>\n<li>Operaci\u00f3n hidr\u00e1ulica eficiente: al utilizar la presi\u00f3n del aceite hidr\u00e1ulico, el cilindro del cuchar\u00f3n logra movimientos telesc\u00f3picos suaves, lo que permite una respuesta r\u00e1pida a los comandos de control y proporciona poderosas fuerzas de empuje y tracci\u00f3n adecuadas para manipular cargas pesadas y tareas operativas complejas.<\/li>\n<li>Varios tipos: El cilindro del cuchar\u00f3n puede seleccionarse como de simple efecto (presi\u00f3n hidr\u00e1ulica en una sola direcci\u00f3n) o de doble efecto (presi\u00f3n hidr\u00e1ulica en ambas direcciones) para satisfacer diferentes requisitos operativos. Algunos modelos son telesc\u00f3picos, lo que permite una mayor extensi\u00f3n sin aumentar las dimensiones externas, lo que los hace ideales para aplicaciones con espacio limitado.<\/li>\n<\/ul>\n<p><img decoding=\"async\" src=\"https:\/\/www.hydraulic-cylinders.net\/wp-content\/uploads\/2025\/01\/songte-cylinder-head-with-all-kinds-excavator-models.webp\"><\/p>\n<h2>Aplicaciones<\/h2>\n<p>El cilindro de cuchara para excavadora intermedia Hyundai R265LC-7 encuentra aplicaciones en diversos equipos:<\/p>\n<ul>\n<li>Equipos de construcci\u00f3n: Presentes en las excavadoras, son cruciales para la excavaci\u00f3n, la carga y el movimiento de tierra o escombros. En las retroexcavadoras, el cilindro del cuchar\u00f3n facilita tanto la excavaci\u00f3n como la elevaci\u00f3n.<\/li>\n<li>Maquinaria agr\u00edcola: Se utiliza en cargadoras frontales para recoger, levantar y transportar tierra, heno y otros materiales.<\/li>\n<li>Excavadoras: El cilindro del cuchar\u00f3n permite realizar acciones de excavaci\u00f3n al permitir que el cuchar\u00f3n penetre en el suelo.<\/li>\n<li>Cargadores: En los cargadores frontales, ayudan a levantar e inclinar las mercanc\u00edas de manera eficaz.<\/li>\n<\/ul>\n<h2>Consideraciones de dise\u00f1o y criterios de selecci\u00f3n<\/h2>\n<p>Al dise\u00f1ar el cilindro del cuchar\u00f3n se tienen en cuenta varios factores y criterios de selecci\u00f3n:<\/p>\n<ul>\n<li>Capacidad de carga: El cilindro est\u00e1 dise\u00f1ado para soportar los requisitos de carga espec\u00edficos de la excavadora.<\/li>\n<li>Sellado: Se utilizan diversos componentes de sellado, como sellos de pist\u00f3n y sellos de v\u00e1stago hechos de materiales resistentes al desgaste como poliuretano y caucho de nitrilo, para garantizar un sellado eficaz y evitar fugas.<\/li>\n<li>Durabilidad: El cuerpo del cilindro y los extremos roscados se someten a un tratamiento preciso para mejorar la resistencia al desgaste.<\/li>\n<li>Seguridad: El dise\u00f1o incorpora caracter\u00edsticas de seguridad para evitar accidentes durante el funcionamiento.<\/li>\n<li>Mantenibilidad: El cilindro est\u00e1 dise\u00f1ado para facilitar el mantenimiento y la reparaci\u00f3n.<\/li>\n<\/ul>\n<p><img decoding=\"async\" src=\"https:\/\/www.hydraulic-cylinders.net\/wp-content\/uploads\/2025\/01\/songte-oil-pipes-and-spare-parts.webp\"><\/p>\n<h2>Sellado y lubricaci\u00f3n<\/h2>\n<p>El cilindro del cuchar\u00f3n utiliza diversos componentes de sellado, como sellos de pist\u00f3n y de v\u00e1stago, fabricados con materiales como poliuretano y caucho de nitrilo, que son resistentes al desgaste. El cuerpo del cilindro y los extremos roscados se someten a un tratamiento de precisi\u00f3n para mejorar la resistencia al desgaste. Se requiere lubricaci\u00f3n regular con una cantidad adecuada de aceite hidr\u00e1ulico para garantizar un funcionamiento suave y evitar da\u00f1os por fricci\u00f3n.<\/p>\n<h2>Inspecci\u00f3n regular y mantenimiento preventivo<\/h2>\n<p>Para garantizar un rendimiento \u00f3ptimo y una larga vida \u00fatil del cilindro del cuchar\u00f3n, se deben realizar inspecciones peri\u00f3dicas y mantenimiento preventivo. Algunas medidas recomendadas incluyen:<\/p>\n<ul>\n<li>Inspeccione peri\u00f3dicamente el cilindro para detectar signos de desgaste, da\u00f1os o fugas.<\/li>\n<li>Lubricaci\u00f3n adecuada de los componentes del cilindro.<\/li>\n<li>Reemplazo peri\u00f3dico de sellos desgastados.<\/li>\n<li>Realizar comprobaciones de calibraci\u00f3n para garantizar un funcionamiento preciso.<\/li>\n<\/ul>\n<p><img decoding=\"async\" src=\"https:\/\/www.hydraulic-cylinders.net\/wp-content\/uploads\/2025\/01\/songte-chushion-collar.webp\"><\/p>\n<h2>Consideraciones de seguridad y factores ambientales<\/h2>\n<p>Al trabajar con el cilindro del cuchar\u00f3n, es importante seguir las medidas de seguridad para prevenir accidentes y garantizar el bienestar de los operadores y del medio ambiente. Se deben tener en cuenta las precauciones de seguridad al utilizar el equipo y manipular los sistemas hidr\u00e1ulicos.<\/p>\n<h2>Soluci\u00f3n de problemas y problemas comunes<\/h2>\n<p>A pesar del dise\u00f1o y la construcci\u00f3n confiables del cilindro del cuchar\u00f3n, ocasionalmente pueden surgir problemas. Algunos problemas comunes y sus posibles soluciones incluyen:<\/p>\n<ul>\n<li>Fugas: Revise si hay sellos desgastados y reempl\u00e1celos si es necesario. Aseg\u00farese de que el cilindro est\u00e9 bien lubricado.<\/li>\n<li>Operaci\u00f3n lenta: Inspeccione el sistema hidr\u00e1ulico para detectar obstrucciones o fallas. Verifique los niveles y la presi\u00f3n de aceite.<\/li>\n<li>Ruidos anormales: Investigue la causa del ruido, como conexiones sueltas o componentes da\u00f1ados. Apriete o reemplace seg\u00fan sea necesario.<\/li>\n<\/ul>\n<p><img decoding=\"async\" src=\"https:\/\/www.hydraulic-cylinders.net\/wp-content\/uploads\/2025\/01\/songte-bushings-with-all-kinds-of-excavator-models.webp\"><\/p>\n<p>Recuerda organizar el art\u00edculo de forma l\u00f3gica, usar subt\u00edtulos para facilitar la navegaci\u00f3n, incorporar im\u00e1genes o gr\u00e1ficos relevantes para una mejor comprensi\u00f3n y asegurarte de que el contenido sea claro, conciso y adecuado para lectores con diferentes niveles de conocimiento t\u00e9cnico.<\/p>\n<h2>Acerca de nuestra empresa<\/h2>\n<p>Somos fabricantes de cilindros hidr\u00e1ulicos de repuesto y contamos con una amplia gama de productos. Somos uno de los principales fabricantes y distribuidores mayoristas de cilindros hidr\u00e1ulicos en el mercado nacional e internacional. Nos adherimos a los principios de excelencia en calidad y nos basamos en estrategias de gesti\u00f3n de la producci\u00f3n industrial en nuestros sofisticados talleres de fabricaci\u00f3n. Gracias a nuestro talento tecnol\u00f3gico, equipos de fabricaci\u00f3n digital avanzados y sistemas de prueba profesionales, mejoramos continuamente nuestra plataforma de fabricaci\u00f3n y la calidad de nuestros productos. Contamos con una s\u00f3lida capacidad creativa que garantiza alta eficiencia, precisi\u00f3n y calidad para satisfacer las diversas necesidades de nuestros clientes.<\/p>\n<p><img decoding=\"async\" src=\"https:\/\/www.hydraulic-cylinders.net\/wp-content\/uploads\/2025\/01\/songte-company-3.webp\"><\/p>\n<p>Adem\u00e1s, nos enorgullecemos de nuestra profesionalidad, certificaciones internacionales, servicios personalizados, equipos de producci\u00f3n y servicio posventa.<\/p>\n<p>Autor: lyl<\/p>","protected":false},"excerpt":{"rendered":"<p>Bucket Cylinder For Hyundai Middle Excavator R265LC-7 Introduction The bucket cylinder for Hyundai middle excavator R265LC-7 is a specially designed hydraulic cylinder used to control the movement of the bucket in heavy machinery such as excavators, backhoe loaders, and front loaders. Its main function is to enable the lifting, lowering, and tilting of the bucket, [&hellip;]<\/p>","protected":false},"featured_media":14771,"comment_status":"open","ping_status":"closed","template":"","meta":{"_et_pb_use_builder":"","_et_pb_old_content":"","_et_gb_content_width":""},"product_brand":[],"product_cat":[1494],"product_tag":[1495,1496],"class_list":{"0":"post-15322","1":"product","2":"type-product","3":"status-publish","4":"has-post-thumbnail","6":"product_cat-bucket-cylinders","7":"product_tag-bucket-cylinders","8":"product_tag-hydraulic-cylinders","10":"first","11":"instock","12":"shipping-taxable","13":"product-type-simple"},"amp_enabled":true,"_links":{"self":[{"href":"https:\/\/www.hydraulic-cylinders.net\/es\/wp-json\/wp\/v2\/product\/15322","targetHints":{"allow":["GET"]}}],"collection":[{"href":"https:\/\/www.hydraulic-cylinders.net\/es\/wp-json\/wp\/v2\/product"}],"about":[{"href":"https:\/\/www.hydraulic-cylinders.net\/es\/wp-json\/wp\/v2\/types\/product"}],"replies":[{"embeddable":true,"href":"https:\/\/www.hydraulic-cylinders.net\/es\/wp-json\/wp\/v2\/comments?post=15322"}],"wp:featuredmedia":[{"embeddable":true,"href":"https:\/\/www.hydraulic-cylinders.net\/es\/wp-json\/wp\/v2\/media\/14771"}],"wp:attachment":[{"href":"https:\/\/www.hydraulic-cylinders.net\/es\/wp-json\/wp\/v2\/media?parent=15322"}],"wp:term":[{"taxonomy":"product_brand","embeddable":true,"href":"https:\/\/www.hydraulic-cylinders.net\/es\/wp-json\/wp\/v2\/product_brand?post=15322"},{"taxonomy":"product_cat","embeddable":true,"href":"https:\/\/www.hydraulic-cylinders.net\/es\/wp-json\/wp\/v2\/product_cat?post=15322"},{"taxonomy":"product_tag","embeddable":true,"href":"https:\/\/www.hydraulic-cylinders.net\/es\/wp-json\/wp\/v2\/product_tag?post=15322"}],"curies":[{"name":"wp","href":"https:\/\/api.w.org\/{rel}","templated":true}]}}