{"id":15342,"date":"2025-01-19T14:24:34","date_gmt":"2025-01-19T14:24:34","guid":{"rendered":"https:\/\/www.hydraulic-cylinders.net\/product\/bucket-cylinder-for-kobelco-small-excavator-sk45\/"},"modified":"2025-01-19T14:24:36","modified_gmt":"2025-01-19T14:24:36","slug":"bucket-cylinder-for-kobelco-small-excavator-sk45","status":"publish","type":"product","link":"https:\/\/www.hydraulic-cylinders.net\/es\/producto\/bucket-cylinder-for-kobelco-small-excavator-sk45\/","title":{"rendered":"Cilindro de cuchar\u00f3n para excavadora peque\u00f1a Kobelco SK45"},"content":{"rendered":"<h1>Cilindro de cuchar\u00f3n para excavadora peque\u00f1a Kobelco SK45<\/h1>\n<h2>Introducci\u00f3n<\/h2>\n<p>El cilindro del cuchar\u00f3n para la excavadora peque\u00f1a Kobelco SK45 es un cilindro hidr\u00e1ulico especializado que controla el movimiento del cuchar\u00f3n en maquinaria pesada como excavadoras, retroexcavadoras y cargadoras frontales. Su funci\u00f3n principal es elevar, bajar e inclinar el cuchar\u00f3n, facilitando diversas tareas de manipulaci\u00f3n de materiales. En el sistema hidr\u00e1ulico, el cilindro del cuchar\u00f3n controla el movimiento preciso del cuchar\u00f3n mediante la presi\u00f3n del aceite hidr\u00e1ulico, lo que permite al operador manipular cargas pesadas con eficiencia y adaptarse a entornos de trabajo complejos y a diversos requisitos.<\/p>\n<p><img decoding=\"async\" src=\"https:\/\/www.hydraulic-cylinders.net\/wp-content\/uploads\/2025\/01\/songte-company-2.webp\"><\/p>\n<h2>Caracter\u00edsticas<\/h2>\n<ul>\n<li>Alta resistencia y durabilidad: Fabricado generalmente en acero o aluminio de alta resistencia, soporta alta presi\u00f3n y cargas pesadas, adapt\u00e1ndose a entornos de trabajo hostiles. Su dise\u00f1o optimiza la resistencia al desgaste y a la corrosi\u00f3n, lo que prolonga su vida \u00fatil.<\/li>\n<li>Operaci\u00f3n hidr\u00e1ulica eficiente: La extensi\u00f3n y retracci\u00f3n suaves se logran utilizando presi\u00f3n de aceite hidr\u00e1ulico, lo que permite una respuesta r\u00e1pida a los comandos de control, proporcionando poderosas fuerzas de empuje y tracci\u00f3n, adecuadas para manipular cargas pesadas y tareas complejas.<\/li>\n<li>Diversos tipos: Se pueden seleccionar cilindros de simple efecto (hidr\u00e1ulicos en una sola direcci\u00f3n) o de doble efecto (hidr\u00e1ulicos en ambas direcciones) seg\u00fan las necesidades operativas. Algunos modelos son telesc\u00f3picos, lo que permite una mayor extensi\u00f3n sin aumentar el tama\u00f1o externo, ideal para aplicaciones con espacio limitado.<\/li>\n<li>Reemplazo perfecto: Nuestros productos pueden reemplazar perfectamente estos cilindros hidr\u00e1ulicos.<\/li>\n<\/ul>\n<p><img decoding=\"async\" src=\"https:\/\/www.hydraulic-cylinders.net\/wp-content\/uploads\/2025\/01\/songte-cylinder-head-with-all-kinds-excavator-models.webp\"><\/p>\n<h2>Aplicaciones<\/h2>\n<p>El cilindro del cuchar\u00f3n para la excavadora peque\u00f1a Kobelco SK45 se usa ampliamente en diversas maquinarias pesadas como:<\/p>\n<ul>\n<li>Equipo de construcci\u00f3n: Es esencial que las excavadoras excaven, carguen y muevan tierra o escombros. En las retroexcavadoras, el cilindro del cuchar\u00f3n facilita tanto la excavaci\u00f3n como la elevaci\u00f3n. <\/li>\n<li>Maquinaria agr\u00edcola: Se utiliza en cargadoras frontales para recoger, levantar y transportar tierra, heno y otros materiales. En las excavadoras, el cilindro del cuchar\u00f3n permite excavar al permitir que el cuchar\u00f3n penetre en el suelo. En las cargadoras frontales, ayuda a levantar y descargar la carga eficazmente.<\/li>\n<\/ul>\n<h2>Consideraciones de dise\u00f1o y est\u00e1ndares de selecci\u00f3n<\/h2>\n<ul>\n<li>Capacidad de carga: El cilindro del cuchar\u00f3n debe estar dise\u00f1ado para soportar alta presi\u00f3n y cargas pesadas.<\/li>\n<li>Sellado: Se deben utilizar diversos componentes de sellado, como sellos de pist\u00f3n y sellos de v\u00e1stago, y deben estar hechos de materiales resistentes al desgaste, como poliuretano y caucho de nitrilo.<\/li>\n<li>Durabilidad: El cuerpo del cilindro y la superficie del extremo roscado deben procesarse finamente para mejorar la resistencia al desgaste. <\/li>\n<li>Seguridad: El cilindro del cuchar\u00f3n debe estar dise\u00f1ado teniendo en cuenta la seguridad, con mecanismos de seguridad como v\u00e1lvulas de alivio de presi\u00f3n y protecci\u00f3n adecuada alrededor de las partes m\u00f3viles para evitar lesiones. <\/li>\n<li>Mantenimiento: El cilindro debe estar dise\u00f1ado para un f\u00e1cil montaje y desmontaje, con piezas f\u00e1cilmente reemplazables y superficies f\u00e1ciles de limpiar para facilitar el mantenimiento.<\/li>\n<\/ul>\n<p><img decoding=\"async\" src=\"https:\/\/www.hydraulic-cylinders.net\/wp-content\/uploads\/2025\/01\/songte-oil-pipes-and-spare-parts.webp\"><\/p>\n<h2>Sellado y lubricaci\u00f3n<\/h2>\n<p>El cilindro del cuchar\u00f3n debe utilizar diversos componentes de sellado, como sellos de pist\u00f3n y de v\u00e1stago, fabricados con materiales resistentes al desgaste como poliuretano y caucho de nitrilo. Es necesaria una lubricaci\u00f3n regular con una cantidad adecuada de aceite hidr\u00e1ulico para mantener el cilindro en buen estado de funcionamiento.<\/p>\n<h2>Mantenimiento y reparaci\u00f3n<\/h2>\n<p>La inspecci\u00f3n regular, la lubricaci\u00f3n adecuada y el reemplazo oportuno de los sellos desgastados son algunas de las tareas de mantenimiento m\u00e1s comunes. La instalaci\u00f3n, la lubricaci\u00f3n y el ajuste correctos son fundamentales para el uso del cilindro del cuchar\u00f3n de la excavadora peque\u00f1a Kobelco SK45.<\/p>\n<ul>\n<li>Inspecci\u00f3n peri\u00f3dica: Se debe realizar una inspecci\u00f3n peri\u00f3dica para garantizar que el cilindro est\u00e9 en buenas condiciones de funcionamiento y las piezas desgastadas deben reemplazarse r\u00e1pidamente.<\/li>\n<li>Lubricaci\u00f3n adecuada: La lubricaci\u00f3n debe realizarse a intervalos regulares para garantizar que el cilindro funcione sin problemas. <\/li>\n<li>Reemplazo de sellos y verificaci\u00f3n de calibraci\u00f3n: Los sellos desgastados deben reemplazarse con prontitud para evitar fugas de aceite. La calibraci\u00f3n debe realizarse peri\u00f3dicamente para garantizar el correcto funcionamiento del cilindro del cuchar\u00f3n. <\/li>\n<\/ul>\n<p><img decoding=\"async\" src=\"https:\/\/www.hydraulic-cylinders.net\/wp-content\/uploads\/2025\/01\/songte-chushion-collar.webp\"><\/p>\n<h2>Consideraciones de seguridad y factores ambientales<\/h2>\n<p>Se deben tomar medidas de seguridad al utilizar el cilindro del cuchar\u00f3n para evitar lesiones. Es fundamental seguir las instrucciones del fabricante en cuanto a instalaci\u00f3n, uso, mantenimiento y reparaci\u00f3n para garantizar la seguridad del operador y del resto del personal. Tambi\u00e9n se deben considerar factores ambientales como la temperatura y la humedad al seleccionar y utilizar el cilindro del cuchar\u00f3n.<\/p>\n<h2>Soluci\u00f3n de problemas y problemas comunes<\/h2>\n<p>Los problemas comunes con el cilindro del cuchar\u00f3n incluyen fugas de aceite, funcionamiento lento y rendimiento reducido. Es fundamental diagnosticar el problema correctamente y tomar las medidas adecuadas para solucionarlo. Se recomienda consultar al fabricante o a un t\u00e9cnico cualificado para resolver cualquier problema.<\/p>\n<ul>\n<li>Fuga de aceite: Revise el sello y reempl\u00e1celo si es necesario. Aseg\u00farese de que el cilindro est\u00e9 limpio y sin residuos.<\/li>\n<li>Funcionamiento lento: Compruebe el nivel y la calidad del aceite hidr\u00e1ulico. Reemplace el aceite si es necesario. Compruebe si hay obstrucciones o da\u00f1os en el sistema hidr\u00e1ulico. <\/li>\n<li>Rendimiento reducido: Revise el cilindro para detectar da\u00f1os o desgaste. Reemplace las piezas si es necesario.<\/li>\n<\/ul>\n<p><img decoding=\"async\" src=\"https:\/\/www.hydraulic-cylinders.net\/wp-content\/uploads\/2025\/01\/songte-bushings-with-all-kinds-of-excavator-models.webp\"><\/p>\n<h2>Acerca de nuestra empresa<\/h2>\n<p>Somos un fabricante y distribuidor mayorista l\u00edder de cilindros hidr\u00e1ulicos en el mercado nacional e internacional. Ofrecemos una gama completa de cilindros hidr\u00e1ulicos, nos adherimos al principio de excelente calidad y mejoramos continuamente la calidad de nuestros productos y la eficiencia de la producci\u00f3n. Nuestros productos son fabricados por un equipo de profesionales y con equipos de \u00faltima generaci\u00f3n, priorizando la personalizaci\u00f3n y la satisfacci\u00f3n del cliente.<\/p>\n<ul>\n<li>Profesionalismo: Contamos con un equipo de profesionales con a\u00f1os de experiencia en ingenier\u00eda y fabricaci\u00f3n de cilindros hidr\u00e1ulicos. <\/li>\n<li>Certificaci\u00f3n internacional: Nuestros productos cuentan con certificaciones internacionales como ISO9001 y CE.<\/li>\n<li>Personalizaci\u00f3n: Ofrecemos servicios de personalizaci\u00f3n para satisfacer las necesidades espec\u00edficas de nuestros clientes.<\/li>\n<li>Equipo de producci\u00f3n: Contamos con equipos de producci\u00f3n avanzados para garantizar que nuestros productos cumplan con los m\u00e1s altos est\u00e1ndares de calidad. <\/li>\n<li>Servicio postventa: Ofrecemos un servicio postventa integral para garantizar la satisfacci\u00f3n del cliente y el rendimiento del producto.<\/li>\n<\/ul>\n<p><img decoding=\"async\" src=\"https:\/\/hzpt.com\/wp-content\/uploads\/2024\/11\/songte-company-1.webp\"><\/p>\n<p><em>Autor: lyl<\/em><\/p>","protected":false},"excerpt":{"rendered":"<p>Bucket Cylinder For Kobelco Small Excavator SK45 Introduction A bucket cylinder for Kobelco small excavator SK45 is a specialized hydraulic cylinder used to control the movement of the bucket in heavy machinery such as excavators, backhoe loaders, and front loaders. Its main function is to lift, lower, and tilt the bucket, making it easier to [&hellip;]<\/p>","protected":false},"featured_media":14789,"comment_status":"open","ping_status":"closed","template":"","meta":{"_et_pb_use_builder":"","_et_pb_old_content":"","_et_gb_content_width":""},"product_brand":[],"product_cat":[1494],"product_tag":[1495,1496],"class_list":{"0":"post-15342","1":"product","2":"type-product","3":"status-publish","4":"has-post-thumbnail","6":"product_cat-bucket-cylinders","7":"product_tag-bucket-cylinders","8":"product_tag-hydraulic-cylinders","10":"first","11":"instock","12":"shipping-taxable","13":"product-type-simple"},"amp_enabled":true,"_links":{"self":[{"href":"https:\/\/www.hydraulic-cylinders.net\/es\/wp-json\/wp\/v2\/product\/15342","targetHints":{"allow":["GET"]}}],"collection":[{"href":"https:\/\/www.hydraulic-cylinders.net\/es\/wp-json\/wp\/v2\/product"}],"about":[{"href":"https:\/\/www.hydraulic-cylinders.net\/es\/wp-json\/wp\/v2\/types\/product"}],"replies":[{"embeddable":true,"href":"https:\/\/www.hydraulic-cylinders.net\/es\/wp-json\/wp\/v2\/comments?post=15342"}],"wp:featuredmedia":[{"embeddable":true,"href":"https:\/\/www.hydraulic-cylinders.net\/es\/wp-json\/wp\/v2\/media\/14789"}],"wp:attachment":[{"href":"https:\/\/www.hydraulic-cylinders.net\/es\/wp-json\/wp\/v2\/media?parent=15342"}],"wp:term":[{"taxonomy":"product_brand","embeddable":true,"href":"https:\/\/www.hydraulic-cylinders.net\/es\/wp-json\/wp\/v2\/product_brand?post=15342"},{"taxonomy":"product_cat","embeddable":true,"href":"https:\/\/www.hydraulic-cylinders.net\/es\/wp-json\/wp\/v2\/product_cat?post=15342"},{"taxonomy":"product_tag","embeddable":true,"href":"https:\/\/www.hydraulic-cylinders.net\/es\/wp-json\/wp\/v2\/product_tag?post=15342"}],"curies":[{"name":"wp","href":"https:\/\/api.w.org\/{rel}","templated":true}]}}