{"id":15355,"date":"2025-01-19T14:25:34","date_gmt":"2025-01-19T14:25:34","guid":{"rendered":"https:\/\/www.hydraulic-cylinders.net\/product\/bucket-cylinder-for-kobelco-middle-excavator-sk250-8\/"},"modified":"2025-01-19T14:25:36","modified_gmt":"2025-01-19T14:25:36","slug":"bucket-cylinder-for-kobelco-middle-excavator-sk250-8","status":"publish","type":"product","link":"https:\/\/www.hydraulic-cylinders.net\/es\/producto\/bucket-cylinder-for-kobelco-middle-excavator-sk250-8\/","title":{"rendered":"Cilindro de cuchar\u00f3n para excavadora mediana Kobelco SK250-8"},"content":{"rendered":"<h1>Cilindro de cuchar\u00f3n para excavadora mediana Kobelco SK250-8<\/h1>\n<h2>Introducci\u00f3n<\/h2>\n<h3>\u00bfQu\u00e9 es un cilindro de cangilones?<\/h3>\n<p>El cilindro de la cuchara es un cilindro hidr\u00e1ulico especializado dise\u00f1ado para controlar el movimiento de las cucharas en maquinaria pesada como excavadoras, retroexcavadoras y cargadoras frontales. Su funci\u00f3n principal es permitir que la cuchara se eleve, descienda e incline, facilitando as\u00ed la realizaci\u00f3n de diversas tareas de manipulaci\u00f3n de materiales. En el sistema hidr\u00e1ulico, el cilindro de la cuchara logra un control preciso de la cuchara mediante cambios en la presi\u00f3n del aceite hidr\u00e1ulico, lo que permite a los operadores manejar cargas pesadas de manera eficiente y adaptarse a entornos de trabajo complejos y diversos requisitos operativos.<\/p>\n<p><img decoding=\"async\" src=\"https:\/\/www.hydraulic-cylinders.net\/wp-content\/uploads\/2025\/01\/songte-company-2.webp\" alt=\"Imagen del cilindro del cubo\"><\/p>\n<h3>Caracter\u00edsticas del cilindro de cangilones<\/h3>\n<ul>\n<li><strong>Alta resistencia y durabilidad:<\/strong> Fabricado generalmente en acero de alta resistencia o aluminio, soporta altas presiones y cargas pesadas, siendo ideal para entornos de trabajo exigentes. Su dise\u00f1o contempla la resistencia al desgaste y a la corrosi\u00f3n, prolongando as\u00ed su vida \u00fatil.<\/li>\n<li><strong>Operaci\u00f3n hidr\u00e1ulica eficiente:<\/strong> Utilizando la presi\u00f3n del aceite hidr\u00e1ulico para lograr una extensi\u00f3n y contracci\u00f3n suaves, puede responder r\u00e1pidamente a los comandos de control, proporcionar una potente fuerza de empuje y tracci\u00f3n, y es adecuado para manejar cargas pesadas y tareas complejas.<\/li>\n<li><strong>Varios tipos:<\/strong> Se pueden seleccionar cilindros de simple efecto (accionamiento hidr\u00e1ulico en un solo sentido) o de doble efecto (accionamiento hidr\u00e1ulico en ambos sentidos) seg\u00fan las necesidades operativas. Algunos modelos son telesc\u00f3picos, lo que permite una mayor extensi\u00f3n sin aumentar las dimensiones externas, y resultan id\u00f3neos para aplicaciones con espacio limitado.<\/li>\n<li><strong>F\u00e1cil instalaci\u00f3n:<\/strong> Nuestro producto puede sustituir perfectamente a estos cilindros hidr\u00e1ulicos.<\/li>\n<li><strong>Personalizable:<\/strong> Podemos fabricar cilindros hidr\u00e1ulicos personalizados seg\u00fan los requisitos espec\u00edficos de nuestros clientes.<\/li>\n<\/ul>\n<p><img decoding=\"async\" src=\"https:\/\/www.hydraulic-cylinders.net\/wp-content\/uploads\/2025\/01\/songte-cylinder-head-with-all-kinds-excavator-models.webp\" alt=\"Imagen 2 del cilindro del cubo\"><\/p>\n<h3>Aplicaciones del cilindro de cubo<\/h3>\n<h4>Equipos de construcci\u00f3n<\/h4>\n<p>En las excavadoras, son cruciales para excavar, cargar y mover tierra o escombros. En las retroexcavadoras, el cilindro del cuchar\u00f3n ayuda tanto en la excavaci\u00f3n como en la elevaci\u00f3n. <\/p>\n<h4>Maquinaria agr\u00edcola<\/h4>\n<p>Se utilizan en cargadoras frontales para recoger, levantar y transportar tierra, heno y otros materiales. En las excavadoras, el cilindro del cuchar\u00f3n permite que este penetre en el suelo para excavar. En las cargadoras frontales, facilitan la inclinaci\u00f3n y descarga eficiente de la carga.<\/p>\n<h4>Otras aplicaciones<\/h4>\n<p>El cilindro de cangilones tambi\u00e9n se utiliza en otras aplicaciones como la miner\u00eda, la silvicultura y la manipulaci\u00f3n de materiales.<\/p>\n<h3>Consideraciones de dise\u00f1o y criterios de selecci\u00f3n<\/h3>\n<h4>Capacidad de carga<\/h4>\n<p>La capacidad de carga del cilindro de un cuchar\u00f3n es fundamental y debe seleccionarse en funci\u00f3n de la carga m\u00e1xima que deba soportar. Es esencial garantizar que el cilindro pueda soportar la presi\u00f3n y la carga m\u00e1ximas a las que estar\u00e1 sometido durante su funcionamiento.<\/p>\n<h4>Sellado y durabilidad<\/h4>\n<p>El sellado y la durabilidad son cruciales para el rendimiento y la vida \u00fatil del cilindro. Las juntas del pist\u00f3n y del v\u00e1stago deben estar fabricadas con materiales resistentes al desgaste y a la corrosi\u00f3n, como el poliuretano y el caucho de nitrilo. El cuerpo del cilindro y las superficies roscadas deben recibir un tratamiento de precisi\u00f3n para mejorar su resistencia al desgaste. Asimismo, es necesaria una lubricaci\u00f3n peri\u00f3dica con el aceite hidr\u00e1ulico adecuado para mantener el rendimiento \u00f3ptimo del cilindro.<\/p>\n<p><img decoding=\"async\" src=\"https:\/\/www.hydraulic-cylinders.net\/wp-content\/uploads\/2025\/01\/songte-oil-pipes-and-spare-parts.webp\" alt=\"Imagen 3 del cilindro del cubo\"><\/p>\n<h3>Mantenimiento y reparaci\u00f3n<\/h3>\n<h4>Instalaci\u00f3n<\/h4>\n<p>Una correcta instalaci\u00f3n es esencial para garantizar el \u00f3ptimo rendimiento y la larga vida \u00fatil del cilindro del cuchar\u00f3n. Se recomienda alinear correctamente el cilindro durante la instalaci\u00f3n y utilizar los soportes adecuados para fijarlo.<\/p>\n<h4>Mantenimiento<\/h4>\n<ul>\n<li><strong>Inspecci\u00f3n regular:<\/strong> Es necesario inspeccionar peri\u00f3dicamente el estado del cilindro para detectar cualquier desgaste o da\u00f1o y tomar las medidas correctivas necesarias a tiempo.<\/li>\n<li><strong>Lubricaci\u00f3n:<\/strong> Para mantener el rendimiento \u00f3ptimo del cilindro, es necesaria una lubricaci\u00f3n peri\u00f3dica con el aceite hidr\u00e1ulico adecuado.<\/li>\n<li><strong>Reemplazo del sello:<\/strong> Las juntas deben reemplazarse peri\u00f3dicamente para asegurar un sellado adecuado y evitar fugas de aceite.<\/li>\n<\/ul>\n<h4>Reparar<\/h4>\n<p>Para cualquier reparaci\u00f3n, le recomendamos que consulte con nuestros t\u00e9cnicos experimentados para garantizar que el trabajo se realice con los m\u00e1s altos est\u00e1ndares.<\/p>\n<h3>Consideraciones de seguridad y medio ambiente<\/h3>\n<p>Al manipular el cilindro del cuchar\u00f3n, es fundamental observar todas las medidas de seguridad necesarias para prevenir accidentes. La correcta eliminaci\u00f3n del aceite hidr\u00e1ulico usado y otros residuos peligrosos tambi\u00e9n es esencial para proteger el medio ambiente.<\/p>\n<p><img decoding=\"async\" src=\"https:\/\/www.hydraulic-cylinders.net\/wp-content\/uploads\/2025\/01\/songte-chushion-collar.webp\" alt=\"Imagen 4 del cilindro del cubo\"><\/p>\n<h3>Soluci\u00f3n de problemas y problemas comunes<\/h3>\n<p>Entre los problemas m\u00e1s comunes de los cilindros de los cucharones se incluyen fugas de aceite, da\u00f1os en las juntas y fallos en el v\u00e1stago del pist\u00f3n. Si tiene alg\u00fan problema con el cilindro de su cuchar\u00f3n, consulte con nuestros t\u00e9cnicos especializados para obtener ayuda.<\/p>\n<h3>Sobre nosotros<\/h3>\n<p>Somos fabricantes de cilindros hidr\u00e1ulicos de repuesto, con una amplia gama de productos y una posici\u00f3n de liderazgo como fabricantes y distribuidores mayoristas en los mercados nacionales e internacionales. Nos guiamos por una estrategia de excelencia en la calidad, respaldada por una gesti\u00f3n de producci\u00f3n industrializada en talleres de fabricaci\u00f3n de \u00faltima generaci\u00f3n. Nuestra empresa mejora continuamente sus instalaciones, optimiza la calidad de sus productos y cuenta con una s\u00f3lida capacidad de innovaci\u00f3n. Satisfacemos las diversas necesidades de nuestros clientes mediante la alta eficiencia, la alta precisi\u00f3n y la alta calidad. <\/p>\n<p><img decoding=\"async\" src=\"https:\/\/hzpt.com\/wp-content\/uploads\/2024\/11\/songte-company-1.webp\" alt=\"Imagen 5 del cilindro del cubo\"><\/p>\n<h4>Profesionalismo<\/h4>\n<p>Contamos con un equipo de profesionales con a\u00f1os de experiencia, conocimientos t\u00e9cnicos y equipos de fabricaci\u00f3n avanzados.<\/p>\n<h4>Certificaci\u00f3n Internacional<\/h4>\n<p>Nuestros productos est\u00e1n certificados por organizaciones internacionales y cumplen con los m\u00e1s altos est\u00e1ndares de calidad y seguridad.<\/p>\n<h4>Servicios de personalizaci\u00f3n<\/h4>\n<p>Ofrecemos servicios de personalizaci\u00f3n para satisfacer las necesidades espec\u00edficas de nuestros clientes.<\/p>\n<h4>Equipos de producci\u00f3n<\/h4>\n<p>Contamos con equipos de fabricaci\u00f3n digital avanzados y sistemas de prueba profesionales para garantizar la alta calidad de nuestros productos.<\/p>\n<h4>Servicio postventa<\/h4>\n<p>Ofrecemos un servicio postventa integral, que incluye servicios de reemplazo de piezas y reconstrucci\u00f3n, para garantizar la durabilidad de nuestros productos.<\/p>\n<p>Autor: lyl.<\/p>","protected":false},"excerpt":{"rendered":"<p>Bucket Cylinder For Kobelco Middle Excavator SK250-8 Introduction What is a Bucket Cylinder? A bucket cylinder is a specialized hydraulic cylinder designed for controlling the movement of buckets in heavy machinery such as excavators, backhoe loaders, and front-end loaders. Its main function is to enable the bucket to lift, lower, and tilt, making it easier [&hellip;]<\/p>","protected":false},"featured_media":14762,"comment_status":"open","ping_status":"closed","template":"","meta":{"_et_pb_use_builder":"","_et_pb_old_content":"","_et_gb_content_width":""},"product_brand":[],"product_cat":[1494],"product_tag":[1495,1496],"class_list":{"0":"post-15355","1":"product","2":"type-product","3":"status-publish","4":"has-post-thumbnail","6":"product_cat-bucket-cylinders","7":"product_tag-bucket-cylinders","8":"product_tag-hydraulic-cylinders","10":"first","11":"instock","12":"shipping-taxable","13":"product-type-simple"},"amp_enabled":true,"_links":{"self":[{"href":"https:\/\/www.hydraulic-cylinders.net\/es\/wp-json\/wp\/v2\/product\/15355","targetHints":{"allow":["GET"]}}],"collection":[{"href":"https:\/\/www.hydraulic-cylinders.net\/es\/wp-json\/wp\/v2\/product"}],"about":[{"href":"https:\/\/www.hydraulic-cylinders.net\/es\/wp-json\/wp\/v2\/types\/product"}],"replies":[{"embeddable":true,"href":"https:\/\/www.hydraulic-cylinders.net\/es\/wp-json\/wp\/v2\/comments?post=15355"}],"wp:featuredmedia":[{"embeddable":true,"href":"https:\/\/www.hydraulic-cylinders.net\/es\/wp-json\/wp\/v2\/media\/14762"}],"wp:attachment":[{"href":"https:\/\/www.hydraulic-cylinders.net\/es\/wp-json\/wp\/v2\/media?parent=15355"}],"wp:term":[{"taxonomy":"product_brand","embeddable":true,"href":"https:\/\/www.hydraulic-cylinders.net\/es\/wp-json\/wp\/v2\/product_brand?post=15355"},{"taxonomy":"product_cat","embeddable":true,"href":"https:\/\/www.hydraulic-cylinders.net\/es\/wp-json\/wp\/v2\/product_cat?post=15355"},{"taxonomy":"product_tag","embeddable":true,"href":"https:\/\/www.hydraulic-cylinders.net\/es\/wp-json\/wp\/v2\/product_tag?post=15355"}],"curies":[{"name":"wp","href":"https:\/\/api.w.org\/{rel}","templated":true}]}}