{"id":15356,"date":"2025-01-19T14:25:38","date_gmt":"2025-01-19T14:25:38","guid":{"rendered":"https:\/\/www.hydraulic-cylinders.net\/product\/bucket-cylinder-for-kobelco-middle-excavator-sk270d-8\/"},"modified":"2025-01-19T14:25:40","modified_gmt":"2025-01-19T14:25:40","slug":"bucket-cylinder-for-kobelco-middle-excavator-sk270d-8","status":"publish","type":"product","link":"https:\/\/www.hydraulic-cylinders.net\/es\/producto\/bucket-cylinder-for-kobelco-middle-excavator-sk270d-8\/","title":{"rendered":"Cilindro de cuchar\u00f3n para excavadora intermedia Kobelco SK270D-8"},"content":{"rendered":"<h1>Cilindro de cuchar\u00f3n para excavadora intermedia Kobelco SK270D-8<\/h1>\n<h2>Introducci\u00f3n<\/h2>\n<p>El cilindro del cuchar\u00f3n para la excavadora intermedia Kobelco SK270D-8 es un cilindro hidr\u00e1ulico especialmente dise\u00f1ado que se utiliza para controlar el movimiento del cuchar\u00f3n en maquinaria pesada, como excavadoras, retroexcavadoras y cargadoras frontales. Su funci\u00f3n principal es permitir que el cuchar\u00f3n se eleve, baje e incline, facilitando diversas tareas de manipulaci\u00f3n de materiales. En el sistema hidr\u00e1ulico, el cilindro del cuchar\u00f3n logra un control preciso del cuchar\u00f3n mediante la variaci\u00f3n de la presi\u00f3n del aceite hidr\u00e1ulico, lo que permite a los operadores manipular objetos pesados \u200b\u200bcon eficiencia y adaptarse a entornos de trabajo complejos y a diversos requisitos.<\/p>\n<p><img decoding=\"async\" src=\"https:\/\/www.hydraulic-cylinders.net\/wp-content\/uploads\/2025\/01\/songte-company-2.webp\" alt=\"Imagen del cilindro del cubo\"><\/p>\n<h2>Caracter\u00edsticas<\/h2>\n<ul>\n<li>Alta resistencia y durabilidad: generalmente fabricados en acero o aluminio de alta resistencia, capaces de soportar alta presi\u00f3n y cargas pesadas, adaptables a entornos de trabajo hostiles y dise\u00f1ados teniendo en cuenta la resistencia al desgaste y la corrosi\u00f3n para prolongar la vida \u00fatil.<\/li>\n<li>Funcionamiento hidr\u00e1ulico eficiente: La suave extensi\u00f3n y retracci\u00f3n se logra mediante la presi\u00f3n del aceite hidr\u00e1ulico. Responde r\u00e1pidamente a las \u00f3rdenes de operaci\u00f3n, proporcionando una potente fuerza de empuje y tracci\u00f3n, ideal para manipular objetos pesados \u200b\u200by realizar tareas complejas.<\/li>\n<li>Diversos tipos: Se pueden seleccionar cilindros de simple efecto (hidr\u00e1ulico en una sola direcci\u00f3n) o de doble efecto (hidr\u00e1ulico en ambas direcciones) seg\u00fan las necesidades para satisfacer diferentes requisitos operativos. Algunos modelos son retr\u00e1ctiles, lo que permite un mayor alcance sin aumentar las dimensiones externas, lo que los hace ideales para aplicaciones con espacio limitado.<\/li>\n<li>Reemplazable: Nuestro producto es un sustituto perfecto para estos cilindros hidr\u00e1ulicos. <\/li>\n<\/ul>\n<p><img decoding=\"async\" src=\"https:\/\/www.hydraulic-cylinders.net\/wp-content\/uploads\/2025\/01\/songte-cylinder-head-with-all-kinds-excavator-models.webp\" alt=\"Imagen del cilindro del cubo\"><\/p>\n<h2>Aplicaciones<\/h2>\n<h3>Equipos de construcci\u00f3n<\/h3>\n<p>En las excavadoras, son esenciales para excavar, cargar y mover tierra o escombros. En las retroexcavadoras, el cilindro del cuchar\u00f3n facilita tanto la excavaci\u00f3n como la elevaci\u00f3n. En las cargadoras frontales, ayudan a levantar e inclinar mercanc\u00edas eficientemente.<\/p>\n<h3>Maquinaria agr\u00edcola<\/h3>\n<p>Se utiliza en cargadoras frontales para recoger, levantar y transportar tierra, heno y otros materiales. En las excavadoras, los cilindros del cuchar\u00f3n facilitan la excavaci\u00f3n al permitir que el cuchar\u00f3n penetre en el suelo. <\/p>\n<h2>Consideraciones de dise\u00f1o y criterios de selecci\u00f3n<\/h2>\n<h3>capacidad de carga<\/h3>\n<p>Los cilindros de cangilones suelen estar dise\u00f1ados para soportar cargas de alta presi\u00f3n y pesadas. La selecci\u00f3n de materiales y tecnolog\u00eda de procesamiento debe considerarse en funci\u00f3n de estos factores para garantizar la durabilidad y la fiabilidad del cilindro.<\/p>\n<h3>Caza de focas<\/h3>\n<p>Se deben utilizar diversos componentes de sellado, como sellos de pist\u00f3n, sellos de v\u00e1stago y otros. Se prefieren poliuretano, caucho de nitrilo y otros materiales resistentes al desgaste para los componentes de sellado. El cuerpo del cilindro y la superficie del extremo roscado deben procesarse con precisi\u00f3n para mejorar la resistencia al desgaste. El llenado regular del aceite hidr\u00e1ulico es esencial para la lubricaci\u00f3n.<\/p>\n<p><img decoding=\"async\" src=\"https:\/\/www.hydraulic-cylinders.net\/wp-content\/uploads\/2025\/01\/songte-oil-pipes-and-spare-parts.webp\" alt=\"Imagen del cilindro del cubo\"><\/p>\n<h2>Mantenimiento y soluci\u00f3n de problemas<\/h2>\n<p>El mantenimiento regular, que incluye la lubricaci\u00f3n, el reemplazo de sellos y las revisiones de calibraci\u00f3n, es crucial para prolongar la vida \u00fatil de los cilindros de cangilones. Se deben seguir los procedimientos correctos de instalaci\u00f3n, lubricaci\u00f3n y ajuste para garantizar su correcto funcionamiento. Se recomienda alinear el cilindro correctamente, utilizar soportes de instalaci\u00f3n adecuados para asegurarlo y seguir los procedimientos recomendados de inspecci\u00f3n, reparaci\u00f3n y reemplazo. <\/p>\n<ul>\n<li>Inspecci\u00f3n regular<\/li>\n<li>Lubricaci\u00f3n adecuada<\/li>\n<li>Sustituci\u00f3n de juntas y comprobaciones de calibraci\u00f3n<\/li>\n<\/ul>\n<p><img decoding=\"async\" src=\"https:\/\/www.hydraulic-cylinders.net\/wp-content\/uploads\/2025\/01\/songte-chushion-collar.webp\" alt=\"Imagen del cilindro del cubo\"><\/p>\n<h2>Consideraciones de seguridad y medio ambiente<\/h2>\n<p>Los cilindros de cangilones deben manipularse con las medidas de seguridad adecuadas, siguiendo las instrucciones del fabricante para evitar accidentes y lesiones. Es importante reciclar o desechar el aceite hidr\u00e1ulico correctamente para proteger el medio ambiente.<\/p>\n<p><img decoding=\"async\" src=\"https:\/\/www.hydraulic-cylinders.net\/wp-content\/uploads\/2025\/01\/songte-bushings-with-all-kinds-of-excavator-models.webp\" alt=\"Imagen del cilindro del cubo\"><\/p>\n<h2>Acerca de nuestra empresa<\/h2>\n<p>Somos un fabricante y mayorista l\u00edder de cilindros hidr\u00e1ulicos en el mercado nacional e internacional, con una gama completa de productos. Nos adherimos a la estrategia de gesti\u00f3n de producci\u00f3n industrializada basada en la excelencia y nos apoyamos en la aplicaci\u00f3n de talento t\u00e9cnico, equipos de fabricaci\u00f3n digitales de alta gama y sistemas de prueba profesionales para mejorar continuamente la plataforma de fabricaci\u00f3n en el taller y optimizar la calidad de nuestros productos. Contamos con una s\u00f3lida capacidad creativa y nos adherimos a los principios de alta eficiencia, alta precisi\u00f3n y alta calidad para satisfacer las diversas necesidades de nuestros clientes.<\/p>\n<p><img decoding=\"async\" src=\"https:\/\/hzpt.com\/wp-content\/uploads\/2024\/11\/songte-company-1.webp\" alt=\"Imagen del cilindro del cubo\"><\/p>\n<h3>Profesionalismo<\/h3>\n<p>Contamos con un equipo profesional con a\u00f1os de experiencia en la producci\u00f3n de cilindros hidr\u00e1ulicos, garantizando la calidad y confiabilidad de nuestros productos.<\/p>\n<h3>Certificaci\u00f3n Internacional<\/h3>\n<p>Nuestros productos han pasado varios est\u00e1ndares de certificaci\u00f3n internacionales, como ISO9001, CE y otros, lo que garantiza la calidad y confiabilidad del producto.<\/p>\n<h3>Personalizaci\u00f3n<\/h3>\n<p>Ofrecemos servicios de personalizaci\u00f3n para satisfacer las variadas necesidades de nuestros clientes.<\/p>\n<h3>Equipos de producci\u00f3n<\/h3>\n<p>Contamos con equipos de producci\u00f3n y tecnolog\u00eda avanzada para garantizar la calidad de nuestros productos.<\/p>\n<h3>Servicio postventa<\/h3>\n<p>Ofrecemos servicios integrales de posventa, que incluyen reemplazo de piezas y servicios de reconstrucci\u00f3n, para ayudar a prolongar la vida \u00fatil de nuestros productos.<\/p>\n<p>Autor: lyl<\/p>","protected":false},"excerpt":{"rendered":"<p>Bucket Cylinder For Kobelco Middle Excavator SK270D-8 Introduction The bucket cylinder for Kobelco middle excavator SK270D-8 is a specially designed hydraulic cylinder used to control the movement of the bucket in heavy machinery, such as excavators, backhoe excavators, and front-end loaders. Its main function is to enable the bucket to lift, lower, and tilt, making [&hellip;]<\/p>","protected":false},"featured_media":14761,"comment_status":"open","ping_status":"closed","template":"","meta":{"_et_pb_use_builder":"","_et_pb_old_content":"","_et_gb_content_width":""},"product_brand":[],"product_cat":[1494],"product_tag":[1495,1496],"class_list":{"0":"post-15356","1":"product","2":"type-product","3":"status-publish","4":"has-post-thumbnail","6":"product_cat-bucket-cylinders","7":"product_tag-bucket-cylinders","8":"product_tag-hydraulic-cylinders","10":"first","11":"instock","12":"shipping-taxable","13":"product-type-simple"},"amp_enabled":true,"_links":{"self":[{"href":"https:\/\/www.hydraulic-cylinders.net\/es\/wp-json\/wp\/v2\/product\/15356","targetHints":{"allow":["GET"]}}],"collection":[{"href":"https:\/\/www.hydraulic-cylinders.net\/es\/wp-json\/wp\/v2\/product"}],"about":[{"href":"https:\/\/www.hydraulic-cylinders.net\/es\/wp-json\/wp\/v2\/types\/product"}],"replies":[{"embeddable":true,"href":"https:\/\/www.hydraulic-cylinders.net\/es\/wp-json\/wp\/v2\/comments?post=15356"}],"wp:featuredmedia":[{"embeddable":true,"href":"https:\/\/www.hydraulic-cylinders.net\/es\/wp-json\/wp\/v2\/media\/14761"}],"wp:attachment":[{"href":"https:\/\/www.hydraulic-cylinders.net\/es\/wp-json\/wp\/v2\/media?parent=15356"}],"wp:term":[{"taxonomy":"product_brand","embeddable":true,"href":"https:\/\/www.hydraulic-cylinders.net\/es\/wp-json\/wp\/v2\/product_brand?post=15356"},{"taxonomy":"product_cat","embeddable":true,"href":"https:\/\/www.hydraulic-cylinders.net\/es\/wp-json\/wp\/v2\/product_cat?post=15356"},{"taxonomy":"product_tag","embeddable":true,"href":"https:\/\/www.hydraulic-cylinders.net\/es\/wp-json\/wp\/v2\/product_tag?post=15356"}],"curies":[{"name":"wp","href":"https:\/\/api.w.org\/{rel}","templated":true}]}}