{"id":15376,"date":"2025-01-19T14:27:11","date_gmt":"2025-01-19T14:27:11","guid":{"rendered":"https:\/\/www.hydraulic-cylinders.net\/product\/bucket-cylinder-for-yugong-wy75-7-8\/"},"modified":"2025-01-19T14:27:13","modified_gmt":"2025-01-19T14:27:13","slug":"bucket-cylinder-for-yugong-wy75-7-8","status":"publish","type":"product","link":"https:\/\/www.hydraulic-cylinders.net\/es\/producto\/bucket-cylinder-for-yugong-wy75-7-8\/","title":{"rendered":"Cilindro de cuchar\u00f3n para Yugong WY75-7-8"},"content":{"rendered":"<h2>Introducci\u00f3n<\/h2>\n<h3>Definici\u00f3n de cilindro de cangil\u00f3n para Yugong WY75-7-8<\/h3>\n<p>El cilindro del cuchar\u00f3n para la Yugong WY75-7-8 es un tipo de cilindro hidr\u00e1ulico especializado, dise\u00f1ado principalmente para controlar el movimiento del cuchar\u00f3n en maquinaria pesada como excavadoras, retroexcavadoras y cargadoras frontales. Su funci\u00f3n principal es permitir que el cuchar\u00f3n se eleve, baje e incline, facilitando as\u00ed diversas tareas de manipulaci\u00f3n de materiales. En el sistema hidr\u00e1ulico, el cilindro del cuchar\u00f3n logra un control preciso del cuchar\u00f3n mediante cambios en la presi\u00f3n del aceite hidr\u00e1ulico, lo que permite a los operadores manipular cargas pesadas con eficiencia y adaptarse a entornos de trabajo complejos y diversos requisitos operativos.<\/p>\n<p><img decoding=\"async\" src=\"https:\/\/www.hydraulic-cylinders.net\/wp-content\/uploads\/2025\/01\/songte-company-2.webp\"\/><\/p>\n<h3>Caracter\u00edsticas del cilindro de cuchar\u00f3n para Yugong WY75-7-8<\/h3>\n<ul>\n<li><strong>Alta resistencia y durabilidad:<\/strong> Generalmente fabricado en acero o aluminio de alta resistencia, puede soportar alta presi\u00f3n y cargas pesadas, adapt\u00e1ndose a entornos de trabajo hostiles y dise\u00f1ado con resistencia al desgaste y a la corrosi\u00f3n para extender su vida \u00fatil.<\/li>\n<li><strong>Operaci\u00f3n hidr\u00e1ulica eficiente:<\/strong> Utilizando presi\u00f3n de aceite hidr\u00e1ulico para lograr acciones de expansi\u00f3n y contracci\u00f3n suaves, puede responder r\u00e1pidamente a los comandos de control, proporcionando poderosas fuerzas de empuje y tracci\u00f3n, adecuadas para manipular cargas pesadas y tareas operativas complejas.<\/li>\n<li><strong>Varios tipos:<\/strong> Se pueden seleccionar cilindros de simple efecto (hidr\u00e1ulicos en una sola direcci\u00f3n) o de doble efecto (hidr\u00e1ulicos en dos direcciones) seg\u00fan las necesidades operativas. Algunos modelos son telesc\u00f3picos, lo que permite una mayor extensi\u00f3n sin aumentar las dimensiones externas, ideal para aplicaciones con espacio limitado.<\/li>\n<li><strong>F\u00e1cil de producir:<\/strong> Nuestros productos pueden reemplazar perfectamente estos cilindros hidr\u00e1ulicos.<\/li>\n<\/ul>\n<p><img decoding=\"async\" src=\"https:\/\/www.hydraulic-cylinders.net\/wp-content\/uploads\/2025\/01\/songte-cylinder-head-with-all-kinds-excavator-models.webp\"\/><\/p>\n<h3>Aplicaciones del cilindro de cangilones para Yugong WY75-7-8<\/h3>\n<p>El cilindro de cuchara para Yugong WY75-7-8 se usa ampliamente en diversas maquinarias pesadas, entre ellas:<\/p>\n<ul>\n<li><strong>Equipos de construcci\u00f3n:<\/strong> En las excavadoras, son esenciales para excavar, cargar y mover tierra o escombros. En las retroexcavadoras, los cilindros del cuchar\u00f3n ayudan tanto en la excavaci\u00f3n como en la elevaci\u00f3n. <\/li>\n<li><strong>Maquinaria agr\u00edcola:<\/strong> Los cilindros de cuchara de las excavadoras se utilizan en cargadores frontales para recoger, levantar y transportar tierra, heno y otros materiales; permiten excavar en el suelo. <\/li>\n<li><strong>Cargador:<\/strong> En los cargadores frontales, los cilindros del cuchar\u00f3n ayudan a levantar y volcar mercanc\u00edas de manera eficaz.<\/li>\n<\/ul>\n<h3>Consideraciones de dise\u00f1o y criterios de selecci\u00f3n para el cilindro de cangilones Yugong WY75-7-8<\/h3>\n<p>Al dise\u00f1ar y seleccionar cilindros de cangilones, se deben considerar diversos factores para garantizar su fiabilidad y rendimiento. Estos factores incluyen:<\/p>\n<ul>\n<li><strong>Capacidad de carga:<\/strong> Asegurarse de que el cilindro del cuchar\u00f3n pueda soportar las cargas que se le aplican y realizar sus funciones sin fallas.<\/li>\n<li><strong>Caza de focas:<\/strong> Utilizando varios sellos, como sellos de pist\u00f3n, sellos de varilla, etc., y seleccionando materiales resistentes al desgaste como poliuretano y caucho de nitrilo para los sellos, el cuerpo del cilindro y la superficie del extremo roscado se procesan finamente para mejorar la resistencia al desgaste y se requiere reabastecimiento de combustible regular para lubricaci\u00f3n.<\/li>\n<li><strong>Durabilidad:<\/strong> Garantizar que el cilindro del cuchar\u00f3n pueda soportar duras condiciones ambientales y mantener su rendimiento durante un largo per\u00edodo.<\/li>\n<li><strong>Seguridad:<\/strong> Asegurarse de que el cilindro del cuchar\u00f3n sea seguro de operar y no represente ning\u00fan peligro para los operadores ni para otros equipos.<\/li>\n<li><strong>Mantenibilidad:<\/strong> Garantizamos que el cilindro del cuchar\u00f3n sea f\u00e1cil de mantener y reparar, reduciendo el tiempo de inactividad y los costos de mantenimiento.<\/li>\n<\/ul>\n<p><img decoding=\"async\" src=\"https:\/\/www.hydraulic-cylinders.net\/wp-content\/uploads\/2025\/01\/songte-oil-pipes-and-spare-parts.webp\"\/><\/p>\n<h3>Mantenimiento y soluci\u00f3n de problemas del cilindro del cuchar\u00f3n Yugong WY75-7-8<\/h3>\n<p>El mantenimiento y la inspecci\u00f3n regulares son esenciales para garantizar el funcionamiento fiable de los cilindros de la cuchara. Algunas tareas de mantenimiento comunes incluyen:<\/p>\n<ul>\n<li><strong>Inspecci\u00f3n regular:<\/strong> Inspeccionar el cuerpo del cilindro, el pist\u00f3n, la biela y los sellos para detectar desgaste y da\u00f1os.<\/li>\n<li><strong>Lubricaci\u00f3n:<\/strong> Aplicar la cantidad adecuada de aceite hidr\u00e1ulico al cuerpo del cilindro y a los sellos para garantizar un funcionamiento suave y evitar el desgaste y los da\u00f1os.<\/li>\n<li><strong>Reemplazo del sello:<\/strong> Reemplazo de sellos desgastados o da\u00f1ados para mantener el rendimiento de sellado del cilindro.<\/li>\n<\/ul>\n<p>La instalaci\u00f3n, lubricaci\u00f3n y ajuste adecuados son cruciales para el funcionamiento fiable y seguro de los cilindros de cuchar\u00f3n. Durante la instalaci\u00f3n, se recomienda alinear el cilindro correctamente y utilizar soportes de instalaci\u00f3n adecuados para asegurarlo. Se recomienda realizar inspecciones, reparaciones y reemplazos peri\u00f3dicos para prolongar la vida \u00fatil del cilindro de cuchar\u00f3n y mejorar su fiabilidad.<\/p>\n<p><img decoding=\"async\" src=\"https:\/\/www.hydraulic-cylinders.net\/wp-content\/uploads\/2025\/01\/songte-chushion-collar.webp\"\/><\/p>\n<h3>Consideraciones de seguridad y factores ambientales del cilindro de cangilones para Yugong WY75-7-8<\/h3>\n<p>Al utilizar cilindros de cangilones, se deben tomar medidas de seguridad para prevenir accidentes y garantizar una operaci\u00f3n segura. Se recomienda seguir las normas de seguridad y utilizar el equipo de protecci\u00f3n personal adecuado, como guantes y protecci\u00f3n ocular. Tambi\u00e9n se deben considerar factores ambientales como la temperatura, la humedad y la exposici\u00f3n a productos qu\u00edmicos o materiales corrosivos, y tomar las medidas adecuadas para proteger el cilindro contra da\u00f1os.<\/p>\n<p><img decoding=\"async\" src=\"https:\/\/www.hydraulic-cylinders.net\/wp-content\/uploads\/2025\/01\/songte-bushings-with-all-kinds-of-excavator-models.webp\"\/><\/p>\n<h3>Conclusi\u00f3n<\/h3>\n<p>Como fabricante y mayorista l\u00edder de cilindros hidr\u00e1ulicos, ofrecemos una amplia gama de productos para satisfacer diversas necesidades operativas. Nuestro compromiso con la excelencia en calidad, gesti\u00f3n de producci\u00f3n y servicio al cliente nos ha posicionado como l\u00edderes en el mercado global. Gracias a nuestras avanzadas instalaciones de fabricaci\u00f3n y a nuestro equipo t\u00e9cnico altamente cualificado, nos dedicamos a ofrecer a nuestros clientes productos eficientes, precisos y de alta calidad. Nuestra empresa ofrece servicios profesionales de personalizaci\u00f3n, certificaci\u00f3n internacional y un excelente servicio posventa para garantizar la satisfacci\u00f3n del cliente.<\/p>\n<p><img decoding=\"async\" src=\"https:\/\/hzpt.com\/wp-content\/uploads\/2024\/11\/songte-company-1.webp\"\/><\/p>\n<p>Autor: lyl<\/p>","protected":false},"excerpt":{"rendered":"<p>Introduction Definition of Bucket Cylinder For Yugong WY75-7-8 The bucket cylinder for Yugong WY75-7-8 is a type of specialized hydraulic cylinder designed primarily to control the movement of the bucket in heavy machinery such as excavators, backhoe loaders, and front-end loaders. Its primary function is to enable the bucket to lift, lower, and tilt, thus [&hellip;]<\/p>","protected":false},"featured_media":14784,"comment_status":"open","ping_status":"closed","template":"","meta":{"_et_pb_use_builder":"","_et_pb_old_content":"","_et_gb_content_width":""},"product_brand":[],"product_cat":[1494],"product_tag":[1495,1496],"class_list":{"0":"post-15376","1":"product","2":"type-product","3":"status-publish","4":"has-post-thumbnail","6":"product_cat-bucket-cylinders","7":"product_tag-bucket-cylinders","8":"product_tag-hydraulic-cylinders","10":"first","11":"instock","12":"shipping-taxable","13":"product-type-simple"},"amp_enabled":true,"_links":{"self":[{"href":"https:\/\/www.hydraulic-cylinders.net\/es\/wp-json\/wp\/v2\/product\/15376","targetHints":{"allow":["GET"]}}],"collection":[{"href":"https:\/\/www.hydraulic-cylinders.net\/es\/wp-json\/wp\/v2\/product"}],"about":[{"href":"https:\/\/www.hydraulic-cylinders.net\/es\/wp-json\/wp\/v2\/types\/product"}],"replies":[{"embeddable":true,"href":"https:\/\/www.hydraulic-cylinders.net\/es\/wp-json\/wp\/v2\/comments?post=15376"}],"wp:featuredmedia":[{"embeddable":true,"href":"https:\/\/www.hydraulic-cylinders.net\/es\/wp-json\/wp\/v2\/media\/14784"}],"wp:attachment":[{"href":"https:\/\/www.hydraulic-cylinders.net\/es\/wp-json\/wp\/v2\/media?parent=15376"}],"wp:term":[{"taxonomy":"product_brand","embeddable":true,"href":"https:\/\/www.hydraulic-cylinders.net\/es\/wp-json\/wp\/v2\/product_brand?post=15376"},{"taxonomy":"product_cat","embeddable":true,"href":"https:\/\/www.hydraulic-cylinders.net\/es\/wp-json\/wp\/v2\/product_cat?post=15376"},{"taxonomy":"product_tag","embeddable":true,"href":"https:\/\/www.hydraulic-cylinders.net\/es\/wp-json\/wp\/v2\/product_tag?post=15376"}],"curies":[{"name":"wp","href":"https:\/\/api.w.org\/{rel}","templated":true}]}}