{"id":15378,"date":"2025-01-19T14:27:25","date_gmt":"2025-01-19T14:27:25","guid":{"rendered":"https:\/\/www.hydraulic-cylinders.net\/product\/bucket-cylinder-for-yugong-wy150-8\/"},"modified":"2025-01-19T14:27:27","modified_gmt":"2025-01-19T14:27:27","slug":"bucket-cylinder-for-yugong-wy150-8","status":"publish","type":"product","link":"https:\/\/www.hydraulic-cylinders.net\/es\/producto\/bucket-cylinder-for-yugong-wy150-8\/","title":{"rendered":"Cilindro de cuchar\u00f3n para Yugong WY150-8"},"content":{"rendered":"<p><!DOCTYPE html><br \/>\n<html><br \/>\n<head><br \/>\n<\/head><br \/>\n<body><\/p>\n<h1>Cilindro de cuchar\u00f3n para Yugong WY150-8<\/h1>\n<h2>Introducci\u00f3n<\/h2>\n<p>El cilindro del cuchar\u00f3n es un cilindro hidr\u00e1ulico de dise\u00f1o especial que se utiliza principalmente para controlar el movimiento del cuchar\u00f3n en maquinaria pesada como excavadoras, retroexcavadoras y cargadoras de ruedas. Su funci\u00f3n principal es permitir la elevaci\u00f3n, el descenso y la inclinaci\u00f3n del cuchar\u00f3n, facilitando as\u00ed diversas tareas de manipulaci\u00f3n de materiales. En el sistema hidr\u00e1ulico, el cilindro del cuchar\u00f3n logra un control preciso del cuchar\u00f3n mediante el aprovechamiento de las variaciones de presi\u00f3n del aceite hidr\u00e1ulico, lo que permite a los operadores manejar cargas pesadas con eficiencia y adaptarse a entornos de trabajo complejos y a diversas exigencias operativas.<\/p>\n<p><img decoding=\"async\" src=\"https:\/\/www.hydraulic-cylinders.net\/wp-content\/uploads\/2025\/01\/songte-company-2.webp\" alt=\"Imagen del cilindro del cubo\"><\/p>\n<h2>Caracter\u00edsticas<\/h2>\n<ul>\n<li>Alta resistencia y durabilidad: Fabricado generalmente en acero o aluminio de alta resistencia, el cilindro del cuchar\u00f3n soporta altas presiones y cargas pesadas, adapt\u00e1ndose a condiciones de trabajo exigentes. Su dise\u00f1o contempla la resistencia al desgaste y a la corrosi\u00f3n para prolongar su vida \u00fatil.<\/li>\n<li>Funcionamiento hidr\u00e1ulico eficiente: Al utilizar la presi\u00f3n del aceite hidr\u00e1ulico, el cilindro del cuchar\u00f3n logra movimientos suaves de extensi\u00f3n y retracci\u00f3n, proporcionando fuerzas de empuje y tracci\u00f3n potentes adecuadas para el manejo de cargas pesadas y tareas operativas complejas.<\/li>\n<li>Existen diversos tipos: se pueden elegir cilindros de simple efecto (presi\u00f3n hidr\u00e1ulica en una sola direcci\u00f3n) o de doble efecto (presi\u00f3n hidr\u00e1ulica en dos direcciones) seg\u00fan las necesidades operativas espec\u00edficas. Algunos modelos son telesc\u00f3picos, lo que permite una mayor extensi\u00f3n sin aumentar las dimensiones externas, haci\u00e9ndolos id\u00f3neos para aplicaciones con espacio limitado.<\/li>\n<li>Reemplazo perfecto: Nuestro producto puede reemplazar perfectamente estos cilindros hidr\u00e1ulicos.<\/li>\n<\/ul>\n<p><img decoding=\"async\" src=\"https:\/\/www.hydraulic-cylinders.net\/wp-content\/uploads\/2025\/01\/songte-cylinder-head-with-all-kinds-excavator-models.webp\" alt=\"Imagen de reemplazo del cilindro del cuchar\u00f3n\"><\/p>\n<h2>Aplicaciones<\/h2>\n<p>Los cilindros de cangilones encuentran aplicaciones en diversas industrias y equipos:<\/p>\n<ul>\n<li>Equipos de construcci\u00f3n: Fundamentales en las excavadoras para excavar, cargar y mover tierra o escombros. En las retroexcavadoras, los cilindros del cuchar\u00f3n facilitan tanto la excavaci\u00f3n como la elevaci\u00f3n.<\/li>\n<li>Maquinaria agr\u00edcola: Se utiliza en cargadoras frontales para recoger, levantar y transportar tierra, heno y otros materiales.<\/li>\n<li>Excavadoras: Los cilindros del cuchar\u00f3n permiten la acci\u00f3n de excavaci\u00f3n al permitir que el cuchar\u00f3n penetre en el suelo.<\/li>\n<li>Cargadoras de ruedas: En las cargadoras de ruedas, ayudan a levantar e inclinar la carga de manera eficaz.<\/li>\n<\/ul>\n<h2>Consideraciones de dise\u00f1o y criterios de selecci\u00f3n<\/h2>\n<p>En lo que respecta a las consideraciones de dise\u00f1o y los criterios de selecci\u00f3n de los cilindros de los cucharones, varios factores son esenciales:<\/p>\n<ul>\n<li>Capacidad de carga: Analice la capacidad de soportar cargas y presiones pesadas.<\/li>\n<li>Sellado: Explique la importancia de utilizar diversos componentes de sellado, como juntas de pist\u00f3n y juntas de v\u00e1stago fabricadas con materiales resistentes al desgaste como el poliuretano y el caucho de nitrilo.<\/li>\n<li>Durabilidad: Destaca el fino tratamiento superficial de los cuerpos de los cilindros y los extremos roscados para mejorar la resistencia al desgaste.<\/li>\n<li>Seguridad: Analizar las caracter\u00edsticas y consideraciones de seguridad en el dise\u00f1o, garantizando un funcionamiento seguro.<\/li>\n<li>Mantenibilidad: Explique la facilidad de mantenimiento y reparaci\u00f3n, incluyendo las revisiones peri\u00f3dicas recomendadas y las medidas preventivas.<\/li>\n<\/ul>\n<p><img decoding=\"async\" src=\"https:\/\/www.hydraulic-cylinders.net\/wp-content\/uploads\/2025\/01\/songte-oil-pipes-and-spare-parts.webp\" alt=\"Imagen de dise\u00f1o de cilindro de cubo\"><\/p>\n<h2>Sellado y lubricaci\u00f3n<\/h2>\n<p>Los cilindros de los cucharones utilizan diversos componentes de sellado para un rendimiento \u00f3ptimo:<\/p>\n<ul>\n<li>Juntas de pist\u00f3n y juntas de v\u00e1stago fabricadas con materiales resistentes al desgaste como poliuretano y caucho de nitrilo.<\/li>\n<li>Los cuerpos de los cilindros y los extremos roscados se someten a un tratamiento superficial fino para mejorar la resistencia al desgaste.<\/li>\n<li>La lubricaci\u00f3n peri\u00f3dica con el fluido hidr\u00e1ulico adecuado mejora el funcionamiento suave y prolonga la vida \u00fatil.<\/li>\n<\/ul>\n<h2>Inspecci\u00f3n regular y mantenimiento preventivo<\/h2>\n<p>Las inspecciones peri\u00f3dicas y el mantenimiento preventivo son cruciales para mantener el rendimiento y la vida \u00fatil del cilindro del cuchar\u00f3n. Algunas medidas recomendadas incluyen:<\/p>\n<ul>\n<li>Revisiones peri\u00f3dicas para detectar fugas, da\u00f1os y desgaste.<\/li>\n<li>Lubricaci\u00f3n y engrase adecuados de las piezas m\u00f3viles.<\/li>\n<li>Sustituci\u00f3n peri\u00f3dica de las juntas para un rendimiento \u00f3ptimo.<\/li>\n<li>Comprobaciones de calibraci\u00f3n para garantizar un funcionamiento preciso.<\/li>\n<\/ul>\n<p><img decoding=\"async\" src=\"https:\/\/www.hydraulic-cylinders.net\/wp-content\/uploads\/2025\/01\/songte-chushion-collar.webp\" alt=\"Imagen de mantenimiento del cilindro del cuchar\u00f3n\"><\/p>\n<h2>Consideraciones de seguridad y factores ambientales<\/h2>\n<p>El uso de cilindros de cangilones implica importantes medidas de seguridad para garantizar un funcionamiento seguro. Estas medidas incluyen:<\/p>\n<ul>\n<li>Formaci\u00f3n adecuada y conocimiento de los procedimientos operativos.<\/li>\n<li>Cumplir con las normas y reglamentos de seguridad.<\/li>\n<li>Utilizar el equipo de protecci\u00f3n personal adecuado.<\/li>\n<\/ul>\n<h2>Diagn\u00f3stico de fallas y problemas comunes<\/h2>\n<p>Cuando se presenten fallas o problemas con los cilindros del cuchar\u00f3n, los siguientes puntos pueden ayudar a diagnosticar y solucionar los problemas:<\/p>\n<ul>\n<li>Proporcionar consejos y soluciones para la resoluci\u00f3n de problemas.<\/li>\n<li>Ofrecer medidas preventivas para minimizar los posibles problemas.<\/li>\n<\/ul>\n<p><img decoding=\"async\" src=\"https:\/\/www.hydraulic-cylinders.net\/wp-content\/uploads\/2025\/01\/songte-bushings-with-all-kinds-of-excavator-models.webp\" alt=\"Imagen de diagn\u00f3stico de fallas del cilindro del cuchar\u00f3n\"><\/p>\n<h2>Descripci\u00f3n general de la empresa<\/h2>\n<p>Somos fabricantes y distribuidores mayoristas l\u00edderes de cilindros hidr\u00e1ulicos en los mercados nacionales e internacionales. Ofrecemos una amplia gama de productos y nos esforzamos por alcanzar la excelencia en la calidad. Gracias a nuestros modernos talleres de fabricaci\u00f3n, equipos de vanguardia y sistemas de pruebas profesionales, mejoramos continuamente nuestra plataforma de producci\u00f3n y nuestros procesos de control de calidad. Nuestra gran capacidad de innovaci\u00f3n nos permite satisfacer las diversas necesidades de nuestros clientes con alta eficiencia, precisi\u00f3n y calidad.<\/p>\n<p><img decoding=\"async\" src=\"https:\/\/hzpt.com\/wp-content\/uploads\/2024\/11\/songte-company-1.webp\" alt=\"Imagen de la empresa\"><\/p>\n<h3>Profesionalismo<\/h3>\n<p>Hacemos hincapi\u00e9 en la profesionalidad en nuestras operaciones, asegurando que ofrecemos productos de la m\u00e1s alta calidad.<\/p>\n<h3>Certificaciones internacionales<\/h3>\n<p>Contamos con certificaciones internacionales que validan la calidad y fiabilidad de nuestros cilindros hidr\u00e1ulicos.<\/p>\n<h3>Servicios de personalizaci\u00f3n<\/h3>\n<p>Ofrecemos servicios de personalizaci\u00f3n para satisfacer los requisitos espec\u00edficos de cada cliente en cuanto a cilindros hidr\u00e1ulicos.<\/p>\n<h3>Equipos de producci\u00f3n<\/h3>\n<p>Utilizamos equipos de producci\u00f3n avanzados para garantizar procesos de fabricaci\u00f3n eficientes y precisos.<\/p>\n<h3>Servicios posventa<\/h3>\n<p>Ofrecemos servicios postventa integrales, que incluyen reemplazo de componentes y servicios de reconstrucci\u00f3n, para prolongar la vida \u00fatil de nuestros cilindros hidr\u00e1ulicos.<\/p>\n<p><img decoding=\"async\" src=\"https:\/\/www.hydraulic-cylinders.net\/wp-content\/uploads\/2025\/01\/songte-company-3.webp\" alt=\"Imagen de descripci\u00f3n general de la empresa\"><\/p>\n<p>Autor: lyl<\/p>\n<p><\/body><br \/>\n<\/html><\/p>","protected":false},"excerpt":{"rendered":"<p>Bucket Cylinder For Yugong WY150-8 Introduction The bucket cylinder is a specially designed hydraulic cylinder primarily used to control the movement of the bucket in heavy machinery such as excavators, backhoe excavators, and wheel loaders. Its main function is to enable the lifting, lowering, and tilting of the bucket, facilitating various material handling tasks. In [&hellip;]<\/p>","protected":false},"featured_media":14780,"comment_status":"open","ping_status":"closed","template":"","meta":{"_et_pb_use_builder":"","_et_pb_old_content":"","_et_gb_content_width":""},"product_brand":[],"product_cat":[1494],"product_tag":[1495,1496],"class_list":{"0":"post-15378","1":"product","2":"type-product","3":"status-publish","4":"has-post-thumbnail","6":"product_cat-bucket-cylinders","7":"product_tag-bucket-cylinders","8":"product_tag-hydraulic-cylinders","10":"first","11":"instock","12":"shipping-taxable","13":"product-type-simple"},"amp_enabled":true,"_links":{"self":[{"href":"https:\/\/www.hydraulic-cylinders.net\/es\/wp-json\/wp\/v2\/product\/15378","targetHints":{"allow":["GET"]}}],"collection":[{"href":"https:\/\/www.hydraulic-cylinders.net\/es\/wp-json\/wp\/v2\/product"}],"about":[{"href":"https:\/\/www.hydraulic-cylinders.net\/es\/wp-json\/wp\/v2\/types\/product"}],"replies":[{"embeddable":true,"href":"https:\/\/www.hydraulic-cylinders.net\/es\/wp-json\/wp\/v2\/comments?post=15378"}],"wp:featuredmedia":[{"embeddable":true,"href":"https:\/\/www.hydraulic-cylinders.net\/es\/wp-json\/wp\/v2\/media\/14780"}],"wp:attachment":[{"href":"https:\/\/www.hydraulic-cylinders.net\/es\/wp-json\/wp\/v2\/media?parent=15378"}],"wp:term":[{"taxonomy":"product_brand","embeddable":true,"href":"https:\/\/www.hydraulic-cylinders.net\/es\/wp-json\/wp\/v2\/product_brand?post=15378"},{"taxonomy":"product_cat","embeddable":true,"href":"https:\/\/www.hydraulic-cylinders.net\/es\/wp-json\/wp\/v2\/product_cat?post=15378"},{"taxonomy":"product_tag","embeddable":true,"href":"https:\/\/www.hydraulic-cylinders.net\/es\/wp-json\/wp\/v2\/product_tag?post=15378"}],"curies":[{"name":"wp","href":"https:\/\/api.w.org\/{rel}","templated":true}]}}