{"id":15384,"date":"2025-01-19T14:27:49","date_gmt":"2025-01-19T14:27:49","guid":{"rendered":"https:\/\/www.hydraulic-cylinders.net\/product\/bucket-cylinder-for-volvo-small-excavator-ec-88d\/"},"modified":"2025-01-19T14:27:51","modified_gmt":"2025-01-19T14:27:51","slug":"bucket-cylinder-for-volvo-small-excavator-ec-88d","status":"publish","type":"product","link":"https:\/\/www.hydraulic-cylinders.net\/es\/producto\/bucket-cylinder-for-volvo-small-excavator-ec-88d\/","title":{"rendered":"Cilindro de cuchar\u00f3n para excavadora peque\u00f1a Volvo EC 88D"},"content":{"rendered":"<h1>Cilindro de cuchar\u00f3n para excavadora peque\u00f1a Volvo EC 88D<\/h1>\n<h2>Introducci\u00f3n<\/h2>\n<p>El cilindro de la cuchara para la excavadora peque\u00f1a Volvo EC 88D es un cilindro hidr\u00e1ulico especializado, dise\u00f1ado para controlar el movimiento de la cuchara en maquinaria pesada como excavadoras, retroexcavadoras y cargadoras frontales. Su funci\u00f3n principal es elevar, bajar e inclinar la cuchara para facilitar diversas tareas de manipulaci\u00f3n de materiales. En el sistema hidr\u00e1ulico, el cilindro de la cuchara controla con precisi\u00f3n la cuchara mediante cambios en la presi\u00f3n del aceite hidr\u00e1ulico, lo que permite a los operadores manipular cargas pesadas con eficiencia y adaptarse a entornos de trabajo complejos y diversas necesidades operativas.<\/p>\n<p><img decoding=\"async\" src=\"https:\/\/www.hydraulic-cylinders.net\/wp-content\/uploads\/2025\/01\/songte-company-2.webp\" alt=\"Cilindro de cuchara para excavadora peque\u00f1a Volvo EC 88D\"><\/p>\n<h2>Caracter\u00edsticas<\/h2>\n<ul>\n<li>Alta resistencia y durabilidad: generalmente fabricados en acero o aluminio de alta resistencia, capaces de soportar alta presi\u00f3n y cargas pesadas, adaptables a entornos de trabajo hostiles, dise\u00f1ados teniendo en cuenta la resistencia al desgaste y la corrosi\u00f3n, lo que prolonga la vida \u00fatil.<\/li>\n<li>Operaci\u00f3n hidr\u00e1ulica eficiente: utiliza la presi\u00f3n del aceite hidr\u00e1ulico para lograr una acci\u00f3n telesc\u00f3pica suave, capaz de responder r\u00e1pidamente a los comandos de control, proporciona una poderosa fuerza de empuje y tracci\u00f3n, adecuada para manipular cargas pesadas y tareas operativas complejas.<\/li>\n<li>Diversos tipos: Se pueden seleccionar cilindros de simple efecto (hidr\u00e1ulicos en un solo sentido) o de doble efecto (hidr\u00e1ulicos en ambos sentidos) seg\u00fan las necesidades operativas. Algunos modelos son telesc\u00f3picos, lo que permite una mayor extensi\u00f3n sin aumentar las dimensiones externas, ideal para aplicaciones con espacio limitado.<\/li>\n<li>Reemplazable con otros cilindros hidr\u00e1ulicos: Nuestro producto puede reemplazar perfectamente estos cilindros hidr\u00e1ulicos.<\/li>\n<li>Personalizable seg\u00fan los requisitos del cliente: Podemos proporcionar servicios personalizados seg\u00fan los requisitos del cliente.<\/li>\n<\/ul>\n<p><img decoding=\"async\" src=\"https:\/\/www.hydraulic-cylinders.net\/wp-content\/uploads\/2025\/01\/songte-cylinder-head-with-all-kinds-excavator-models.webp\" alt=\"Cilindro de cuchara para excavadora peque\u00f1a Volvo EC 88D\"><\/p>\n<h2>Aplicaciones<\/h2>\n<p>Los cilindros de cangilones se utilizan ampliamente en diversas maquinarias pesadas, incluidas, entre otras:<\/p>\n<ul>\n<li>Equipos de construcci\u00f3n: En las excavadoras, son esenciales para excavar, cargar y mover tierra o escombros. En las retroexcavadoras, los cilindros del cuchar\u00f3n facilitan tanto la excavaci\u00f3n como la elevaci\u00f3n. <\/li>\n<li>Maquinaria agr\u00edcola: Se utiliza en cargadoras frontales para recoger, levantar y transportar tierra, heno y otros materiales. <\/li>\n<li>Excavadoras: Los cilindros de los cucharones permiten la acci\u00f3n de excavaci\u00f3n al permitir que los cucharones penetren el suelo.<\/li>\n<li>Cargadores frontales: En los cargadores frontales, ayudan a levantar y descargar mercanc\u00edas de manera eficiente.<\/li>\n<\/ul>\n<p>Estas aplicaciones son solo algunos ejemplos de la amplia gama de maquinaria pesada que puede beneficiarse del uso de cilindros de cuchara.<\/p>\n<h2>Consideraciones de dise\u00f1o y criterios de selecci\u00f3n<\/h2>\n<p>Al dise\u00f1ar cilindros de cangilones hay que tener en cuenta varios factores:<\/p>\n<ul>\n<li>Capacidad de carga: El cilindro debe ser capaz de soportar las cargas y fuerzas previstas en la aplicaci\u00f3n.<\/li>\n<li>Sellado: El uso de diversos sellos, como sellos de pist\u00f3n y de v\u00e1stago, es necesario para evitar fugas y garantizar un funcionamiento correcto. Los sellos suelen estar fabricados con materiales resistentes al desgaste, como poliuretano y caucho de nitrilo.<\/li>\n<li>Durabilidad: El cilindro debe poder soportar el duro entorno de trabajo y mantener su integridad estructural durante un per\u00edodo prolongado.<\/li>\n<li>Seguridad: El cilindro debe dise\u00f1arse teniendo en cuenta consideraciones de seguridad para garantizar que no cause accidentes durante el funcionamiento.<\/li>\n<li>Mantenimiento: Las consideraciones de mantenimiento deben tenerse en cuenta durante la fase de dise\u00f1o para garantizar que el cilindro sea f\u00e1cil de mantener y reparar.<\/li>\n<\/ul>\n<p><img decoding=\"async\" src=\"https:\/\/www.hydraulic-cylinders.net\/wp-content\/uploads\/2025\/01\/songte-oil-pipes-and-spare-parts.webp\" alt=\"Cilindro de cuchara para excavadora peque\u00f1a Volvo EC 88D\"><\/p>\n<h2>Sellado y lubricaci\u00f3n<\/h2>\n<p>El cilindro del cuchar\u00f3n utiliza diversos componentes de sellado, como sellos de pist\u00f3n y de v\u00e1stago, para evitar fugas y garantizar un funcionamiento correcto. Los sellos suelen estar hechos de materiales resistentes al desgaste, como poliuretano y caucho de nitrilo. Para garantizar una lubricaci\u00f3n adecuada, se debe a\u00f1adir aceite hidr\u00e1ulico al cilindro con regularidad y en cantidad suficiente.<\/p>\n<h2>Mantenimiento y reparaci\u00f3n<\/h2>\n<p>El mantenimiento regular es esencial para garantizar la longevidad y el correcto funcionamiento del cilindro del cuchar\u00f3n. Algunas tareas comunes de mantenimiento incluyen la inspecci\u00f3n regular, la lubricaci\u00f3n adecuada, el reemplazo de sellos y las revisiones de calibraci\u00f3n. La instalaci\u00f3n y la alineaci\u00f3n correctas son cruciales para el correcto funcionamiento del cilindro. Recomendamos utilizar soportes de instalaci\u00f3n adecuados para fijar el cilindro en su lugar. Tambi\u00e9n ofrecemos procedimientos de revisi\u00f3n, reparaci\u00f3n y reemplazo, piezas de repuesto y servicios de reconstrucci\u00f3n para ayudar a prolongar la vida \u00fatil del cilindro del cuchar\u00f3n.<\/p>\n<p><img decoding=\"async\" src=\"https:\/\/www.hydraulic-cylinders.net\/wp-content\/uploads\/2025\/01\/songte-chushion-collar.webp\" alt=\"Cilindro de cuchara para excavadora peque\u00f1a Volvo EC 88D\"><\/p>\n<h2>Consideraciones de seguridad y factores ambientales<\/h2>\n<p>La seguridad debe ser una prioridad absoluta al utilizar cilindros de cangilones. Los usuarios deben seguir siempre los procedimientos y las directrices de seguridad adecuados para garantizar una operaci\u00f3n segura. Tambi\u00e9n deben tenerse en cuenta factores ambientales, como la temperatura y la humedad, durante la operaci\u00f3n para garantizar un rendimiento \u00f3ptimo y una larga vida \u00fatil.<\/p>\n<h2>Diagn\u00f3stico y soluci\u00f3n de problemas<\/h2>\n<p>Algunas fallas comunes que pueden ocurrir al usar cilindros de cangilones incluyen fugas de aceite, potencia insuficiente y funcionamiento lento. Estos problemas se pueden diagnosticar y solucionar mediante una inspecci\u00f3n regular, una lubricaci\u00f3n adecuada y el reemplazo de sellos. Una instalaci\u00f3n, alineaci\u00f3n y calibraci\u00f3n correctas tambi\u00e9n son cruciales para evitar posibles problemas.<\/p>\n<p><img decoding=\"async\" src=\"https:\/\/www.hydraulic-cylinders.net\/wp-content\/uploads\/2025\/01\/songte-bushings-with-all-kinds-of-excavator-models.webp\" alt=\"Cilindro de cuchara para excavadora peque\u00f1a Volvo EC 88D\"><\/p>\n<h2>Acerca de nuestra empresa<\/h2>\n<p>Somos fabricantes de cilindros hidr\u00e1ulicos de repuesto con una gama completa de productos, convirti\u00e9ndonos en uno de los principales fabricantes y distribuidores mayoristas de cilindros hidr\u00e1ulicos en el mercado nacional e internacional. Nos adherimos al principio de excelente calidad, nos basamos en estrategias de gesti\u00f3n de producci\u00f3n industrializada en talleres de alta calidad, mejoramos continuamente la plataforma de fabricaci\u00f3n en taller, optimizamos la l\u00ednea de producci\u00f3n de calidad del producto y nos caracterizamos por nuestra gran creatividad. Ofrecemos productos de alta eficiencia, precisi\u00f3n y calidad para satisfacer las diversas necesidades de nuestros clientes.<\/p>\n<h3>Profesionalismo<\/h3>\n<p>Contamos con un equipo de ingenieros y t\u00e9cnicos profesionales que pueden brindar a los clientes servicios confiables y eficientes.<\/p>\n<h3>Certificaci\u00f3n Internacional<\/h3>\n<p>Nuestros productos han sido certificados por ISO9001, CE y otras certificaciones internacionales.<\/p>\n<h3>Servicios de personalizaci\u00f3n<\/h3>\n<p>Brindamos a nuestros clientes servicios personalizados seg\u00fan sus requisitos espec\u00edficos para satisfacer sus diversas necesidades.<\/p>\n<h3>Equipos de producci\u00f3n<\/h3>\n<p>Utilizamos equipos y sistemas de prueba avanzados para garantizar la calidad y confiabilidad del producto.<\/p>\n<h3>Servicio postventa<\/h3>\n<p>Brindamos a nuestros clientes un servicio posventa integral, que incluye procedimientos de verificaci\u00f3n, reparaci\u00f3n y reemplazo, piezas de repuesto y servicios de reconstrucci\u00f3n.<\/p>\n<p><img decoding=\"async\" src=\"https:\/\/hzpt.com\/wp-content\/uploads\/2024\/11\/songte-company-1.webp\" alt=\"Cilindro de cuchara para excavadora peque\u00f1a Volvo EC 88D\"><\/p>\n<p><em>Autor: lyl<\/em><\/p>","protected":false},"excerpt":{"rendered":"<p>Bucket Cylinder For Volvo Small Excavator EC 88D Introduction A bucket cylinder for Volvo small excavator EC 88D is a specialized hydraulic cylinder designed for controlling the movement of the bucket in heavy machinery such as excavators, backhoe loaders, and front loaders. Its main function is to lift, lower, and tilt the bucket to facilitate [&hellip;]<\/p>","protected":false},"featured_media":14765,"comment_status":"open","ping_status":"closed","template":"","meta":{"_et_pb_use_builder":"","_et_pb_old_content":"","_et_gb_content_width":""},"product_brand":[],"product_cat":[1494],"product_tag":[1495,1496],"class_list":{"0":"post-15384","1":"product","2":"type-product","3":"status-publish","4":"has-post-thumbnail","6":"product_cat-bucket-cylinders","7":"product_tag-bucket-cylinders","8":"product_tag-hydraulic-cylinders","10":"first","11":"instock","12":"shipping-taxable","13":"product-type-simple"},"amp_enabled":true,"_links":{"self":[{"href":"https:\/\/www.hydraulic-cylinders.net\/es\/wp-json\/wp\/v2\/product\/15384","targetHints":{"allow":["GET"]}}],"collection":[{"href":"https:\/\/www.hydraulic-cylinders.net\/es\/wp-json\/wp\/v2\/product"}],"about":[{"href":"https:\/\/www.hydraulic-cylinders.net\/es\/wp-json\/wp\/v2\/types\/product"}],"replies":[{"embeddable":true,"href":"https:\/\/www.hydraulic-cylinders.net\/es\/wp-json\/wp\/v2\/comments?post=15384"}],"wp:featuredmedia":[{"embeddable":true,"href":"https:\/\/www.hydraulic-cylinders.net\/es\/wp-json\/wp\/v2\/media\/14765"}],"wp:attachment":[{"href":"https:\/\/www.hydraulic-cylinders.net\/es\/wp-json\/wp\/v2\/media?parent=15384"}],"wp:term":[{"taxonomy":"product_brand","embeddable":true,"href":"https:\/\/www.hydraulic-cylinders.net\/es\/wp-json\/wp\/v2\/product_brand?post=15384"},{"taxonomy":"product_cat","embeddable":true,"href":"https:\/\/www.hydraulic-cylinders.net\/es\/wp-json\/wp\/v2\/product_cat?post=15384"},{"taxonomy":"product_tag","embeddable":true,"href":"https:\/\/www.hydraulic-cylinders.net\/es\/wp-json\/wp\/v2\/product_tag?post=15384"}],"curies":[{"name":"wp","href":"https:\/\/api.w.org\/{rel}","templated":true}]}}