{"id":15387,"date":"2025-01-19T14:28:01","date_gmt":"2025-01-19T14:28:01","guid":{"rendered":"https:\/\/www.hydraulic-cylinders.net\/product\/bucket-cylinder-for-volvo-small-excavator-ec60c-80d\/"},"modified":"2025-01-19T14:28:03","modified_gmt":"2025-01-19T14:28:03","slug":"bucket-cylinder-for-volvo-small-excavator-ec60c-80d","status":"publish","type":"product","link":"https:\/\/www.hydraulic-cylinders.net\/es\/producto\/bucket-cylinder-for-volvo-small-excavator-ec60c-80d\/","title":{"rendered":"Cilindro de cuchar\u00f3n para miniexcavadora Volvo EC60C\/80D"},"content":{"rendered":"<h1>Cilindro de cuchar\u00f3n para miniexcavadora Volvo EC60C\/80D<\/h1>\n<h2>Introducci\u00f3n<\/h2>\n<p>El cilindro de la cuchara es un cilindro hidr\u00e1ulico dise\u00f1ado espec\u00edficamente para controlar el movimiento de la cuchara en maquinaria pesada como excavadoras, retroexcavadoras y cargadoras frontales. Su funci\u00f3n principal es permitir que la cuchara se eleve, descienda e incline, facilitando as\u00ed diversas tareas de manipulaci\u00f3n de materiales. En el sistema hidr\u00e1ulico, el cilindro de la cuchara permite un control preciso de la misma mediante variaciones en la presi\u00f3n del aceite hidr\u00e1ulico, lo que permite a los operadores manejar cargas pesadas con eficiencia y adaptarse a entornos de trabajo complejos y a diversas exigencias laborales.<\/p>\n<p><img decoding=\"async\" src=\"https:\/\/www.hydraulic-cylinders.net\/wp-content\/uploads\/2025\/01\/songte-company-2.webp\" alt=\"Cilindro de cuchar\u00f3n para miniexcavadora Volvo EC60C\/80D\"><\/p>\n<h2>Caracter\u00edsticas<\/h2>\n<ul>\n<li>\n<h3>Alta resistencia y durabilidad<\/h3>\n<p>Los cilindros de los cucharones suelen estar fabricados en acero o aluminio de alta resistencia, capaces de soportar altas presiones y cargas pesadas, adapt\u00e1ndose a entornos de trabajo exigentes. Su dise\u00f1o contempla la resistencia al desgaste y a la corrosi\u00f3n, prolongando as\u00ed su vida \u00fatil.<\/p>\n<\/li>\n<li>\n<h3>Operaci\u00f3n hidr\u00e1ulica eficiente<\/h3>\n<p>Los cilindros del cuchar\u00f3n utilizan la presi\u00f3n del aceite hidr\u00e1ulico para lograr acciones suaves de extensi\u00f3n y contracci\u00f3n, lo que permite una respuesta r\u00e1pida a los comandos de control y proporciona una potente fuerza de empuje y tracci\u00f3n, adecuada para el manejo de cargas pesadas y tareas de trabajo complejas.<\/p>\n<\/li>\n<li>\n<h3>Diversos tipos<\/h3>\n<p>Los cilindros de los cucharones pueden elegirse como de simple efecto (el sistema hidr\u00e1ulico se utiliza solo en una direcci\u00f3n) o de doble efecto (el sistema hidr\u00e1ulico se utiliza en ambas direcciones) seg\u00fan las necesidades, lo que permite una mayor extensi\u00f3n sin aumentar las dimensiones externas en algunos modelos, adecuados para aplicaciones con espacio limitado.<\/p>\n<\/li>\n<li>\n<h3>Reemplazo perfecto<\/h3>\n<p>Nuestros productos pueden reemplazar perfectamente estos cilindros hidr\u00e1ulicos.<\/p>\n<\/li>\n<\/ul>\n<p><img decoding=\"async\" src=\"https:\/\/www.hydraulic-cylinders.net\/wp-content\/uploads\/2025\/01\/songte-cylinder-head-with-all-kinds-excavator-models.webp\" alt=\"Cilindro de cuchar\u00f3n para miniexcavadora Volvo EC60C\/80D\"><\/p>\n<h2>Aplicaciones<\/h2>\n<ul>\n<li>\n<h3>Equipos de construcci\u00f3n<\/h3>\n<p>Los cilindros del cuchar\u00f3n se encuentran en las excavadoras, donde son esenciales para excavar, cargar y mover tierra o escombros. En las retroexcavadoras, los cilindros del cuchar\u00f3n facilitan tanto la excavaci\u00f3n como la elevaci\u00f3n. En las cargadoras frontales, ayudan a elevar y descargar materiales de forma eficiente.<\/p>\n<\/li>\n<li>\n<h3>Maquinaria agr\u00edcola<\/h3>\n<p>Los cilindros de la cuchara se utilizan en las cargadoras frontales para recoger, levantar y transportar tierra, heno y otros materiales. En las excavadoras, permiten la excavaci\u00f3n al facilitar la penetraci\u00f3n de la cuchara en el suelo. <\/p>\n<\/li>\n<\/ul>\n<h2>Consideraciones de dise\u00f1o y criterios de selecci\u00f3n<\/h2>\n<p>Al seleccionar un cilindro para cuchar\u00f3n, es fundamental considerar su capacidad de carga, sellado, durabilidad, seguridad y facilidad de mantenimiento. <\/p>\n<h3>Capacidad de carga<\/h3>\n<p>La capacidad de carga del cilindro hidr\u00e1ulico depende de la resistencia del cuerpo del cilindro, la suavidad de su superficie interna, el espesor de la pared y la resistencia de las piezas de conexi\u00f3n. Adem\u00e1s, el pist\u00f3n y la biela deben estar fabricados con materiales de alta resistencia para soportar altas presiones y cargas pesadas.<\/p>\n<h3>Caza de focas<\/h3>\n<p>El sellado del cilindro es fundamental para evitar fugas de aceite y garantizar el buen funcionamiento del sistema hidr\u00e1ulico. El cilindro debe estar equipado con diversos componentes de sellado, como juntas de pist\u00f3n, juntas de v\u00e1stago y juntas amortiguadoras, fabricados con materiales resistentes al desgaste como poliuretano y caucho de nitrilo para mejorar la eficiencia del sellado y prolongar su vida \u00fatil.<\/p>\n<h3>Durabilidad<\/h3>\n<p>El cuerpo del cilindro y la superficie roscada de la culata deben tener un acabado preciso para mejorar su resistencia al desgaste y a la corrosi\u00f3n. Asimismo, es necesaria una lubricaci\u00f3n regular para mantener la durabilidad del cilindro.<\/p>\n<h3>Seguridad<\/h3>\n<p>El cilindro del cuchar\u00f3n debe estar equipado con una v\u00e1lvula de seguridad para evitar ca\u00eddas repentinas causadas por p\u00e9rdida de presi\u00f3n hidr\u00e1ulica u otras situaciones imprevistas. Adem\u00e1s, el operador debe conocer los procedimientos de operaci\u00f3n, los requisitos de mantenimiento y las precauciones de seguridad antes de utilizar el cilindro.<\/p>\n<h3>Mantenibilidad<\/h3>\n<p>El cilindro del cuchar\u00f3n debe ser f\u00e1cil de desmontar y mantener. Un buen cilindro de cuchar\u00f3n debe estar dise\u00f1ado con juntas f\u00e1ciles de reemplazar, v\u00e1stagos de pist\u00f3n f\u00e1ciles de desmontar y piezas resistentes al desgaste f\u00e1ciles de reemplazar. <\/p>\n<p><img decoding=\"async\" src=\"https:\/\/www.hydraulic-cylinders.net\/wp-content\/uploads\/2025\/01\/songte-oil-pipes-and-spare-parts.webp\" alt=\"Cilindro de cuchar\u00f3n para miniexcavadora Volvo EC60C\/80D\"><\/p>\n<h2>Mantenimiento y reparaci\u00f3n<\/h2>\n<p>El mantenimiento y las reparaciones regulares pueden maximizar la vida \u00fatil del cilindro del cuchar\u00f3n.<\/p>\n<h3>Instalaci\u00f3n<\/h3>\n<p>La correcta instalaci\u00f3n es fundamental para el funcionamiento del cilindro del cuchar\u00f3n. Se recomienda alinear correctamente el cilindro y utilizar los soportes de instalaci\u00f3n adecuados para fijarlo.<\/p>\n<h3>Mantenimiento<\/h3>\n<ul>\n<li>Inspecci\u00f3n peri\u00f3dica: Inspeccione el cilindro regularmente para detectar el desgaste y los da\u00f1os a tiempo.<\/li>\n<li>Lubricaci\u00f3n: A\u00f1ada regularmente la cantidad adecuada de aceite hidr\u00e1ulico para mantener el cilindro lubricado. <\/li>\n<li>Sustituci\u00f3n de la junta: Reemplace la junta regularmente para evitar fugas de aceite. <\/li>\n<li>Comprobaci\u00f3n de calibraci\u00f3n: Compruebe la calibraci\u00f3n del cilindro del cuchar\u00f3n para asegurar su correcto funcionamiento.<\/li>\n<\/ul>\n<h3>Reparar<\/h3>\n<p>El proceso de reparaci\u00f3n del cilindro del cuchar\u00f3n debe seguir los procedimientos recomendados. Es fundamental utilizar repuestos de alta calidad y servicios de reacondicionamiento para garantizar el correcto funcionamiento del cilindro.<\/p>\n<p><img decoding=\"async\" src=\"https:\/\/www.hydraulic-cylinders.net\/wp-content\/uploads\/2025\/01\/songte-chushion-collar.webp\" alt=\"Cilindro de cuchar\u00f3n para miniexcavadora Volvo EC60C\/80D\"><\/p>\n<h2>Consideraciones de seguridad y medio ambiente<\/h2>\n<p>Al utilizar el cilindro del cuchar\u00f3n, es fundamental seguir las medidas de seguridad para prevenir accidentes. Asimismo, el aceite hidr\u00e1ulico utilizado en el cilindro del cuchar\u00f3n debe desecharse correctamente para proteger el medio ambiente.<\/p>\n<h2>Diagn\u00f3stico de fallas y problemas comunes<\/h2>\n<p>Entre los problemas m\u00e1s comunes de los cilindros de los cucharones se incluyen fugas de aceite, ruidos anormales y potencia insuficiente. Para diagnosticar y solucionar estos problemas, es necesario inspeccionar el sistema hidr\u00e1ulico, reemplazar las juntas, verificar la calibraci\u00f3n y reconstruir el cilindro.<\/p>\n<p><img decoding=\"async\" src=\"https:\/\/www.hydraulic-cylinders.net\/wp-content\/uploads\/2025\/01\/songte-bushings-with-all-kinds-of-excavator-models.webp\" alt=\"Cilindro de cuchar\u00f3n para miniexcavadora Volvo EC60C\/80D\"><\/p>\n<h2>Acerca de nuestra empresa<\/h2>\n<p>Somos fabricantes y distribuidores mayoristas l\u00edderes de cilindros hidr\u00e1ulicos en los mercados nacionales e internacionales. Ofrecemos una amplia gama de productos y servicios, incluyendo personalizaci\u00f3n, producci\u00f3n y servicio posventa. Nuestra empresa se rige por los principios de alta eficiencia, alta precisi\u00f3n y alta calidad para satisfacer las diversas necesidades de nuestros clientes. <\/p>\n<h3>Profesionalismo<\/h3>\n<p>Contamos con un equipo t\u00e9cnico profesional y equipos de fabricaci\u00f3n digital avanzados, lo que nos permite ofrecer productos y servicios de alta calidad a nuestros clientes.<\/p>\n<h3>Certificaci\u00f3n Internacional<\/h3>\n<p>Nuestros productos han superado la certificaci\u00f3n del sistema de gesti\u00f3n de calidad ISO9001 y la certificaci\u00f3n CE, lo que garantiza la calidad y seguridad de nuestros productos.<\/p>\n<h3>Servicio de personalizaci\u00f3n<\/h3>\n<p>Ofrecemos servicios de personalizaci\u00f3n para satisfacer las necesidades espec\u00edficas de nuestros clientes.<\/p>\n<h3>Equipos de producci\u00f3n<\/h3>\n<p>Contamos con equipos de fabricaci\u00f3n digital avanzados y l\u00edneas de producci\u00f3n profesionales para garantizar la calidad del producto y la eficiencia de la producci\u00f3n.<\/p>\n<h3>Servicio postventa<\/h3>\n<p>Ofrecemos servicios postventa integrales, que incluyen soporte t\u00e9cnico, servicios de mantenimiento y servicios de reemplazo de repuestos, para garantizar el buen funcionamiento del sistema hidr\u00e1ulico.<\/p>\n<p><img decoding=\"async\" src=\"https:\/\/hzpt.com\/wp-content\/uploads\/2024\/11\/songte-company-1.webp\" alt=\"Cilindro de cuchar\u00f3n para miniexcavadora Volvo EC60C\/80D\"><\/p>\n<p>Autor: lyl<\/p>","protected":false},"excerpt":{"rendered":"<p>Bucket Cylinder For Volvo Small Excavator EC60C\/80D Introduction A bucket cylinder is a specially designed hydraulic cylinder used to control the movement of a bucket in heavy machinery such as excavators, backhoe excavators, and front-end loaders. Its primary function is to enable the bucket to lift, lower, and tilt, making it easier to perform various [&hellip;]<\/p>","protected":false},"featured_media":14789,"comment_status":"open","ping_status":"closed","template":"","meta":{"_et_pb_use_builder":"","_et_pb_old_content":"","_et_gb_content_width":""},"product_brand":[],"product_cat":[1494],"product_tag":[1495,1496],"class_list":{"0":"post-15387","1":"product","2":"type-product","3":"status-publish","4":"has-post-thumbnail","6":"product_cat-bucket-cylinders","7":"product_tag-bucket-cylinders","8":"product_tag-hydraulic-cylinders","10":"first","11":"instock","12":"shipping-taxable","13":"product-type-simple"},"amp_enabled":true,"_links":{"self":[{"href":"https:\/\/www.hydraulic-cylinders.net\/es\/wp-json\/wp\/v2\/product\/15387","targetHints":{"allow":["GET"]}}],"collection":[{"href":"https:\/\/www.hydraulic-cylinders.net\/es\/wp-json\/wp\/v2\/product"}],"about":[{"href":"https:\/\/www.hydraulic-cylinders.net\/es\/wp-json\/wp\/v2\/types\/product"}],"replies":[{"embeddable":true,"href":"https:\/\/www.hydraulic-cylinders.net\/es\/wp-json\/wp\/v2\/comments?post=15387"}],"wp:featuredmedia":[{"embeddable":true,"href":"https:\/\/www.hydraulic-cylinders.net\/es\/wp-json\/wp\/v2\/media\/14789"}],"wp:attachment":[{"href":"https:\/\/www.hydraulic-cylinders.net\/es\/wp-json\/wp\/v2\/media?parent=15387"}],"wp:term":[{"taxonomy":"product_brand","embeddable":true,"href":"https:\/\/www.hydraulic-cylinders.net\/es\/wp-json\/wp\/v2\/product_brand?post=15387"},{"taxonomy":"product_cat","embeddable":true,"href":"https:\/\/www.hydraulic-cylinders.net\/es\/wp-json\/wp\/v2\/product_cat?post=15387"},{"taxonomy":"product_tag","embeddable":true,"href":"https:\/\/www.hydraulic-cylinders.net\/es\/wp-json\/wp\/v2\/product_tag?post=15387"}],"curies":[{"name":"wp","href":"https:\/\/api.w.org\/{rel}","templated":true}]}}