{"id":15400,"date":"2025-01-19T14:29:01","date_gmt":"2025-01-19T14:29:01","guid":{"rendered":"https:\/\/www.hydraulic-cylinders.net\/product\/bucket-cylinder-for-volvo-large-excavator-ec290b\/"},"modified":"2025-01-19T14:29:03","modified_gmt":"2025-01-19T14:29:03","slug":"bucket-cylinder-for-volvo-large-excavator-ec290b","status":"publish","type":"product","link":"https:\/\/www.hydraulic-cylinders.net\/es\/producto\/bucket-cylinder-for-volvo-large-excavator-ec290b\/","title":{"rendered":"Cilindro de cuchar\u00f3n para excavadora grande Volvo EC290B"},"content":{"rendered":"<h1>Cilindro de cuchar\u00f3n para excavadora grande Volvo EC290B<\/h1>\n<h2>Introducci\u00f3n<\/h2>\n<p>El cilindro de la cuchara para la excavadora grande Volvo EC290B es un cilindro hidr\u00e1ulico especialmente dise\u00f1ado, utilizado principalmente para controlar el movimiento de la cuchara en maquinaria pesada como excavadoras, retroexcavadoras y cargadoras frontales. Su funci\u00f3n principal es permitir que la cuchara se eleve, baje e incline, facilitando la realizaci\u00f3n de diversas tareas de manipulaci\u00f3n de materiales. En el sistema hidr\u00e1ulico, el cilindro de la cuchara logra un control preciso de la cuchara mediante cambios en la presi\u00f3n del aceite hidr\u00e1ulico, lo que permite a los operadores manipular cargas pesadas con eficiencia y adaptarse a entornos de trabajo complejos y diversos requisitos operativos.<\/p>\n<p><img decoding=\"async\" src=\"https:\/\/www.hydraulic-cylinders.net\/wp-content\/uploads\/2025\/01\/songte-company-2.webp\" alt=\"Imagen del cilindro del cubo\"><\/p>\n<h2>Caracter\u00edsticas<\/h2>\n<ul>\n<li>Alta resistencia y durabilidad: generalmente fabricado en acero o aluminio de alta resistencia, puede soportar alta presi\u00f3n y cargas pesadas, adaptarse a entornos de trabajo hostiles y est\u00e1 dise\u00f1ado teniendo en cuenta la resistencia al desgaste y la corrosi\u00f3n, prolongando su vida \u00fatil.<\/li>\n<li>Operaci\u00f3n hidr\u00e1ulica eficiente: Utilizando la presi\u00f3n del aceite hidr\u00e1ulico para lograr una expansi\u00f3n y contracci\u00f3n suaves, puede responder r\u00e1pidamente a los comandos de operaci\u00f3n, proporcionando una fuerte fuerza de empuje y tracci\u00f3n, adecuada para manipular cargas pesadas y tareas de trabajo complejas.<\/li>\n<li>Diversos tipos: Se pueden seleccionar cilindros de simple efecto (hidr\u00e1ulicos en una direcci\u00f3n) o doble efecto (hidr\u00e1ulicos en ambas direcciones) seg\u00fan sea necesario para satisfacer diferentes requisitos operativos. Algunos modelos son telesc\u00f3picos, lo que permite una mayor extensi\u00f3n sin aumentar las dimensiones externas, ideal para aplicaciones con espacio limitado.<\/li>\n<li>Reemplazables: Nuestros productos pueden reemplazar perfectamente estos cilindros hidr\u00e1ulicos.<\/li>\n<\/ul>\n<p><img decoding=\"async\" src=\"https:\/\/www.hydraulic-cylinders.net\/wp-content\/uploads\/2025\/01\/songte-cylinder-head-with-all-kinds-excavator-models.webp\" alt=\"Imagen del cilindro del cubo\"><\/p>\n<h2>Aplicaciones<\/h2>\n<p>Los cilindros de cangilones se utilizan ampliamente en diversas industrias, entre ellas:<\/p>\n<ul>\n<li>Equipos de construcci\u00f3n: Excavadoras, retroexcavadoras y cargadoras frontales se utilizan para excavar, cargar y mover tierra o escombros. En las retroexcavadoras, los cilindros del cuchar\u00f3n facilitan tanto la excavaci\u00f3n como la elevaci\u00f3n. <\/li>\n<li>Maquinaria agr\u00edcola: Se utiliza en cargadoras frontales para recoger, levantar y transportar tierra, heno y otros materiales. <\/li>\n<li>Excavadoras: Los cilindros del cuchar\u00f3n logran la excavaci\u00f3n al permitir que el cuchar\u00f3n penetre en el suelo. <\/li>\n<li>Equipos de carga y descarga: En los cargadores frontales, ayudan con la elevaci\u00f3n y la inclinaci\u00f3n para volcar la carga de manera efectiva.<\/li>\n<\/ul>\n<h2>Consideraciones de dise\u00f1o y criterios de selecci\u00f3n<\/h2>\n<ul>\n<li>Capacidad de carga: El cilindro del cuchar\u00f3n debe poder soportar la carga m\u00e1xima sin deformarse ni da\u00f1arse.<\/li>\n<li>Sellado: El sellado debe ser confiable y duradero para evitar fugas de aceite y garantizar un funcionamiento eficiente. <\/li>\n<li>Durabilidad: El cilindro debe estar dise\u00f1ado para soportar entornos hostiles y un uso intensivo.<\/li>\n<li>Seguridad: El cilindro del cuchar\u00f3n debe estar dise\u00f1ado con caracter\u00edsticas de seguridad para evitar accidentes o lesiones.<\/li>\n<li>Mantenimiento: El cilindro debe ser f\u00e1cil de mantener y reparar para minimizar el tiempo de inactividad y prolongar la vida \u00fatil. <\/li>\n<\/ul>\n<p><img decoding=\"async\" src=\"https:\/\/www.hydraulic-cylinders.net\/wp-content\/uploads\/2025\/01\/songte-oil-pipes-and-spare-parts.webp\" alt=\"Imagen del cilindro del cubo\"><\/p>\n<h2>Sellado y lubricaci\u00f3n<\/h2>\n<p>El cilindro del cuchar\u00f3n utiliza diversos componentes de sellado, como sellos de pist\u00f3n, sellos de v\u00e1stago y otros sellos fabricados con materiales resistentes al desgaste como poliuretano y caucho de nitrilo. El cuerpo del cilindro y la superficie del extremo del tornillo han sido sometidos a un procesamiento fino para mejorar la resistencia al desgaste. Se recomienda lubricar regularmente con el aceite hidr\u00e1ulico adecuado para garantizar un funcionamiento correcto y prolongar la vida \u00fatil.<\/p>\n<h2>Mantenimiento y reparaci\u00f3n<\/h2>\n<p>La inspecci\u00f3n regular, la lubricaci\u00f3n adecuada, el reemplazo de sellos y las comprobaciones de calibraci\u00f3n son tareas de mantenimiento comunes que deben realizarse regularmente para garantizar la longevidad del cilindro del cuchar\u00f3n. Una instalaci\u00f3n, lubricaci\u00f3n y ajuste adecuados son clave para un funcionamiento \u00f3ptimo. Durante la instalaci\u00f3n, se debe asegurar la correcta alineaci\u00f3n del cilindro y utilizar soportes adecuados para asegurarlo. Se deben seguir los procedimientos recomendados de inspecci\u00f3n, reparaci\u00f3n y reemplazo. Ofrecemos repuestos y servicios de reconstrucci\u00f3n para prolongar la vida \u00fatil del producto.<\/p>\n<p><img decoding=\"async\" src=\"https:\/\/www.hydraulic-cylinders.net\/wp-content\/uploads\/2025\/01\/songte-chushion-collar.webp\" alt=\"Imagen del cilindro del cubo\"><\/p>\n<h2>Consideraciones de seguridad y factores ambientales<\/h2>\n<p>Al utilizar el cilindro de la cuchara, es fundamental seguir las medidas de seguridad para prevenir accidentes y garantizar un funcionamiento seguro. Tambi\u00e9n deben tenerse en cuenta factores ambientales como la temperatura y la humedad al seleccionar y operar el cilindro para garantizar un rendimiento \u00f3ptimo.<\/p>\n<h2>Soluci\u00f3n de problemas y problemas comunes<\/h2>\n<p>Los problemas comunes con los cilindros de cangilones incluyen fugas de aceite, lubricaci\u00f3n inadecuada y da\u00f1os en los sellos. Los consejos y soluciones para la resoluci\u00f3n de problemas pueden ayudar a los lectores a diagnosticar y resolver problemas eficazmente. Tambi\u00e9n se pueden tomar medidas preventivas para minimizar posibles problemas.<\/p>\n<p><img decoding=\"async\" src=\"https:\/\/www.hydraulic-cylinders.net\/wp-content\/uploads\/2025\/01\/songte-bushings-with-all-kinds-of-excavator-models.webp\" alt=\"Imagen del cilindro del cubo\"><\/p>\n<h2>Acerca de nuestra empresa<\/h2>\n<p>Somos un fabricante y mayorista l\u00edder de cilindros hidr\u00e1ulicos en el mercado nacional e internacional, y ofrecemos una amplia gama de productos para satisfacer las diversas necesidades de nuestros clientes. Nuestra estrategia de producci\u00f3n prioriza la excelente calidad y se basa en el uso de equipos de fabricaci\u00f3n digital avanzados y sistemas de prueba profesionales. Con principios de alta eficiencia, precisi\u00f3n y calidad, nos esforzamos por lograr la satisfacci\u00f3n del cliente.<\/p>\n<ul>\n<li>Profesionalismo: Nuestro equipo est\u00e1 formado por profesionales altamente cualificados y experimentados en el campo de los cilindros hidr\u00e1ulicos.<\/li>\n<li>Certificaci\u00f3n internacional: Nuestros productos han pasado varias certificaciones internacionales, lo que garantiza alta calidad y seguridad.<\/li>\n<li>Servicios personalizados: Ofrecemos soluciones personalizadas para satisfacer los requisitos espec\u00edficos de los clientes.<\/li>\n<li>Equipo de producci\u00f3n: Utilizamos equipos de fabricaci\u00f3n digital avanzados para garantizar una alta eficiencia y precisi\u00f3n en la producci\u00f3n.<\/li>\n<li>Servicio postventa: Brindamos un excelente servicio postventa para garantizar la satisfacci\u00f3n del cliente.<\/li>\n<\/ul>\n<p><img decoding=\"async\" src=\"https:\/\/hzpt.com\/wp-content\/uploads\/2024\/11\/songte-company-1.webp\" alt=\"Imagen del cilindro del cubo\"><\/p>\n<p>Autor: lyl<\/p>","protected":false},"excerpt":{"rendered":"<p>Bucket Cylinder For Volvo Large Excavator EC290B Introduction The bucket cylinder for Volvo large excavator EC290B is a specially designed hydraulic cylinder primarily used for controlling the movement of the bucket in heavy machinery such as excavators, backhoe excavators, and front-end loaders. Its main function is to allow the bucket to lift, lower, and tilt, [&hellip;]<\/p>","protected":false},"featured_media":14762,"comment_status":"open","ping_status":"closed","template":"","meta":{"_et_pb_use_builder":"","_et_pb_old_content":"","_et_gb_content_width":""},"product_brand":[],"product_cat":[1494],"product_tag":[1495,1496],"class_list":{"0":"post-15400","1":"product","2":"type-product","3":"status-publish","4":"has-post-thumbnail","6":"product_cat-bucket-cylinders","7":"product_tag-bucket-cylinders","8":"product_tag-hydraulic-cylinders","10":"first","11":"instock","12":"shipping-taxable","13":"product-type-simple"},"amp_enabled":true,"_links":{"self":[{"href":"https:\/\/www.hydraulic-cylinders.net\/es\/wp-json\/wp\/v2\/product\/15400","targetHints":{"allow":["GET"]}}],"collection":[{"href":"https:\/\/www.hydraulic-cylinders.net\/es\/wp-json\/wp\/v2\/product"}],"about":[{"href":"https:\/\/www.hydraulic-cylinders.net\/es\/wp-json\/wp\/v2\/types\/product"}],"replies":[{"embeddable":true,"href":"https:\/\/www.hydraulic-cylinders.net\/es\/wp-json\/wp\/v2\/comments?post=15400"}],"wp:featuredmedia":[{"embeddable":true,"href":"https:\/\/www.hydraulic-cylinders.net\/es\/wp-json\/wp\/v2\/media\/14762"}],"wp:attachment":[{"href":"https:\/\/www.hydraulic-cylinders.net\/es\/wp-json\/wp\/v2\/media?parent=15400"}],"wp:term":[{"taxonomy":"product_brand","embeddable":true,"href":"https:\/\/www.hydraulic-cylinders.net\/es\/wp-json\/wp\/v2\/product_brand?post=15400"},{"taxonomy":"product_cat","embeddable":true,"href":"https:\/\/www.hydraulic-cylinders.net\/es\/wp-json\/wp\/v2\/product_cat?post=15400"},{"taxonomy":"product_tag","embeddable":true,"href":"https:\/\/www.hydraulic-cylinders.net\/es\/wp-json\/wp\/v2\/product_tag?post=15400"}],"curies":[{"name":"wp","href":"https:\/\/api.w.org\/{rel}","templated":true}]}}