{"id":15406,"date":"2025-01-19T14:29:31","date_gmt":"2025-01-19T14:29:31","guid":{"rendered":"https:\/\/www.hydraulic-cylinders.net\/product\/bucket-cylinder-for-volvo-large-excavator-ec360bp\/"},"modified":"2025-01-19T14:29:33","modified_gmt":"2025-01-19T14:29:33","slug":"bucket-cylinder-for-volvo-large-excavator-ec360bp","status":"publish","type":"product","link":"https:\/\/www.hydraulic-cylinders.net\/es\/producto\/bucket-cylinder-for-volvo-large-excavator-ec360bp\/","title":{"rendered":"Cilindro de cuchar\u00f3n para excavadora grande Volvo EC360BP"},"content":{"rendered":"<p><!DOCTYPE html><br \/>\n<html><br \/>\n<head><br \/>\n<title>Cilindro de cuchar\u00f3n para excavadora grande Volvo EC360BP<\/title><br \/>\n<\/head><br \/>\n<body><\/p>\n<h1>Cilindro de cuchar\u00f3n para excavadora grande Volvo EC360BP<\/h1>\n<h2>Introducci\u00f3n<\/h2>\n<p>El cilindro de la cuchara para la excavadora Volvo EC360BP es un cilindro hidr\u00e1ulico especialmente dise\u00f1ado para controlar el movimiento de la cuchara en maquinaria pesada como excavadoras, retroexcavadoras y cargadoras frontales. Su funci\u00f3n principal es permitir la elevaci\u00f3n, el descenso y la inclinaci\u00f3n de la cuchara, lo que la hace ideal para diversas tareas de manipulaci\u00f3n de materiales. En un sistema hidr\u00e1ulico, el cilindro de la cuchara logra un control preciso de la cuchara aprovechando los cambios de presi\u00f3n del aceite hidr\u00e1ulico, lo que permite a los operadores manipular cargas pesadas con eficiencia y adaptarse a entornos de trabajo complejos y a diversos requisitos.<\/p>\n<p><img decoding=\"async\" src=\"https:\/\/www.hydraulic-cylinders.net\/wp-content\/uploads\/2025\/01\/songte-company-2.webp\" alt=\"Imagen del cilindro del cubo\"><\/p>\n<h2>Caracter\u00edsticas<\/h2>\n<ul>\n<li>Alta resistencia y durabilidad: Fabricado generalmente en acero o aluminio de alta resistencia, soporta alta presi\u00f3n y cargas pesadas, adapt\u00e1ndose a entornos de trabajo hostiles. Su dise\u00f1o considera la resistencia al desgaste y a la corrosi\u00f3n, prolongando as\u00ed su vida \u00fatil.<\/li>\n<li>Operaci\u00f3n hidr\u00e1ulica eficiente: Al utilizar la presi\u00f3n del aceite hidr\u00e1ulico, logra acciones de extensi\u00f3n y retracci\u00f3n suaves, responde r\u00e1pidamente a los comandos de control, proporciona poderosas fuerzas de empuje y tracci\u00f3n y es adecuado para manipular cargas pesadas y tareas laborales complejas.<\/li>\n<li>Diversos tipos: Disponibles en cilindros de simple efecto (hidr\u00e1ulicos en un solo sentido) o doble efecto (hidr\u00e1ulicos en ambos sentidos), lo que permite diferentes requisitos operativos. Algunos modelos son telesc\u00f3picos, lo que permite una mayor extensi\u00f3n sin aumentar las dimensiones externas, lo que los hace ideales para aplicaciones con espacio limitado.<\/li>\n<\/ul>\n<p><img decoding=\"async\" src=\"https:\/\/www.hydraulic-cylinders.net\/wp-content\/uploads\/2025\/01\/songte-cylinder-head-with-all-kinds-excavator-models.webp\" alt=\"Imagen del producto\"><\/p>\n<h2>Aplicaciones<\/h2>\n<h3>Equipos de construcci\u00f3n:<\/h3>\n<p>En las excavadoras, son esenciales para excavar, cargar y mover tierra o escombros. En las retroexcavadoras, el cilindro del cuchar\u00f3n facilita tanto las tareas de excavaci\u00f3n como las de elevaci\u00f3n.<\/p>\n<h3>Maquinaria agr\u00edcola:<\/h3>\n<p>Se utiliza en cargadores frontales para recoger, levantar y transportar tierra, heno y otros materiales.<\/p>\n<h3>Excavadoras:<\/h3>\n<p>El cilindro del cuchar\u00f3n permite la acci\u00f3n de excavaci\u00f3n al permitir que el cuchar\u00f3n penetre en el suelo.<\/p>\n<h3>Cargadores:<\/h3>\n<p>En los cargadores frontales, ayudan a levantar y descargar mercanc\u00edas de manera eficaz.<\/p>\n<p><img decoding=\"async\" src=\"https:\/\/www.hydraulic-cylinders.net\/wp-content\/uploads\/2025\/01\/songte-oil-pipes-and-spare-parts.webp\" alt=\"Imagen del producto\"><\/p>\n<h2>Consideraciones de dise\u00f1o y criterios de selecci\u00f3n<\/h2>\n<ul>\n<li>Capacidad de carga: El dise\u00f1o del cilindro garantiza que pueda soportar la carga prevista sin fallas.<\/li>\n<li>Sellado: Se utilizan diversos sellos, como sellos de pist\u00f3n y de v\u00e1stago, fabricados con materiales resistentes al desgaste como poliuretano y caucho de nitrilo. El cuerpo del cilindro y las superficies roscadas de los extremos se someten a un procesamiento fino para mejorar la resistencia al desgaste.<\/li>\n<\/ul>\n<p><img decoding=\"async\" src=\"https:\/\/www.hydraulic-cylinders.net\/wp-content\/uploads\/2025\/01\/songte-bushings-with-all-kinds-of-excavator-models.webp\" alt=\"Imagen del producto\"><\/p>\n<h2>Sellado y lubricaci\u00f3n<\/h2>\n<p>El cilindro utiliza diversos componentes de sellado, como sellos de pist\u00f3n y de v\u00e1stago, fabricados con materiales resistentes al desgaste como poliuretano y caucho de nitrilo. El cuerpo del cilindro y las superficies roscadas de los extremos est\u00e1n finamente procesadas para mejorar la resistencia al desgaste. Es necesaria una lubricaci\u00f3n regular con la cantidad adecuada de aceite hidr\u00e1ulico para garantizar un funcionamiento suave.<\/p>\n<h2>Inspecci\u00f3n y mantenimiento preventivo<\/h2>\n<ul>\n<li>Inspecciones regulares: verifique si hay signos de da\u00f1o o desgaste y solucione r\u00e1pidamente cualquier problema.<\/li>\n<li>Medidas de mantenimiento proactivo: lubrique peri\u00f3dicamente las piezas m\u00f3viles, reemplace los sellos cuando sea necesario y realice controles de calibraci\u00f3n para mantener un rendimiento \u00f3ptimo.<\/li>\n<\/ul>\n<p><img decoding=\"async\" src=\"https:\/\/www.hydraulic-cylinders.net\/wp-content\/uploads\/2025\/01\/songte-chushion-collar.webp\" alt=\"Imagen del producto\"><\/p>\n<h2>Consideraciones de seguridad y factores ambientales<\/h2>\n<p>Al utilizar cilindros hidr\u00e1ulicos, es fundamental seguir las medidas de seguridad para evitar accidentes y garantizar un entorno de trabajo seguro.<\/p>\n<h2>Soluci\u00f3n de problemas y problemas comunes<\/h2>\n<p>Los problemas comunes con los cilindros hidr\u00e1ulicos pueden incluir fugas, funcionamiento lento o ruidos anormales. Para solucionar estos problemas, es importante diagnosticar la causa con precisi\u00f3n e implementar las soluciones adecuadas. Las medidas preventivas peri\u00f3dicas pueden ayudar a minimizar los posibles problemas.<\/p>\n<p><img decoding=\"async\" src=\"https:\/\/www.hydraulic-cylinders.net\/wp-content\/uploads\/2025\/01\/songte-bushings-with-all-kinds-of-excavator-models.webp\" alt=\"Imagen del producto\"><\/p>\n<h2>Tareas de mantenimiento<\/h2>\n<ul>\n<li>Inspecciones regulares: verifique si hay signos de da\u00f1o o desgaste y solucione r\u00e1pidamente cualquier problema.<\/li>\n<li>Lubricaci\u00f3n adecuada: Lubrique adecuadamente las piezas m\u00f3viles para garantizar un funcionamiento suave.<\/li>\n<li>Reemplazo de sellos: reemplace los sellos desgastados para mantener un rendimiento de sellado adecuado.<\/li>\n<\/ul>\n<h2>Gu\u00eda de instalaci\u00f3n<\/h2>\n<p>Una instalaci\u00f3n correcta es crucial para garantizar el rendimiento \u00f3ptimo y la larga vida \u00fatil del cilindro del cuchar\u00f3n. Siga estas instrucciones:<\/p>\n<ul>\n<li>Alinee correctamente el cilindro durante la instalaci\u00f3n.<\/li>\n<li>Utilice soportes de instalaci\u00f3n adecuados para asegurar el cilindro.<\/li>\n<\/ul>\n<p><img decoding=\"async\" src=\"https:\/\/hzpt.com\/wp-content\/uploads\/2024\/11\/songte-company-1.webp\" alt=\"Imagen del producto\"><\/p>\n<h2>Descripci\u00f3n general de la empresa<\/h2>\n<p>Somos fabricantes de cilindros hidr\u00e1ulicos de repuesto y uno de los principales fabricantes y distribuidores mayoristas en el mercado nacional e internacional. Nuestra empresa se rige por los principios de excelente calidad y se basa en estrategias de gesti\u00f3n de producci\u00f3n industrializada de un sofisticado taller de fabricaci\u00f3n. Gracias a la aplicaci\u00f3n de talento t\u00e9cnico, equipos de fabricaci\u00f3n digitales de alta gama y sistemas de prueba profesionales, mejoramos continuamente nuestra plataforma de fabricaci\u00f3n, perfeccionamos la cadena de producci\u00f3n para garantizar la calidad del producto y contamos con una s\u00f3lida capacidad de innovaci\u00f3n. Nos esforzamos por satisfacer las diversas demandas de nuestros clientes con alta eficiencia, precisi\u00f3n y calidad.<\/p>\n<p><img decoding=\"async\" src=\"https:\/\/www.hydraulic-cylinders.net\/wp-content\/uploads\/2025\/01\/songte-company-3.webp\" alt=\"Imagen de la empresa\"><\/p>\n<h3>Profesionalismo:<\/h3>\n<p>Nos apegamos al profesionalismo en nuestras operaciones, brindando productos y servicios de alta calidad.<\/p>\n<h3>Certificaci\u00f3n Internacional:<\/h3>\n<p>Hemos obtenido certificaciones internacionales que garantizan la calidad y confiabilidad de nuestros productos.<\/p>\n<h3>Servicios de personalizaci\u00f3n:<\/h3>\n<p>Ofrecemos servicios de personalizaci\u00f3n para satisfacer los requisitos espec\u00edficos del cliente.<\/p>\n<h3>Equipo de producci\u00f3n:<\/h3>\n<p>Utilizamos equipos de producci\u00f3n de \u00faltima generaci\u00f3n para garantizar precisi\u00f3n y eficiencia.<\/p>\n<h3>Servicio postventa:<\/h3>\n<p>Brindamos servicios integrales de postventa para garantizar la satisfacci\u00f3n del cliente.<\/p>\n<p>Autor: lyl<\/p>\n<p><\/body><br \/>\n<\/html><\/p>","protected":false},"excerpt":{"rendered":"<p>Bucket Cylinder For Volvo Large Excavator EC360BP Bucket Cylinder For Volvo Large Excavator EC360BP Introduction The Bucket Cylinder for Volvo Large Excavator EC360BP is a specially designed hydraulic cylinder used to control the movement of the bucket in heavy machinery such as excavators, backhoe loaders, and front-end loaders. Its main function is to enable the [&hellip;]<\/p>","protected":false},"featured_media":14784,"comment_status":"open","ping_status":"closed","template":"","meta":{"_et_pb_use_builder":"","_et_pb_old_content":"","_et_gb_content_width":""},"product_brand":[],"product_cat":[1494],"product_tag":[1495,1496],"class_list":{"0":"post-15406","1":"product","2":"type-product","3":"status-publish","4":"has-post-thumbnail","6":"product_cat-bucket-cylinders","7":"product_tag-bucket-cylinders","8":"product_tag-hydraulic-cylinders","10":"first","11":"instock","12":"shipping-taxable","13":"product-type-simple"},"amp_enabled":true,"_links":{"self":[{"href":"https:\/\/www.hydraulic-cylinders.net\/es\/wp-json\/wp\/v2\/product\/15406","targetHints":{"allow":["GET"]}}],"collection":[{"href":"https:\/\/www.hydraulic-cylinders.net\/es\/wp-json\/wp\/v2\/product"}],"about":[{"href":"https:\/\/www.hydraulic-cylinders.net\/es\/wp-json\/wp\/v2\/types\/product"}],"replies":[{"embeddable":true,"href":"https:\/\/www.hydraulic-cylinders.net\/es\/wp-json\/wp\/v2\/comments?post=15406"}],"wp:featuredmedia":[{"embeddable":true,"href":"https:\/\/www.hydraulic-cylinders.net\/es\/wp-json\/wp\/v2\/media\/14784"}],"wp:attachment":[{"href":"https:\/\/www.hydraulic-cylinders.net\/es\/wp-json\/wp\/v2\/media?parent=15406"}],"wp:term":[{"taxonomy":"product_brand","embeddable":true,"href":"https:\/\/www.hydraulic-cylinders.net\/es\/wp-json\/wp\/v2\/product_brand?post=15406"},{"taxonomy":"product_cat","embeddable":true,"href":"https:\/\/www.hydraulic-cylinders.net\/es\/wp-json\/wp\/v2\/product_cat?post=15406"},{"taxonomy":"product_tag","embeddable":true,"href":"https:\/\/www.hydraulic-cylinders.net\/es\/wp-json\/wp\/v2\/product_tag?post=15406"}],"curies":[{"name":"wp","href":"https:\/\/api.w.org\/{rel}","templated":true}]}}