{"id":15414,"date":"2025-01-19T14:30:04","date_gmt":"2025-01-19T14:30:04","guid":{"rendered":"https:\/\/www.hydraulic-cylinders.net\/product\/bucket-cylinder-for-volvo-wheel-excavator-ew60c\/"},"modified":"2025-01-19T14:30:06","modified_gmt":"2025-01-19T14:30:06","slug":"bucket-cylinder-for-volvo-wheel-excavator-ew60c","status":"publish","type":"product","link":"https:\/\/www.hydraulic-cylinders.net\/es\/producto\/bucket-cylinder-for-volvo-wheel-excavator-ew60c\/","title":{"rendered":"Cilindro de cuchar\u00f3n para excavadora de ruedas Volvo EW60C"},"content":{"rendered":"<h1>Cilindro de cuchar\u00f3n para excavadora de ruedas Volvo EW60C<\/h1>\n<h2>Introducci\u00f3n<\/h2>\n<h3>Definici\u00f3n de cilindro de cubo<\/h3>\n<p>Un cilindro de cuchar\u00f3n es un cilindro hidr\u00e1ulico especialmente dise\u00f1ado que se utiliza principalmente para controlar el movimiento de los cucharones en maquinaria pesada, como excavadoras, retroexcavadoras y cargadoras frontales. Su funci\u00f3n principal es permitir la elevaci\u00f3n, el descenso y la inclinaci\u00f3n del cuchar\u00f3n, facilitando el manejo de diversas tareas de movimiento de materiales. En el sistema hidr\u00e1ulico, el cilindro del cuchar\u00f3n aprovecha la variaci\u00f3n de presi\u00f3n del aceite hidr\u00e1ulico para lograr un control preciso del cuchar\u00f3n, lo que permite a los operadores manipular objetos pesados \u200b\u200bcon eficiencia y adaptarse a entornos de trabajo complejos y a diversos requisitos.<\/p>\n<p><img decoding=\"async\" src=\"https:\/\/www.hydraulic-cylinders.net\/wp-content\/uploads\/2025\/01\/songte-company-2.webp\" alt=\"Imagen del cilindro del cubo\"><\/p>\n<h3>Caracter\u00edsticas del cilindro de cangilones<\/h3>\n<ul>\n<li>Alta resistencia y durabilidad: generalmente hecho de acero o aluminio de alta resistencia, puede soportar alta presi\u00f3n y cargas pesadas, adaptarse a entornos de trabajo hostiles y est\u00e1 dise\u00f1ado con resistencia al desgaste y a la corrosi\u00f3n, lo que extiende su vida \u00fatil.<\/li>\n<li>Operaci\u00f3n hidr\u00e1ulica eficiente: utilizando la presi\u00f3n del aceite hidr\u00e1ulico para lograr un movimiento telesc\u00f3pico suave, puede responder r\u00e1pidamente a los comandos de operaci\u00f3n y proporcionar poderosas fuerzas de empuje y tracci\u00f3n, adecuadas para manipular objetos pesados \u200b\u200b\u200b\u200by tareas laborales complejas.<\/li>\n<li>Diversos tipos: Se pueden seleccionar cilindros de simple efecto (hidr\u00e1ulicos en una sola direcci\u00f3n) o de doble efecto (hidr\u00e1ulicos en ambas direcciones) seg\u00fan las necesidades operativas. Algunos modelos son telesc\u00f3picos y permiten una mayor extensi\u00f3n sin aumentar las dimensiones externas, ideales para aplicaciones con espacio limitado.<\/li>\n<li>Reemplazable: Nuestro producto puede reemplazar perfectamente estos cilindros hidr\u00e1ulicos.<\/li>\n<\/ul>\n<p><img decoding=\"async\" src=\"https:\/\/www.hydraulic-cylinders.net\/wp-content\/uploads\/2025\/01\/songte-cylinder-head-with-all-kinds-excavator-models.webp\" alt=\"Imagen del cilindro del cubo\"><\/p>\n<h2>Aplicaci\u00f3n<\/h2>\n<p><strong>Equipos de construcci\u00f3n:<\/strong> En las excavadoras, son cruciales para excavar, cargar y mover tierra o escombros. En las retroexcavadoras, el cilindro del cuchar\u00f3n facilita la excavaci\u00f3n y la elevaci\u00f3n. En las cargadoras frontales, ayudan a elevar e inclinar la carga eficientemente.<\/p>\n<p><strong>Maquinaria agr\u00edcola:<\/strong> Se utiliza en cargadoras frontales para recoger, levantar y transportar tierra, heno y otros materiales. En las excavadoras, el cilindro del cuchar\u00f3n permite excavar al permitir que el cuchar\u00f3n penetre en el suelo.<\/p>\n<h2>Consideraciones de dise\u00f1o y criterios de selecci\u00f3n<\/h2>\n<h3>Capacidad de carga<\/h3>\n<p>La capacidad de carga es un factor importante al seleccionar un cilindro para cuchar\u00f3n. Esta se determina por el tama\u00f1o y el peso del material a mover, as\u00ed como por la fuerza necesaria para moverlo. Adem\u00e1s, el cilindro debe soportar el peso del cuchar\u00f3n y sus accesorios.<\/p>\n<h3>Sellado y lubricaci\u00f3n<\/h3>\n<p>Se utilizan diversos componentes de sellado, como sellos de pist\u00f3n y de v\u00e1stago, para evitar fugas de aceite hidr\u00e1ulico y la contaminaci\u00f3n del sistema. Est\u00e1n fabricados con materiales resistentes al desgaste, como poliuretano y caucho de nitrilo. El cuerpo del cilindro y la superficie del extremo roscado reciben un tratamiento fino para mejorar la resistencia al desgaste, y se requiere lubricaci\u00f3n regular con aceite hidr\u00e1ulico adecuado.<\/p>\n<p><img decoding=\"async\" src=\"https:\/\/www.hydraulic-cylinders.net\/wp-content\/uploads\/2025\/01\/songte-oil-pipes-and-spare-parts.webp\" alt=\"Imagen del cilindro del cubo\"><\/p>\n<h2>Mantenimiento<\/h2>\n<p>El mantenimiento regular y las medidas preventivas son esenciales para garantizar la longevidad y el rendimiento del cilindro del cuchar\u00f3n.<\/p>\n<h3>Gu\u00eda de instalaci\u00f3n<\/h3>\n<p>El cilindro del cuchar\u00f3n debe instalarse correctamente, y la alineaci\u00f3n es crucial. Se recomienda utilizar soportes de instalaci\u00f3n adecuados para fijar el cilindro en la posici\u00f3n correcta. El proceso de instalaci\u00f3n debe guiarse correctamente para evitar posibles da\u00f1os.<\/p>\n<h3>Controles de rutina y lubricaci\u00f3n<\/h3>\n<p>Las revisiones y la lubricaci\u00f3n peri\u00f3dicas son necesarias para mantener el rendimiento del cilindro del cuchar\u00f3n. Debe revisarse peri\u00f3dicamente para detectar cualquier signo de desgaste o da\u00f1o, y deben utilizarse lubricantes adecuados para garantizar su correcto funcionamiento.<\/p>\n<h3>Reemplazo de sellos y controles de calibraci\u00f3n<\/h3>\n<p>Los sellos deben reemplazarse peri\u00f3dicamente para evitar fugas de aceite hidr\u00e1ulico. Tambi\u00e9n deben realizarse comprobaciones de calibraci\u00f3n para garantizar el correcto funcionamiento y la seguridad del cilindro.<\/p>\n<p><img decoding=\"async\" src=\"https:\/\/www.hydraulic-cylinders.net\/wp-content\/uploads\/2025\/01\/songte-chushion-collar.webp\" alt=\"Imagen del cilindro del cubo\"><\/p>\n<h2>Consideraciones de seguridad y factores ambientales<\/h2>\n<p>Al utilizar el cilindro del cuchar\u00f3n, se deben tomar medidas de seguridad para evitar accidentes o da\u00f1os a la m\u00e1quina o al personal. Factores ambientales, como la temperatura y la humedad, tambi\u00e9n pueden afectar el rendimiento del cilindro del cuchar\u00f3n y deben tenerse en cuenta durante su uso.<\/p>\n<h2>Soluci\u00f3n de problemas y problemas comunes<\/h2>\n<p><strong>Problema:<\/strong> El cilindro no funciona correctamente.<br \/>\n<strong>Soluci\u00f3n:<\/strong> Compruebe si hay indicios de da\u00f1os o fugas. Aseg\u00farese de utilizar lubricantes adecuados y de que el cilindro est\u00e9 correctamente calibrado.<\/p>\n<p><strong>Problema:<\/strong> El cilindro tiene fugas de aceite hidr\u00e1ulico.<br \/>\n<strong>Soluci\u00f3n:<\/strong> Revise los sellos para detectar cualquier signo de da\u00f1o o desgaste. Reemplace los sellos defectuosos seg\u00fan sea necesario.<\/p>\n<p><strong>Problema:<\/strong> El cilindro no responde a los comandos de operaci\u00f3n.<br \/>\n<strong>Soluci\u00f3n:<\/strong> Revise el sistema hidr\u00e1ulico para detectar cualquier problema, como obstrucciones o baja presi\u00f3n. Aseg\u00farese de que el cilindro est\u00e9 correctamente calibrado.<\/p>\n<p><img decoding=\"async\" src=\"https:\/\/www.hydraulic-cylinders.net\/wp-content\/uploads\/2025\/01\/songte-bushings-with-all-kinds-of-excavator-models.webp\" alt=\"Imagen del cilindro del cubo\"><\/p>\n<h2>Introducci\u00f3n de la empresa<\/h2>\n<p>Somos fabricantes de cilindros hidr\u00e1ulicos que pueden reemplazar cilindros existentes. Nuestra empresa ofrece una gama completa de productos y se ha convertido en uno de los principales fabricantes y mayoristas de cilindros hidr\u00e1ulicos en el mercado nacional e internacional. Nos basamos en el principio de excelente calidad, nos basamos en la estrategia de gesti\u00f3n de producci\u00f3n industrializada de nuestro taller de fabricaci\u00f3n de precisi\u00f3n, mejoramos constantemente nuestra plataforma de fabricaci\u00f3n, optimizamos la cadena de producci\u00f3n de calidad del producto y contamos con una s\u00f3lida capacidad de innovaci\u00f3n. Ofrecemos servicios personalizados, equipos de producci\u00f3n avanzados y sistemas de prueba profesionales.<\/p>\n<p><img decoding=\"async\" src=\"https:\/\/hzpt.com\/wp-content\/uploads\/2024\/11\/songte-company-1.webp\" alt=\"Imagen de la empresa\"><\/p>\n<h3>Profesionalismo<\/h3>\n<p>Nuestro equipo de profesionales est\u00e1 altamente calificado y capacitado en la producci\u00f3n de cilindros hidr\u00e1ulicos, garantizando que nuestros productos sean de la m\u00e1s alta calidad y satisfagan las necesidades de nuestros clientes.<\/p>\n<h3>Certificaci\u00f3n Internacional<\/h3>\n<p>Nuestra empresa ha obtenido diversas certificaciones internacionales, incluidas ISO9001 y CE, garantizando que nuestros productos cumplen con los m\u00e1s altos est\u00e1ndares de calidad.<\/p>\n<h3>Servicios de personalizaci\u00f3n<\/h3>\n<p>Brindamos servicios personalizados para satisfacer las necesidades espec\u00edficas de nuestros clientes, garantizando que sus requisitos se cumplan de la manera m\u00e1s eficiente y efectiva posible.<\/p>\n<h3>Equipos de producci\u00f3n<\/h3>\n<p>Nuestra empresa utiliza equipos de producci\u00f3n avanzados para garantizar que nuestros productos sean de la m\u00e1s alta calidad y satisfagan las necesidades de nuestros clientes.<\/p>\n<h3>Servicio posventa<\/h3>\n<p>Ofrecemos servicios integrales de posventa, incluidos servicios de mantenimiento, reparaci\u00f3n y reemplazo para garantizar que nuestros productos permanezcan en excelentes condiciones y satisfagan las necesidades de nuestros clientes.<\/p>\n<p><img decoding=\"async\" src=\"https:\/\/www.hydraulic-cylinders.net\/wp-content\/uploads\/2025\/01\/songte-company-3.webp\" alt=\"Imagen de la empresa\"><\/p>\n<p>Autor: lyl<\/p>","protected":false},"excerpt":{"rendered":"<p>Bucket Cylinder For Volvo Wheel Excavator EW60C Introduction Definition of Bucket Cylinder A bucket cylinder is a specially designed hydraulic cylinder that is primarily used to control the movement of buckets in heavy machinery, such as excavators, backhoe excavators, and front-end loaders. Its main function is to allow the bucket to be lifted, lowered, and [&hellip;]<\/p>","protected":false},"featured_media":14765,"comment_status":"open","ping_status":"closed","template":"","meta":{"_et_pb_use_builder":"","_et_pb_old_content":"","_et_gb_content_width":""},"product_brand":[],"product_cat":[1494],"product_tag":[1495,1496],"class_list":{"0":"post-15414","1":"product","2":"type-product","3":"status-publish","4":"has-post-thumbnail","6":"product_cat-bucket-cylinders","7":"product_tag-bucket-cylinders","8":"product_tag-hydraulic-cylinders","10":"first","11":"instock","12":"shipping-taxable","13":"product-type-simple"},"amp_enabled":true,"_links":{"self":[{"href":"https:\/\/www.hydraulic-cylinders.net\/es\/wp-json\/wp\/v2\/product\/15414","targetHints":{"allow":["GET"]}}],"collection":[{"href":"https:\/\/www.hydraulic-cylinders.net\/es\/wp-json\/wp\/v2\/product"}],"about":[{"href":"https:\/\/www.hydraulic-cylinders.net\/es\/wp-json\/wp\/v2\/types\/product"}],"replies":[{"embeddable":true,"href":"https:\/\/www.hydraulic-cylinders.net\/es\/wp-json\/wp\/v2\/comments?post=15414"}],"wp:featuredmedia":[{"embeddable":true,"href":"https:\/\/www.hydraulic-cylinders.net\/es\/wp-json\/wp\/v2\/media\/14765"}],"wp:attachment":[{"href":"https:\/\/www.hydraulic-cylinders.net\/es\/wp-json\/wp\/v2\/media?parent=15414"}],"wp:term":[{"taxonomy":"product_brand","embeddable":true,"href":"https:\/\/www.hydraulic-cylinders.net\/es\/wp-json\/wp\/v2\/product_brand?post=15414"},{"taxonomy":"product_cat","embeddable":true,"href":"https:\/\/www.hydraulic-cylinders.net\/es\/wp-json\/wp\/v2\/product_cat?post=15414"},{"taxonomy":"product_tag","embeddable":true,"href":"https:\/\/www.hydraulic-cylinders.net\/es\/wp-json\/wp\/v2\/product_tag?post=15414"}],"curies":[{"name":"wp","href":"https:\/\/api.w.org\/{rel}","templated":true}]}}