{"id":15424,"date":"2025-01-19T14:30:51","date_gmt":"2025-01-19T14:30:51","guid":{"rendered":"https:\/\/www.hydraulic-cylinders.net\/product\/bucket-cylinder-for-sany-small-excavator-sy60c-9\/"},"modified":"2025-01-19T14:30:53","modified_gmt":"2025-01-19T14:30:53","slug":"bucket-cylinder-for-sany-small-excavator-sy60c-9","status":"publish","type":"product","link":"https:\/\/www.hydraulic-cylinders.net\/es\/producto\/bucket-cylinder-for-sany-small-excavator-sy60c-9\/","title":{"rendered":"Cilindro de cuchar\u00f3n para excavadora peque\u00f1a Sany SY60C-9"},"content":{"rendered":"<h1>Cilindro de cuchar\u00f3n para excavadora peque\u00f1a Sany SY60C-9<\/h1>\n<h2>Introducci\u00f3n<\/h2>\n<p>El cilindro del cuchar\u00f3n para la excavadora peque\u00f1a Sany SY60C-9 es un cilindro hidr\u00e1ulico dise\u00f1ado para controlar el movimiento del cuchar\u00f3n en maquinaria pesada como excavadoras, retroexcavadoras y cargadoras. Su funci\u00f3n principal es elevar, bajar e inclinar el cuchar\u00f3n para una manipulaci\u00f3n eficiente de materiales. En el sistema hidr\u00e1ulico, el cilindro del cuchar\u00f3n controla con precisi\u00f3n el movimiento del cuchar\u00f3n mediante la presi\u00f3n del aceite hidr\u00e1ulico, lo que permite a los operadores manipular cargas pesadas con eficiencia y adaptarse a entornos de trabajo complejos y a diversos requisitos.<\/p>\n<p><img decoding=\"async\" src=\"https:\/\/www.hydraulic-cylinders.net\/wp-content\/uploads\/2025\/01\/songte-company-2.webp\" alt=\"Cilindro de cuchar\u00f3n para excavadora peque\u00f1a Sany SY60C-9\"><\/p>\n<h2>Caracter\u00edsticas<\/h2>\n<ul>\n<li>Alta resistencia y durabilidad: generalmente fabricados en acero o aluminio de alta resistencia, pueden soportar alta presi\u00f3n y cargas pesadas, y est\u00e1n dise\u00f1ados teniendo en cuenta la resistencia al desgaste y la corrosi\u00f3n, lo que extiende su vida \u00fatil.<\/li>\n<li>Operaci\u00f3n hidr\u00e1ulica eficiente: utiliza la presi\u00f3n del aceite hidr\u00e1ulico para lograr una extensi\u00f3n y retracci\u00f3n suaves, capaz de responder r\u00e1pidamente a los comandos de control, proporcionando una poderosa fuerza de empuje y tracci\u00f3n adecuada para manipular cargas pesadas y tareas laborales complejas.<\/li>\n<li>Diversos tipos: Disponibles en cilindros de simple efecto (hidr\u00e1ulicos en un solo sentido) o doble efecto (hidr\u00e1ulicos en ambos sentidos) para satisfacer diversas necesidades operativas. Algunos modelos son telesc\u00f3picos, lo que permite una mayor extensi\u00f3n sin aumentar las dimensiones externas, ideal para aplicaciones con espacio limitado.<\/li>\n<li>Nuestro producto puede sustituir perfectamente a estos cilindros hidr\u00e1ulicos.<\/li>\n<\/ul>\n<p><img decoding=\"async\" src=\"https:\/\/www.hydraulic-cylinders.net\/wp-content\/uploads\/2025\/01\/songte-cylinder-head-with-all-kinds-excavator-models.webp\" alt=\"Cilindro de cuchar\u00f3n para excavadora peque\u00f1a Sany SY60C-9\"><\/p>\n<h2>Aplicaciones<\/h2>\n<ul>\n<li>Equipos de construcci\u00f3n: En las excavadoras, son fundamentales para excavar, cargar y mover tierra o escombros. En las retroexcavadoras, los cilindros del cuchar\u00f3n facilitan la excavaci\u00f3n y la elevaci\u00f3n. En las cargadoras, ayudan a elevar y descargar la carga eficazmente.<\/li>\n<li>Maquinaria agr\u00edcola: Se utiliza en cargadoras frontales para recoger, levantar y transportar tierra, heno y otros materiales. En las excavadoras, el cilindro del cuchar\u00f3n facilita la excavaci\u00f3n al permitir que el cuchar\u00f3n penetre en el suelo. En las cargadoras, ayuda a levantar e inclinar la carga eficazmente.<\/li>\n<\/ul>\n<h2>Consideraciones de dise\u00f1o y criterios de selecci\u00f3n<\/h2>\n<ul>\n<li>Capacidad de carga: Dise\u00f1ado para soportar alta presi\u00f3n y cargas pesadas.<\/li>\n<li>Sellado: Utiliza varios componentes de sellado como sellos de pist\u00f3n, sellos de varilla, etc., hechos de materiales resistentes al desgaste como poliuretano y caucho de nitrilo, y el cuerpo del cilindro y los extremos roscados est\u00e1n finamente procesados \u200b\u200bpara mejorar la resistencia al desgaste.<\/li>\n<li>Durabilidad: Fabricado con materiales de alta resistencia y dise\u00f1ado teniendo en cuenta la resistencia al desgaste y la corrosi\u00f3n, lo que prolonga su vida \u00fatil.<\/li>\n<li>Seguridad: Dise\u00f1ado teniendo en cuenta la seguridad, garantizando un funcionamiento seguro y confiable.<\/li>\n<li>Mantenibilidad: Se puede mantener y reparar f\u00e1cilmente para minimizar el tiempo de inactividad.<\/li>\n<\/ul>\n<p><img decoding=\"async\" src=\"https:\/\/www.hydraulic-cylinders.net\/wp-content\/uploads\/2025\/01\/songte-oil-pipes-and-spare-parts.webp\" alt=\"Cilindro de cuchar\u00f3n para excavadora peque\u00f1a Sany SY60C-9\"><\/p>\n<h2>Sellado y lubricaci\u00f3n<\/h2>\n<p>El cilindro del cuchar\u00f3n utiliza diversos componentes de sellado, como sellos de pist\u00f3n, sellos de v\u00e1stago, etc., fabricados con materiales resistentes al desgaste como poliuretano y caucho de nitrilo. El cuerpo del cilindro y los extremos roscados est\u00e1n finamente procesados \u200b\u200bpara mejorar la resistencia al desgaste. Debe lubricarse regularmente con el aceite hidr\u00e1ulico adecuado para garantizar un funcionamiento fluido.<\/p>\n<h2>Mantenimiento y reparaci\u00f3n<\/h2>\n<ul>\n<li>Inspecci\u00f3n peri\u00f3dica: inspeccione peri\u00f3dicamente el cilindro y sus componentes para detectar signos de desgaste o da\u00f1os.<\/li>\n<li>Lubricaci\u00f3n: Lubrique peri\u00f3dicamente el cilindro con aceite hidr\u00e1ulico adecuado.<\/li>\n<li>Reemplazo de sellos: reemplace los sellos seg\u00fan sea necesario para garantizar un sellado adecuado y evitar fugas.<\/li>\n<li>Comprobaci\u00f3n de calibraci\u00f3n: Compruebe peri\u00f3dicamente la calibraci\u00f3n para garantizar un funcionamiento correcto.<\/li>\n<\/ul>\n<p><img decoding=\"async\" src=\"https:\/\/www.hydraulic-cylinders.net\/wp-content\/uploads\/2025\/01\/songte-chushion-collar.webp\" alt=\"Cilindro de cuchar\u00f3n para excavadora peque\u00f1a Sany SY60C-9\"><\/p>\n<h2>Consideraciones de seguridad y factores ambientales<\/h2>\n<p>Al utilizar el cilindro del cuchar\u00f3n, es importante seguir las medidas de seguridad adecuadas para evitar lesiones o da\u00f1os. Tambi\u00e9n es fundamental considerar el impacto ambiental de los sistemas hidr\u00e1ulicos y desechar los fluidos hidr\u00e1ulicos correctamente.<\/p>\n<h2>Soluci\u00f3n de problemas y problemas comunes<\/h2>\n<p>Los problemas comunes con los cilindros de cangilones incluyen fugas, bajo rendimiento y funcionalidad reducida. Estos problemas suelen resolverse mediante un mantenimiento y una reparaci\u00f3n adecuados, que incluyen el reemplazo de sellos, la verificaci\u00f3n de la calibraci\u00f3n y la lubricaci\u00f3n.<\/p>\n<p><img decoding=\"async\" src=\"https:\/\/www.hydraulic-cylinders.net\/wp-content\/uploads\/2025\/01\/songte-bushings-with-all-kinds-of-excavator-models.webp\" alt=\"Cilindro de cuchar\u00f3n para excavadora peque\u00f1a Sany SY60C-9\"><\/p>\n<h2>Acerca de nuestra empresa<\/h2>\n<p>Somos fabricantes de cilindros hidr\u00e1ulicos y ofrecemos una gama completa de productos, convirti\u00e9ndonos en uno de los principales fabricantes y distribuidores mayoristas de cilindros hidr\u00e1ulicos en el mercado nacional e internacional. Nos adherimos al principio de excelente calidad, nos basamos en estrategias de gesti\u00f3n de producci\u00f3n industrializadas en talleres de alta calidad, mejoramos constantemente nuestras plataformas de fabricaci\u00f3n, optimizamos la calidad de nuestros productos y contamos con una s\u00f3lida capacidad de innovaci\u00f3n para satisfacer las diversas necesidades de nuestros clientes con alta eficiencia, precisi\u00f3n y calidad.<\/p>\n<p><img decoding=\"async\" src=\"https:\/\/hzpt.com\/wp-content\/uploads\/2024\/11\/songte-company-1.webp\" alt=\"Cilindro de cuchar\u00f3n para excavadora peque\u00f1a Sany SY60C-9\"><\/p>\n<h3>Nuestras especialidades<\/h3>\n<ul>\n<li>Profesionalismo: Contamos con un equipo de ingenieros y t\u00e9cnicos profesionales que est\u00e1n comprometidos a proporcionar cilindros hidr\u00e1ulicos de alta calidad.<\/li>\n<li>Certificaci\u00f3n Internacional: Nuestros productos han pasado varias certificaciones internacionales, lo que garantiza su confiabilidad y seguridad.<\/li>\n<li>Personalizaci\u00f3n: Ofrecemos servicios personalizados para satisfacer las necesidades espec\u00edficas de nuestros clientes.<\/li>\n<li>Equipo de producci\u00f3n: Utilizamos equipos de producci\u00f3n avanzados, incluidas m\u00e1quinas CNC y sistemas de prueba, para garantizar la calidad y la consistencia del producto.<\/li>\n<li>Servicio posventa: Brindamos un servicio posventa integral, que incluye servicios de mantenimiento, reparaci\u00f3n y reemplazo.<\/li>\n<\/ul>\n<p>Autor: lyl<\/p>","protected":false},"excerpt":{"rendered":"<p>Bucket Cylinder For Sany Small Excavator SY60C-9 Introduction The bucket cylinder for Sany small excavator SY60C-9 is a hydraulic cylinder designed to control the movement of the bucket in heavy machinery such as excavators, backhoes, and loaders. Its main function is to lift, lower, and tilt the bucket for efficient material handling tasks. In the [&hellip;]<\/p>","protected":false},"featured_media":14778,"comment_status":"open","ping_status":"closed","template":"","meta":{"_et_pb_use_builder":"","_et_pb_old_content":"","_et_gb_content_width":""},"product_brand":[],"product_cat":[1494],"product_tag":[1495,1496],"class_list":{"0":"post-15424","1":"product","2":"type-product","3":"status-publish","4":"has-post-thumbnail","6":"product_cat-bucket-cylinders","7":"product_tag-bucket-cylinders","8":"product_tag-hydraulic-cylinders","10":"first","11":"instock","12":"shipping-taxable","13":"product-type-simple"},"amp_enabled":true,"_links":{"self":[{"href":"https:\/\/www.hydraulic-cylinders.net\/es\/wp-json\/wp\/v2\/product\/15424","targetHints":{"allow":["GET"]}}],"collection":[{"href":"https:\/\/www.hydraulic-cylinders.net\/es\/wp-json\/wp\/v2\/product"}],"about":[{"href":"https:\/\/www.hydraulic-cylinders.net\/es\/wp-json\/wp\/v2\/types\/product"}],"replies":[{"embeddable":true,"href":"https:\/\/www.hydraulic-cylinders.net\/es\/wp-json\/wp\/v2\/comments?post=15424"}],"wp:featuredmedia":[{"embeddable":true,"href":"https:\/\/www.hydraulic-cylinders.net\/es\/wp-json\/wp\/v2\/media\/14778"}],"wp:attachment":[{"href":"https:\/\/www.hydraulic-cylinders.net\/es\/wp-json\/wp\/v2\/media?parent=15424"}],"wp:term":[{"taxonomy":"product_brand","embeddable":true,"href":"https:\/\/www.hydraulic-cylinders.net\/es\/wp-json\/wp\/v2\/product_brand?post=15424"},{"taxonomy":"product_cat","embeddable":true,"href":"https:\/\/www.hydraulic-cylinders.net\/es\/wp-json\/wp\/v2\/product_cat?post=15424"},{"taxonomy":"product_tag","embeddable":true,"href":"https:\/\/www.hydraulic-cylinders.net\/es\/wp-json\/wp\/v2\/product_tag?post=15424"}],"curies":[{"name":"wp","href":"https:\/\/api.w.org\/{rel}","templated":true}]}}