{"id":15427,"date":"2025-01-19T14:31:04","date_gmt":"2025-01-19T14:31:04","guid":{"rendered":"https:\/\/www.hydraulic-cylinders.net\/product\/bucket-cylinder-for-sany-small-excavator-sy130c-9\/"},"modified":"2025-01-19T14:31:06","modified_gmt":"2025-01-19T14:31:06","slug":"bucket-cylinder-for-sany-small-excavator-sy130c-9","status":"publish","type":"product","link":"https:\/\/www.hydraulic-cylinders.net\/es\/producto\/bucket-cylinder-for-sany-small-excavator-sy130c-9\/","title":{"rendered":"Cilindro de cuchar\u00f3n para excavadora peque\u00f1a Sany SY130C-9"},"content":{"rendered":"<h1>Cilindro de cuchar\u00f3n para excavadora peque\u00f1a Sany SY130C-9<\/h1>\n<h2>Introducci\u00f3n<\/h2>\n<p>El cilindro del cuchar\u00f3n es un cilindro hidr\u00e1ulico especialmente dise\u00f1ado que se utiliza para controlar el movimiento del cuchar\u00f3n en maquinaria pesada como excavadoras, retroexcavadoras y cargadoras frontales. Su funci\u00f3n principal es permitir la elevaci\u00f3n, el descenso y la inclinaci\u00f3n del cuchar\u00f3n, facilitando la realizaci\u00f3n de diversas tareas de manipulaci\u00f3n de materiales. En el sistema hidr\u00e1ulico, el cilindro del cuchar\u00f3n logra un control preciso del cuchar\u00f3n variando la presi\u00f3n del aceite hidr\u00e1ulico, lo que permite a los operadores manipular cargas pesadas con eficiencia y adaptarse a entornos de trabajo complejos y diversas necesidades operativas.<\/p>\n<p><img decoding=\"async\" src=\"https:\/\/www.hydraulic-cylinders.net\/wp-content\/uploads\/2025\/01\/songte-company-2.webp\" alt=\"Imagen del cilindro del cubo\"><\/p>\n<h2>Caracter\u00edsticas<\/h2>\n<ul>\n<li>Alta resistencia y durabilidad: Fabricado generalmente en acero o aluminio de alta resistencia, el cilindro del cuchar\u00f3n puede soportar alta presi\u00f3n y cargas pesadas, adapt\u00e1ndose a entornos de trabajo hostiles. Su dise\u00f1o considera la resistencia al desgaste y a la corrosi\u00f3n, lo que prolonga su vida \u00fatil.<\/li>\n<li>Operaci\u00f3n hidr\u00e1ulica eficiente: al utilizar la presi\u00f3n del aceite hidr\u00e1ulico, el cilindro del cuchar\u00f3n logra acciones suaves de extensi\u00f3n y retracci\u00f3n, lo que permite una respuesta r\u00e1pida a los comandos de control y proporciona poderosas fuerzas de empuje y tracci\u00f3n adecuadas para manipular cargas pesadas y tareas complejas.<\/li>\n<li>Varios tipos: El cilindro del cuchar\u00f3n puede seleccionarse como de simple efecto (hidr\u00e1ulico en una sola direcci\u00f3n) o de doble efecto (hidr\u00e1ulico en ambas direcciones) seg\u00fan las necesidades operativas espec\u00edficas. Algunos modelos son telesc\u00f3picos, lo que permite una mayor extensi\u00f3n sin aumentar las dimensiones externas, lo que los hace ideales para aplicaciones con espacio limitado.<\/li>\n<li>Reemplazo perfecto: Nuestros productos pueden reemplazar perfectamente estos cilindros hidr\u00e1ulicos.<\/li>\n<\/ul>\n<p><img decoding=\"async\" src=\"https:\/\/www.hydraulic-cylinders.net\/wp-content\/uploads\/2025\/01\/songte-cylinder-head-with-all-kinds-excavator-models.webp\" alt=\"Imagen de reemplazo de producto\"><\/p>\n<h2>Aplicaciones<\/h2>\n<p>El cilindro de cuchara encuentra aplicaciones en diversos equipos de construcci\u00f3n:<\/p>\n<ul>\n<li>Excavadoras: Esenciales para excavar, cargar y mover tierra o escombros. El cilindro del cuchar\u00f3n facilita la excavaci\u00f3n al permitir que el cuchar\u00f3n penetre en el suelo.<\/li>\n<li>Retroexcavadoras: ayudan en operaciones de excavaci\u00f3n y elevaci\u00f3n.<\/li>\n<li>Maquinaria agr\u00edcola: Se utiliza en cargadores frontales para recoger, levantar y transportar tierra, heno y otros materiales.<\/li>\n<li>Cargadores frontales: ayudan a levantar y descargar mercanc\u00edas de manera eficaz.<\/li>\n<\/ul>\n<h2>Consideraciones de dise\u00f1o y criterios de selecci\u00f3n<\/h2>\n<p>Cuando se trata de consideraciones de dise\u00f1o y criterios de selecci\u00f3n para cilindros de cangilones, los siguientes factores son cruciales:<\/p>\n<ul>\n<li>Capacidad de carga: El cilindro debe cumplir con los requisitos de carga de la aplicaci\u00f3n espec\u00edfica.<\/li>\n<li>Sellado: Para garantizar un sellado eficaz se utilizan diversos elementos de sellado, como sellos de pist\u00f3n y sellos de v\u00e1stago fabricados con materiales resistentes al desgaste como poliuretano y caucho de nitrilo.<\/li>\n<li>Durabilidad: El cuerpo del cilindro y los extremos roscados se someten a un procesamiento preciso para mejorar la resistencia al desgaste.<\/li>\n<li>Seguridad: Se deben integrar caracter\u00edsticas de seguridad en el dise\u00f1o para evitar accidentes y garantizar la protecci\u00f3n del operador.<\/li>\n<li>Mantenibilidad: Es importante un f\u00e1cil acceso para mantenimiento y reparaci\u00f3n, y se debe realizar una lubricaci\u00f3n adecuada peri\u00f3dicamente para mejorar la longevidad del cilindro.<\/li>\n<\/ul>\n<p><img decoding=\"async\" src=\"https:\/\/www.hydraulic-cylinders.net\/wp-content\/uploads\/2025\/01\/songte-oil-pipes-and-spare-parts.webp\" alt=\"Imagen de sellado y lubricaci\u00f3n\"><\/p>\n<h2>Medidas de mantenimiento y prevenci\u00f3n<\/h2>\n<p>Para garantizar un rendimiento \u00f3ptimo y la longevidad del cilindro del cuchar\u00f3n, se recomiendan las siguientes medidas de mantenimiento y prevenci\u00f3n:<\/p>\n<ul>\n<li>Inspecciones regulares<\/li>\n<li>Lubricaci\u00f3n adecuada<\/li>\n<li>Reemplazo del sello<\/li>\n<li>Comprobaciones de calibraci\u00f3n<\/li>\n<\/ul>\n<p><img decoding=\"async\" src=\"https:\/\/www.hydraulic-cylinders.net\/wp-content\/uploads\/2025\/01\/songte-chushion-collar.webp\" alt=\"Imagen de tareas de mantenimiento\"><\/p>\n<h2>Consideraciones de seguridad y factores ambientales<\/h2>\n<p>Al utilizar el cilindro de la cuchara, es fundamental priorizar las medidas de seguridad. Una instalaci\u00f3n, un mantenimiento y un funcionamiento adecuados son esenciales para prevenir accidentes y garantizar un entorno de trabajo seguro. Tambi\u00e9n deben tenerse en cuenta factores ambientales, como la temperatura y la exposici\u00f3n a condiciones adversas, para garantizar el rendimiento \u00f3ptimo y la larga vida \u00fatil del cilindro.<\/p>\n<h2>Soluci\u00f3n de problemas y problemas comunes<\/h2>\n<p>En caso de cualquier problema con el cilindro del cuchar\u00f3n, los siguientes consejos y soluciones de resoluci\u00f3n de problemas pueden ayudar a diagnosticar y resolver los problemas:<\/p>\n<ul>\n<li>Alineaci\u00f3n adecuada durante la instalaci\u00f3n<\/li>\n<li>Inspecci\u00f3n y reparaci\u00f3n peri\u00f3dicas<\/li>\n<li>Servicios de reemplazo y reconstrucci\u00f3n de componentes<\/li>\n<\/ul>\n<p><img decoding=\"async\" src=\"https:\/\/www.hydraulic-cylinders.net\/wp-content\/uploads\/2025\/01\/songte-bushings-with-all-kinds-of-excavator-models.webp\" alt=\"Soluci\u00f3n de problemas de imagen\"><\/p>\n<p>Recuerde organizar el art\u00edculo de forma l\u00f3gica, utilizar subt\u00edtulos para facilitar la navegaci\u00f3n, incorporar im\u00e1genes o gr\u00e1ficos relevantes para una mejor comprensi\u00f3n y garantizar la claridad, concisi\u00f3n y accesibilidad del contenido para lectores con diferentes niveles de conocimiento t\u00e9cnico.<\/p>\n<h2>Acerca de nuestra empresa<\/h2>\n<p>Somos un fabricante y distribuidor mayorista l\u00edder de cilindros hidr\u00e1ulicos en los mercados nacional e internacional. Nuestra empresa ofrece una amplia gama de productos y sigue una estrategia de gesti\u00f3n de la producci\u00f3n basada en la excelente calidad y la producci\u00f3n industrializada en nuestro refinado taller. Gracias a nuestro equipo de talentosos t\u00e9cnicos, equipos de fabricaci\u00f3n digitales de alta gama y sistemas de prueba profesionales, mejoramos continuamente nuestra plataforma de fabricaci\u00f3n y nuestra l\u00ednea de producci\u00f3n de calidad. Tenemos una s\u00f3lida capacidad para satisfacer las diversas necesidades de nuestros clientes con alta eficiencia, precisi\u00f3n y calidad.<\/p>\n<p><img decoding=\"async\" src=\"https:\/\/www.hydraulic-cylinders.net\/wp-content\/uploads\/2025\/01\/songte-company-3.webp\" alt=\"Imagen de la empresa\"><\/p>\n<h3>Profesionalismo<\/h3>\n<p>Priorizamos el profesionalismo en cada aspecto de nuestras operaciones, asegurando los m\u00e1s altos est\u00e1ndares en nuestros productos y servicios.<\/p>\n<h3>Certificaciones internacionales<\/h3>\n<p>Hemos obtenido diversas certificaciones internacionales, demostrando nuestro compromiso con la calidad y el cumplimiento de los est\u00e1ndares globales.<\/p>\n<h3>Servicios de personalizaci\u00f3n<\/h3>\n<p>Ofrecemos servicios de personalizaci\u00f3n para satisfacer los requisitos \u00fanicos de nuestros clientes, proporcionando soluciones personalizadas para sus aplicaciones espec\u00edficas.<\/p>\n<h3>Equipos de producci\u00f3n<\/h3>\n<p>Utilizamos equipos de producci\u00f3n avanzados para garantizar precisi\u00f3n y eficiencia en nuestros procesos de fabricaci\u00f3n, dando como resultado productos de alta calidad.<\/p>\n<h3>Servicio posventa<\/h3>\n<p>Brindamos un servicio posventa integral, que incluye reemplazo de piezas y servicios de reconstrucci\u00f3n, para mejorar la vida \u00fatil de nuestros productos y apoyar a nuestros clientes.<\/p>\n<p><img decoding=\"async\" src=\"https:\/\/hzpt.com\/wp-content\/uploads\/2024\/11\/songte-company-1.webp\" alt=\"Imagen de la empresa\"><\/p>\n<p>Autor: lyl<\/p>","protected":false},"excerpt":{"rendered":"<p>Bucket Cylinder For Sany Small Excavator SY130C-9 Introduction The bucket cylinder is a specially designed hydraulic cylinder used to control the movement of the bucket in heavy machinery such as excavators, backhoe loaders, and front loaders. Its main function is to enable the lifting, lowering, and tilting of the bucket, making it easier to handle [&hellip;]<\/p>","protected":false},"featured_media":14771,"comment_status":"open","ping_status":"closed","template":"","meta":{"_et_pb_use_builder":"","_et_pb_old_content":"","_et_gb_content_width":""},"product_brand":[],"product_cat":[1494],"product_tag":[1495,1496],"class_list":{"0":"post-15427","1":"product","2":"type-product","3":"status-publish","4":"has-post-thumbnail","6":"product_cat-bucket-cylinders","7":"product_tag-bucket-cylinders","8":"product_tag-hydraulic-cylinders","10":"first","11":"instock","12":"shipping-taxable","13":"product-type-simple"},"amp_enabled":true,"_links":{"self":[{"href":"https:\/\/www.hydraulic-cylinders.net\/es\/wp-json\/wp\/v2\/product\/15427","targetHints":{"allow":["GET"]}}],"collection":[{"href":"https:\/\/www.hydraulic-cylinders.net\/es\/wp-json\/wp\/v2\/product"}],"about":[{"href":"https:\/\/www.hydraulic-cylinders.net\/es\/wp-json\/wp\/v2\/types\/product"}],"replies":[{"embeddable":true,"href":"https:\/\/www.hydraulic-cylinders.net\/es\/wp-json\/wp\/v2\/comments?post=15427"}],"wp:featuredmedia":[{"embeddable":true,"href":"https:\/\/www.hydraulic-cylinders.net\/es\/wp-json\/wp\/v2\/media\/14771"}],"wp:attachment":[{"href":"https:\/\/www.hydraulic-cylinders.net\/es\/wp-json\/wp\/v2\/media?parent=15427"}],"wp:term":[{"taxonomy":"product_brand","embeddable":true,"href":"https:\/\/www.hydraulic-cylinders.net\/es\/wp-json\/wp\/v2\/product_brand?post=15427"},{"taxonomy":"product_cat","embeddable":true,"href":"https:\/\/www.hydraulic-cylinders.net\/es\/wp-json\/wp\/v2\/product_cat?post=15427"},{"taxonomy":"product_tag","embeddable":true,"href":"https:\/\/www.hydraulic-cylinders.net\/es\/wp-json\/wp\/v2\/product_tag?post=15427"}],"curies":[{"name":"wp","href":"https:\/\/api.w.org\/{rel}","templated":true}]}}