{"id":15428,"date":"2025-01-19T14:31:07","date_gmt":"2025-01-19T14:31:07","guid":{"rendered":"https:\/\/www.hydraulic-cylinders.net\/product\/bucket-cylinder-for-sany-small-excavator-sy155c-9\/"},"modified":"2025-01-19T14:31:09","modified_gmt":"2025-01-19T14:31:09","slug":"bucket-cylinder-for-sany-small-excavator-sy155c-9","status":"publish","type":"product","link":"https:\/\/www.hydraulic-cylinders.net\/es\/producto\/bucket-cylinder-for-sany-small-excavator-sy155c-9\/","title":{"rendered":"Cilindro de cuchar\u00f3n para excavadora peque\u00f1a Sany SY155C-9"},"content":{"rendered":"<p><!DOCTYPE html><br \/>\n<html><br \/>\n<head><br \/>\n\t<title>Cilindro de cuchar\u00f3n para excavadora peque\u00f1a Sany SY155C-9<\/title><br \/>\n<\/head><br \/>\n<body><\/p>\n<h1>Cilindro de cuchar\u00f3n para excavadora peque\u00f1a Sany SY155C-9<\/h1>\n<h2>Introducci\u00f3n<\/h2>\n<p>El cilindro del cuchar\u00f3n es un cilindro hidr\u00e1ulico especialmente dise\u00f1ado que se utiliza para controlar el movimiento del cuchar\u00f3n en maquinaria pesada, como excavadoras, retroexcavadoras y cargadoras frontales. Su funci\u00f3n principal es permitir que el cuchar\u00f3n se eleve, baje e incline, facilitando diversas tareas de manipulaci\u00f3n de materiales. En el sistema hidr\u00e1ulico, el cilindro del cuchar\u00f3n logra un control preciso del cuchar\u00f3n aprovechando los cambios en la presi\u00f3n del aceite hidr\u00e1ulico, lo que permite a los operadores manipular cargas pesadas con eficiencia y adaptarse a entornos de trabajo complejos y a diversos requisitos.<\/p>\n<p>\t<img decoding=\"async\" src=\"https:\/\/www.hydraulic-cylinders.net\/wp-content\/uploads\/2025\/01\/songte-company-2.webp\" alt=\"Imagen del cilindro del cubo\"><\/p>\n<h2>Caracter\u00edsticas<\/h2>\n<ul>\n<li>Alta resistencia y durabilidad: Fabricado generalmente en acero o aluminio de alta resistencia, el cilindro del cuchar\u00f3n soporta alta presi\u00f3n y cargas pesadas, adapt\u00e1ndose a entornos de trabajo hostiles. Su dise\u00f1o considera la resistencia al desgaste y a la corrosi\u00f3n, lo que prolonga su vida \u00fatil.<\/li>\n<li>Operaci\u00f3n hidr\u00e1ulica eficiente: al utilizar la presi\u00f3n del aceite hidr\u00e1ulico, el cilindro del cuchar\u00f3n logra una extensi\u00f3n y retracci\u00f3n suaves, lo que permite una respuesta r\u00e1pida a los comandos de control y proporciona poderosas fuerzas de empuje y tracci\u00f3n, adecuadas para manipular cargas pesadas y tareas laborales complejas.<\/li>\n<li>Tipos vers\u00e1tiles: El cilindro del cuchar\u00f3n puede seleccionarse como de simple efecto (hidr\u00e1ulico en una sola direcci\u00f3n) o de doble efecto (hidr\u00e1ulico en ambas direcciones) seg\u00fan los requisitos operativos espec\u00edficos. Algunos modelos son telesc\u00f3picos, lo que permite una mayor extensi\u00f3n sin aumentar las dimensiones externas, ideal para aplicaciones con espacio limitado.<\/li>\n<li>Reemplazo perfecto para cilindros hidr\u00e1ulicos: Nuestros productos pueden reemplazar perfectamente los cilindros hidr\u00e1ulicos existentes, ofreciendo la misma funcionalidad y rendimiento.<\/li>\n<\/ul>\n<p>\t<img decoding=\"async\" src=\"https:\/\/www.hydraulic-cylinders.net\/wp-content\/uploads\/2025\/01\/songte-cylinder-head-with-all-kinds-excavator-models.webp\" alt=\"Imagen de cilindro hidr\u00e1ulico\"><\/p>\n<h2>Aplicaciones<\/h2>\n<p>El cilindro de cuchara encuentra aplicaciones en diversas industrias, entre ellas:<\/p>\n<ul>\n<li>Equipos de construcci\u00f3n: Son esenciales para las excavadoras, ya que facilitan la excavaci\u00f3n, la carga y el movimiento de tierra o escombros. En las retroexcavadoras, el cilindro del cuchar\u00f3n facilita tanto la excavaci\u00f3n como la elevaci\u00f3n.<\/li>\n<li>Maquinaria agr\u00edcola: Se utiliza en cargadoras frontales para recoger, levantar y transportar tierra, heno y otros materiales.<\/li>\n<li>Excavadoras: El cilindro del cuchar\u00f3n permite realizar acciones de excavaci\u00f3n al permitir que el cuchar\u00f3n penetre en el suelo.<\/li>\n<li>Cargadores: En los cargadores frontales, ayudan a levantar y descargar mercanc\u00edas de manera eficaz.<\/li>\n<\/ul>\n<h2>Consideraciones de dise\u00f1o y criterios de selecci\u00f3n<\/h2>\n<p>En cuanto a consideraciones de dise\u00f1o, factores clave como la capacidad de carga, el sellado, la durabilidad, la seguridad y la facilidad de mantenimiento son esenciales. A continuaci\u00f3n, se presentan algunos puntos a considerar:<\/p>\n<p>\t<img decoding=\"async\" src=\"https:\/\/www.hydraulic-cylinders.net\/wp-content\/uploads\/2025\/01\/songte-oil-pipes-and-spare-parts.webp\" alt=\"Imagen de piezas del cilindro hidr\u00e1ulico\"><\/p>\n<ul>\n<li>Capacidad de carga: El cilindro del cuchar\u00f3n debe estar dise\u00f1ado para soportar las cargas previstas que encontrar\u00e1 durante el funcionamiento.<\/li>\n<li>Sellado: Se utilizan diversos elementos de sellado, como sellos de pist\u00f3n y sellos de v\u00e1stago, fabricados con materiales resistentes al desgaste como poliuretano y caucho de nitrilo, para garantizar un sellado adecuado y evitar fugas.<\/li>\n<li>Durabilidad: El cuerpo del cilindro y los extremos roscados se someten a tratamientos superficiales meticulosos para mejorar la resistencia al desgaste y la longevidad.<\/li>\n<li>Seguridad: El dise\u00f1o debe incorporar caracter\u00edsticas de seguridad para prevenir accidentes y garantizar el bienestar del operador durante la operaci\u00f3n.<\/li>\n<li>Mantenibilidad: El f\u00e1cil acceso a los componentes, las piezas estandarizadas y las instrucciones claras para el mantenimiento y la reparaci\u00f3n contribuyen a la mantenibilidad general del cilindro del cuchar\u00f3n.<\/li>\n<\/ul>\n<h2>Sellado y lubricaci\u00f3n<\/h2>\n<p>El cilindro del cuchar\u00f3n utiliza diversos tipos de sellos, como sellos de pist\u00f3n y sellos de v\u00e1stago, fabricados con materiales resistentes al desgaste. El cuerpo del cilindro y los extremos roscados est\u00e1n tratados para aumentar la resistencia al desgaste. Es necesaria una lubricaci\u00f3n regular con la cantidad adecuada de aceite hidr\u00e1ulico para garantizar un funcionamiento correcto.<\/p>\n<h2>Medidas de mantenimiento y prevenci\u00f3n<\/h2>\n<ul>\n<li>Inspecciones regulares: Las comprobaciones peri\u00f3dicas son esenciales para identificar cualquier problema o potencial problema con el cilindro del cuchar\u00f3n.<\/li>\n<li>Lubricaci\u00f3n adecuada: una lubricaci\u00f3n adecuada ayuda a prevenir la fricci\u00f3n y mantener un funcionamiento suave.<\/li>\n<li>Reemplazo de sellos: si alg\u00fan sello est\u00e1 desgastado o da\u00f1ado, debe reemplazarse r\u00e1pidamente para evitar fugas.<\/li>\n<li>Comprobaciones de calibraci\u00f3n: La calibraci\u00f3n regular garantiza que el cilindro del cuchar\u00f3n funcione con precisi\u00f3n.<\/li>\n<\/ul>\n<p>\t<img decoding=\"async\" src=\"https:\/\/www.hydraulic-cylinders.net\/wp-content\/uploads\/2025\/01\/songte-chushion-collar.webp\" alt=\"Imagen de piezas del cilindro hidr\u00e1ulico\"><\/p>\n<h2>Consideraciones de seguridad y factores ambientales<\/h2>\n<p>Al utilizar cilindros hidr\u00e1ulicos, es fundamental priorizar las medidas de seguridad para prevenir accidentes y garantizar un entorno de trabajo seguro. La capacitaci\u00f3n adecuada, el cumplimiento de las normas de seguridad y el mantenimiento del equipo son esenciales.<\/p>\n<h2>Diagn\u00f3stico de fallas y problemas comunes<\/h2>\n<p>Algunos problemas comunes que pueden surgir con el cilindro del cuchar\u00f3n incluyen fugas, rendimiento reducido y funcionamiento anormal. A continuaci\u00f3n, se ofrecen algunos consejos y soluciones para la resoluci\u00f3n de problemas:<\/p>\n<p>\t<img decoding=\"async\" src=\"https:\/\/www.hydraulic-cylinders.net\/wp-content\/uploads\/2025\/01\/songte-bushings-with-all-kinds-of-excavator-models.webp\" alt=\"Imagen de bujes de cilindros hidr\u00e1ulicos\"><\/p>\n<ul>\n<li>Fugas: Revise y reemplace cualquier sello desgastado o da\u00f1ado. Aseg\u00farese de que la lubricaci\u00f3n sea adecuada y solucione cualquier problema potencial con el sistema hidr\u00e1ulico.<\/li>\n<li>Rendimiento reducido: Inspeccione el cilindro para detectar cualquier da\u00f1o o desalineaci\u00f3n que pueda afectar su funcionamiento. Ajuste o reemplace los componentes seg\u00fan sea necesario.<\/li>\n<li>Funcionamiento anormal: Analice el sistema hidr\u00e1ulico y compruebe si hay obstrucciones o fallos de funcionamiento. Realice las reparaciones o sustituciones necesarias.<\/li>\n<\/ul>\n<h2>Conclusi\u00f3n<\/h2>\n<p>En resumen, el cilindro del cuchar\u00f3n para la excavadora peque\u00f1a Sany SY155C-9 es un componente crucial en maquinaria pesada, lo que permite un manejo eficiente de materiales y tareas de excavaci\u00f3n. Su alta resistencia, durabilidad y versatilidad lo hacen ideal para diversas aplicaciones en la construcci\u00f3n, la agricultura y otras industrias. Nuestra empresa se especializa en la fabricaci\u00f3n y distribuci\u00f3n de cilindros hidr\u00e1ulicos de alta calidad, ofreciendo una amplia gama de productos que pueden reemplazar perfectamente los cilindros existentes. Gracias a nuestro compromiso con la excelencia y a nuestras avanzadas capacidades de fabricaci\u00f3n, nos esforzamos por satisfacer las diversas necesidades de nuestros clientes y ofrecer productos y servicios excepcionales.<\/p>\n<p>\t<img decoding=\"async\" src=\"https:\/\/www.hydraulic-cylinders.net\/wp-content\/uploads\/2025\/01\/songte-company-3.webp\" alt=\"Imagen de la empresa\"><\/p>\n<h3>Acerca de nuestra empresa<\/h3>\n<p>Somos un fabricante y distribuidor mayorista l\u00edder de cilindros hidr\u00e1ulicos en el mercado nacional e internacional. Nuestra amplia gama de productos y nuestra dedicaci\u00f3n a la calidad superior nos han posicionado como l\u00edderes del sector. Con un enfoque en el talento tecnol\u00f3gico, equipos de fabricaci\u00f3n avanzados y sistemas de prueba profesionales, mejoramos continuamente nuestra capacidad de producci\u00f3n y la calidad de nuestros productos. Nuestra empresa ofrece experiencia, certificaciones internacionales, servicios personalizados, equipos de producci\u00f3n de \u00faltima generaci\u00f3n y un excelente servicio posventa.<\/p>\n<p>\t<img decoding=\"async\" src=\"https:\/\/hzpt.com\/wp-content\/uploads\/2024\/11\/songte-company-1.webp\" alt=\"Imagen de la empresa\"><\/p>\n<p>Autor: lyl<\/p>\n<p><\/body><br \/>\n<\/html><\/p>","protected":false},"excerpt":{"rendered":"<p>Bucket Cylinder For Sany Small Excavator SY155C-9 Bucket Cylinder For Sany Small Excavator SY155C-9 Introduction The bucket cylinder is a specially designed hydraulic cylinder used to control the movement of the bucket in heavy machinery, such as excavators, backhoe loaders, and front loaders. Its main function is to allow the bucket to lift, lower, and [&hellip;]<\/p>","protected":false},"featured_media":14769,"comment_status":"open","ping_status":"closed","template":"","meta":{"_et_pb_use_builder":"","_et_pb_old_content":"","_et_gb_content_width":""},"product_brand":[],"product_cat":[1494],"product_tag":[1495,1496],"class_list":{"0":"post-15428","1":"product","2":"type-product","3":"status-publish","4":"has-post-thumbnail","6":"product_cat-bucket-cylinders","7":"product_tag-bucket-cylinders","8":"product_tag-hydraulic-cylinders","10":"first","11":"instock","12":"shipping-taxable","13":"product-type-simple"},"amp_enabled":true,"_links":{"self":[{"href":"https:\/\/www.hydraulic-cylinders.net\/es\/wp-json\/wp\/v2\/product\/15428","targetHints":{"allow":["GET"]}}],"collection":[{"href":"https:\/\/www.hydraulic-cylinders.net\/es\/wp-json\/wp\/v2\/product"}],"about":[{"href":"https:\/\/www.hydraulic-cylinders.net\/es\/wp-json\/wp\/v2\/types\/product"}],"replies":[{"embeddable":true,"href":"https:\/\/www.hydraulic-cylinders.net\/es\/wp-json\/wp\/v2\/comments?post=15428"}],"wp:featuredmedia":[{"embeddable":true,"href":"https:\/\/www.hydraulic-cylinders.net\/es\/wp-json\/wp\/v2\/media\/14769"}],"wp:attachment":[{"href":"https:\/\/www.hydraulic-cylinders.net\/es\/wp-json\/wp\/v2\/media?parent=15428"}],"wp:term":[{"taxonomy":"product_brand","embeddable":true,"href":"https:\/\/www.hydraulic-cylinders.net\/es\/wp-json\/wp\/v2\/product_brand?post=15428"},{"taxonomy":"product_cat","embeddable":true,"href":"https:\/\/www.hydraulic-cylinders.net\/es\/wp-json\/wp\/v2\/product_cat?post=15428"},{"taxonomy":"product_tag","embeddable":true,"href":"https:\/\/www.hydraulic-cylinders.net\/es\/wp-json\/wp\/v2\/product_tag?post=15428"}],"curies":[{"name":"wp","href":"https:\/\/api.w.org\/{rel}","templated":true}]}}