{"id":15434,"date":"2025-01-19T14:31:37","date_gmt":"2025-01-19T14:31:37","guid":{"rendered":"https:\/\/www.hydraulic-cylinders.net\/product\/bucket-cylinder-for-sany-middle-excavator-sy245cq\/"},"modified":"2025-01-19T14:31:39","modified_gmt":"2025-01-19T14:31:39","slug":"bucket-cylinder-for-sany-middle-excavator-sy245cq","status":"publish","type":"product","link":"https:\/\/www.hydraulic-cylinders.net\/es\/producto\/bucket-cylinder-for-sany-middle-excavator-sy245cq\/","title":{"rendered":"Cilindro de cuchar\u00f3n para excavadora intermedia Sany SY245CQ"},"content":{"rendered":"<h2>Cilindro de cuchar\u00f3n para excavadora intermedia Sany SY245CQ<\/h2>\n<p><img decoding=\"async\" src=\"https:\/\/www.hydraulic-cylinders.net\/wp-content\/uploads\/2025\/01\/songte-company-2.webp\" alt=\"Cilindro de cuchar\u00f3n para excavadora intermedia Sany SY245CQ\"\/><\/p>\n<h3>Introducci\u00f3n<\/h3>\n<p>El cilindro del cuchar\u00f3n para la excavadora intermedia Sany SY245CQ es un cilindro hidr\u00e1ulico especializado, dise\u00f1ado para controlar el movimiento del cuchar\u00f3n en maquinaria pesada como excavadoras, retroexcavadoras y cargadoras frontales. Su funci\u00f3n principal es permitir la elevaci\u00f3n, el descenso y la inclinaci\u00f3n del cuchar\u00f3n, facilitando la manipulaci\u00f3n de materiales. En el sistema hidr\u00e1ulico, el cilindro del cuchar\u00f3n controla con precisi\u00f3n el cuchar\u00f3n variando la presi\u00f3n del aceite hidr\u00e1ulico, lo que permite a los operadores manipular cargas pesadas con eficiencia y adaptarse a entornos de trabajo complejos y diversas necesidades operativas.<\/p>\n<p><img decoding=\"async\" src=\"https:\/\/www.hydraulic-cylinders.net\/wp-content\/uploads\/2025\/01\/songte-cylinder-head-with-all-kinds-excavator-models.webp\" alt=\"Cilindro de cuchar\u00f3n para excavadora intermedia Sany SY245CQ\"\/><\/p>\n<h3>Caracter\u00edsticas<\/h3>\n<ul>\n<li>Alta resistencia y durabilidad: Fabricado generalmente en acero o aluminio de alta resistencia, el cilindro del cuchar\u00f3n soporta alta presi\u00f3n y cargas pesadas, adapt\u00e1ndose a entornos de trabajo hostiles. Su dise\u00f1o considera la resistencia al desgaste y a la corrosi\u00f3n, lo que prolonga su vida \u00fatil.<\/li>\n<li>Operaci\u00f3n hidr\u00e1ulica eficiente: al utilizar la presi\u00f3n del aceite hidr\u00e1ulico, el cilindro del cuchar\u00f3n logra movimientos suaves de extensi\u00f3n y retracci\u00f3n, lo que permite una respuesta r\u00e1pida a los comandos de control y proporciona una poderosa fuerza de empuje y tracci\u00f3n, adecuada para manipular cargas pesadas y tareas operativas complejas.<\/li>\n<li>Varios tipos: El cilindro del cuchar\u00f3n puede seleccionarse como de simple efecto (presi\u00f3n hidr\u00e1ulica en una sola direcci\u00f3n) o de doble efecto (presi\u00f3n hidr\u00e1ulica en ambas direcciones) seg\u00fan las necesidades, satisfaciendo as\u00ed diferentes necesidades operativas. Algunos modelos son telesc\u00f3picos, lo que permite una mayor extensi\u00f3n sin aumentar las dimensiones externas, ideal para aplicaciones con espacio limitado.<\/li>\n<li>Reemplazo perfecto: Nuestros productos pueden reemplazar perfectamente estos cilindros hidr\u00e1ulicos.<\/li>\n<\/ul>\n<h3>Aplicaciones<\/h3>\n<p>El cilindro de cuchara encuentra su aplicaci\u00f3n en diversos equipos de construcci\u00f3n y agr\u00edcolas:<\/p>\n<p><strong>Equipos de construcci\u00f3n:<\/strong><\/p>\n<ul>\n<li>Excavadoras: El cilindro del cuchar\u00f3n facilita las acciones de excavaci\u00f3n y elevaci\u00f3n al permitir que el cuchar\u00f3n penetre en el suelo.<\/li>\n<li>Retroexcavadoras: El cilindro del cuchar\u00f3n ayuda tanto en las tareas de excavaci\u00f3n como de elevaci\u00f3n.<\/li>\n<\/ul>\n<p><strong>Maquinaria agr\u00edcola:<\/strong><\/p>\n<ul>\n<li>Cargadores frontales: se utilizan para recoger, levantar y transportar tierra, heno y otros materiales.<\/li>\n<\/ul>\n<p><img decoding=\"async\" src=\"https:\/\/www.hydraulic-cylinders.net\/wp-content\/uploads\/2025\/01\/songte-oil-pipes-and-spare-parts.webp\" alt=\"Cilindro de cuchar\u00f3n para excavadora intermedia Sany SY245CQ\"\/><\/p>\n<h3>Consideraciones de dise\u00f1o y criterios de selecci\u00f3n<\/h3>\n<p>Al dise\u00f1ar el cilindro del cuchar\u00f3n se tienen en cuenta varios factores clave:<\/p>\n<ul>\n<li>Capacidad de carga: El cilindro del cuchar\u00f3n est\u00e1 dise\u00f1ado para soportar la carga m\u00e1xima que encontrar\u00e1 en su aplicaci\u00f3n.<\/li>\n<li>Sellado: Varios componentes de sellado, como sellos de pist\u00f3n y sellos de v\u00e1stago hechos de materiales resistentes al desgaste como poliuretano y caucho de nitrilo, garantizan un sellado efectivo.<\/li>\n<li>Durabilidad: El cuerpo del cilindro y los extremos roscados se someten a un meticuloso tratamiento superficial para mejorar la resistencia al desgaste.<\/li>\n<li>Seguridad: El cilindro del cuchar\u00f3n est\u00e1 dise\u00f1ado con caracter\u00edsticas de seguridad para evitar accidentes durante la operaci\u00f3n.<\/li>\n<li>Mantenibilidad: En el dise\u00f1o se tienen en cuenta el f\u00e1cil acceso a los componentes y los procedimientos de mantenimiento adecuados.<\/li>\n<\/ul>\n<p><img decoding=\"async\" src=\"https:\/\/www.hydraulic-cylinders.net\/wp-content\/uploads\/2025\/01\/songte-bushings-with-all-kinds-of-excavator-models.webp\" alt=\"Cilindro de cuchar\u00f3n para excavadora intermedia Sany SY245CQ\"\/><\/p>\n<h3>Sellado y lubricaci\u00f3n<\/h3>\n<p>El cilindro del cuchar\u00f3n incorpora diversos sellos, como sellos de pist\u00f3n y sellos de v\u00e1stago, fabricados con materiales resistentes al desgaste como poliuretano y caucho de nitrilo. El cuerpo del cilindro y los extremos roscados est\u00e1n finamente procesados \u200b\u200bpara mejorar la resistencia al desgaste. Se requiere lubricaci\u00f3n regular con la cantidad adecuada de aceite hidr\u00e1ulico para garantizar un funcionamiento suave.<\/p>\n<h3>Inspecci\u00f3n regular y mantenimiento preventivo<\/h3>\n<p>La inspecci\u00f3n regular y el mantenimiento preventivo son esenciales para garantizar un rendimiento \u00f3ptimo y prolongar la vida \u00fatil del cilindro del cuchar\u00f3n. Algunas medidas recomendadas incluyen:<\/p>\n<ul>\n<li>Inspeccionar el cilindro para detectar cualquier signo de da\u00f1o o desgaste.<\/li>\n<li>Lubricaci\u00f3n adecuada de todas las piezas m\u00f3viles.<\/li>\n<li>Sustituir las juntas cuando sea necesario.<\/li>\n<li>Realizar comprobaciones de calibraci\u00f3n para mantener la precisi\u00f3n.<\/li>\n<\/ul>\n<p><img decoding=\"async\" src=\"https:\/\/www.hydraulic-cylinders.net\/wp-content\/uploads\/2025\/01\/songte-chushion-collar.webp\" alt=\"Cilindro de cuchar\u00f3n para excavadora intermedia Sany SY245CQ\"\/><\/p>\n<h3>Consideraciones de seguridad y factores ambientales<\/h3>\n<p>Al utilizar el cilindro de la cuchara, es fundamental seguir las medidas de seguridad para prevenir accidentes y garantizar la seguridad personal. Estas medidas incluyen la capacitaci\u00f3n adecuada, el uso del equipo de protecci\u00f3n adecuado y el cumplimiento de las normas de operaci\u00f3n.<\/p>\n<h3>Soluci\u00f3n de problemas y problemas comunes<\/h3>\n<p>Los problemas comunes que pueden surgir con el cilindro del cuchar\u00f3n incluyen fugas, funcionamiento lento y ruidos anormales. Para diagnosticar y resolver estos problemas eficazmente, considere los siguientes consejos y soluciones:<\/p>\n<p><img decoding=\"async\" src=\"https:\/\/www.hydraulic-cylinders.net\/wp-content\/uploads\/2025\/01\/songte-bushings-with-all-kinds-of-excavator-models.webp\" alt=\"Cilindro de cuchar\u00f3n para excavadora intermedia Sany SY245CQ\"\/><\/p>\n<h3>Tareas de mantenimiento<\/h3>\n<p>Las tareas de mantenimiento regulares del cilindro del cuchar\u00f3n incluyen:<\/p>\n<ul>\n<li>Inspecci\u00f3n peri\u00f3dica para identificar cualquier problema.<\/li>\n<li>Lubricaci\u00f3n adecuada para garantizar un funcionamiento suave.<\/li>\n<li>Reemplazo de sello cuando sea necesario.<\/li>\n<li>Comprobaciones de calibraci\u00f3n para mantener la precisi\u00f3n.<\/li>\n<\/ul>\n<p>La instalaci\u00f3n, lubricaci\u00f3n y ajuste correctos son vitales para el uso eficaz del cilindro del cuchar\u00f3n. Durante la instalaci\u00f3n, aseg\u00farese de que el cilindro est\u00e9 correctamente alineado y considere usar soportes de montaje adecuados para asegurarlo. Se proporcionan los procedimientos recomendados de inspecci\u00f3n, reparaci\u00f3n y reemplazo para prolongar la vida \u00fatil del cilindro del cuchar\u00f3n.<\/p>\n<p><img decoding=\"async\" src=\"https:\/\/www.hydraulic-cylinders.net\/wp-content\/uploads\/2025\/01\/songte-company-1.webp\" alt=\"Cilindro de cuchar\u00f3n para excavadora intermedia Sany SY245CQ\"\/><\/p>\n<h3>Conclusi\u00f3n<\/h3>\n<p>Nuestra empresa es uno de los principales fabricantes y distribuidores mayoristas de cilindros hidr\u00e1ulicos en el mercado nacional e internacional. Ofrecemos una amplia gama de productos y nos esforzamos por alcanzar la excelencia en calidad. Gracias a nuestras avanzadas instalaciones de fabricaci\u00f3n y a nuestra experiencia profesional, mejoramos continuamente nuestra capacidad de producci\u00f3n y garantizamos la satisfacci\u00f3n del cliente mediante la eficiencia, la precisi\u00f3n y productos de alta calidad.<\/p>\n<p><img decoding=\"async\" src=\"https:\/\/www.hydraulic-cylinders.net\/wp-content\/uploads\/2025\/01\/songte-company-3.webp\" alt=\"Cilindro de cuchar\u00f3n para excavadora intermedia Sany SY245CQ\"\/><\/p>\n<p>Desde experiencia y certificaciones internacionales hasta servicios personalizados, equipos de producci\u00f3n y soporte posventa, ofrecemos una amplia gama de soluciones de cilindros hidr\u00e1ulicos para satisfacer las diversas necesidades de los clientes.<\/p>\n<p>Autor: lyl<\/p>","protected":false},"excerpt":{"rendered":"<p>Bucket Cylinder For Sany Middle Excavator SY245CQ Introduction The bucket cylinder for Sany middle excavator SY245CQ is a specialized hydraulic cylinder designed to control the movement of the bucket in heavy machinery such as excavators, backhoe loaders, and front-end loaders. Its main function is to enable the lifting, lowering, and tilting of the bucket, making [&hellip;]<\/p>","protected":false},"featured_media":14787,"comment_status":"open","ping_status":"closed","template":"","meta":{"_et_pb_use_builder":"","_et_pb_old_content":"","_et_gb_content_width":""},"product_brand":[],"product_cat":[1494],"product_tag":[1495,1496],"class_list":{"0":"post-15434","1":"product","2":"type-product","3":"status-publish","4":"has-post-thumbnail","6":"product_cat-bucket-cylinders","7":"product_tag-bucket-cylinders","8":"product_tag-hydraulic-cylinders","10":"first","11":"instock","12":"shipping-taxable","13":"product-type-simple"},"amp_enabled":true,"_links":{"self":[{"href":"https:\/\/www.hydraulic-cylinders.net\/es\/wp-json\/wp\/v2\/product\/15434","targetHints":{"allow":["GET"]}}],"collection":[{"href":"https:\/\/www.hydraulic-cylinders.net\/es\/wp-json\/wp\/v2\/product"}],"about":[{"href":"https:\/\/www.hydraulic-cylinders.net\/es\/wp-json\/wp\/v2\/types\/product"}],"replies":[{"embeddable":true,"href":"https:\/\/www.hydraulic-cylinders.net\/es\/wp-json\/wp\/v2\/comments?post=15434"}],"wp:featuredmedia":[{"embeddable":true,"href":"https:\/\/www.hydraulic-cylinders.net\/es\/wp-json\/wp\/v2\/media\/14787"}],"wp:attachment":[{"href":"https:\/\/www.hydraulic-cylinders.net\/es\/wp-json\/wp\/v2\/media?parent=15434"}],"wp:term":[{"taxonomy":"product_brand","embeddable":true,"href":"https:\/\/www.hydraulic-cylinders.net\/es\/wp-json\/wp\/v2\/product_brand?post=15434"},{"taxonomy":"product_cat","embeddable":true,"href":"https:\/\/www.hydraulic-cylinders.net\/es\/wp-json\/wp\/v2\/product_cat?post=15434"},{"taxonomy":"product_tag","embeddable":true,"href":"https:\/\/www.hydraulic-cylinders.net\/es\/wp-json\/wp\/v2\/product_tag?post=15434"}],"curies":[{"name":"wp","href":"https:\/\/api.w.org\/{rel}","templated":true}]}}