{"id":15436,"date":"2025-01-19T14:31:45","date_gmt":"2025-01-19T14:31:45","guid":{"rendered":"https:\/\/www.hydraulic-cylinders.net\/product\/bucket-cylinder-for-sany-middle-excavator-sy215c-8-9\/"},"modified":"2025-01-19T14:31:47","modified_gmt":"2025-01-19T14:31:47","slug":"bucket-cylinder-for-sany-middle-excavator-sy215c-8-9","status":"publish","type":"product","link":"https:\/\/www.hydraulic-cylinders.net\/es\/producto\/bucket-cylinder-for-sany-middle-excavator-sy215c-8-9\/","title":{"rendered":"Cilindro de cuchar\u00f3n para excavadora intermedia Sany SY215C-8-9"},"content":{"rendered":"<h2>Cilindro de cuchar\u00f3n para excavadora intermedia Sany SY215C-8-9<\/h2>\n<h3>Introducci\u00f3n<\/h3>\n<p>El cilindro del cuchar\u00f3n para la excavadora intermedia Sany SY215C-8-9 es un cilindro hidr\u00e1ulico especialmente dise\u00f1ado para controlar el movimiento del cuchar\u00f3n en maquinaria pesada como excavadoras, retroexcavadoras y cargadoras frontales. Su funci\u00f3n principal es permitir la elevaci\u00f3n, el descenso y la inclinaci\u00f3n del cuchar\u00f3n, lo que facilita diversas tareas de manipulaci\u00f3n de materiales. En el sistema hidr\u00e1ulico, el cilindro del cuchar\u00f3n logra un control preciso del cuchar\u00f3n aprovechando los cambios de presi\u00f3n del aceite hidr\u00e1ulico, lo que permite a los operadores manipular cargas pesadas con eficiencia y adaptarse a entornos de trabajo complejos y diversas necesidades operativas.<\/p>\n<p><img decoding=\"async\" src=\"https:\/\/www.hydraulic-cylinders.net\/wp-content\/uploads\/2025\/01\/songte-company-2.webp\" alt=\"Imagen del cilindro del cubo\"><\/p>\n<h3>Caracter\u00edsticas<\/h3>\n<ul>\n<li>Alta resistencia y durabilidad: Generalmente fabricados en acero o aluminio de alta resistencia, soportan alta presi\u00f3n y cargas pesadas, adapt\u00e1ndose a entornos de trabajo hostiles. Dise\u00f1ados con consideraciones de resistencia al desgaste y a la corrosi\u00f3n, prolongan su vida \u00fatil.<\/li>\n<li>Operaci\u00f3n hidr\u00e1ulica eficiente: utiliza la presi\u00f3n del aceite hidr\u00e1ulico para lograr movimientos suaves de extensi\u00f3n y retracci\u00f3n, capaces de responder r\u00e1pidamente a los comandos de control, proporcionando poderosas fuerzas de empuje y tracci\u00f3n adecuadas para manipular cargas pesadas y tareas complejas.<\/li>\n<li>Tipos vers\u00e1tiles: Disponibles en cilindros de simple efecto (presi\u00f3n hidr\u00e1ulica en una sola direcci\u00f3n) o doble efecto (presi\u00f3n hidr\u00e1ulica en ambas direcciones) para satisfacer diferentes requisitos operativos. Algunos modelos son telesc\u00f3picos, lo que permite una mayor extensi\u00f3n sin aumentar las dimensiones externas, ideal para aplicaciones con espacio limitado.<\/li>\n<\/ul>\n<p><img decoding=\"async\" src=\"https:\/\/www.hydraulic-cylinders.net\/wp-content\/uploads\/2025\/01\/songte-cylinder-head-with-all-kinds-excavator-models.webp\" alt=\"Imagen del producto\"><\/p>\n<h3>Aplicaciones<\/h3>\n<p>Los cilindros de cangilones encuentran diversas aplicaciones en distintos tipos de maquinaria pesada:<\/p>\n<ol>\n<li>Equipos de construcci\u00f3n: se encuentran en las excavadoras y son cruciales para la excavaci\u00f3n, la carga y el movimiento de materiales.<\/li>\n<li>Maquinaria agr\u00edcola: Se utiliza en cargadoras frontales para recoger, levantar y transportar tierra, heno y otros materiales.<\/li>\n<li>Excavadoras: Los cilindros del cuchar\u00f3n permiten realizar excavaciones al facilitar la penetraci\u00f3n del cuchar\u00f3n en el suelo.<\/li>\n<li>Cargadores: En los cargadores frontales, ayudan a levantar e inclinar las mercanc\u00edas de manera eficiente.<\/li>\n<\/ol>\n<h3>Consideraciones de dise\u00f1o y criterios de selecci\u00f3n<\/h3>\n<p>Al dise\u00f1ar cilindros de cangilones, se tienen en cuenta varios factores, incluida la capacidad de carga, el sellado, la durabilidad, la seguridad y la facilidad de mantenimiento:<\/p>\n<ul>\n<li>Capacidad de carga: El cilindro debe estar dise\u00f1ado para soportar las cargas previstas y las condiciones de trabajo sin fallar.<\/li>\n<li>Sellado: Para garantizar un sellado eficaz se utilizan diversos componentes de sellado, como sellos de pist\u00f3n y sellos de v\u00e1stago fabricados con materiales resistentes al desgaste como poliuretano y caucho de nitrilo.<\/li>\n<li>Durabilidad: El cuerpo del cilindro y los extremos roscados se someten a un mecanizado preciso para mejorar la resistencia al desgaste. Es necesaria una lubricaci\u00f3n regular con el aceite hidr\u00e1ulico adecuado para prolongar su vida \u00fatil.<\/li>\n<\/ul>\n<p><img decoding=\"async\" src=\"https:\/\/www.hydraulic-cylinders.net\/wp-content\/uploads\/2025\/01\/songte-oil-pipes-and-spare-parts.webp\" alt=\"Imagen del producto\"><\/p>\n<h3>Mantenimiento y soluci\u00f3n de problemas<\/h3>\n<p>La inspecci\u00f3n regular, la lubricaci\u00f3n adecuada, el reemplazo de sellos y las comprobaciones de calibraci\u00f3n son tareas comunes de mantenimiento para los cilindros de cangilones. Una instalaci\u00f3n, lubricaci\u00f3n y ajuste adecuados son cruciales. La gu\u00eda de alineaci\u00f3n durante la instalaci\u00f3n, el uso de soportes de montaje adecuados para asegurar el cilindro, los procedimientos recomendados de inspecci\u00f3n, reparaci\u00f3n y reemplazo, y los consejos para prolongar la vida \u00fatil del cilindro de cangilones son esenciales para un mantenimiento eficaz.<\/p>\n<p><img decoding=\"async\" src=\"https:\/\/www.hydraulic-cylinders.net\/wp-content\/uploads\/2025\/01\/songte-chushion-collar.webp\" alt=\"Imagen del producto\"><\/p>\n<h3>Consideraciones de seguridad y factores ambientales<\/h3>\n<p>Garantizar las medidas de seguridad al utilizar cilindros de cangilones es fundamental. Las precauciones adecuadas y el mantenimiento regular ayudan a minimizar los riesgos potenciales y a garantizar una operaci\u00f3n segura. Adem\u00e1s, considerar los factores ambientales y cumplir con las normativas pertinentes contribuye a las pr\u00e1cticas sostenibles.<\/p>\n<h3>Diagn\u00f3stico y soluci\u00f3n de problemas<\/h3>\n<p>Identificar fallas y abordar problemas comunes en los cilindros de cangilones es crucial. Los consejos y soluciones para la resoluci\u00f3n de problemas pueden ayudar a los lectores a diagnosticar y resolver problemas eficazmente. Tambi\u00e9n se deben enfatizar las medidas de precauci\u00f3n para minimizar posibles problemas.<\/p>\n<p><img decoding=\"async\" src=\"https:\/\/www.hydraulic-cylinders.net\/wp-content\/uploads\/2025\/01\/songte-bushings-with-all-kinds-of-excavator-models.webp\" alt=\"Imagen del producto\"><\/p>\n<h3>Descripci\u00f3n general de la empresa<\/h3>\n<p>Somos un fabricante y distribuidor mayorista l\u00edder de cilindros hidr\u00e1ulicos en el mercado nacional e internacional. Con una amplia gama de productos, seguimos una estrategia de gesti\u00f3n de la producci\u00f3n industrial basada en la excelencia y un taller de fabricaci\u00f3n optimizado. Nuestra empresa mejora continuamente la plataforma de fabricaci\u00f3n y las rutas de producci\u00f3n de calidad de los productos, y cuenta con una s\u00f3lida capacidad de producci\u00f3n. Priorizamos la eficiencia, la precisi\u00f3n y la alta calidad para satisfacer las diversas necesidades de nuestros clientes.<\/p>\n<p><img decoding=\"async\" src=\"https:\/\/hzpt.com\/wp-content\/uploads\/2024\/11\/songte-company-1.webp\" alt=\"Imagen de la empresa\"><\/p>\n<h3>Informaci\u00f3n adicional de la empresa<\/h3>\n<ul>\n<li>Profesionalismo: Nos destacamos en brindar soluciones profesionales en el campo de los cilindros hidr\u00e1ulicos.<\/li>\n<li>Certificaciones Internacionales: Nuestros productos cumplen con est\u00e1ndares y certificaciones internacionales, garantizando un rendimiento de alta calidad.<\/li>\n<li>Servicios de personalizaci\u00f3n: Ofrecemos soluciones personalizadas para satisfacer las necesidades espec\u00edficas de cada cliente.<\/li>\n<li>Equipo de producci\u00f3n: Equipado con equipos de fabricaci\u00f3n de \u00faltima generaci\u00f3n para una producci\u00f3n eficiente y precisa.<\/li>\n<li>Servicio posventa: Brindamos servicios posventa integrales, que incluyen reemplazo y reconstrucci\u00f3n de piezas, para mejorar la longevidad de nuestros productos.<\/li>\n<\/ul>\n<p><img decoding=\"async\" src=\"https:\/\/www.hydraulic-cylinders.net\/wp-content\/uploads\/2025\/01\/songte-company-3.webp\" alt=\"Imagen de la empresa\"><\/p>\n<p>Autor: lyl<\/p>","protected":false},"excerpt":{"rendered":"<p>Bucket Cylinder For Sany Middle Excavator SY215C-8-9 Introduction The bucket cylinder for Sany middle excavator SY215C-8-9 is a specially designed hydraulic cylinder used to control the movement of the bucket in heavy machinery such as excavators, backhoe loaders, and front-end loaders. Its main function is to enable the lifting, lowering, and tilting of the bucket, [&hellip;]<\/p>","protected":false},"featured_media":14784,"comment_status":"open","ping_status":"closed","template":"","meta":{"_et_pb_use_builder":"","_et_pb_old_content":"","_et_gb_content_width":""},"product_brand":[],"product_cat":[1494],"product_tag":[1495,1496],"class_list":{"0":"post-15436","1":"product","2":"type-product","3":"status-publish","4":"has-post-thumbnail","6":"product_cat-bucket-cylinders","7":"product_tag-bucket-cylinders","8":"product_tag-hydraulic-cylinders","10":"first","11":"instock","12":"shipping-taxable","13":"product-type-simple"},"amp_enabled":true,"_links":{"self":[{"href":"https:\/\/www.hydraulic-cylinders.net\/es\/wp-json\/wp\/v2\/product\/15436","targetHints":{"allow":["GET"]}}],"collection":[{"href":"https:\/\/www.hydraulic-cylinders.net\/es\/wp-json\/wp\/v2\/product"}],"about":[{"href":"https:\/\/www.hydraulic-cylinders.net\/es\/wp-json\/wp\/v2\/types\/product"}],"replies":[{"embeddable":true,"href":"https:\/\/www.hydraulic-cylinders.net\/es\/wp-json\/wp\/v2\/comments?post=15436"}],"wp:featuredmedia":[{"embeddable":true,"href":"https:\/\/www.hydraulic-cylinders.net\/es\/wp-json\/wp\/v2\/media\/14784"}],"wp:attachment":[{"href":"https:\/\/www.hydraulic-cylinders.net\/es\/wp-json\/wp\/v2\/media?parent=15436"}],"wp:term":[{"taxonomy":"product_brand","embeddable":true,"href":"https:\/\/www.hydraulic-cylinders.net\/es\/wp-json\/wp\/v2\/product_brand?post=15436"},{"taxonomy":"product_cat","embeddable":true,"href":"https:\/\/www.hydraulic-cylinders.net\/es\/wp-json\/wp\/v2\/product_cat?post=15436"},{"taxonomy":"product_tag","embeddable":true,"href":"https:\/\/www.hydraulic-cylinders.net\/es\/wp-json\/wp\/v2\/product_tag?post=15436"}],"curies":[{"name":"wp","href":"https:\/\/api.w.org\/{rel}","templated":true}]}}