{"id":15440,"date":"2025-01-19T14:32:00","date_gmt":"2025-01-19T14:32:00","guid":{"rendered":"https:\/\/www.hydraulic-cylinders.net\/product\/bucket-cylinder-for-sany-middle-excavator-sy205c-9\/"},"modified":"2025-01-19T14:32:02","modified_gmt":"2025-01-19T14:32:02","slug":"bucket-cylinder-for-sany-middle-excavator-sy205c-9","status":"publish","type":"product","link":"https:\/\/www.hydraulic-cylinders.net\/es\/producto\/bucket-cylinder-for-sany-middle-excavator-sy205c-9\/","title":{"rendered":"Cilindro de cuchar\u00f3n para excavadora intermedia Sany SY205C-9"},"content":{"rendered":"<h1>Cilindro de cuchar\u00f3n para excavadora intermedia Sany SY205C-9<\/h1>\n<h2>Introducci\u00f3n<\/h2>\n<h3>Definici\u00f3n<\/h3>\n<p>Un cilindro de cuchara es un tipo de cilindro hidr\u00e1ulico especializado que se utiliza principalmente para controlar el movimiento de la cuchara en maquinaria pesada, como excavadoras, retroexcavadoras y cargadoras frontales. Su funci\u00f3n principal es permitir que la cuchara se eleve, baje e incline, facilitando diversas tareas de manipulaci\u00f3n de materiales. En el sistema hidr\u00e1ulico, el cilindro de la cuchara logra un control preciso de la cuchara mediante cambios en la presi\u00f3n del aceite hidr\u00e1ulico, lo que permite a los operadores manipular cargas pesadas con eficiencia y adaptarse a entornos de trabajo complejos y diversos requisitos operativos.<\/p>\n<p><center><img decoding=\"async\" src=\"https:\/\/www.hydraulic-cylinders.net\/wp-content\/uploads\/2025\/01\/songte-company-2.webp\"><\/center><\/p>\n<h2>Caracter\u00edsticas<\/h2>\n<ul>\n<li>Alta resistencia y durabilidad: generalmente fabricados en acero o aluminio de alta resistencia, capaces de soportar alta presi\u00f3n y cargas pesadas, adaptarse a entornos de trabajo hostiles y dise\u00f1ados teniendo en cuenta la resistencia al desgaste y la corrosi\u00f3n para prolongar la vida \u00fatil.<\/li>\n<li>Operaci\u00f3n hidr\u00e1ulica eficiente: utiliza la presi\u00f3n del aceite hidr\u00e1ulico para lograr movimientos suaves de extensi\u00f3n y retracci\u00f3n, capaz de responder r\u00e1pidamente a los comandos de control, proporcionando una poderosa fuerza de empuje y tracci\u00f3n, adecuada para manipular cargas pesadas y tareas operativas complejas.<\/li>\n<li>Varios tipos: puede elegir entre cilindros de simple efecto (hidr\u00e1ulicos utilizados en un solo sentido) o de doble efecto (hidr\u00e1ulicos utilizados en ambos sentidos) seg\u00fan las necesidades operativas, algunos modelos son telesc\u00f3picos, lo que permite una mayor extensi\u00f3n sin aumentar las dimensiones externas, adecuados para aplicaciones con espacio limitado.<\/li>\n<\/ul>\n<p><center><img decoding=\"async\" src=\"https:\/\/www.hydraulic-cylinders.net\/wp-content\/uploads\/2025\/01\/songte-cylinder-head-with-all-kinds-excavator-models.webp\"><\/center><\/p>\n<h2>Aplicaciones<\/h2>\n<p>El cilindro de cangilones se utiliza ampliamente en diversos campos industriales, incluidos, entre otros:<\/p>\n<h3>Equipos de construcci\u00f3n<\/h3>\n<p>En las excavadoras, son fundamentales para excavar, cargar y mover tierra o escombros. En las retroexcavadoras, el cilindro del cuchar\u00f3n facilita tanto la excavaci\u00f3n como la elevaci\u00f3n. En las cargadoras frontales, ayudan a elevar e inclinar la mercanc\u00eda eficazmente.<\/p>\n<h3>Maquinaria agr\u00edcola<\/h3>\n<p>Se utiliza en cargadoras frontales para recoger, levantar y transportar tierra, heno y otros materiales. En las excavadoras, el cilindro del cuchar\u00f3n facilita la excavaci\u00f3n al permitir que el cuchar\u00f3n penetre en el suelo. En las cargadoras frontales, ayuda a levantar y descargar mercanc\u00edas eficazmente.<\/p>\n<h3>Equipos industriales<\/h3>\n<p>En equipos industriales, se utilizan para levantar y mover cargas pesadas, como en gr\u00faas y carretillas elevadoras, as\u00ed como en equipos de fabricaci\u00f3n y procesamiento para manipular materias primas y productos terminados.<\/p>\n<h2>Criterios de dise\u00f1o y selecci\u00f3n<\/h2>\n<h3>Capacidad de carga<\/h3>\n<p>La consideraci\u00f3n clave al dise\u00f1ar cilindros de cangilones es su capacidad de carga. Es necesario garantizar que el cilindro sea lo suficientemente resistente como para soportar el peso del material que se levanta o mueve, as\u00ed como el peso del cangil\u00f3n mismo. La capacidad de carga de un cilindro debe equilibrarse con otros factores como el tama\u00f1o, el peso y el costo para brindar la soluci\u00f3n de dise\u00f1o \u00f3ptima.<\/p>\n<h3>Sellado, durabilidad, seguridad<\/h3>\n<p>El sellado, la durabilidad y la seguridad del cilindro tambi\u00e9n son consideraciones esenciales de dise\u00f1o. Se deben utilizar sellos y materiales de alta calidad para evitar fugas y garantizar su larga vida \u00fatil. El cilindro tambi\u00e9n debe estar dise\u00f1ado para soportar entornos de trabajo rigurosos, ser f\u00e1cil de mantener y seguro de operar. El dise\u00f1o del cilindro tambi\u00e9n debe incorporar caracter\u00edsticas de seguridad como protecci\u00f3n contra sobrecargas y sistemas de parada de emergencia para garantizar la seguridad del operador.<\/p>\n<p><center><img decoding=\"async\" src=\"https:\/\/www.hydraulic-cylinders.net\/wp-content\/uploads\/2025\/01\/songte-oil-pipes-and-spare-parts.webp\"><\/center><\/p>\n<h2>Sellado y lubricaci\u00f3n<\/h2>\n<p>El cilindro del cuchar\u00f3n requiere diversos componentes de sellado, como sellos de pist\u00f3n, sellos de v\u00e1stago, etc. Estos sellos proporcionan un sellado seguro y confiable para evitar fugas y garantizar un funcionamiento suave. Los sellos est\u00e1n fabricados con materiales resistentes al desgaste, como poliuretano y caucho de nitrilo, seleccionados seg\u00fan los requisitos espec\u00edficos de la aplicaci\u00f3n del cilindro. El cilindro debe lubricarse con aceite hidr\u00e1ulico, que debe cambiarse peri\u00f3dicamente para mantener un rendimiento \u00f3ptimo.<\/p>\n<h2>Mantenimiento y reparaci\u00f3n<\/h2>\n<p>El mantenimiento y la inspecci\u00f3n regulares son esenciales para garantizar el correcto funcionamiento del cilindro del cuchar\u00f3n. Algunas tareas comunes de mantenimiento incluyen la lubricaci\u00f3n, el reemplazo de sellos y la verificaci\u00f3n de la calibraci\u00f3n. Es crucial instalar el cilindro correctamente, alinearlo correctamente y utilizar soportes de montaje adecuados para asegurarlo.<\/p>\n<h3>Tareas de mantenimiento recomendadas<\/h3>\n<ul>\n<li>Inspecci\u00f3n y lubricaci\u00f3n peri\u00f3dicas<\/li>\n<li>Reemplazo del sello<\/li>\n<li>Comprobaciones de calibraci\u00f3n<\/li>\n<\/ul>\n<p><center><img decoding=\"async\" src=\"https:\/\/www.hydraulic-cylinders.net\/wp-content\/uploads\/2025\/01\/songte-chushion-collar.webp\"><\/center><\/p>\n<h2>Consideraciones de seguridad y factores ambientales<\/h2>\n<p>Al utilizar el cilindro del cuchar\u00f3n, se deben tomar medidas de seguridad para evitar accidentes. Los operadores deben recibir la capacitaci\u00f3n adecuada sobre el uso del cilindro y sus caracter\u00edsticas de seguridad, como la protecci\u00f3n contra sobrecargas y los sistemas de parada de emergencia. Factores ambientales, como la temperatura y la humedad, tambi\u00e9n pueden afectar el rendimiento del cilindro y deben tenerse en cuenta al dise\u00f1arlo, operarlo y mantenerlo.<\/p>\n<h2>Problemas comunes y soluci\u00f3n de problemas<\/h2>\n<p>Algunos problemas comunes que pueden surgir con los cilindros de cuchar\u00f3n incluyen fugas, da\u00f1os en el cuerpo del cilindro o en los sellos, y p\u00e9rdida de presi\u00f3n. Para solucionar estos problemas se requiere un conocimiento profundo del dise\u00f1o y los principios de funcionamiento del cilindro. El mantenimiento y la inspecci\u00f3n regulares pueden ayudar a prevenir estos problemas.<\/p>\n<p><center><img decoding=\"async\" src=\"https:\/\/www.hydraulic-cylinders.net\/wp-content\/uploads\/2025\/01\/songte-bushings-with-all-kinds-of-excavator-models.webp\"><\/center><\/p>\n<h2>Sobre nosotros<\/h2>\n<p>Somos un fabricante y distribuidor mayorista l\u00edder de cilindros hidr\u00e1ulicos en el mercado nacional e internacional. Nuestros productos son completos en categor\u00edas y cumplen con las normas internacionales de certificaci\u00f3n. Nos adherimos al principio de excelente calidad y nos basamos en estrategias de gesti\u00f3n de producci\u00f3n industrializadas de talleres de fabricaci\u00f3n de alta gama. Hemos mejorado continuamente nuestra plataforma de fabricaci\u00f3n y perfeccionado nuestras l\u00edneas de producci\u00f3n de alta calidad mediante el uso de talento t\u00e9cnico, equipos de fabricaci\u00f3n digitales de alta gama y sistemas de prueba profesionales. Nos caracterizamos por nuestra creatividad y eficiencia, alta precisi\u00f3n y calidad, y podemos satisfacer las diversas necesidades de nuestros clientes. Ofrecemos servicios personalizados, que incluyen dise\u00f1o, desarrollo, pruebas y servicio posventa, para garantizar un rendimiento \u00f3ptimo y una larga vida \u00fatil de nuestros productos.<\/p>\n<h3>Profesionalismo<\/h3>\n<p>Nuestro equipo de profesionales cuenta con una amplia experiencia en el dise\u00f1o, fabricaci\u00f3n y pruebas de cilindros hidr\u00e1ulicos. Nos comprometemos a brindar a nuestros clientes las mejores soluciones para satisfacer sus necesidades espec\u00edficas.<\/p>\n<h3>Certificaci\u00f3n Internacional<\/h3>\n<p>Nuestros productos han superado diversas certificaciones internacionales, como CE, ISO y SGS. Nuestro compromiso con la calidad nos ha consolidado como un proveedor confiable de cilindros hidr\u00e1ulicos.<\/p>\n<h3>Servicios de personalizaci\u00f3n<\/h3>\n<p>Ofrecemos servicios personalizados para satisfacer las necesidades espec\u00edficas de nuestros clientes, incluyendo dise\u00f1o, desarrollo, pruebas y servicio posventa. Nuestro equipo de expertos trabaja en estrecha colaboraci\u00f3n con los clientes para garantizar que se satisfagan sus necesidades durante todo el proceso.<\/p>\n<h3>Equipos de producci\u00f3n<\/h3>\n<p>Hemos invertido mucho en equipos de producci\u00f3n avanzados, como m\u00e1quinas CNC, equipos de prueba y herramientas de inspecci\u00f3n, para garantizar que nuestros productos cumplan con los m\u00e1s altos est\u00e1ndares de calidad.<\/p>\n<h3>Servicio posventa<\/h3>\n<p>Brindamos servicios posventa que incluyen soporte t\u00e9cnico, repuestos y servicios de reparaci\u00f3n para garantizar que los cilindros hidr\u00e1ulicos de nuestros clientes funcionen al m\u00e1ximo rendimiento durante un per\u00edodo prolongado.<\/p>\n<p><center><img decoding=\"async\" src=\"https:\/\/www.hydraulic-cylinders.net\/wp-content\/uploads\/2024\/11\/songte-company-1.webp\"><\/center><\/p>\n<p>Autor lyl<\/p>","protected":false},"excerpt":{"rendered":"<p>Bucket Cylinder For Sany Middle Excavator SY205C-9 Introduction Definition A bucket cylinder is a type of specialized hydraulic cylinder mainly used to control the movement of the bucket in heavy machinery, such as excavators, backhoe loaders, and front-end loaders. Its primary function is to enable the bucket to lift, lower, and tilt, making it easier [&hellip;]<\/p>","protected":false},"featured_media":14776,"comment_status":"open","ping_status":"closed","template":"","meta":{"_et_pb_use_builder":"","_et_pb_old_content":"","_et_gb_content_width":""},"product_brand":[],"product_cat":[1494],"product_tag":[1495,1496],"class_list":{"0":"post-15440","1":"product","2":"type-product","3":"status-publish","4":"has-post-thumbnail","6":"product_cat-bucket-cylinders","7":"product_tag-bucket-cylinders","8":"product_tag-hydraulic-cylinders","10":"first","11":"instock","12":"shipping-taxable","13":"product-type-simple"},"amp_enabled":true,"_links":{"self":[{"href":"https:\/\/www.hydraulic-cylinders.net\/es\/wp-json\/wp\/v2\/product\/15440","targetHints":{"allow":["GET"]}}],"collection":[{"href":"https:\/\/www.hydraulic-cylinders.net\/es\/wp-json\/wp\/v2\/product"}],"about":[{"href":"https:\/\/www.hydraulic-cylinders.net\/es\/wp-json\/wp\/v2\/types\/product"}],"replies":[{"embeddable":true,"href":"https:\/\/www.hydraulic-cylinders.net\/es\/wp-json\/wp\/v2\/comments?post=15440"}],"wp:featuredmedia":[{"embeddable":true,"href":"https:\/\/www.hydraulic-cylinders.net\/es\/wp-json\/wp\/v2\/media\/14776"}],"wp:attachment":[{"href":"https:\/\/www.hydraulic-cylinders.net\/es\/wp-json\/wp\/v2\/media?parent=15440"}],"wp:term":[{"taxonomy":"product_brand","embeddable":true,"href":"https:\/\/www.hydraulic-cylinders.net\/es\/wp-json\/wp\/v2\/product_brand?post=15440"},{"taxonomy":"product_cat","embeddable":true,"href":"https:\/\/www.hydraulic-cylinders.net\/es\/wp-json\/wp\/v2\/product_cat?post=15440"},{"taxonomy":"product_tag","embeddable":true,"href":"https:\/\/www.hydraulic-cylinders.net\/es\/wp-json\/wp\/v2\/product_tag?post=15440"}],"curies":[{"name":"wp","href":"https:\/\/api.w.org\/{rel}","templated":true}]}}