{"id":15460,"date":"2025-01-19T14:33:26","date_gmt":"2025-01-19T14:33:26","guid":{"rendered":"https:\/\/www.hydraulic-cylinders.net\/product\/bucket-cylinder-for-xcmg-small-excavator-xe6oca\/"},"modified":"2025-01-19T14:33:34","modified_gmt":"2025-01-19T14:33:34","slug":"bucket-cylinder-for-xcmg-small-excavator-xe6oca","status":"publish","type":"product","link":"https:\/\/www.hydraulic-cylinders.net\/es\/producto\/bucket-cylinder-for-xcmg-small-excavator-xe6oca\/","title":{"rendered":"Cilindro de cuchar\u00f3n para excavadora peque\u00f1a XCMG XE6OCA"},"content":{"rendered":"<h1>Cilindro de cuchar\u00f3n para excavadora peque\u00f1a XCMG XE6OCA<\/h1>\n<h2>Introducci\u00f3n<\/h2>\n<p>El cilindro del cuchar\u00f3n para la excavadora peque\u00f1a XE6OCA de XCMG es un cilindro hidr\u00e1ulico especializado que controla el movimiento del cuchar\u00f3n en maquinaria pesada como excavadoras, retroexcavadoras y cargadoras frontales. Su funci\u00f3n principal es permitir que el cuchar\u00f3n se eleve, baje e incline, facilitando el transporte de diversos materiales. En el sistema hidr\u00e1ulico, el cilindro del cuchar\u00f3n controla con precisi\u00f3n el movimiento del cuchar\u00f3n mediante los cambios de presi\u00f3n del aceite hidr\u00e1ulico, lo que permite a los operadores manipular cargas pesadas con eficiencia y adaptarse a entornos de trabajo complejos y a diversos requisitos.<\/p>\n<p><img decoding=\"async\" src=\"https:\/\/www.hydraulic-cylinders.net\/wp-content\/uploads\/2025\/01\/songte-company-2.webp\" \/><\/p>\n<h2>Caracter\u00edsticas<\/h2>\n<ul>\n<li>Alta resistencia y durabilidad: Generalmente fabricados en acero o aluminio de alta resistencia, soportan alta presi\u00f3n y cargas pesadas, adapt\u00e1ndose a entornos de trabajo hostiles. Su dise\u00f1o considera la resistencia al desgaste y a la corrosi\u00f3n, lo que prolonga su vida \u00fatil.<\/li>\n<li>Funcionamiento hidr\u00e1ulico eficiente: La presi\u00f3n del aceite hidr\u00e1ulico permite un movimiento suave de extensi\u00f3n y retracci\u00f3n. Responde r\u00e1pidamente a las \u00f3rdenes de control, proporcionando una potente fuerza de empuje y tracci\u00f3n, ideal para manipular cargas pesadas y realizar tareas complejas.<\/li>\n<li>Diversos tipos: Se pueden seleccionar cilindros de simple acci\u00f3n (hidr\u00e1ulicos en una sola direcci\u00f3n) o de doble acci\u00f3n (hidr\u00e1ulicos en ambas direcciones) seg\u00fan las necesidades para satisfacer diferentes requisitos operativos. Algunos modelos son telesc\u00f3picos, lo que permite una mayor extensi\u00f3n sin aumentar las dimensiones externas, ideal para aplicaciones con espacio limitado.<\/li>\n<li>Puede reemplazar otros cilindros hidr\u00e1ulicos: Nuestros productos pueden reemplazar perfectamente estos cilindros hidr\u00e1ulicos.<\/li>\n<\/ul>\n<p><img decoding=\"async\" src=\"https:\/\/www.hydraulic-cylinders.net\/wp-content\/uploads\/2025\/01\/songte-cylinder-head-with-all-kinds-excavator-models.webp\" \/><\/p>\n<h2>Aplicaciones<\/h2>\n<p>El cilindro de cuchara tiene diversas aplicaciones en diferentes industrias:<\/p>\n<ul>\n<li>Equipos de construcci\u00f3n: En las excavadoras, son esenciales para excavar, cargar y mover tierra o escombros. En las retroexcavadoras, el cilindro del cuchar\u00f3n facilita tanto la excavaci\u00f3n como la elevaci\u00f3n. <\/li>\n<li>Maquinaria agr\u00edcola: Se utiliza en cargadoras frontales para recoger, levantar y transportar tierra, heno y otros materiales. En las excavadoras, el cilindro del cuchar\u00f3n permite la excavaci\u00f3n al permitir que el cuchar\u00f3n penetre en el suelo. En las cargadoras frontales, ayuda a levantar y descargar la carga eficientemente.<\/li>\n<\/ul>\n<p>Las aplicaciones anteriores se pueden ampliar de la siguiente manera:<\/p>\n<ul>\n<li>Equipos de construcci\u00f3n: Los cilindros del cuchar\u00f3n se utilizan com\u00fanmente en excavadoras para excavar, cargar y mover tierra o escombros. Son esenciales para el funcionamiento de las excavadoras y desempe\u00f1an un papel vital en su rendimiento. En las retroexcavadoras, el cilindro del cuchar\u00f3n facilita tanto la excavaci\u00f3n como la elevaci\u00f3n. Permite un control preciso del movimiento del cuchar\u00f3n, facilitando la recogida y el vertido de materiales. <\/li>\n<li>Maquinaria agr\u00edcola: En las cargadoras frontales, los cilindros de la cuchara se utilizan para recoger, levantar y transportar tierra, heno y otros materiales. Proporcionan la fuerza necesaria para levantar la carga y desplazarla. En las excavadoras, el cilindro de la cuchara permite la excavaci\u00f3n al permitir que la cuchara penetre en el suelo. Esta acci\u00f3n facilita la recogida de tierra y otros materiales. En las cargadoras frontales, ayudan a levantar y descargar la carga eficientemente, lo que garantiza una operaci\u00f3n fluida y eficiente.<\/li>\n<\/ul>\n<h2>Consideraciones de dise\u00f1o y criterios de selecci\u00f3n<\/h2>\n<p>Los criterios de dise\u00f1o y selecci\u00f3n del cilindro del cuchar\u00f3n deben considerar los siguientes factores:<\/p>\n<ul>\n<li>Capacidad de carga: El cilindro debe ser lo suficientemente resistente para soportar la carga a la que estar\u00e1 sometido durante las operaciones. <\/li>\n<li>Sellado: Un sellado adecuado garantiza el funcionamiento eficiente del cilindro hidr\u00e1ulico y evita fugas de aceite. La selecci\u00f3n de los materiales de sellado debe considerar la durabilidad, la resistencia al desgaste y la resistencia a la corrosi\u00f3n.<\/li>\n<li>Durabilidad: El cilindro debe ser duradero y capaz de soportar entornos de trabajo hostiles. <\/li>\n<li>Seguridad: La seguridad es un factor crucial al trabajar con cilindros hidr\u00e1ulicos. El cilindro debe estar dise\u00f1ado con caracter\u00edsticas de seguridad para prevenir accidentes.<\/li>\n<li>Facilidad de mantenimiento: El cilindro debe dise\u00f1arse pensando en la facilidad de mantenimiento. Esta caracter\u00edstica ayuda a reducir el tiempo de inactividad y garantiza que el cilindro est\u00e9 siempre en \u00f3ptimas condiciones de funcionamiento.<\/li>\n<\/ul>\n<p><img decoding=\"async\" src=\"https:\/\/www.hydraulic-cylinders.net\/wp-content\/uploads\/2025\/01\/songte-oil-pipes-and-spare-parts.webp\" \/><\/p>\n<h2>Sellado y lubricaci\u00f3n<\/h2>\n<p>El cilindro de cangilones utiliza diversos componentes de sellado, como sellos de pist\u00f3n, sellos de v\u00e1stago y rascadores, para evitar fugas de aceite y garantizar un funcionamiento eficiente. Los materiales de sellado, como el poliuretano y el caucho de nitrilo, deben ser duraderos, resistentes al desgaste y a la corrosi\u00f3n. El cuerpo del cilindro y la superficie roscada del extremo se someten a un procesamiento de precisi\u00f3n para mejorar la resistencia al desgaste.<\/p>\n<p>El cilindro requiere lubricaci\u00f3n regular con aceite hidr\u00e1ulico para garantizar un funcionamiento suave y evitar el desgaste. Se debe a\u00f1adir la cantidad adecuada de aceite y revisar su calidad peri\u00f3dicamente.<\/p>\n<h2>Mantenimiento y reparaci\u00f3n<\/h2>\n<p>El mantenimiento y las reparaciones regulares ayudan a prolongar la vida \u00fatil del cilindro del cuchar\u00f3n y a garantizar su correcto funcionamiento. Se recomiendan las siguientes tareas de mantenimiento:<\/p>\n<ul>\n<li>Controles regulares: Los controles regulares pueden ayudar a detectar problemas de forma temprana y evitar que causen da\u00f1os graves.<\/li>\n<li>Lubricaci\u00f3n: Una lubricaci\u00f3n adecuada puede reducir el desgaste y garantizar un funcionamiento suave.<\/li>\n<li>Reemplazo de sellos y verificaci\u00f3n de calibraci\u00f3n: el reemplazo regular de sellos y los controles de calibraci\u00f3n pueden ayudar a prevenir fugas de aceite y garantizar un funcionamiento adecuado.<\/li>\n<\/ul>\n<p>Una instalaci\u00f3n, lubricaci\u00f3n y ajuste correctos son esenciales para obtener el m\u00e1ximo rendimiento del cilindro hidr\u00e1ulico. Durante la instalaci\u00f3n, es crucial alinear el cilindro correctamente, y se deben utilizar soportes de instalaci\u00f3n adecuados para fijarlo en su lugar. Recomendamos seguir los procedimientos de inspecci\u00f3n, reparaci\u00f3n y reemplazo recomendados por el fabricante, y ofrecer repuestos y servicios de reconstrucci\u00f3n para prolongar la vida \u00fatil del cilindro del cuchar\u00f3n.<\/p>\n<p><img decoding=\"async\" src=\"https:\/\/www.hydraulic-cylinders.net\/wp-content\/uploads\/2025\/01\/songte-chushion-collar.webp\" \/><\/p>\n<h2>Consideraciones de seguridad y medio ambiente<\/h2>\n<p>La seguridad es fundamental al trabajar con cilindros hidr\u00e1ulicos. Los operadores deben seguir todas las normas de seguridad y usar el equipo de seguridad adecuado. Las consideraciones ambientales tambi\u00e9n son fundamentales en el uso de cilindros hidr\u00e1ulicos. La eliminaci\u00f3n adecuada del aceite hidr\u00e1ulico usado y otros materiales peligrosos es fundamental para minimizar el impacto ambiental.<\/p>\n<h2>Problemas comunes y soluci\u00f3n de problemas<\/h2>\n<p>El cilindro del cuchar\u00f3n puede presentar problemas comunes, como fugas de aceite, funcionamiento lento y deriva del cilindro. Estos problemas se pueden solucionar mediante inspecciones y mantenimiento regulares. Si los problemas persisten, se recomienda consultar al fabricante o a un t\u00e9cnico cualificado.<\/p>\n<p><img decoding=\"async\" src=\"https:\/\/www.hydraulic-cylinders.net\/wp-content\/uploads\/2025\/01\/songte-bushings-with-all-kinds-of-excavator-models.webp\" \/><\/p>\n<h2>Acerca de nuestra empresa<\/h2>\n<p>Somos un fabricante y mayorista l\u00edder de cilindros hidr\u00e1ulicos en el mercado nacional e internacional. Ofrecemos una amplia gama de productos, con una calidad excelente y una estrategia de gesti\u00f3n de producci\u00f3n industrial en un taller de fabricaci\u00f3n de alta calidad. Mejoramos continuamente nuestra plataforma de fabricaci\u00f3n, perfeccionamos la l\u00ednea de producci\u00f3n de calidad y contamos con una s\u00f3lida capacidad de creaci\u00f3n para satisfacer las diversas necesidades de nuestros clientes. Tambi\u00e9n ofrecemos servicios personalizados y contamos con certificaciones internacionales de calidad.<\/p>\n<p>Nuestra empresa se compromete a ofrecer productos de alta calidad y un servicio excelente a nuestros clientes. Contamos con un equipo de t\u00e9cnicos profesionales, equipos de fabricaci\u00f3n digitales de alta gama y un sistema de pruebas profesional que mejora continuamente la plataforma de fabricaci\u00f3n y perfecciona la l\u00ednea de producci\u00f3n de calidad del producto.<\/p>\n<p>Nuestra empresa tambi\u00e9n ofrece servicios posventa, que incluyen inspecci\u00f3n, reparaci\u00f3n y reemplazo para garantizar la satisfacci\u00f3n de nuestros clientes. Nos dedicamos a brindarles cilindros hidr\u00e1ulicos y servicios de la mejor calidad.<\/p>\n<p><img decoding=\"async\" src=\"https:\/\/hzpt.com\/wp-content\/uploads\/2024\/11\/songte-company-1.webp\" \/><\/p>\n<p>Autor: lyl<\/p>","protected":false},"excerpt":{"rendered":"<p>Bucket Cylinder For XCMG Small Excavator XE6OCA Introduction The bucket cylinder for XCMG small excavator XE6OCA is a specialized hydraulic cylinder used for controlling the movement of the bucket in heavy machinery like excavators, backhoe excavators, and front-end loaders. Its primary function is to enable the bucket to lift, lower, and tilt, making it easy [&hellip;]<\/p>","protected":false},"featured_media":14762,"comment_status":"open","ping_status":"closed","template":"","meta":{"_et_pb_use_builder":"","_et_pb_old_content":"","_et_gb_content_width":""},"product_brand":[],"product_cat":[1494],"product_tag":[1495,1496],"class_list":{"0":"post-15460","1":"product","2":"type-product","3":"status-publish","4":"has-post-thumbnail","6":"product_cat-bucket-cylinders","7":"product_tag-bucket-cylinders","8":"product_tag-hydraulic-cylinders","10":"first","11":"instock","12":"shipping-taxable","13":"product-type-simple"},"amp_enabled":true,"_links":{"self":[{"href":"https:\/\/www.hydraulic-cylinders.net\/es\/wp-json\/wp\/v2\/product\/15460","targetHints":{"allow":["GET"]}}],"collection":[{"href":"https:\/\/www.hydraulic-cylinders.net\/es\/wp-json\/wp\/v2\/product"}],"about":[{"href":"https:\/\/www.hydraulic-cylinders.net\/es\/wp-json\/wp\/v2\/types\/product"}],"replies":[{"embeddable":true,"href":"https:\/\/www.hydraulic-cylinders.net\/es\/wp-json\/wp\/v2\/comments?post=15460"}],"wp:featuredmedia":[{"embeddable":true,"href":"https:\/\/www.hydraulic-cylinders.net\/es\/wp-json\/wp\/v2\/media\/14762"}],"wp:attachment":[{"href":"https:\/\/www.hydraulic-cylinders.net\/es\/wp-json\/wp\/v2\/media?parent=15460"}],"wp:term":[{"taxonomy":"product_brand","embeddable":true,"href":"https:\/\/www.hydraulic-cylinders.net\/es\/wp-json\/wp\/v2\/product_brand?post=15460"},{"taxonomy":"product_cat","embeddable":true,"href":"https:\/\/www.hydraulic-cylinders.net\/es\/wp-json\/wp\/v2\/product_cat?post=15460"},{"taxonomy":"product_tag","embeddable":true,"href":"https:\/\/www.hydraulic-cylinders.net\/es\/wp-json\/wp\/v2\/product_tag?post=15460"}],"curies":[{"name":"wp","href":"https:\/\/api.w.org\/{rel}","templated":true}]}}