{"id":15462,"date":"2025-01-19T14:33:41","date_gmt":"2025-01-19T14:33:41","guid":{"rendered":"https:\/\/www.hydraulic-cylinders.net\/product\/bucket-cylinder-for-xcmg-small-excavator-xe85c\/"},"modified":"2025-01-19T14:33:43","modified_gmt":"2025-01-19T14:33:43","slug":"bucket-cylinder-for-xcmg-small-excavator-xe85c","status":"publish","type":"product","link":"https:\/\/www.hydraulic-cylinders.net\/es\/producto\/bucket-cylinder-for-xcmg-small-excavator-xe85c\/","title":{"rendered":"Cilindro de cuchar\u00f3n para excavadora peque\u00f1a XCMG XE85C"},"content":{"rendered":"<p><!DOCTYPE html><br \/>\n<html><br \/>\n<head><br \/>\n<title>Cilindro de cuchar\u00f3n para excavadora peque\u00f1a XCMG XE85C<\/title><br \/>\n<\/head><br \/>\n<body><\/p>\n<h1>Cilindro de cuchar\u00f3n para excavadora peque\u00f1a XCMG XE85C<\/h1>\n<h2>Introducci\u00f3n<\/h2>\n<p>El cilindro del cuchar\u00f3n para la excavadora peque\u00f1a XE85C de XCMG es un cilindro hidr\u00e1ulico especializado, dise\u00f1ado para controlar el movimiento del cuchar\u00f3n en maquinaria pesada como excavadoras, retroexcavadoras y cargadoras frontales. Su funci\u00f3n principal es permitir la elevaci\u00f3n, el descenso y la inclinaci\u00f3n del cuchar\u00f3n, lo que facilita diversas tareas de manipulaci\u00f3n de materiales. En el sistema hidr\u00e1ulico, el cilindro del cuchar\u00f3n logra un control preciso del cuchar\u00f3n aprovechando los cambios de presi\u00f3n del aceite hidr\u00e1ulico, lo que permite a los operadores manipular cargas pesadas con eficiencia y adaptarse a entornos de trabajo complejos y diversos requisitos operativos.<\/p>\n<p><img decoding=\"async\" src=\"https:\/\/www.hydraulic-cylinders.net\/wp-content\/uploads\/2025\/01\/songte-company-2.webp\" alt=\"Imagen del cilindro del cubo\"><\/p>\n<h2>Caracter\u00edsticas<\/h2>\n<ul>\n<li>Alta resistencia y durabilidad: Fabricado generalmente en acero o aluminio de alta resistencia, soporta altas presiones y cargas pesadas, adapt\u00e1ndose a entornos de trabajo exigentes. Su dise\u00f1o considera la resistencia al desgaste y a la corrosi\u00f3n, prolongando su vida \u00fatil.<\/li>\n<li>Operaci\u00f3n hidr\u00e1ulica eficiente: Utilizando la presi\u00f3n del aceite hidr\u00e1ulico, logra acciones suaves de extensi\u00f3n y retracci\u00f3n, proporcionando una respuesta r\u00e1pida a los comandos de control y ofreciendo poderosas fuerzas de empuje y tracci\u00f3n, adecuadas para manipular cargas pesadas y tareas operativas complejas.<\/li>\n<li>Varios tipos: Se puede seleccionar como cilindro de simple efecto (hidr\u00e1ulico en una sola direcci\u00f3n) o de doble efecto (hidr\u00e1ulico en ambas direcciones) seg\u00fan las necesidades operativas espec\u00edficas. Algunos modelos son telesc\u00f3picos, lo que permite una mayor extensi\u00f3n sin aumentar las dimensiones externas, ideal para aplicaciones con espacio limitado.<\/li>\n<li>Reemplazo perfecto: Nuestro producto puede sustituir perfectamente otros cilindros hidr\u00e1ulicos, ofreciendo compatibilidad y un rendimiento confiable.<\/li>\n<\/ul>\n<p><img decoding=\"async\" src=\"https:\/\/www.hydraulic-cylinders.net\/wp-content\/uploads\/2025\/01\/songte-cylinder-head-with-all-kinds-excavator-models.webp\" alt=\"Imagen del cilindro de repuesto\"><\/p>\n<h2>Aplicaciones<\/h2>\n<ul>\n<li>Equipos de construcci\u00f3n: Se encuentran en las excavadoras, donde son cruciales para la excavaci\u00f3n, la carga y el movimiento de materiales. En las retroexcavadoras, el cilindro del cuchar\u00f3n facilita la excavaci\u00f3n y la elevaci\u00f3n.<\/li>\n<li>Maquinaria agr\u00edcola: Se utiliza en cargadoras frontales para recoger, levantar y transportar tierra, heno y otros materiales.<\/li>\n<li>Excavadoras: El cilindro del cuchar\u00f3n permite la acci\u00f3n de excavaci\u00f3n al permitir que el cuchar\u00f3n penetre en el suelo.<\/li>\n<li>Cargadores: En los cargadores frontales, ayudan a levantar y descargar mercanc\u00edas de manera eficaz.<\/li>\n<\/ul>\n<h2>Consideraciones de dise\u00f1o y criterios de selecci\u00f3n<\/h2>\n<ul>\n<li>Capacidad de carga: Analice la importancia de factores clave como la capacidad de carga, el sellado, la durabilidad, la seguridad y la facilidad de mantenimiento.<\/li>\n<li>Sellado y lubricaci\u00f3n: Describa el uso de diversos sellos, como sellos de pist\u00f3n y de v\u00e1stago, fabricados con materiales resistentes al desgaste como poliuretano y caucho de nitrilo. Enfatice la necesidad de lubricar regularmente con aceite hidr\u00e1ulico para aumentar su durabilidad.<\/li>\n<\/ul>\n<p><img decoding=\"async\" src=\"https:\/\/www.hydraulic-cylinders.net\/wp-content\/uploads\/2025\/01\/songte-oil-pipes-and-spare-parts.webp\" alt=\"Imagen de sellado y lubricaci\u00f3n\"><\/p>\n<h2>Medidas de mantenimiento y precauci\u00f3n<\/h2>\n<ul>\n<li>Inspecci\u00f3n peri\u00f3dica: Resalte la importancia de las inspecciones peri\u00f3dicas para garantizar el correcto funcionamiento del cilindro del cuchar\u00f3n.<\/li>\n<li>Lubricaci\u00f3n adecuada: enfatice la importancia de una lubricaci\u00f3n adecuada para reducir la fricci\u00f3n y evitar da\u00f1os.<\/li>\n<li>Reemplazo de sellos: Se recomienda reemplazar los sellos cuando se detecten signos de desgaste o da\u00f1os.<\/li>\n<li>Comprobaci\u00f3n de calibraci\u00f3n: se recomienda realizar comprobaciones de calibraci\u00f3n para mantener un funcionamiento preciso.<\/li>\n<\/ul>\n<p><img decoding=\"async\" src=\"https:\/\/www.hydraulic-cylinders.net\/wp-content\/uploads\/2025\/01\/songte-chushion-collar.webp\" alt=\"Imagen de mantenimiento\"><\/p>\n<h2>Consideraciones de seguridad y factores ambientales<\/h2>\n<p>Enfatizar la importancia de las medidas de seguridad al trabajar con cilindros hidr\u00e1ulicos y su impacto en el medio ambiente.<\/p>\n<h2>Soluci\u00f3n de problemas y problemas comunes<\/h2>\n<p>Analice problemas comunes y proporcione consejos y soluciones para ayudar a los lectores a diagnosticar y resolver problemas eficazmente. Ofrezca medidas preventivas para minimizar posibles problemas.<\/p>\n<p><img decoding=\"async\" src=\"https:\/\/www.hydraulic-cylinders.net\/wp-content\/uploads\/2025\/01\/songte-bushings-with-all-kinds-of-excavator-models.webp\" alt=\"Soluci\u00f3n de problemas de imagen\"><\/p>\n<h2>Acerca de nuestra empresa<\/h2>\n<p>Somos un fabricante y distribuidor mayorista l\u00edder de cilindros hidr\u00e1ulicos en el mercado nacional e internacional. Con una amplia gama de productos, nos hemos consolidado como uno de los fabricantes y distribuidores l\u00edderes del sector. Nos adherimos a los principios de excelencia, utilizando instalaciones de fabricaci\u00f3n avanzadas y sistemas de prueba profesionales para garantizar productos de alta calidad que satisfagan las diversas necesidades de nuestros clientes.<\/p>\n<p><img decoding=\"async\" src=\"https:\/\/hzpt.com\/wp-content\/uploads\/2024\/11\/songte-company-1.webp\" alt=\"Imagen de la empresa\"><\/p>\n<h3>Profesionalismo:<\/h3>\n<p>Nos enorgullecemos de nuestra profesionalidad y experiencia en cilindros hidr\u00e1ulicos. Nuestro equipo est\u00e1 formado por t\u00e9cnicos e ingenieros cualificados, dedicados a ofrecer productos y servicios de primera calidad.<\/p>\n<h3>Certificaciones internacionales:<\/h3>\n<p>Hemos obtenido diversas certificaciones internacionales, destacando nuestro compromiso con la calidad y el cumplimiento de los est\u00e1ndares de la industria.<\/p>\n<h3>Servicios de personalizaci\u00f3n:<\/h3>\n<p>Ofrecemos servicios de personalizaci\u00f3n para satisfacer los requisitos espec\u00edficos de los clientes, garantizando que nuestros cilindros hidr\u00e1ulicos se adapten a sus necesidades \u00fanicas.<\/p>\n<h3>Equipo de producci\u00f3n:<\/h3>\n<p>Hemos invertido en equipos de producci\u00f3n avanzados para garantizar procesos de fabricaci\u00f3n eficientes y precisos, dando como resultado productos de alta calidad.<\/p>\n<h3>Servicio postventa:<\/h3>\n<p>Ofrecemos un servicio posventa integral que incluye mantenimiento, reparaci\u00f3n y repuestos. Nuestro objetivo es prolongar la vida \u00fatil de nuestros cilindros hidr\u00e1ulicos y garantizar la satisfacci\u00f3n del cliente.<\/p>\n<p><img decoding=\"async\" src=\"https:\/\/www.hydraulic-cylinders.net\/wp-content\/uploads\/2025\/01\/songte-company-3.webp\" alt=\"Imagen con los datos de la empresa\"><\/p>\n<p>Autor: lyl<\/p>\n<p><\/body><br \/>\n<\/html><\/p>","protected":false},"excerpt":{"rendered":"<p>Bucket Cylinder For XCMG Small Excavator XE85C Bucket Cylinder For XCMG Small Excavator XE85C Introduction The bucket cylinder for XCMG small excavator XE85C is a specialized hydraulic cylinder designed for controlling the movement of the bucket in heavy machinery such as excavators, backhoe loaders, and front-end loaders. Its main function is to enable the lifting, [&hellip;]<\/p>","protected":false},"featured_media":14789,"comment_status":"open","ping_status":"closed","template":"","meta":{"_et_pb_use_builder":"","_et_pb_old_content":"","_et_gb_content_width":""},"product_brand":[],"product_cat":[1494],"product_tag":[1495,1496],"class_list":{"0":"post-15462","1":"product","2":"type-product","3":"status-publish","4":"has-post-thumbnail","6":"product_cat-bucket-cylinders","7":"product_tag-bucket-cylinders","8":"product_tag-hydraulic-cylinders","10":"first","11":"instock","12":"shipping-taxable","13":"product-type-simple"},"amp_enabled":true,"_links":{"self":[{"href":"https:\/\/www.hydraulic-cylinders.net\/es\/wp-json\/wp\/v2\/product\/15462","targetHints":{"allow":["GET"]}}],"collection":[{"href":"https:\/\/www.hydraulic-cylinders.net\/es\/wp-json\/wp\/v2\/product"}],"about":[{"href":"https:\/\/www.hydraulic-cylinders.net\/es\/wp-json\/wp\/v2\/types\/product"}],"replies":[{"embeddable":true,"href":"https:\/\/www.hydraulic-cylinders.net\/es\/wp-json\/wp\/v2\/comments?post=15462"}],"wp:featuredmedia":[{"embeddable":true,"href":"https:\/\/www.hydraulic-cylinders.net\/es\/wp-json\/wp\/v2\/media\/14789"}],"wp:attachment":[{"href":"https:\/\/www.hydraulic-cylinders.net\/es\/wp-json\/wp\/v2\/media?parent=15462"}],"wp:term":[{"taxonomy":"product_brand","embeddable":true,"href":"https:\/\/www.hydraulic-cylinders.net\/es\/wp-json\/wp\/v2\/product_brand?post=15462"},{"taxonomy":"product_cat","embeddable":true,"href":"https:\/\/www.hydraulic-cylinders.net\/es\/wp-json\/wp\/v2\/product_cat?post=15462"},{"taxonomy":"product_tag","embeddable":true,"href":"https:\/\/www.hydraulic-cylinders.net\/es\/wp-json\/wp\/v2\/product_tag?post=15462"}],"curies":[{"name":"wp","href":"https:\/\/api.w.org\/{rel}","templated":true}]}}