{"id":15464,"date":"2025-01-19T14:33:49","date_gmt":"2025-01-19T14:33:49","guid":{"rendered":"https:\/\/www.hydraulic-cylinders.net\/product\/bucket-cylinder-for-xcmg-small-excavator-xe40\/"},"modified":"2025-01-19T14:33:51","modified_gmt":"2025-01-19T14:33:51","slug":"bucket-cylinder-for-xcmg-small-excavator-xe40","status":"publish","type":"product","link":"https:\/\/www.hydraulic-cylinders.net\/es\/producto\/bucket-cylinder-for-xcmg-small-excavator-xe40\/","title":{"rendered":"Cilindro de cuchar\u00f3n para excavadora peque\u00f1a XCMG XE40"},"content":{"rendered":"<p><!DOCTYPE html><br \/>\n<html><br \/>\n<head><br \/>\n<title>Cilindro de cuchar\u00f3n para excavadora peque\u00f1a XCMG XE40<\/title><br \/>\n<\/head><br \/>\n<body><\/p>\n<h1>Cilindro de cuchar\u00f3n para excavadora peque\u00f1a XCMG XE40<\/h1>\n<h2>Introducci\u00f3n<\/h2>\n<p>El cilindro del cuchar\u00f3n es un cilindro hidr\u00e1ulico especialmente dise\u00f1ado que se utiliza para controlar el movimiento del cuchar\u00f3n en maquinaria pesada como excavadoras, retroexcavadoras y cargadoras de ruedas. Su funci\u00f3n principal es permitir la elevaci\u00f3n, el descenso y la inclinaci\u00f3n del cuchar\u00f3n, facilitando diversas tareas de manipulaci\u00f3n de materiales. En el sistema hidr\u00e1ulico, el cilindro del cuchar\u00f3n logra un control preciso del cuchar\u00f3n aprovechando los cambios de presi\u00f3n del aceite hidr\u00e1ulico, lo que permite a los operadores manipular cargas pesadas con eficiencia y adaptarse a entornos de trabajo complejos y a diversos requisitos.<\/p>\n<p><img decoding=\"async\" src=\"https:\/\/www.hydraulic-cylinders.net\/wp-content\/uploads\/2025\/01\/songte-company-2.webp\" alt=\"Imagen del cilindro del cubo\"><\/p>\n<h2>Caracter\u00edsticas<\/h2>\n<ul>\n<li>Alta resistencia y durabilidad: Fabricado generalmente en acero o aluminio de alta resistencia, soporta alta presi\u00f3n y cargas pesadas, adapt\u00e1ndose a entornos de trabajo hostiles. Su dise\u00f1o considera la resistencia al desgaste y a la corrosi\u00f3n para prolongar su vida \u00fatil.<\/li>\n<li>Operaci\u00f3n hidr\u00e1ulica eficiente: Al utilizar la presi\u00f3n del aceite hidr\u00e1ulico, logra una extensi\u00f3n y retracci\u00f3n suaves, responde r\u00e1pidamente a los comandos de control, proporciona poderosas fuerzas de empuje y tracci\u00f3n y es adecuado para manipular cargas pesadas y tareas laborales complejas.<\/li>\n<li>Diversos tipos: Se pueden seleccionar cilindros de simple efecto (hidr\u00e1ulicos en una direcci\u00f3n) o de doble efecto (hidr\u00e1ulicos en ambas direcciones) seg\u00fan las necesidades, satisfaciendo as\u00ed diferentes necesidades operativas. Algunos modelos son telesc\u00f3picos, lo que permite una mayor extensi\u00f3n sin aumentar las dimensiones externas, ideal para aplicaciones con espacio limitado.<\/li>\n<li>Reemplazo perfecto: Nuestros productos pueden reemplazar perfectamente estos cilindros hidr\u00e1ulicos.<\/li>\n<\/ul>\n<p><img decoding=\"async\" src=\"https:\/\/www.hydraulic-cylinders.net\/wp-content\/uploads\/2025\/01\/songte-cylinder-head-with-all-kinds-excavator-models.webp\" alt=\"Imagen del producto\"><\/p>\n<h2>Aplicaciones<\/h2>\n<ul>\n<li>Equipos de construcci\u00f3n: Presentes en las excavadoras, son cruciales para excavar, cargar y mover tierra o escombros. En las retroexcavadoras, el cilindro del cuchar\u00f3n facilita tanto la excavaci\u00f3n como la elevaci\u00f3n.<\/li>\n<li>Maquinaria agr\u00edcola: Se utiliza en cargadoras frontales para recoger, levantar y transportar tierra, heno y otros materiales.<\/li>\n<li>Excavadoras: El cilindro del cuchar\u00f3n permite realizar acciones de excavaci\u00f3n al permitir que el cuchar\u00f3n penetre en el suelo.<\/li>\n<li>Cargadoras de ruedas: En las cargadoras frontales, ayudan a levantar y descargar mercanc\u00edas de manera eficiente.<\/li>\n<\/ul>\n<h2>Consideraciones de dise\u00f1o y criterios de selecci\u00f3n<\/h2>\n<ul>\n<li>Capacidad de carga: Analice la capacidad de soportar cargas y presiones.<\/li>\n<li>Sellado: Explique la importancia de utilizar diversos componentes de sellado, como sellos de pist\u00f3n y sellos de varilla hechos de materiales resistentes al desgaste como poliuretano y caucho de nitrilo.<\/li>\n<li>Durabilidad: Analice el tratamiento fino de la superficie del cuerpo del cilindro y los extremos roscados para mejorar la resistencia al desgaste.<\/li>\n<li>Seguridad: Analice las consideraciones de seguridad en el dise\u00f1o, como mecanismos de bloqueo confiables y v\u00e1lvulas de alivio de presi\u00f3n.<\/li>\n<li>Mantenibilidad: Analice la facilidad de mantenimiento y la disponibilidad de repuestos.<\/li>\n<\/ul>\n<p><img decoding=\"async\" src=\"https:\/\/www.hydraulic-cylinders.net\/wp-content\/uploads\/2025\/01\/songte-oil-pipes-and-spare-parts.webp\" alt=\"Imagen del producto\"><\/p>\n<h2>Sellado y lubricaci\u00f3n<\/h2>\n<p>El cilindro del cuchar\u00f3n utiliza diversos sellos, como sellos de pist\u00f3n y sellos de v\u00e1stago, fabricados con materiales resistentes al desgaste como poliuretano y caucho de nitrilo. El cuerpo del cilindro y los extremos roscados cuentan con un fino tratamiento para mejorar la resistencia al desgaste. Es necesaria una lubricaci\u00f3n regular con el aceite hidr\u00e1ulico adecuado para garantizar un funcionamiento suave y prolongar la vida \u00fatil del cilindro.<\/p>\n<h2>Inspecci\u00f3n y mantenimiento preventivo<\/h2>\n<ul>\n<li>Inspecci\u00f3n peri\u00f3dica: enfatice la importancia de realizar una inspecci\u00f3n visual peri\u00f3dica para detectar cualquier signo de da\u00f1o o fuga.<\/li>\n<li>Lubricaci\u00f3n adecuada: Analice la necesidad de una lubricaci\u00f3n peri\u00f3dica para mantener un funcionamiento suave.<\/li>\n<li>Reemplazo de sellos: Explique la importancia de reemplazar los sellos desgastados para evitar fugas y mantener un rendimiento \u00f3ptimo.<\/li>\n<li>Comprobaci\u00f3n de calibraci\u00f3n: se recomienda realizar comprobaciones de calibraci\u00f3n peri\u00f3dicas para garantizar un funcionamiento preciso.<\/li>\n<\/ul>\n<p><img decoding=\"async\" src=\"https:\/\/www.hydraulic-cylinders.net\/wp-content\/uploads\/2025\/01\/songte-chushion-collar.webp\" alt=\"Imagen del producto\"><\/p>\n<h2>Consideraciones de seguridad y factores ambientales<\/h2>\n<p>Al utilizar el cilindro de la cuchara, es fundamental seguir las medidas de seguridad para prevenir accidentes y garantizar el bienestar de los operadores y del medio ambiente. Se deben tener en cuenta precauciones de seguridad, como el uso del equipo de protecci\u00f3n adecuado y el cumplimiento de las directrices de operaci\u00f3n.<\/p>\n<h2>Soluci\u00f3n de problemas y problemas comunes<\/h2>\n<p>Aborde posibles problemas y proporcione consejos y soluciones para ayudar a los lectores a diagnosticar y resolver problemas eficazmente. Ofrezca medidas preventivas para minimizar posibles problemas y garantizar un funcionamiento sin problemas.<\/p>\n<p><img decoding=\"async\" src=\"https:\/\/www.hydraulic-cylinders.net\/wp-content\/uploads\/2025\/01\/songte-bushings-with-all-kinds-of-excavator-models.webp\" alt=\"Imagen del producto\"><\/p>\n<h2>Conclusi\u00f3n<\/h2>\n<p>Nuestra empresa es l\u00edder en la fabricaci\u00f3n y distribuci\u00f3n mayorista de cilindros hidr\u00e1ulicos en el mercado nacional e internacional. Ofrecemos una gama completa de productos y nos esforzamos por alcanzar la excelencia en calidad. Gracias a nuestro equipo t\u00e9cnico altamente cualificado, equipos de fabricaci\u00f3n de vanguardia y sistemas de prueba profesionales, mejoramos continuamente nuestra capacidad de fabricaci\u00f3n, la calidad de nuestros productos y la eficiencia de la producci\u00f3n para satisfacer las diversas necesidades de nuestros clientes.<\/p>\n<p><img decoding=\"async\" src=\"https:\/\/www.hydraulic-cylinders.net\/wp-content\/uploads\/2025\/01\/songte-company-3.webp\" alt=\"Imagen de la empresa\"><\/p>\n<h3>Acerca de nuestra empresa<\/h3>\n<ul>\n<li>Profesionalismo: Resaltar la experiencia y conocimiento de la empresa en la producci\u00f3n de cilindros hidr\u00e1ulicos.<\/li>\n<li>Certificaciones internacionales: Analice cualquier certificaciones relevante que la empresa haya obtenido para garantizar la calidad del producto y el cumplimiento de los est\u00e1ndares de la industria.<\/li>\n<li>Servicios de personalizaci\u00f3n: Enfatiza la capacidad de la empresa para brindar soluciones personalizadas para satisfacer los requisitos espec\u00edficos de los clientes.<\/li>\n<li>Equipo de producci\u00f3n: describa el equipo de fabricaci\u00f3n avanzado utilizado por la empresa para garantizar productos de alta calidad.<\/li>\n<li>Servicio posventa: Analice el compromiso de la empresa de brindar un excelente servicio posventa, incluidos servicios de reemplazo de piezas y reconstrucci\u00f3n.<\/li>\n<\/ul>\n<p>Autor: lyl<\/p>\n<p><img decoding=\"async\" src=\"https:\/\/hzpt.com\/wp-content\/uploads\/2024\/11\/songte-company-1.webp\" alt=\"Imagen de la empresa\"><\/p>\n<p><\/body><br \/>\n<\/html><\/p>","protected":false},"excerpt":{"rendered":"<p>Bucket Cylinder For XCMG Small Excavator XE40 Bucket Cylinder For XCMG Small Excavator XE40 Introduction The bucket cylinder is a specially designed hydraulic cylinder used to control the movement of the bucket in heavy machinery such as excavators, backhoe loaders, and wheel loaders. Its main function is to enable the lifting, lowering, and tilting of [&hellip;]<\/p>","protected":false},"featured_media":14787,"comment_status":"open","ping_status":"closed","template":"","meta":{"_et_pb_use_builder":"","_et_pb_old_content":"","_et_gb_content_width":""},"product_brand":[],"product_cat":[1494],"product_tag":[1495,1496],"class_list":{"0":"post-15464","1":"product","2":"type-product","3":"status-publish","4":"has-post-thumbnail","6":"product_cat-bucket-cylinders","7":"product_tag-bucket-cylinders","8":"product_tag-hydraulic-cylinders","10":"first","11":"instock","12":"shipping-taxable","13":"product-type-simple"},"amp_enabled":true,"_links":{"self":[{"href":"https:\/\/www.hydraulic-cylinders.net\/es\/wp-json\/wp\/v2\/product\/15464","targetHints":{"allow":["GET"]}}],"collection":[{"href":"https:\/\/www.hydraulic-cylinders.net\/es\/wp-json\/wp\/v2\/product"}],"about":[{"href":"https:\/\/www.hydraulic-cylinders.net\/es\/wp-json\/wp\/v2\/types\/product"}],"replies":[{"embeddable":true,"href":"https:\/\/www.hydraulic-cylinders.net\/es\/wp-json\/wp\/v2\/comments?post=15464"}],"wp:featuredmedia":[{"embeddable":true,"href":"https:\/\/www.hydraulic-cylinders.net\/es\/wp-json\/wp\/v2\/media\/14787"}],"wp:attachment":[{"href":"https:\/\/www.hydraulic-cylinders.net\/es\/wp-json\/wp\/v2\/media?parent=15464"}],"wp:term":[{"taxonomy":"product_brand","embeddable":true,"href":"https:\/\/www.hydraulic-cylinders.net\/es\/wp-json\/wp\/v2\/product_brand?post=15464"},{"taxonomy":"product_cat","embeddable":true,"href":"https:\/\/www.hydraulic-cylinders.net\/es\/wp-json\/wp\/v2\/product_cat?post=15464"},{"taxonomy":"product_tag","embeddable":true,"href":"https:\/\/www.hydraulic-cylinders.net\/es\/wp-json\/wp\/v2\/product_tag?post=15464"}],"curies":[{"name":"wp","href":"https:\/\/api.w.org\/{rel}","templated":true}]}}