{"id":15467,"date":"2025-01-19T14:34:01","date_gmt":"2025-01-19T14:34:01","guid":{"rendered":"https:\/\/www.hydraulic-cylinders.net\/product\/bucket-cylinder-for-xcmg-small-excavator-xe135b\/"},"modified":"2025-01-19T14:34:03","modified_gmt":"2025-01-19T14:34:03","slug":"bucket-cylinder-for-xcmg-small-excavator-xe135b","status":"publish","type":"product","link":"https:\/\/www.hydraulic-cylinders.net\/es\/producto\/bucket-cylinder-for-xcmg-small-excavator-xe135b\/","title":{"rendered":"Cilindro de cuchar\u00f3n para excavadora peque\u00f1a XCMG XE135B"},"content":{"rendered":"<h1>Cilindro de cuchar\u00f3n para excavadora peque\u00f1a XCMG XE135B<\/h1>\n<h2>Introducci\u00f3n<\/h2>\n<p>El cilindro hidr\u00e1ulico para la cucharilla de la excavadora peque\u00f1a XCMG XE135B es un cilindro hidr\u00e1ulico especialmente dise\u00f1ado para controlar el movimiento de la cucharilla en maquinaria pesada como excavadoras, retroexcavadoras y cargadoras frontales. Su funci\u00f3n principal es permitir la elevaci\u00f3n, el descenso y la inclinaci\u00f3n de la cucharilla, facilitando as\u00ed diversas tareas de manipulaci\u00f3n de materiales. En el sistema hidr\u00e1ulico, el cilindro logra un control preciso de la cucharilla mediante las variaciones de presi\u00f3n del aceite hidr\u00e1ulico, lo que permite a los operadores manejar cargas pesadas con eficiencia y adaptarse a entornos de trabajo complejos y diversas necesidades operativas.<\/p>\n<p><img decoding=\"async\" src=\"https:\/\/www.hydraulic-cylinders.net\/wp-content\/uploads\/2025\/01\/songte-company-2.webp\" alt=\"Imagen del cilindro del cubo\"><\/p>\n<h2>Caracter\u00edsticas<\/h2>\n<ul>\n<li>Alta resistencia y durabilidad: El cilindro del cuchar\u00f3n suele estar fabricado de acero o aluminio de alta resistencia, capaz de soportar altas presiones y cargas pesadas, adapt\u00e1ndose a entornos de trabajo adversos y dise\u00f1ado teniendo en cuenta la resistencia al desgaste y a la corrosi\u00f3n para prolongar su vida \u00fatil.<\/li>\n<li>Funcionamiento hidr\u00e1ulico eficiente: Al utilizar la presi\u00f3n del aceite hidr\u00e1ulico, el cilindro de la cuchara logra movimientos telesc\u00f3picos suaves, responde r\u00e1pidamente a las \u00f3rdenes de control, proporciona potentes fuerzas de empuje y tracci\u00f3n, y es adecuado para manipular cargas pesadas y realizar tareas operativas complejas.<\/li>\n<li>Diversos tipos: El cilindro puede seleccionarse como de simple efecto (la presi\u00f3n hidr\u00e1ulica se utiliza en una sola direcci\u00f3n) o de doble efecto (la presi\u00f3n hidr\u00e1ulica se utiliza en ambas direcciones), seg\u00fan las necesidades operativas espec\u00edficas. Algunos modelos son telesc\u00f3picos, lo que permite una mayor extensi\u00f3n sin aumentar las dimensiones externas, haci\u00e9ndolos id\u00f3neos para aplicaciones con espacio limitado.<\/li>\n<li>Sustituci\u00f3n perfecta: Nuestros productos pueden sustituir perfectamente a estos cilindros hidr\u00e1ulicos.<\/li>\n<\/ul>\n<p><img decoding=\"async\" src=\"https:\/\/www.hydraulic-cylinders.net\/wp-content\/uploads\/2025\/01\/songte-cylinder-head-with-all-kinds-excavator-models.webp\" alt=\"Imagen de la culata\"><\/p>\n<h2>Aplicaciones<\/h2>\n<p>Los cilindros de cubo se utilizan com\u00fanmente en diversas aplicaciones:<\/p>\n<ul>\n<li>Equipos de construcci\u00f3n: Son esenciales en las excavadoras para excavar, cargar y mover tierra o escombros. En las retroexcavadoras, el cilindro de la cuchara ayuda tanto a excavar como a levantar.<\/li>\n<li>Maquinaria agr\u00edcola: Se utiliza en cargadoras frontales para recoger, levantar y transportar tierra, heno y otros materiales.<\/li>\n<li>Excavadoras: El cilindro del cuchar\u00f3n permite realizar acciones de excavaci\u00f3n al permitir que el cuchar\u00f3n penetre en el suelo.<\/li>\n<li>Cargadores: En las cargadoras frontales, ayudan a levantar e inclinar la carga de manera eficiente.<\/li>\n<\/ul>\n<h2>Consideraciones de dise\u00f1o y criterios de selecci\u00f3n<\/h2>\n<p>Al dise\u00f1ar cilindros de cangilones, se consideran varios factores:<\/p>\n<ul>\n<li>Capacidad de carga: El cilindro est\u00e1 dise\u00f1ado para soportar los requisitos de carga espec\u00edficos de la aplicaci\u00f3n.<\/li>\n<li>Sellado: Se utilizan diversos tipos de juntas, como juntas de pist\u00f3n y juntas de v\u00e1stago, y se eligen materiales como el poliuretano y el caucho de nitrilo por su resistencia al desgaste.<\/li>\n<li>Durabilidad: El cuerpo del cilindro y los extremos roscados se someten a tratamientos precisos para mejorar su resistencia al desgaste.<\/li>\n<li>Seguridad: Se han incorporado caracter\u00edsticas de seguridad para garantizar el funcionamiento seguro del cilindro.<\/li>\n<li>Mantenibilidad: El cilindro est\u00e1 dise\u00f1ado para facilitar el mantenimiento y la reparaci\u00f3n.<\/li>\n<\/ul>\n<p><img decoding=\"async\" src=\"https:\/\/www.hydraulic-cylinders.net\/wp-content\/uploads\/2025\/01\/songte-oil-pipes-and-spare-parts.webp\" alt=\"Imagen de tuber\u00edas de aceite y repuestos\"><\/p>\n<h2>Sellado y lubricaci\u00f3n<\/h2>\n<p>El cilindro de la cuchara utiliza diversos componentes de sellado, como juntas de pist\u00f3n y juntas de v\u00e1stago. Estas juntas est\u00e1n fabricadas con materiales resistentes al desgaste, como poliuretano y caucho de nitrilo. El cuerpo del cilindro y los extremos roscados reciben un tratamiento especial para mejorar su resistencia al desgaste. Se requiere una lubricaci\u00f3n regular con la cantidad adecuada de aceite hidr\u00e1ulico para garantizar un funcionamiento \u00f3ptimo.<\/p>\n<h2>Inspecci\u00f3n peri\u00f3dica y medidas de mantenimiento preventivo<\/h2>\n<ul>\n<li>Inspeccione peri\u00f3dicamente el cilindro para detectar cualquier signo de da\u00f1o o desgaste.<\/li>\n<li>Aseg\u00farese de que la lubricaci\u00f3n sea adecuada en todo momento.<\/li>\n<li>Sustituya las juntas siempre que sea necesario.<\/li>\n<li>Realice comprobaciones de calibraci\u00f3n para mantener un rendimiento \u00f3ptimo.<\/li>\n<\/ul>\n<p><img decoding=\"async\" src=\"https:\/\/www.hydraulic-cylinders.net\/wp-content\/uploads\/2025\/01\/songte-cushion-collar.webp\" alt=\"Imagen de cuello de coj\u00edn\"><\/p>\n<h2>Consideraciones sobre la seguridad del producto y factores ambientales<\/h2>\n<p>Al utilizar el cilindro de la cuchara, es importante seguir las medidas de seguridad para prevenir accidentes y garantizar el bienestar de los operarios y del medio ambiente. Se deben tener en cuenta las precauciones de seguridad al trabajar con maquinaria pesada y sistemas hidr\u00e1ulicos.<\/p>\n<h2>Soluci\u00f3n de problemas y problemas comunes<\/h2>\n<p>Algunos problemas comunes que pueden surgir con el cilindro del dep\u00f3sito incluyen fugas, rendimiento reducido y ruidos anormales. Ante estos problemas, los siguientes consejos y soluciones pueden ayudar a diagnosticarlos y resolverlos:<\/p>\n<ul>\n<li>Compruebe si hay fugas visibles o conexiones sueltas.<\/li>\n<li>Inspeccione el sistema hidr\u00e1ulico para comprobar que los niveles de fluido sean los adecuados y que est\u00e9 limpio.<\/li>\n<li>Consulte las instrucciones del fabricante para solucionar problemas espec\u00edficos.<\/li>\n<li>Implementar medidas preventivas para minimizar los problemas potenciales.<\/li>\n<\/ul>\n<p><img decoding=\"async\" src=\"https:\/\/www.hydraulic-cylinders.net\/wp-content\/uploads\/2025\/01\/songte-bushings-with-all-kinds-of-excavator-models.webp\" alt=\"Imagen de bujes\"><\/p>\n<h2>Acerca de nuestra empresa<\/h2>\n<p>Somos un fabricante y distribuidor mayorista l\u00edder de cilindros hidr\u00e1ulicos en los mercados nacionales e internacionales. Nuestra empresa ofrece una amplia gama de productos y sigue una estrategia de gesti\u00f3n de producci\u00f3n que prioriza la calidad y la precisi\u00f3n. Mediante el uso de equipos de fabricaci\u00f3n avanzados y sistemas de prueba profesionales, mejoramos continuamente nuestra plataforma de fabricaci\u00f3n y nuestro proceso de producci\u00f3n de calidad. Nuestra empresa posee una gran capacidad creativa y est\u00e1 comprometida con satisfacer las diversas necesidades de nuestros clientes con alta eficiencia, precisi\u00f3n y calidad superior.<\/p>\n<p><img decoding=\"async\" src=\"https:\/\/hzpt.com\/wp-content\/uploads\/2024\/11\/songte-company-1.webp\" alt=\"Imagen de la empresa\"><\/p>\n<ul>\n<li>Profesionalismo: Contamos con un equipo de profesionales experimentados dedicados a ofrecer productos y servicios excepcionales.<\/li>\n<li>Certificaciones Internacionales: Nuestros productos cumplen con los est\u00e1ndares internacionales de calidad y seguridad.<\/li>\n<li>Servicios de personalizaci\u00f3n: Ofrecemos soluciones personalizadas para satisfacer las necesidades espec\u00edficas de cada cliente.<\/li>\n<li>Equipos de producci\u00f3n: Nuestra empresa utiliza equipos de producci\u00f3n de \u00faltima generaci\u00f3n para garantizar procesos de fabricaci\u00f3n de alta calidad.<\/li>\n<li>Servicio posventa: Ofrecemos un servicio posventa integral para garantizar la satisfacci\u00f3n del cliente.<\/li>\n<\/ul>\n<p><img decoding=\"async\" src=\"https:\/\/www.hydraulic-cylinders.net\/wp-content\/uploads\/2025\/01\/songte-company-3.webp\" alt=\"Imagen de la empresa\"><\/p>\n<p>Autor: lyl<\/p>","protected":false},"excerpt":{"rendered":"<p>Bucket Cylinder For XCMG Small Excavator XE135B Introduction The Bucket Cylinder for XCMG Small Excavator XE135B is a specially designed hydraulic cylinder used to control the movement of the bucket in heavy machinery such as excavators, backhoe loaders, and front loaders. Its main function is to enable the lifting, lowering, and tilting of the bucket, [&hellip;]<\/p>","protected":false},"featured_media":14782,"comment_status":"open","ping_status":"closed","template":"","meta":{"_et_pb_use_builder":"","_et_pb_old_content":"","_et_gb_content_width":""},"product_brand":[],"product_cat":[1494],"product_tag":[1495,1496],"class_list":{"0":"post-15467","1":"product","2":"type-product","3":"status-publish","4":"has-post-thumbnail","6":"product_cat-bucket-cylinders","7":"product_tag-bucket-cylinders","8":"product_tag-hydraulic-cylinders","10":"first","11":"instock","12":"shipping-taxable","13":"product-type-simple"},"amp_enabled":true,"_links":{"self":[{"href":"https:\/\/www.hydraulic-cylinders.net\/es\/wp-json\/wp\/v2\/product\/15467","targetHints":{"allow":["GET"]}}],"collection":[{"href":"https:\/\/www.hydraulic-cylinders.net\/es\/wp-json\/wp\/v2\/product"}],"about":[{"href":"https:\/\/www.hydraulic-cylinders.net\/es\/wp-json\/wp\/v2\/types\/product"}],"replies":[{"embeddable":true,"href":"https:\/\/www.hydraulic-cylinders.net\/es\/wp-json\/wp\/v2\/comments?post=15467"}],"wp:featuredmedia":[{"embeddable":true,"href":"https:\/\/www.hydraulic-cylinders.net\/es\/wp-json\/wp\/v2\/media\/14782"}],"wp:attachment":[{"href":"https:\/\/www.hydraulic-cylinders.net\/es\/wp-json\/wp\/v2\/media?parent=15467"}],"wp:term":[{"taxonomy":"product_brand","embeddable":true,"href":"https:\/\/www.hydraulic-cylinders.net\/es\/wp-json\/wp\/v2\/product_brand?post=15467"},{"taxonomy":"product_cat","embeddable":true,"href":"https:\/\/www.hydraulic-cylinders.net\/es\/wp-json\/wp\/v2\/product_cat?post=15467"},{"taxonomy":"product_tag","embeddable":true,"href":"https:\/\/www.hydraulic-cylinders.net\/es\/wp-json\/wp\/v2\/product_tag?post=15467"}],"curies":[{"name":"wp","href":"https:\/\/api.w.org\/{rel}","templated":true}]}}