{"id":15468,"date":"2025-01-19T14:34:05","date_gmt":"2025-01-19T14:34:05","guid":{"rendered":"https:\/\/www.hydraulic-cylinders.net\/product\/bucket-cylinder-for-xcmg-middle-excavator-xe200c\/"},"modified":"2025-01-19T14:34:07","modified_gmt":"2025-01-19T14:34:07","slug":"bucket-cylinder-for-xcmg-middle-excavator-xe200c","status":"publish","type":"product","link":"https:\/\/www.hydraulic-cylinders.net\/es\/producto\/bucket-cylinder-for-xcmg-middle-excavator-xe200c\/","title":{"rendered":"Cilindro de cuchar\u00f3n para excavadora intermedia XCMG XE200C"},"content":{"rendered":"<h1>Cilindro de cuchar\u00f3n para excavadora intermedia XCMG XE200C<\/h1>\n<h2>Introducci\u00f3n<\/h2>\n<p>El cilindro de la cuchara para la excavadora intermedia XE200C de XCMG es un tipo de cilindro hidr\u00e1ulico especializado que se utiliza principalmente para controlar el movimiento de las palas en maquinaria pesada, como excavadoras, retroexcavadoras y cargadoras frontales. Su funci\u00f3n principal es permitir que la pala se eleve, baje e incline, facilitando la realizaci\u00f3n de diversas tareas de manipulaci\u00f3n de materiales. En el sistema hidr\u00e1ulico, el cilindro de la cuchara controla con precisi\u00f3n el movimiento de la pala mediante cambios en la presi\u00f3n del aceite hidr\u00e1ulico, lo que permite a los operadores manipular cargas pesadas con eficiencia y adaptarse a entornos de trabajo complejos y diversos requisitos operativos.<\/p>\n<p><img decoding=\"async\" src=\"https:\/\/www.hydraulic-cylinders.net\/wp-content\/uploads\/2025\/01\/songte-company-2.webp\" alt=\"Imagen del cilindro del cubo\"><\/p>\n<h2>Caracter\u00edsticas<\/h2>\n<ul>\n<li>Alta resistencia y durabilidad: generalmente fabricados en acero o aluminio de alta resistencia, capaces de soportar alta presi\u00f3n y cargas pesadas, y dise\u00f1ados teniendo en cuenta la resistencia al desgaste y la corrosi\u00f3n para prolongar la vida \u00fatil.<\/li>\n<li>Operaci\u00f3n hidr\u00e1ulica eficiente: utiliza la presi\u00f3n del aceite hidr\u00e1ulico para lograr movimientos suaves de extensi\u00f3n y contracci\u00f3n, capaz de responder r\u00e1pidamente a los comandos de control, proporcionando poderosas fuerzas de empuje y tracci\u00f3n, y adecuado para manipular cargas pesadas y tareas operativas complejas.<\/li>\n<li>Diversos tipos: Se pueden seleccionar cilindros de simple efecto (hidr\u00e1ulicos en una sola direcci\u00f3n) o de doble efecto (hidr\u00e1ulicos en ambas direcciones) seg\u00fan las necesidades operativas. Algunos modelos son telesc\u00f3picos, lo que permite una mayor expansi\u00f3n sin aumentar las dimensiones externas y es adecuado para aplicaciones con espacio limitado.<\/li>\n<li>Reemplazo perfecto: nuestro producto puede reemplazar perfectamente otros cilindros hidr\u00e1ulicos.<\/li>\n<\/ul>\n<p><img decoding=\"async\" src=\"https:\/\/www.hydraulic-cylinders.net\/wp-content\/uploads\/2025\/01\/songte-cylinder-head-with-all-kinds-excavator-models.webp\" alt=\"Imagen de reemplazo del cilindro del cuchar\u00f3n\"><\/p>\n<h2>Aplicaciones<\/h2>\n<h3>Equipos de construcci\u00f3n<\/h3>\n<p>En las excavadoras, son esenciales para excavar, cargar y mover tierra o escombros. En las retroexcavadoras, los cilindros de la pala ayudan tanto en la excavaci\u00f3n como en la elevaci\u00f3n. En las cargadoras frontales, ayudan a elevar e inclinar cargas eficazmente.<\/p>\n<h3>Maquinaria agr\u00edcola<\/h3>\n<p>Se utilizan en cargadoras frontales para palear, levantar y transportar tierra, heno y otros materiales. En las excavadoras, los cilindros del cuchar\u00f3n permiten la excavaci\u00f3n al permitir que la pala penetre en el suelo. En las cargadoras frontales, ayudan a levantar y descargar materiales.<\/p>\n<p><img decoding=\"async\" src=\"https:\/\/www.hydraulic-cylinders.net\/wp-content\/uploads\/2025\/01\/songte-chushion-collar.webp\" alt=\"Imagen de aplicaciones del cilindro de cubo\"><\/p>\n<h2>Criterios de dise\u00f1o y selecci\u00f3n de productos<\/h2>\n<ul>\n<li>Capacidad de carga: Alta capacidad de carga para soportar cargas pesadas.<\/li>\n<li>Sellado \u2013 Sellado adecuado del cilindro para evitar fugas de aceite hidr\u00e1ulico.<\/li>\n<li>Durabilidad: Larga vida \u00fatil y resistencia al desgaste y la corrosi\u00f3n.<\/li>\n<li>Seguridad \u2013 Operaci\u00f3n segura y protecci\u00f3n contra da\u00f1os causados \u200b\u200bpor factores externos.<\/li>\n<li>Mantenibilidad \u2013 F\u00e1cil mantenimiento y reparaci\u00f3n del cilindro.<\/li>\n<\/ul>\n<p><img decoding=\"async\" src=\"https:\/\/www.hydraulic-cylinders.net\/wp-content\/uploads\/2025\/01\/songte-oil-pipes-and-spare-parts.webp\" alt=\"Imagen de dise\u00f1o de cilindro de cubo\"><\/p>\n<h2>Sellado y lubricaci\u00f3n del producto<\/h2>\n<p>El cilindro del cuchar\u00f3n utiliza diversos componentes de sellado, como sellos de pist\u00f3n y de v\u00e1stago, fabricados con materiales resistentes al desgaste como poliuretano y caucho de nitrilo. El cuerpo del cilindro y la superficie roscada del extremo est\u00e1n finamente procesados \u200b\u200bpara mejorar la resistencia al desgaste. A\u00f1ada regularmente una cantidad adecuada de aceite hidr\u00e1ulico para lubricarlo.<\/p>\n<h2>Inspecci\u00f3n peri\u00f3dica y medidas de mantenimiento preventivo<\/h2>\n<ul>\n<li>Inspecci\u00f3n peri\u00f3dica: inspeccione y mantenga peri\u00f3dicamente el cilindro para garantizar su correcto funcionamiento.<\/li>\n<li>Lubricaci\u00f3n \u2013 Lubricaci\u00f3n adecuada para evitar da\u00f1os debidos a la fricci\u00f3n entre partes m\u00f3viles.<\/li>\n<li>Reemplazo de sellos: reemplazo regular de los sellos para evitar fugas de aceite hidr\u00e1ulico.<\/li>\n<li>Comprobaci\u00f3n de calibraci\u00f3n: comprobaci\u00f3n de calibraci\u00f3n peri\u00f3dica para garantizar la precisi\u00f3n del funcionamiento del cilindro.<\/li>\n<\/ul>\n<p><img decoding=\"async\" src=\"https:\/\/www.hydraulic-cylinders.net\/wp-content\/uploads\/2025\/01\/songte-bushings-with-all-kinds-of-excavator-models.webp\" alt=\"Imagen de mantenimiento del cilindro del cuchar\u00f3n\"><\/p>\n<h2>Consideraciones de seguridad y factores ambientales<\/h2>\n<p>Al utilizar el cilindro del cuchar\u00f3n, es fundamental seguir las medidas de seguridad. Por ejemplo, aseg\u00farese de que todas las conexiones hidr\u00e1ulicas y el\u00e9ctricas est\u00e9n bien sujetas. Adem\u00e1s, tenga en cuenta factores ambientales como la temperatura y la humedad.<\/p>\n<h2>Soluci\u00f3n de problemas y problemas comunes<\/h2>\n<ul>\n<li>Operaci\u00f3n lenta: Verifique que no haya suficiente aceite hidr\u00e1ulico o filtros sucios.<\/li>\n<li>Fugas: Examine los sellos y reempl\u00e1celos si es necesario.<\/li>\n<li>Operaci\u00f3n ruidosa: inspeccione el cilindro para detectar componentes da\u00f1ados o desgastados.<\/li>\n<\/ul>\n<h2>Introducci\u00f3n de la empresa<\/h2>\n<p>Somos fabricantes de cilindros hidr\u00e1ulicos y uno de los principales fabricantes y distribuidores mayoristas de cilindros hidr\u00e1ulicos en el mercado nacional e internacional. Nos esforzamos por ofrecer una calidad excelente y nos basamos en estrategias de gesti\u00f3n de producci\u00f3n industrializadas en nuestros sofisticados talleres de fabricaci\u00f3n. Mejoramos continuamente nuestra plataforma de fabricaci\u00f3n en taller, perfeccionamos nuestra l\u00ednea de producci\u00f3n de calidad de productos y contamos con una s\u00f3lida capacidad de creaci\u00f3n. Nuestro objetivo es satisfacer las diversas necesidades de nuestros clientes con los principios de alta eficiencia, alta precisi\u00f3n y alta calidad.<\/p>\n<p><img decoding=\"async\" src=\"https:\/\/hzpt.com\/wp-content\/uploads\/2024\/11\/songte-company-1.webp\" alt=\"Imagen de la empresa Bucket Cylinder\"><\/p>\n<h3>Profesionalismo<\/h3>\n<p>Contamos con un equipo de profesionales altamente cualificados y con muchos a\u00f1os de experiencia pr\u00e1ctica en la industria.<\/p>\n<h3>Certificaci\u00f3n Internacional<\/h3>\n<p>Nuestros productos cuentan con certificaci\u00f3n internacional como CE, ISO9001, SGS, entre otras.<\/p>\n<h3>Servicio personalizado<\/h3>\n<p>Ofrecemos servicios personalizados que incluyen dise\u00f1o, fabricaci\u00f3n, embalaje y env\u00edo para satisfacer las necesidades espec\u00edficas del cliente.<\/p>\n<h3>Equipos de producci\u00f3n<\/h3>\n<p>Utilizamos equipos de producci\u00f3n avanzados como centros de mecanizado CNC, m\u00e1quinas de soldadura autom\u00e1ticas y bancos de prueba de cilindros hidr\u00e1ulicos, entre otros.<\/p>\n<h3>Servicio postventa<\/h3>\n<p>Ofrecemos servicios postventa como mantenimiento, reparaci\u00f3n, reemplazo de piezas y reconstrucci\u00f3n de cilindros hidr\u00e1ulicos para mejorar su vida \u00fatil.<\/p>\n<p>Autor: lyl<\/p>","protected":false},"excerpt":{"rendered":"<p>Bucket Cylinder For XCMG Middle Excavator XE200C Introduction The bucket cylinder for XCMG middle excavator XE200C is a type of specialized hydraulic cylinder mainly used for controlling the movement of shovels in heavy machinery such as excavators, backhoe excavators, and front-end loaders. Its primary function is to enable the shovel to lift, lower, and tilt, [&hellip;]<\/p>","protected":false},"featured_media":14780,"comment_status":"open","ping_status":"closed","template":"","meta":{"_et_pb_use_builder":"","_et_pb_old_content":"","_et_gb_content_width":""},"product_brand":[],"product_cat":[1494],"product_tag":[1495,1496],"class_list":{"0":"post-15468","1":"product","2":"type-product","3":"status-publish","4":"has-post-thumbnail","6":"product_cat-bucket-cylinders","7":"product_tag-bucket-cylinders","8":"product_tag-hydraulic-cylinders","10":"first","11":"instock","12":"shipping-taxable","13":"product-type-simple"},"amp_enabled":true,"_links":{"self":[{"href":"https:\/\/www.hydraulic-cylinders.net\/es\/wp-json\/wp\/v2\/product\/15468","targetHints":{"allow":["GET"]}}],"collection":[{"href":"https:\/\/www.hydraulic-cylinders.net\/es\/wp-json\/wp\/v2\/product"}],"about":[{"href":"https:\/\/www.hydraulic-cylinders.net\/es\/wp-json\/wp\/v2\/types\/product"}],"replies":[{"embeddable":true,"href":"https:\/\/www.hydraulic-cylinders.net\/es\/wp-json\/wp\/v2\/comments?post=15468"}],"wp:featuredmedia":[{"embeddable":true,"href":"https:\/\/www.hydraulic-cylinders.net\/es\/wp-json\/wp\/v2\/media\/14780"}],"wp:attachment":[{"href":"https:\/\/www.hydraulic-cylinders.net\/es\/wp-json\/wp\/v2\/media?parent=15468"}],"wp:term":[{"taxonomy":"product_brand","embeddable":true,"href":"https:\/\/www.hydraulic-cylinders.net\/es\/wp-json\/wp\/v2\/product_brand?post=15468"},{"taxonomy":"product_cat","embeddable":true,"href":"https:\/\/www.hydraulic-cylinders.net\/es\/wp-json\/wp\/v2\/product_cat?post=15468"},{"taxonomy":"product_tag","embeddable":true,"href":"https:\/\/www.hydraulic-cylinders.net\/es\/wp-json\/wp\/v2\/product_tag?post=15468"}],"curies":[{"name":"wp","href":"https:\/\/api.w.org\/{rel}","templated":true}]}}