{"id":15470,"date":"2025-01-19T14:34:13","date_gmt":"2025-01-19T14:34:13","guid":{"rendered":"https:\/\/www.hydraulic-cylinders.net\/product\/bucket-cylinder-for-xcmg-middle-excavator-xe225ca\/"},"modified":"2025-01-19T14:34:15","modified_gmt":"2025-01-19T14:34:15","slug":"bucket-cylinder-for-xcmg-middle-excavator-xe225ca","status":"publish","type":"product","link":"https:\/\/www.hydraulic-cylinders.net\/es\/producto\/bucket-cylinder-for-xcmg-middle-excavator-xe225ca\/","title":{"rendered":"Cilindro de cuchar\u00f3n para excavadora intermedia XCMG XE225CA"},"content":{"rendered":"<h1>Cilindro de cuchar\u00f3n para excavadora intermedia XCMG XE225CA<\/h1>\n<h2>Introducci\u00f3n<\/h2>\n<p>Un cilindro de cuchar\u00f3n es un cilindro hidr\u00e1ulico especializado, dise\u00f1ado para controlar el movimiento de los cucharones en maquinaria pesada como excavadoras, retroexcavadoras y cargadoras frontales. Su funci\u00f3n principal es permitir que el cuchar\u00f3n realice acciones de elevaci\u00f3n, descenso e inclinaci\u00f3n, facilitando la manipulaci\u00f3n de diversos materiales. En el sistema hidr\u00e1ulico, el cilindro del cuchar\u00f3n controla con precisi\u00f3n el movimiento del cuchar\u00f3n mediante cambios en la presi\u00f3n del aceite hidr\u00e1ulico, lo que permite a los operadores manipular cargas pesadas con eficiencia y adaptarse a entornos de trabajo complejos y diversos requisitos operativos.<\/p>\n<p><img decoding=\"async\" src=\"https:\/\/www.hydraulic-cylinders.net\/wp-content\/uploads\/2025\/01\/songte-company-2.webp\" \/><\/p>\n<h2>Caracter\u00edsticas<\/h2>\n<ul>\n<li>Alta resistencia y durabilidad: generalmente fabricado en acero o aluminio de alta resistencia, capaz de soportar alta presi\u00f3n y cargas pesadas, adecuado para duras condiciones de trabajo y dise\u00f1ado teniendo en cuenta la resistencia al desgaste y la corrosi\u00f3n, lo que prolonga la vida \u00fatil.<\/li>\n<li>Operaci\u00f3n hidr\u00e1ulica eficiente: logra una extensi\u00f3n suave del v\u00e1stago del pist\u00f3n a trav\u00e9s de la presi\u00f3n hidr\u00e1ulica, puede responder r\u00e1pidamente a los comandos de control, proporciona poderosas fuerzas de empuje y tracci\u00f3n, adecuado para manipular cargas pesadas y tareas operativas complejas.<\/li>\n<li>Diversos tipos: Se pueden seleccionar cilindros de simple efecto (que utilizan presi\u00f3n hidr\u00e1ulica en una sola direcci\u00f3n) o de doble efecto (que utilizan presi\u00f3n hidr\u00e1ulica en dos direcciones) seg\u00fan las necesidades operativas. Algunos modelos son telesc\u00f3picos, lo que permite una mayor extensi\u00f3n sin aumentar las dimensiones externas, ideal para aplicaciones con espacio limitado.<\/li>\n<li>F\u00e1cil instalaci\u00f3n: Nuestros productos pueden reemplazar perfectamente estos cilindros hidr\u00e1ulicos.<\/li>\n<\/ul>\n<p><img decoding=\"async\" src=\"https:\/\/www.hydraulic-cylinders.net\/wp-content\/uploads\/2025\/01\/songte-cylinder-head-with-all-kinds-excavator-models.webp\" \/><\/p>\n<h2>Aplicaciones<\/h2>\n<p>Los cilindros de cangilones se utilizan ampliamente en diversas maquinarias pesadas, como:<\/p>\n<ul>\n<li>Equipos de construcci\u00f3n: En las excavadoras, son esenciales para excavar, cargar y mover tierra o escombros. En las retroexcavadoras, el cilindro del cuchar\u00f3n facilita tanto la excavaci\u00f3n como la elevaci\u00f3n. <\/li>\n<li>Maquinaria agr\u00edcola: Se utiliza para cargadores frontales, para recoger, levantar y transportar tierra, heno y otros materiales. <\/li>\n<li>Excavadoras: El cilindro del cuchar\u00f3n permite la acci\u00f3n de excavaci\u00f3n al permitir que el cuchar\u00f3n penetre en el suelo.<\/li>\n<li>Cargadores: En los cargadores frontales, ayudan a levantar e inclinar las mercanc\u00edas de manera eficaz.<\/li>\n<\/ul>\n<h2>Consideraciones de dise\u00f1o y criterios de selecci\u00f3n<\/h2>\n<p>Cuando se trata de consideraciones de dise\u00f1o y criterios de selecci\u00f3n, se deben tener en cuenta varios factores:<\/p>\n<ul>\n<li>Capacidad de carga: El cilindro debe ser capaz de soportar la carga y la presi\u00f3n requeridas.<\/li>\n<li>Sellado: El cilindro debe mantener un sello herm\u00e9tico para evitar fugas de fluido hidr\u00e1ulico.<\/li>\n<li>Durabilidad: El cilindro debe poder soportar el desgaste por el uso constante y la exposici\u00f3n a entornos hostiles.<\/li>\n<li>Seguridad: El cilindro debe estar dise\u00f1ado para evitar accidentes y garantizar la seguridad del operador.<\/li>\n<li>Mantenimiento: El cilindro debe ser f\u00e1cil de mantener y reparar.<\/li>\n<\/ul>\n<p><img decoding=\"async\" src=\"https:\/\/www.hydraulic-cylinders.net\/wp-content\/uploads\/2025\/01\/songte-oil-pipes-and-spare-parts.webp\" \/><\/p>\n<h2>Sellado y lubricaci\u00f3n<\/h2>\n<p>El cilindro utiliza diversos componentes de sellado, como sellos de pist\u00f3n, sellos de v\u00e1stago y sellos rascadores, para mantener un sellado herm\u00e9tico. Estos sellos est\u00e1n fabricados con materiales resistentes al desgaste, como poliuretano y caucho de nitrilo, y se someten a un tratamiento superficial de precisi\u00f3n para mejorar su resistencia. El cilindro tambi\u00e9n requiere lubricaci\u00f3n regular con aceite hidr\u00e1ulico para garantizar un funcionamiento suave y evitar da\u00f1os.<\/p>\n<h2>Mantenimiento y reparaci\u00f3n<\/h2>\n<p>La inspecci\u00f3n peri\u00f3dica y el mantenimiento preventivo son cruciales para garantizar la longevidad y el rendimiento eficiente del cilindro. Las tareas de mantenimiento t\u00edpicas incluyen:<\/p>\n<ul>\n<li>Inspecci\u00f3n peri\u00f3dica de los componentes del cilindro para detectar desgaste y da\u00f1os, incluidos los sellos del pist\u00f3n, los sellos del v\u00e1stago y los sellos limpiaparabrisas. <\/li>\n<li>Lubricaci\u00f3n regular del cilindro con aceite hidr\u00e1ulico. <\/li>\n<li>Sustituci\u00f3n peri\u00f3dica de componentes de sellado y comprobaci\u00f3n de calibraci\u00f3n. <\/li>\n<\/ul>\n<p>La correcta instalaci\u00f3n y alineaci\u00f3n del cilindro, utilizando los soportes de instalaci\u00f3n adecuados para fijarlo en su lugar, es esencial para garantizar un rendimiento \u00f3ptimo. Se recomienda seguir los procedimientos de inspecci\u00f3n, reparaci\u00f3n y reemplazo recomendados por el fabricante para prolongar la vida \u00fatil del cilindro.<\/p>\n<p><img decoding=\"async\" src=\"https:\/\/www.hydraulic-cylinders.net\/wp-content\/uploads\/2025\/01\/songte-chushion-collar.webp\" \/><\/p>\n<h2>Consideraciones de seguridad y medio ambiente<\/h2>\n<p>El uso adecuado de las medidas de seguridad al manipular maquinaria pesada, como los cilindros hidr\u00e1ulicos, es crucial para prevenir accidentes y garantizar la seguridad del operador. Adem\u00e1s, la correcta eliminaci\u00f3n de los fluidos hidr\u00e1ulicos y otros materiales utilizados en los cilindros es esencial para minimizar el impacto ambiental.<\/p>\n<h2>Diagn\u00f3stico y soluci\u00f3n de problemas<\/h2>\n<p>Los problemas comunes con los cilindros hidr\u00e1ulicos incluyen fugas, deslizamiento del cilindro y funcionamiento err\u00e1tico. Un diagn\u00f3stico y una soluci\u00f3n de problemas adecuados pueden ayudar a identificar y abordar estos problemas eficazmente. Los pasos a seguir incluyen:<\/p>\n<ul>\n<li>Inspeccionar los componentes del cilindro para detectar desgaste y da\u00f1os. <\/li>\n<li>Comprobaci\u00f3n de fugas y garant\u00eda de que los sellos sean adecuados. <\/li>\n<li>Asegurarse de que el cilindro est\u00e9 correctamente lubricado. <\/li>\n<li>Comprobaci\u00f3n de posibles da\u00f1os o bloqueos en las l\u00edneas y mangueras hidr\u00e1ulicas. <\/li>\n<\/ul>\n<p>Las medidas preventivas, como el mantenimiento adecuado y la inspecci\u00f3n peri\u00f3dica, pueden ayudar a minimizar la aparici\u00f3n de estos problemas.<\/p>\n<p><img decoding=\"async\" src=\"https:\/\/www.hydraulic-cylinders.net\/wp-content\/uploads\/2025\/01\/songte-bushings-with-all-kinds-of-excavator-models.webp\" \/><\/p>\n<h2>Sobre nosotros<\/h2>\n<p>Somos un fabricante y distribuidor mayorista l\u00edder de cilindros hidr\u00e1ulicos, que ofrece una amplia gama de productos y servicios para satisfacer las necesidades de nuestros clientes. Nuestro compromiso con la excelencia en la calidad y la gesti\u00f3n de la producci\u00f3n, respaldado por un equipo t\u00e9cnico experto, equipos de fabricaci\u00f3n digitalizados de \u00faltima generaci\u00f3n y sistemas de pruebas profesionales, nos ha convertido en un fabricante y mayorista l\u00edder de cilindros hidr\u00e1ulicos para los mercados nacional e internacional. Ofrecemos una gama de servicios personalizados a nuestros clientes y contamos con un s\u00f3lido servicio de reconstrucci\u00f3n para prolongar la vida \u00fatil de nuestros productos.<\/p>\n<p>Nuestros productos son reconocidos por su alta eficiencia, precisi\u00f3n y calidad, y nos enorgullecemos de satisfacer las diversas necesidades de nuestros clientes con productos de vanguardia. Nos comprometemos a satisfacer sus necesidades de cilindros hidr\u00e1ulicos con productos y servicios de la m\u00e1s alta calidad.<\/p>\n<p><img decoding=\"async\" src=\"https:\/\/hzpt.com\/wp-content\/uploads\/2024\/11\/songte-company-1.webp\" \/><\/p>\n<p>Autor: lyl<\/p>","protected":false},"excerpt":{"rendered":"<p>Bucket Cylinder For XCMG Middle Excavator XE225CA Introduction A bucket cylinder is a specialized hydraulic cylinder designed to control the movement of buckets in heavy machinery such as excavators, backhoes, and front-end loaders. Its primary function is to enable the bucket to perform lifting, lowering, and tilting actions, making it easier to handle various materials. [&hellip;]<\/p>","protected":false},"featured_media":14776,"comment_status":"open","ping_status":"closed","template":"","meta":{"_et_pb_use_builder":"","_et_pb_old_content":"","_et_gb_content_width":""},"product_brand":[],"product_cat":[1494],"product_tag":[1495,1496],"class_list":{"0":"post-15470","1":"product","2":"type-product","3":"status-publish","4":"has-post-thumbnail","6":"product_cat-bucket-cylinders","7":"product_tag-bucket-cylinders","8":"product_tag-hydraulic-cylinders","10":"first","11":"instock","12":"shipping-taxable","13":"product-type-simple"},"amp_enabled":true,"_links":{"self":[{"href":"https:\/\/www.hydraulic-cylinders.net\/es\/wp-json\/wp\/v2\/product\/15470","targetHints":{"allow":["GET"]}}],"collection":[{"href":"https:\/\/www.hydraulic-cylinders.net\/es\/wp-json\/wp\/v2\/product"}],"about":[{"href":"https:\/\/www.hydraulic-cylinders.net\/es\/wp-json\/wp\/v2\/types\/product"}],"replies":[{"embeddable":true,"href":"https:\/\/www.hydraulic-cylinders.net\/es\/wp-json\/wp\/v2\/comments?post=15470"}],"wp:featuredmedia":[{"embeddable":true,"href":"https:\/\/www.hydraulic-cylinders.net\/es\/wp-json\/wp\/v2\/media\/14776"}],"wp:attachment":[{"href":"https:\/\/www.hydraulic-cylinders.net\/es\/wp-json\/wp\/v2\/media?parent=15470"}],"wp:term":[{"taxonomy":"product_brand","embeddable":true,"href":"https:\/\/www.hydraulic-cylinders.net\/es\/wp-json\/wp\/v2\/product_brand?post=15470"},{"taxonomy":"product_cat","embeddable":true,"href":"https:\/\/www.hydraulic-cylinders.net\/es\/wp-json\/wp\/v2\/product_cat?post=15470"},{"taxonomy":"product_tag","embeddable":true,"href":"https:\/\/www.hydraulic-cylinders.net\/es\/wp-json\/wp\/v2\/product_tag?post=15470"}],"curies":[{"name":"wp","href":"https:\/\/api.w.org\/{rel}","templated":true}]}}