{"id":15482,"date":"2025-01-19T14:35:08","date_gmt":"2025-01-19T14:35:08","guid":{"rendered":"https:\/\/www.hydraulic-cylinders.net\/product\/bucket-cylinder-for-xcmg-large-excavator-xe490ch\/"},"modified":"2025-01-19T14:35:10","modified_gmt":"2025-01-19T14:35:10","slug":"bucket-cylinder-for-xcmg-large-excavator-xe490ch","status":"publish","type":"product","link":"https:\/\/www.hydraulic-cylinders.net\/es\/producto\/bucket-cylinder-for-xcmg-large-excavator-xe490ch\/","title":{"rendered":"Cilindro de cuchar\u00f3n para excavadora grande XCMG XE490CH"},"content":{"rendered":"<p><!DOCTYPE html><br \/>\n<html><br \/>\n<head><br \/>\n<title>Cilindro de cuchar\u00f3n para excavadora grande XCMG XE490CH<\/title><br \/>\n<\/head><br \/>\n<body><\/p>\n<h1>Cilindro de cuchar\u00f3n para excavadora grande XCMG XE490CH<\/h1>\n<h2>Definici\u00f3n de cilindro de cubo<\/h2>\n<p>El cilindro del cuchar\u00f3n es un cilindro hidr\u00e1ulico especialmente dise\u00f1ado que se utiliza para controlar el movimiento del cuchar\u00f3n en maquinaria pesada como excavadoras, retroexcavadoras y cargadoras frontales. Su funci\u00f3n principal es permitir que el cuchar\u00f3n se eleve, baje e incline, facilitando diversas tareas de manipulaci\u00f3n de materiales. En el sistema hidr\u00e1ulico, el cilindro del cuchar\u00f3n logra un control preciso del cuchar\u00f3n aprovechando los cambios de presi\u00f3n del aceite hidr\u00e1ulico, lo que permite a los operadores manipular cargas pesadas con eficiencia y adaptarse a entornos de trabajo complejos y a diversos requisitos.<\/p>\n<p><img decoding=\"async\" src=\"https:\/\/www.hydraulic-cylinders.net\/wp-content\/uploads\/2025\/01\/songte-company-2.webp\"><\/p>\n<h2>Caracter\u00edsticas del cilindro de cangilones<\/h2>\n<ul>\n<li>Alta resistencia y durabilidad: generalmente fabricados en acero o aluminio de alta resistencia, capaces de soportar alta presi\u00f3n y cargas pesadas, adaptables a entornos de trabajo hostiles y dise\u00f1ados teniendo en cuenta la resistencia al desgaste y la corrosi\u00f3n para extender su vida \u00fatil.<\/li>\n<li>Operaci\u00f3n hidr\u00e1ulica eficiente: utiliza la presi\u00f3n del aceite hidr\u00e1ulico para lograr movimientos suaves de extensi\u00f3n y retracci\u00f3n, capaces de responder r\u00e1pidamente a los comandos de control, proporcionando fuertes fuerzas de empuje y tracci\u00f3n, adecuados para manipular cargas pesadas y tareas laborales complejas.<\/li>\n<li>Diversos tipos: Elija entre cilindros de simple efecto (hidr\u00e1ulicos en una sola direcci\u00f3n) o de doble efecto (hidr\u00e1ulicos en ambas direcciones) seg\u00fan sus necesidades operativas. Algunos modelos son telesc\u00f3picos, lo que permite una mayor extensi\u00f3n sin aumentar las dimensiones externas, ideal para aplicaciones con espacio limitado.<\/li>\n<\/ul>\n<p><img decoding=\"async\" src=\"https:\/\/www.hydraulic-cylinders.net\/wp-content\/uploads\/2025\/01\/songte-cylinder-head-with-all-kinds-excavator-models.webp\"><\/p>\n<h2>Aplicaciones del cilindro de cubo<\/h2>\n<p>El cilindro del cuchar\u00f3n se encuentra com\u00fanmente en varios equipos de construcci\u00f3n:<\/p>\n<ul>\n<li>Excavadoras: Esenciales para excavar, cargar y mover tierra o escombros. El cilindro del cuchar\u00f3n facilita la excavaci\u00f3n al permitir que el cuchar\u00f3n penetre en el suelo.<\/li>\n<li>Retroexcavadoras: ayudan con tareas de excavaci\u00f3n y elevaci\u00f3n.<\/li>\n<li>Maquinaria agr\u00edcola: Se utiliza en cargadoras frontales para recoger, levantar y transportar tierra, heno y otros materiales.<\/li>\n<li>Cargadores frontales: ayudan a levantar y descargar mercanc\u00edas de manera eficiente.<\/li>\n<\/ul>\n<h2>Consideraciones de dise\u00f1o y criterios de selecci\u00f3n<\/h2>\n<p>Al dise\u00f1ar el cilindro del cuchar\u00f3n se tienen en cuenta varios factores:<\/p>\n<ul>\n<li>Capacidad de carga: El cilindro debe poder soportar la carga prevista sin fallar.<\/li>\n<li>Sellado: Se utilizan diversos componentes de sellado, como sellos de pist\u00f3n y sellos de varilla, para garantizar un sellado eficaz y evitar fugas de fluido hidr\u00e1ulico.<\/li>\n<li>Durabilidad: El cilindro est\u00e1 dise\u00f1ado para soportar los rigores del uso intensivo y resistir el desgaste.<\/li>\n<li>Seguridad: Se incorporan caracter\u00edsticas de seguridad para prevenir accidentes y garantizar el bienestar del operador.<\/li>\n<li>Mantenibilidad: El cilindro est\u00e1 dise\u00f1ado para facilitar el mantenimiento, lo que permite reparaciones y reemplazos eficientes si es necesario.<\/li>\n<\/ul>\n<p><img decoding=\"async\" src=\"https:\/\/www.hydraulic-cylinders.net\/wp-content\/uploads\/2025\/01\/songte-oil-pipes-and-spare-parts.webp\"><\/p>\n<h2>Sellado y lubricaci\u00f3n<\/h2>\n<p>El cilindro del cuchar\u00f3n utiliza diversos sellos, como sellos de pist\u00f3n y sellos de v\u00e1stago, fabricados con materiales resistentes al desgaste como poliuretano y caucho de nitrilo. El cuerpo del cilindro y las superficies roscadas de los extremos cuentan con un fino tratamiento para mejorar la resistencia al desgaste. Se requiere lubricaci\u00f3n regular con el aceite hidr\u00e1ulico adecuado para garantizar un funcionamiento suave.<\/p>\n<h2>Inspecci\u00f3n regular y mantenimiento preventivo<\/h2>\n<p>Para garantizar un rendimiento \u00f3ptimo y la longevidad del cilindro del cuchar\u00f3n, se deben realizar inspecciones peri\u00f3dicas y mantenimiento preventivo:<\/p>\n<ul>\n<li>Inspeccione todos los componentes para detectar signos de desgaste o da\u00f1os.<\/li>\n<li>Lubrique adecuadamente todas las partes m\u00f3viles.<\/li>\n<li>Reemplace los sellos desgastados y realice controles de calibraci\u00f3n.<\/li>\n<\/ul>\n<h2>Gu\u00eda de instalaci\u00f3n del producto<\/h2>\n<p>La instalaci\u00f3n correcta del cilindro del cuchar\u00f3n es crucial para su rendimiento y longevidad:<\/p>\n<ul>\n<li>Alinee correctamente el cilindro durante la instalaci\u00f3n.<\/li>\n<li>Utilice soportes de instalaci\u00f3n adecuados para asegurar el cilindro.<\/li>\n<li>Siga los procedimientos recomendados para inspecci\u00f3n, reparaci\u00f3n y reemplazo.<\/li>\n<li>Ofrezca consejos para prolongar la vida \u00fatil del cilindro del cuchar\u00f3n.<\/li>\n<\/ul>\n<p><img decoding=\"async\" src=\"https:\/\/www.hydraulic-cylinders.net\/wp-content\/uploads\/2025\/01\/songte-chushion-collar.webp\"><\/p>\n<h2>Consideraciones de seguridad y factores ambientales<\/h2>\n<p>No se debe subestimar la importancia de las medidas de seguridad al utilizar el cilindro del cuchar\u00f3n. Es fundamental seguir las precauciones de seguridad para prevenir accidentes y garantizar un entorno de trabajo seguro.<\/p>\n<h2>Soluci\u00f3n de problemas y problemas comunes<\/h2>\n<p>Cuando surjan problemas con el cilindro del cuchar\u00f3n, se deben aplicar m\u00e9todos adecuados de resoluci\u00f3n de problemas:<\/p>\n<ul>\n<li>Proporcionar sugerencias y soluciones para la resoluci\u00f3n de problemas para ayudar a los lectores a diagnosticar y resolver problemas de manera eficaz.<\/li>\n<li>Sugiera medidas preventivas para minimizar los posibles problemas.<\/li>\n<\/ul>\n<p><img decoding=\"async\" src=\"https:\/\/www.hydraulic-cylinders.net\/wp-content\/uploads\/2025\/01\/songte-bushings-with-all-kinds-of-excavator-models.webp\"><\/p>\n<p>Recuerde organizar el art\u00edculo de forma l\u00f3gica, utilizar subt\u00edtulos para facilitar la navegaci\u00f3n, incorporar im\u00e1genes o gr\u00e1ficos relevantes para mejorar la comprensi\u00f3n y asegurarse de que el contenido sea claro, conciso y adecuado para lectores con distintos niveles de conocimientos t\u00e9cnicos.<\/p>\n<h2>Acerca de nuestra empresa<\/h2>\n<p>Somos fabricantes de cilindros hidr\u00e1ulicos de repuesto y uno de los principales fabricantes y distribuidores mayoristas de cilindros hidr\u00e1ulicos en el mercado nacional e internacional. Priorizamos la excelencia en la calidad y nos basamos en estrategias de gesti\u00f3n de producci\u00f3n industrializadas en nuestros sofisticados talleres de fabricaci\u00f3n. Con un enfoque en el talento t\u00e9cnico, equipos de fabricaci\u00f3n digital avanzados y sistemas de prueba profesionales, nuestra empresa mejora continuamente la plataforma de fabricaci\u00f3n en el taller, perfecciona las rutas de producci\u00f3n para garantizar la calidad del producto y posee una s\u00f3lida capacidad creativa. Nuestro objetivo es satisfacer las diversas necesidades de nuestros clientes con alta eficiencia, precisi\u00f3n y calidad.<\/p>\n<p><img decoding=\"async\" src=\"https:\/\/hzpt.com\/wp-content\/uploads\/2024\/11\/songte-company-1.webp\"><\/p>\n<h3>Aspectos destacados de la empresa:<\/h3>\n<ul>\n<li>Profesionalismo<\/li>\n<li>Certificaciones internacionales<\/li>\n<li>Servicios de personalizaci\u00f3n<\/li>\n<li>Equipos de producci\u00f3n avanzados<\/li>\n<li>Servicios posventa<\/li>\n<\/ul>\n<p><img decoding=\"async\" src=\"https:\/\/www.hydraulic-cylinders.net\/wp-content\/uploads\/2025\/01\/songte-company-3.webp\"><\/p>\n<p>Autor: lyl<\/p>\n<p><\/body><br \/>\n<\/html><\/p>","protected":false},"excerpt":{"rendered":"<p>Bucket Cylinder For XCMG Large Excavator XE490CH Bucket Cylinder For XCMG Large Excavator XE490CH Definition of Bucket Cylinder The bucket cylinder is a specially designed hydraulic cylinder used to control the movement of the bucket in heavy machinery such as excavators, backhoe loaders, and front-end loaders. Its main function is to enable the bucket to [&hellip;]<\/p>","protected":false},"featured_media":14782,"comment_status":"open","ping_status":"closed","template":"","meta":{"_et_pb_use_builder":"","_et_pb_old_content":"","_et_gb_content_width":""},"product_brand":[],"product_cat":[1494],"product_tag":[1495,1496],"class_list":{"0":"post-15482","1":"product","2":"type-product","3":"status-publish","4":"has-post-thumbnail","6":"product_cat-bucket-cylinders","7":"product_tag-bucket-cylinders","8":"product_tag-hydraulic-cylinders","10":"first","11":"instock","12":"shipping-taxable","13":"product-type-simple"},"amp_enabled":true,"_links":{"self":[{"href":"https:\/\/www.hydraulic-cylinders.net\/es\/wp-json\/wp\/v2\/product\/15482","targetHints":{"allow":["GET"]}}],"collection":[{"href":"https:\/\/www.hydraulic-cylinders.net\/es\/wp-json\/wp\/v2\/product"}],"about":[{"href":"https:\/\/www.hydraulic-cylinders.net\/es\/wp-json\/wp\/v2\/types\/product"}],"replies":[{"embeddable":true,"href":"https:\/\/www.hydraulic-cylinders.net\/es\/wp-json\/wp\/v2\/comments?post=15482"}],"wp:featuredmedia":[{"embeddable":true,"href":"https:\/\/www.hydraulic-cylinders.net\/es\/wp-json\/wp\/v2\/media\/14782"}],"wp:attachment":[{"href":"https:\/\/www.hydraulic-cylinders.net\/es\/wp-json\/wp\/v2\/media?parent=15482"}],"wp:term":[{"taxonomy":"product_brand","embeddable":true,"href":"https:\/\/www.hydraulic-cylinders.net\/es\/wp-json\/wp\/v2\/product_brand?post=15482"},{"taxonomy":"product_cat","embeddable":true,"href":"https:\/\/www.hydraulic-cylinders.net\/es\/wp-json\/wp\/v2\/product_cat?post=15482"},{"taxonomy":"product_tag","embeddable":true,"href":"https:\/\/www.hydraulic-cylinders.net\/es\/wp-json\/wp\/v2\/product_tag?post=15482"}],"curies":[{"name":"wp","href":"https:\/\/api.w.org\/{rel}","templated":true}]}}