{"id":15483,"date":"2025-01-19T14:35:12","date_gmt":"2025-01-19T14:35:12","guid":{"rendered":"https:\/\/www.hydraulic-cylinders.net\/product\/bucket-cylinder-for-xcmg-large-excavator-xe500m\/"},"modified":"2025-01-19T14:35:14","modified_gmt":"2025-01-19T14:35:14","slug":"bucket-cylinder-for-xcmg-large-excavator-xe500m","status":"publish","type":"product","link":"https:\/\/www.hydraulic-cylinders.net\/es\/producto\/bucket-cylinder-for-xcmg-large-excavator-xe500m\/","title":{"rendered":"Cilindro de cuchar\u00f3n para excavadora grande XCMG XE500M"},"content":{"rendered":"<h1>Cilindro de cuchar\u00f3n para excavadora grande XCMG XE500M<\/h1>\n<h2>Introducci\u00f3n<\/h2>\n<h3>Definici\u00f3n<\/h3>\n<p>Un cilindro de cuchar\u00f3n es un cilindro hidr\u00e1ulico especialmente dise\u00f1ado que se utiliza para controlar el movimiento del cuchar\u00f3n en maquinaria pesada, como excavadoras, retroexcavadoras y cargadoras frontales. Su funci\u00f3n principal es elevar, bajar e inclinar el cuchar\u00f3n, facilitando diversas tareas de manipulaci\u00f3n de materiales. En el sistema hidr\u00e1ulico, el cilindro del cuchar\u00f3n controla el movimiento preciso del cuchar\u00f3n mediante cambios en la presi\u00f3n del aceite hidr\u00e1ulico, lo que permite a los operadores manipular cargas pesadas con eficiencia y adaptarse a entornos de trabajo complejos y a diversos requisitos.<\/p>\n<p><center><img decoding=\"async\" src=\"https:\/\/www.hydraulic-cylinders.net\/wp-content\/uploads\/2025\/01\/songte-company-2.webp\"><\/center><\/p>\n<h3>Caracter\u00edsticas<\/h3>\n<ul>\n<li><strong>Alta resistencia y durabilidad:<\/strong> Fabricado generalmente en acero o aluminio de alta resistencia, el cilindro del cuchar\u00f3n puede soportar altas presiones y cargas pesadas, adapt\u00e1ndose a entornos de trabajo hostiles. El dise\u00f1o tambi\u00e9n considera la resistencia al desgaste y a la corrosi\u00f3n, lo que prolonga su vida \u00fatil.<\/li>\n<li><strong>Funcionamiento hidr\u00e1ulico eficiente:<\/strong> Utiliza presi\u00f3n de aceite hidr\u00e1ulico para lograr movimientos suaves de extensi\u00f3n y contracci\u00f3n, respondiendo r\u00e1pidamente a los comandos de control, proporcionando potentes fuerzas de tracci\u00f3n y empuje, y es adecuado para manipular cargas pesadas y tareas operativas complejas.<\/li>\n<li><strong>Varios tipos:<\/strong> Los cilindros del cuchar\u00f3n pueden ser de simple efecto (hidr\u00e1ulico en una sola direcci\u00f3n) o de doble efecto (hidr\u00e1ulico en dos direcciones), seg\u00fan las necesidades de la operaci\u00f3n. Algunos modelos son telesc\u00f3picos, lo que permite una mayor extensi\u00f3n sin aumentar las dimensiones externas, ideal para aplicaciones con espacio limitado.<\/li>\n<li><strong>F\u00e1cil de reemplazar:<\/strong> Nuestros productos son alternativas perfectas para estos cilindros hidr\u00e1ulicos. <\/li>\n<\/ul>\n<p><center><img decoding=\"async\" src=\"https:\/\/www.hydraulic-cylinders.net\/wp-content\/uploads\/2025\/01\/songte-cylinder-head-with-all-kinds-excavator-models.webp\"><\/center><\/p>\n<h3>Aplicaci\u00f3n<\/h3>\n<p>El cilindro de cangilones se utiliza ampliamente en diversas industrias, entre ellas:<\/p>\n<ul>\n<li><strong>Equipos de construcci\u00f3n:<\/strong> En las excavadoras, son esenciales para excavar, cargar y mover tierra o escombros. En las retroexcavadoras, el cilindro del cuchar\u00f3n facilita tanto la excavaci\u00f3n como la elevaci\u00f3n. <\/li>\n<li><strong>Maquinaria agr\u00edcola:<\/strong> Se utiliza en cargadores frontales para recoger, levantar y transportar tierra, heno y otros materiales. <\/li>\n<li><strong>Excavadoras:<\/strong> El cilindro del cuchar\u00f3n permite que \u00e9ste penetre en el suelo para realizar el movimiento de excavaci\u00f3n. <\/li>\n<li><strong>Cargadores:<\/strong> En los cargadores frontales, los cilindros del cuchar\u00f3n ayudan a levantar y descargar mercanc\u00edas de manera eficiente.<\/li>\n<\/ul>\n<h3>Consideraciones de dise\u00f1o y criterios de selecci\u00f3n<\/h3>\n<p>Al dise\u00f1ar el cilindro del cuchar\u00f3n se tienen en cuenta varios factores, entre ellos:<\/p>\n<ul>\n<li><strong>Capacidad de carga:<\/strong> El cilindro del cuchar\u00f3n debe poder soportar la capacidad de carga de la maquinaria y del material que se manipula. <\/li>\n<li><strong>Sellado y durabilidad:<\/strong> El cilindro del cubo requiere un sellado robusto para evitar fugas y garantizar un uso a largo plazo, teniendo en cuenta factores ambientales como la temperatura y los productos qu\u00edmicos. <\/li>\n<li><strong>Seguridad:<\/strong> El cilindro del cuchar\u00f3n debe estar instalado de forma segura y contar con medidas para evitar accidentes como movimientos inesperados o sobrecargas.<\/li>\n<li><strong>Mantenimiento:<\/strong> El cilindro del cuchar\u00f3n necesita mantenimiento peri\u00f3dico para garantizar un rendimiento \u00f3ptimo, incluidos cambios de aceite, reemplazo de sellos y controles de calibraci\u00f3n. <\/li>\n<\/ul>\n<p><center><img decoding=\"async\" src=\"https:\/\/www.hydraulic-cylinders.net\/wp-content\/uploads\/2025\/01\/songte-oil-pipes-and-spare-parts.webp\"><\/center><\/p>\n<h3>Sellado y lubricaci\u00f3n<\/h3>\n<p>El cilindro del cuchar\u00f3n utiliza diversos componentes de sellado, como sellos de pist\u00f3n, sellos de v\u00e1stago, etc., fabricados con materiales resistentes al desgaste como poliuretano y NBR. El cuerpo del cilindro y la superficie roscada del extremo se someten a un procesamiento fino para mejorar la resistencia al desgaste. Es necesario a\u00f1adir regularmente la cantidad adecuada de aceite hidr\u00e1ulico para lubricar el cilindro y mantener un rendimiento \u00f3ptimo.<\/p>\n<h3>Mantenimiento y reparaci\u00f3n<\/h3>\n<p>El mantenimiento regular, como la lubricaci\u00f3n, el reemplazo de sellos y las revisiones de calibraci\u00f3n, es esencial para garantizar la longevidad del cilindro del cuchar\u00f3n. Se recomienda utilizar soportes de instalaci\u00f3n adecuados para fijar el cilindro firmemente en su lugar, y su correcta alineaci\u00f3n es crucial. <\/p>\n<h3>Consideraciones de seguridad y medio ambiente<\/h3>\n<p>Al utilizar el cilindro de la cuchara, es fundamental seguir las normas de seguridad para prevenir accidentes y proteger el medio ambiente. El uso de equipo de protecci\u00f3n personal adecuado, como guantes y gafas protectoras, y la correcta eliminaci\u00f3n del aceite hidr\u00e1ulico son algunas de las medidas esenciales de seguridad y protecci\u00f3n ambiental que deben considerarse.<\/p>\n<p><center><img decoding=\"async\" src=\"https:\/\/www.hydraulic-cylinders.net\/wp-content\/uploads\/2025\/01\/songte-chushion-collar.webp\"><\/center><\/p>\n<h3>Diagn\u00f3stico y soluci\u00f3n de problemas<\/h3>\n<p>Algunos problemas comunes del cilindro del cuchar\u00f3n incluyen fugas de aceite, fuerza insuficiente y movimiento lento. Es fundamental diagnosticar el problema con precisi\u00f3n para aplicar las soluciones adecuadas. Las revisiones de mantenimiento peri\u00f3dicas pueden ayudar a prevenir posibles problemas.<\/p>\n<h3>Acerca de nuestra empresa<\/h3>\n<p>Somos fabricantes de repuestos para cilindros hidr\u00e1ulicos con una gama completa de productos. Nos hemos convertido en uno de los principales fabricantes y distribuidores de cilindros hidr\u00e1ulicos en el mercado nacional e internacional. Nuestros productos se rigen por el principio de excelente calidad y se basan en una estrategia de gesti\u00f3n de producci\u00f3n industrializada en nuestro sofisticado taller de fabricaci\u00f3n, que incorpora el uso de talento tecnol\u00f3gico, equipos de fabricaci\u00f3n digitales de alta gama y sistemas de prueba profesionales. Nuestros principios de eficiencia, precisi\u00f3n y alta calidad satisfacen las diversas necesidades de nuestros clientes.<\/p>\n<p>Nuestra empresa ofrece servicios profesionales en todo el mundo, incluidas certificaciones internacionales, servicios personalizados, equipos de producci\u00f3n de alta gama y servicios posventa.<\/p>\n<p><center><img decoding=\"async\" src=\"https:\/\/hzpt.com\/wp-content\/uploads\/2024\/11\/songte-company-1.webp\"><\/center><\/p>\n<h4>Autor: lyl<\/h4>","protected":false},"excerpt":{"rendered":"<p>Bucket Cylinder For XCMG Large Excavator XE500M Introduction Definition A bucket cylinder is a specially designed hydraulic cylinder used to control the movement of the bucket in heavy machinery such as excavators, backhoe loaders, and front-end loaders. Its main function is to lift, lower, and tilt the bucket, making it easier to handle various material [&hellip;]<\/p>","protected":false},"featured_media":14780,"comment_status":"open","ping_status":"closed","template":"","meta":{"_et_pb_use_builder":"","_et_pb_old_content":"","_et_gb_content_width":""},"product_brand":[],"product_cat":[1494],"product_tag":[1495,1496],"class_list":{"0":"post-15483","1":"product","2":"type-product","3":"status-publish","4":"has-post-thumbnail","6":"product_cat-bucket-cylinders","7":"product_tag-bucket-cylinders","8":"product_tag-hydraulic-cylinders","10":"first","11":"instock","12":"shipping-taxable","13":"product-type-simple"},"amp_enabled":true,"_links":{"self":[{"href":"https:\/\/www.hydraulic-cylinders.net\/es\/wp-json\/wp\/v2\/product\/15483","targetHints":{"allow":["GET"]}}],"collection":[{"href":"https:\/\/www.hydraulic-cylinders.net\/es\/wp-json\/wp\/v2\/product"}],"about":[{"href":"https:\/\/www.hydraulic-cylinders.net\/es\/wp-json\/wp\/v2\/types\/product"}],"replies":[{"embeddable":true,"href":"https:\/\/www.hydraulic-cylinders.net\/es\/wp-json\/wp\/v2\/comments?post=15483"}],"wp:featuredmedia":[{"embeddable":true,"href":"https:\/\/www.hydraulic-cylinders.net\/es\/wp-json\/wp\/v2\/media\/14780"}],"wp:attachment":[{"href":"https:\/\/www.hydraulic-cylinders.net\/es\/wp-json\/wp\/v2\/media?parent=15483"}],"wp:term":[{"taxonomy":"product_brand","embeddable":true,"href":"https:\/\/www.hydraulic-cylinders.net\/es\/wp-json\/wp\/v2\/product_brand?post=15483"},{"taxonomy":"product_cat","embeddable":true,"href":"https:\/\/www.hydraulic-cylinders.net\/es\/wp-json\/wp\/v2\/product_cat?post=15483"},{"taxonomy":"product_tag","embeddable":true,"href":"https:\/\/www.hydraulic-cylinders.net\/es\/wp-json\/wp\/v2\/product_tag?post=15483"}],"curies":[{"name":"wp","href":"https:\/\/api.w.org\/{rel}","templated":true}]}}