{"id":15490,"date":"2025-01-19T14:35:47","date_gmt":"2025-01-19T14:35:47","guid":{"rendered":"https:\/\/www.hydraulic-cylinders.net\/product\/bucket-cylinder-for-xcmg-wheel-excavator-xe210w\/"},"modified":"2025-01-19T14:35:49","modified_gmt":"2025-01-19T14:35:49","slug":"bucket-cylinder-for-xcmg-wheel-excavator-xe210w","status":"publish","type":"product","link":"https:\/\/www.hydraulic-cylinders.net\/es\/producto\/bucket-cylinder-for-xcmg-wheel-excavator-xe210w\/","title":{"rendered":"Cilindro de cuchar\u00f3n para excavadora de ruedas XCMG XE210w"},"content":{"rendered":"<h1>Cilindro de cuchar\u00f3n para excavadora de ruedas XCMG XE210w<\/h1>\n<h2>Definici\u00f3n del producto<\/h2>\n<h3>\u00bfQu\u00e9 es un cilindro de cangilones?<\/h3>\n<p>A bucket cylinder is a specially designed hydraulic cylinder primarily used to control the movement of the bucket in heavy machinery such as excavators, backhoe loaders, and front loaders. Its main function is to enable the bucket to lift, lower, and tilt, making it easier to handle various material handling tasks. In a hydraulic system, the bucket cylinder achieves precise control of the bucket&#8217;s movement by varying the pressure of hydraulic oil, allowing the operator to efficiently handle heavy objects and adapt to complex working environments and diverse operational requirements.<\/p>\n<p><img decoding=\"async\" src=\"https:\/\/www.hydraulic-cylinders.net\/wp-content\/uploads\/2025\/01\/songte-company-2.webp\" alt=\"Cilindro de cubo\"><\/p>\n<h2>Caracter\u00edsticas del producto<\/h2>\n<ul>\n<li>\n<h3>Alta resistencia y durabilidad<\/h3>\n<p>Los cilindros de cangilones suelen estar hechos de acero o aluminio de alta resistencia, capaces de soportar alta presi\u00f3n y cargas pesadas, adaptarse a entornos de trabajo hostiles y dise\u00f1ados teniendo en cuenta la resistencia al desgaste y la corrosi\u00f3n para extender su vida \u00fatil.<\/p>\n<\/li>\n<li>\n<h3>Operaci\u00f3n hidr\u00e1ulica eficiente<\/h3>\n<p>Los cilindros de cangilones utilizan la presi\u00f3n del aceite hidr\u00e1ulico para lograr una extensi\u00f3n y retracci\u00f3n suaves, responder r\u00e1pidamente a los comandos de control y proporcionar una poderosa fuerza de empuje y tracci\u00f3n, lo que los hace adecuados para manipular objetos pesados \u200b\u200by tareas operativas complejas.<\/p>\n<\/li>\n<li>\n<h3>M\u00faltiples tipos<\/h3>\n<p>Los cilindros de cangilones est\u00e1n disponibles en modelos de simple efecto (hidr\u00e1ulico en una sola direcci\u00f3n) o doble efecto (hidr\u00e1ulico en ambas direcciones) para satisfacer diferentes requisitos operativos. Algunos modelos son telesc\u00f3picos, lo que permite una mayor extensi\u00f3n sin aumentar las dimensiones externas, lo que los hace ideales para aplicaciones con espacio limitado.<\/p>\n<\/li>\n<li>\n<h3>Reemplazo perfecto<\/h3>\n<p>Nuestra empresa produce cilindros de cangilones que pueden reemplazar perfectamente estos cilindros hidr\u00e1ulicos.<\/p>\n<\/li>\n<\/ul>\n<p><img decoding=\"async\" src=\"https:\/\/www.hydraulic-cylinders.net\/wp-content\/uploads\/2025\/01\/songte-cylinder-head-with-all-kinds-excavator-models.webp\" alt=\"Reemplazo del cilindro del cuchar\u00f3n\"><\/p>\n<h2>Aplicaciones del producto<\/h2>\n<p>Los cilindros de cangilones se utilizan ampliamente en diversos campos, entre ellos:<\/p>\n<ul>\n<li>\n<h3>Equipos de construcci\u00f3n<\/h3>\n<p>En las excavadoras, son fundamentales para excavar, cargar y mover tierra o escombros. En las retroexcavadoras, los cilindros del cuchar\u00f3n ayudan tanto en la excavaci\u00f3n como en la elevaci\u00f3n. <\/p>\n<\/li>\n<li>\n<h3>Maquinaria agr\u00edcola<\/h3>\n<p>Se utiliza en cargadores frontales para recoger, levantar y transportar tierra, heno y otros materiales.<\/p>\n<\/li>\n<li>\n<h3>excavadoras<\/h3>\n<p>Los cilindros del cuchar\u00f3n permiten que el cuchar\u00f3n penetre en el suelo para realizar acciones de excavaci\u00f3n.<\/p>\n<\/li>\n<li>\n<h3>Cargadores<\/h3>\n<p>En los cargadores frontales, los cilindros del cuchar\u00f3n ayudan a levantar y descargar mercanc\u00edas de manera eficiente.<\/p>\n<\/li>\n<\/ul>\n<h2>Consideraciones de dise\u00f1o y criterios de selecci\u00f3n<\/h2>\n<p>Al dise\u00f1ar y seleccionar cilindros de cangilones, se deben considerar los siguientes factores:<\/p>\n<ul>\n<li>\n<h3>Capacidad de carga<\/h3>\n<p>El cilindro debe estar dise\u00f1ado para soportar la carga m\u00e1xima a la que estar\u00e1 sometido en condiciones normales de trabajo.<\/p>\n<\/li>\n<li>\n<h3>Caza de focas<\/h3>\n<p>El cilindro debe estar provisto de un mecanismo de sellado adecuado para evitar fugas de aceite y contaminaci\u00f3n.<\/p>\n<\/li>\n<li>\n<h3>Durabilidad<\/h3>\n<p>El cilindro debe estar dise\u00f1ado para soportar el duro entorno de trabajo, el desgaste y la corrosi\u00f3n.<\/p>\n<\/li>\n<li>\n<h3>Seguridad<\/h3>\n<p>El cilindro debe estar dise\u00f1ado para garantizar un funcionamiento seguro.<\/p>\n<\/li>\n<li>\n<h3>Mantenibilidad<\/h3>\n<p>El cilindro debe estar dise\u00f1ado para facilitar su mantenimiento y reparaci\u00f3n.<\/p>\n<\/li>\n<\/ul>\n<p><img decoding=\"async\" src=\"https:\/\/www.hydraulic-cylinders.net\/wp-content\/uploads\/2025\/01\/songte-oil-pipes-and-spare-parts.webp\" alt=\"Piezas del cilindro del cubo\"><\/p>\n<h2>Sellado y lubricaci\u00f3n<\/h2>\n<p>Los cilindros de cuchar\u00f3n utilizan diversos componentes de sellado, como sellos de pist\u00f3n y de v\u00e1stago, fabricados con materiales resistentes al desgaste como poliuretano y caucho de nitrilo. El cuerpo del cilindro y la superficie roscada del extremo est\u00e1n finamente procesados \u200b\u200bpara mejorar la resistencia al desgaste. Es necesario a\u00f1adir regularmente la cantidad correcta de aceite hidr\u00e1ulico para su lubricaci\u00f3n.<\/p>\n<h2>Mantenimiento y reparaci\u00f3n<\/h2>\n<ul>\n<li>\n<h3>Inspecci\u00f3n regular<\/h3>\n<p>La inspecci\u00f3n peri\u00f3dica de los cilindros del cuchar\u00f3n es esencial para garantizar su correcto funcionamiento. Esto incluye la comprobaci\u00f3n de fugas de aceite, desgaste, da\u00f1os y corrosi\u00f3n.<\/p>\n<\/li>\n<li>\n<h3>Lubricaci\u00f3n<\/h3>\n<p>La lubricaci\u00f3n regular del cilindro del cuchar\u00f3n es necesaria para garantizar un funcionamiento suave.<\/p>\n<\/li>\n<li>\n<h3>Sustituci\u00f3n de juntas y comprobaci\u00f3n de calibraci\u00f3n<\/h3>\n<p>Es necesario reemplazar los sellos y verificar la calibraci\u00f3n del cilindro del cuchar\u00f3n si los sellos est\u00e1n da\u00f1ados y para garantizar que el cilindro funcione correctamente.<\/p>\n<\/li>\n<\/ul>\n<p><img decoding=\"async\" src=\"https:\/\/www.hydraulic-cylinders.net\/wp-content\/uploads\/2025\/01\/songte-chushion-collar.webp\" alt=\"Instalaci\u00f3n del cilindro del cuchar\u00f3n\"><\/p>\n<h2>Consideraciones de seguridad y factores ambientales<\/h2>\n<p>Al utilizar cilindros de cuchar\u00f3n, es necesario tomar medidas de seguridad, como el uso de equipo de protecci\u00f3n y la capacitaci\u00f3n adecuada de los operadores. La eliminaci\u00f3n adecuada del aceite hidr\u00e1ulico y de los cilindros hidr\u00e1ulicos usados \u200b\u200bes fundamental para evitar da\u00f1os ambientales.<\/p>\n<h2>Soluci\u00f3n de problemas y problemas comunes<\/h2>\n<p>Los problemas comunes con los cilindros de cuchar\u00f3n incluyen fugas de aceite, da\u00f1os en los sellos y desgaste. La soluci\u00f3n de estos problemas implica una inspecci\u00f3n visual del cilindro y la sustituci\u00f3n de las piezas da\u00f1adas o el resellado.<\/p>\n<p><img decoding=\"async\" src=\"https:\/\/www.hydraulic-cylinders.net\/wp-content\/uploads\/2025\/01\/songte-bushings-with-all-kinds-of-excavator-models.webp\" alt=\"Problemas comunes del cilindro del cubo\"><\/p>\n<h2>Sobre nosotros<\/h2>\n<p>Somos fabricantes de cilindros hidr\u00e1ulicos de repuesto con una gama completa de productos, convirti\u00e9ndonos en uno de los principales fabricantes y distribuidores mayoristas de cilindros hidr\u00e1ulicos en el mercado nacional e internacional. Nos adherimos a los principios de excelente calidad y nos basamos en la estrategia de gesti\u00f3n de fabricaci\u00f3n industrializada de nuestros sofisticados talleres. Mejoramos continuamente la plataforma de fabricaci\u00f3n de nuestros talleres, optimizamos la cadena de producci\u00f3n de calidad de nuestros productos y contamos con una s\u00f3lida capacidad creativa para satisfacer las diversas necesidades de nuestros clientes. <\/p>\n<p><img decoding=\"async\" src=\"https:\/\/hzpt.com\/wp-content\/uploads\/2024\/11\/songte-company-1.webp\" alt=\"Nuestra empresa\"><\/p>\n<h3>Nuestras especializaciones<\/h3>\n<ul>\n<li>Profesionalismo<\/li>\n<li>Certificaci\u00f3n Internacional<\/li>\n<li>Servicios de personalizaci\u00f3n<\/li>\n<li>Equipos de producci\u00f3n<\/li>\n<li>Servicios posventa<\/li>\n<\/ul>\n<p><img decoding=\"async\" src=\"https:\/\/www.hydraulic-cylinders.net\/wp-content\/uploads\/2025\/01\/songte-company-3.webp\" alt=\"Nuestras especializaciones de la empresa\"><\/p>\n<p>Autor: lyl.<\/p>","protected":false},"excerpt":{"rendered":"<p>Bucket Cylinder For XCMG Wheel Excavator XE210w Product Definition What is a Bucket Cylinder? A bucket cylinder is a specially designed hydraulic cylinder primarily used to control the movement of the bucket in heavy machinery such as excavators, backhoe loaders, and front loaders. Its main function is to enable the bucket to lift, lower, and [&hellip;]<\/p>","protected":false},"featured_media":14762,"comment_status":"open","ping_status":"closed","template":"","meta":{"_et_pb_use_builder":"","_et_pb_old_content":"","_et_gb_content_width":""},"product_brand":[],"product_cat":[1494],"product_tag":[1495,1496],"class_list":{"0":"post-15490","1":"product","2":"type-product","3":"status-publish","4":"has-post-thumbnail","6":"product_cat-bucket-cylinders","7":"product_tag-bucket-cylinders","8":"product_tag-hydraulic-cylinders","10":"first","11":"instock","12":"shipping-taxable","13":"product-type-simple"},"amp_enabled":true,"_links":{"self":[{"href":"https:\/\/www.hydraulic-cylinders.net\/es\/wp-json\/wp\/v2\/product\/15490","targetHints":{"allow":["GET"]}}],"collection":[{"href":"https:\/\/www.hydraulic-cylinders.net\/es\/wp-json\/wp\/v2\/product"}],"about":[{"href":"https:\/\/www.hydraulic-cylinders.net\/es\/wp-json\/wp\/v2\/types\/product"}],"replies":[{"embeddable":true,"href":"https:\/\/www.hydraulic-cylinders.net\/es\/wp-json\/wp\/v2\/comments?post=15490"}],"wp:featuredmedia":[{"embeddable":true,"href":"https:\/\/www.hydraulic-cylinders.net\/es\/wp-json\/wp\/v2\/media\/14762"}],"wp:attachment":[{"href":"https:\/\/www.hydraulic-cylinders.net\/es\/wp-json\/wp\/v2\/media?parent=15490"}],"wp:term":[{"taxonomy":"product_brand","embeddable":true,"href":"https:\/\/www.hydraulic-cylinders.net\/es\/wp-json\/wp\/v2\/product_brand?post=15490"},{"taxonomy":"product_cat","embeddable":true,"href":"https:\/\/www.hydraulic-cylinders.net\/es\/wp-json\/wp\/v2\/product_cat?post=15490"},{"taxonomy":"product_tag","embeddable":true,"href":"https:\/\/www.hydraulic-cylinders.net\/es\/wp-json\/wp\/v2\/product_tag?post=15490"}],"curies":[{"name":"wp","href":"https:\/\/api.w.org\/{rel}","templated":true}]}}