{"id":15491,"date":"2025-01-19T14:35:51","date_gmt":"2025-01-19T14:35:51","guid":{"rendered":"https:\/\/www.hydraulic-cylinders.net\/product\/bucket-cylinder-for-xcmg-wheel-excavator-et110\/"},"modified":"2025-01-19T14:35:53","modified_gmt":"2025-01-19T14:35:53","slug":"bucket-cylinder-for-xcmg-wheel-excavator-et110","status":"publish","type":"product","link":"https:\/\/www.hydraulic-cylinders.net\/es\/producto\/bucket-cylinder-for-xcmg-wheel-excavator-et110\/","title":{"rendered":"Cilindro de cuchar\u00f3n para excavadora de ruedas XCMG ET110"},"content":{"rendered":"<h1>Cilindro de cuchar\u00f3n para excavadora de ruedas XCMG ET110<\/h1>\n<h2>Introducci\u00f3n<\/h2>\n<p>Un cilindro de cuchar\u00f3n es un cilindro hidr\u00e1ulico especialmente dise\u00f1ado para controlar el movimiento del cuchar\u00f3n en maquinaria pesada como excavadoras, retroexcavadoras y cargadoras frontales. Su funci\u00f3n principal es permitir que el cuchar\u00f3n se eleve, baje e incline, facilitando la manipulaci\u00f3n de diversos materiales en tareas de transporte. En un sistema hidr\u00e1ulico, el cilindro del cuchar\u00f3n logra un control preciso del cuchar\u00f3n mediante cambios en la presi\u00f3n del aceite hidr\u00e1ulico, lo que permite a los operadores manipular cargas pesadas con eficiencia y adaptarse a entornos de trabajo complejos y a diversos requisitos.<\/p>\n<p><img decoding=\"async\" src=\"https:\/\/www.hydraulic-cylinders.net\/wp-content\/uploads\/2025\/01\/songte-company-2.webp\" alt=\"Cilindro de cubo\"><\/p>\n<h2>Caracter\u00edsticas<\/h2>\n<ul>\n<li>Alta resistencia y durabilidad: Fabricado generalmente en acero o aluminio de alta resistencia, soporta altas presiones y cargas pesadas, adapt\u00e1ndose a entornos de trabajo exigentes. Su dise\u00f1o contempla la resistencia al desgaste y a la corrosi\u00f3n, prolongando su vida \u00fatil.<\/li>\n<li>Operaci\u00f3n hidr\u00e1ulica eficiente: utilizando la presi\u00f3n del aceite hidr\u00e1ulico para lograr una expansi\u00f3n y contracci\u00f3n suaves, puede responder r\u00e1pidamente a los comandos de control, proporcionando poderosas fuerzas de empuje y tracci\u00f3n, adecuadas para manipular cargas pesadas y tareas de trabajo complejas.<\/li>\n<li>Diversos tipos: Se pueden seleccionar cilindros de simple efecto (hidr\u00e1ulicos en una sola direcci\u00f3n) o de doble efecto (hidr\u00e1ulicos en ambas direcciones) seg\u00fan las necesidades operativas. Algunos modelos son telesc\u00f3picos, lo que permite una mayor expansi\u00f3n sin aumentar las dimensiones externas, ideal para aplicaciones con espacio limitado.<\/li>\n<li>Reemplazo perfecto: Nuestro producto puede reemplazar perfectamente estos cilindros hidr\u00e1ulicos.<\/li>\n<li>Dise\u00f1o personalizado: Ofrecemos soluciones personalizadas seg\u00fan los requisitos y especificaciones del cliente, incluido el tama\u00f1o, la carrera, la clasificaci\u00f3n de presi\u00f3n, el tipo de montaje y m\u00e1s.<\/li>\n<\/ul>\n<p><img decoding=\"async\" src=\"https:\/\/www.hydraulic-cylinders.net\/wp-content\/uploads\/2025\/01\/songte-cylinder-head-with-all-kinds-excavator-models.webp\" alt=\"Culata\"><\/p>\n<h2>Aplicaci\u00f3n<\/h2>\n<p>El cilindro del cuchar\u00f3n se utiliza ampliamente en diversas m\u00e1quinas pesadas, entre ellas:<\/p>\n<h3>Equipos de construcci\u00f3n<\/h3>\n<p>En las excavadoras, son esenciales para excavar, cargar y mover tierra o escombros. En las retroexcavadoras, el cilindro del cuchar\u00f3n facilita la excavaci\u00f3n y la elevaci\u00f3n. <\/p>\n<h3>Maquinaria agr\u00edcola<\/h3>\n<p>Se utilizan en cargadoras frontales para recoger, levantar y transportar tierra, heno y otros materiales. En las excavadoras, los cilindros del cuchar\u00f3n facilitan la excavaci\u00f3n al permitir que el cuchar\u00f3n penetre en el suelo. En las cargadoras frontales, ayudan a levantar y descargar la carga eficazmente.<\/p>\n<p><img decoding=\"async\" src=\"https:\/\/www.hydraulic-cylinders.net\/wp-content\/uploads\/2025\/01\/songte-bushings-with-all-kinds-of-excavator-models.webp\" alt=\"Bujes\"><\/p>\n<h2>Consideraciones de dise\u00f1o y criterios de selecci\u00f3n<\/h2>\n<p>Al dise\u00f1ar y seleccionar cilindros de cangilones, se deben tener en cuenta varios factores, entre ellos:<\/p>\n<h3>capacidad de carga<\/h3>\n<p>El cilindro debe poder soportar la carga m\u00e1xima a la que est\u00e1 expuesto sin fallar.<\/p>\n<h3>Caza de focas<\/h3>\n<p>Se utilizan diversos sellos, como sellos de pist\u00f3n y de v\u00e1stago, para evitar fugas y contaminaci\u00f3n del fluido hidr\u00e1ulico. Se eligen materiales de sellado como el poliuretano y el caucho de nitrilo por su resistencia al desgaste y durabilidad.<\/p>\n<h3>Durabilidad<\/h3>\n<p>El material del cilindro debe seleccionarse por su capacidad para soportar impactos, desgaste y corrosi\u00f3n.<\/p>\n<h3>Seguridad<\/h3>\n<p>El dise\u00f1o debe tener en cuenta consideraciones de seguridad, incluida la posibilidad de falla del cilindro y las consecuencias de dicha falla.<\/p>\n<h3>Mantenimiento<\/h3>\n<p>El dise\u00f1o debe ser f\u00e1cil de mantener, con piezas a las que se pueda acceder f\u00e1cilmente y reemplazar.<\/p>\n<p><img decoding=\"async\" src=\"https:\/\/www.hydraulic-cylinders.net\/wp-content\/uploads\/2025\/01\/songte-oil-pipes-and-spare-parts.webp\" alt=\"Tuber\u00edas de aceite y repuestos\"><\/p>\n<h2>Sellado y lubricaci\u00f3n<\/h2>\n<p>El cilindro del cuchar\u00f3n utiliza diversos sellos para evitar fugas de fluido hidr\u00e1ulico y minimizar la contaminaci\u00f3n. Los sellos de pist\u00f3n y de v\u00e1stago suelen estar fabricados con materiales resistentes al desgaste, como poliuretano y caucho de nitrilo. El cuerpo del cilindro y la superficie del extremo de la rosca se procesan con precisi\u00f3n para mejorar la resistencia al desgaste. Es necesaria una lubricaci\u00f3n regular con el aceite hidr\u00e1ulico adecuado para garantizar un funcionamiento suave y prolongar la vida \u00fatil.<\/p>\n<h2>Inspecci\u00f3n y mantenimiento preventivo<\/h2>\n<p>La inspecci\u00f3n regular y el mantenimiento preventivo pueden ayudar a identificar y abordar posibles problemas antes de que causen da\u00f1os o fallas. Tres tareas de mantenimiento comunes incluyen:<\/p>\n<ul>\n<li>Chequeos regulares<\/li>\n<li>Lubricaci\u00f3n adecuada<\/li>\n<li>Sustituci\u00f3n de juntas y comprobaci\u00f3n de calibraci\u00f3n<\/li>\n<\/ul>\n<p>Una instalaci\u00f3n correcta es fundamental para la longevidad del cilindro del cuchar\u00f3n. Se recomienda alinearlo correctamente durante la instalaci\u00f3n y utilizar los soportes de instalaci\u00f3n adecuados para fijarlo en su lugar. Se proporciona un procedimiento sugerido de inspecci\u00f3n, reparaci\u00f3n y reemplazo, que incluye el reemplazo de piezas y servicios de reconstrucci\u00f3n para prolongar la vida \u00fatil del cilindro.<\/p>\n<p><img decoding=\"async\" src=\"https:\/\/www.hydraulic-cylinders.net\/wp-content\/uploads\/2025\/01\/songte-chushion-collar.webp\" alt=\"Cuello acolchado\"><\/p>\n<h2>Consideraciones de seguridad y factores ambientales<\/h2>\n<p>Al utilizar el cilindro del cuchar\u00f3n, se deben tomar medidas de seguridad para prevenir accidentes. Estas medidas incluyen usar el equipo de seguridad adecuado, seguir los procedimientos de operaci\u00f3n correctos y realizar inspecciones peri\u00f3dicas para mantener el equipo en buen estado. Factores ambientales, como la temperatura y la humedad, tambi\u00e9n pueden afectar el rendimiento de los cilindros hidr\u00e1ulicos. Operar dentro del rango de temperatura y humedad recomendados puede ayudar a garantizar un rendimiento \u00f3ptimo y prevenir da\u00f1os.<\/p>\n<h2>Soluci\u00f3n de problemas y problemas comunes<\/h2>\n<p>Los problemas comunes que pueden surgir con el cilindro del cuchar\u00f3n incluyen fugas, da\u00f1os y un funcionamiento incorrecto. Se ofrecen consejos y soluciones para ayudar a los lectores a diagnosticar y resolver problemas eficazmente. Tambi\u00e9n se recomiendan medidas preventivas para minimizar posibles problemas y garantizar un mantenimiento adecuado.<\/p>\n<p><img decoding=\"async\" src=\"https:\/\/hzpt.com\/wp-content\/uploads\/2024\/11\/songte-company-1.webp\" alt=\"Compa\u00f1\u00eda\"><\/p>\n<h2>Sobre nosotros<\/h2>\n<p>Somos fabricantes de cilindros hidr\u00e1ulicos de repuesto. Nuestra completa gama de productos nos convierte en uno de los principales fabricantes y mayoristas de cilindros hidr\u00e1ulicos en el mercado nacional e internacional. Nos adherimos a los principios de excelente calidad y a una estrategia de gesti\u00f3n de producci\u00f3n industrializada basada en el uso de talento t\u00e9cnico, equipos de fabricaci\u00f3n digitales de alta gama y sistemas de prueba profesionales. Mejoramos continuamente la plataforma de fabricaci\u00f3n en taller, optimizamos la cadena de producci\u00f3n de calidad del producto y contamos con una s\u00f3lida capacidad creativa para satisfacer las diversas necesidades de nuestros clientes con alta eficiencia, precisi\u00f3n y principios de alta calidad. <\/p>\n<p>Ofrecemos servicios personalizados, certificaci\u00f3n internacional y servicio posventa especializado. Contamos con equipos de producci\u00f3n de \u00faltima generaci\u00f3n y ofrecemos una gama completa de servicios de mantenimiento y reparaci\u00f3n. <\/p>\n<p><img decoding=\"async\" src=\"https:\/\/www.hydraulic-cylinders.net\/wp-content\/uploads\/2025\/01\/songte-company-3.webp\" alt=\"Compa\u00f1\u00eda\"><\/p>\n<p><em>Autor: lyl<\/em><\/p>","protected":false},"excerpt":{"rendered":"<p>Bucket Cylinder For XCMG Wheel Excavator ET110 Introduction A bucket cylinder is a hydraulic cylinder specially designed to control the movement of the bucket in heavy machinery such as excavators, backhoes, and front-end loaders. Its main function is to allow the bucket to lift, lower, and tilt, making it easier to handle a variety of [&hellip;]<\/p>","protected":false},"featured_media":14761,"comment_status":"open","ping_status":"closed","template":"","meta":{"_et_pb_use_builder":"","_et_pb_old_content":"","_et_gb_content_width":""},"product_brand":[],"product_cat":[1494],"product_tag":[1495,1496],"class_list":{"0":"post-15491","1":"product","2":"type-product","3":"status-publish","4":"has-post-thumbnail","6":"product_cat-bucket-cylinders","7":"product_tag-bucket-cylinders","8":"product_tag-hydraulic-cylinders","10":"first","11":"instock","12":"shipping-taxable","13":"product-type-simple"},"amp_enabled":true,"_links":{"self":[{"href":"https:\/\/www.hydraulic-cylinders.net\/es\/wp-json\/wp\/v2\/product\/15491","targetHints":{"allow":["GET"]}}],"collection":[{"href":"https:\/\/www.hydraulic-cylinders.net\/es\/wp-json\/wp\/v2\/product"}],"about":[{"href":"https:\/\/www.hydraulic-cylinders.net\/es\/wp-json\/wp\/v2\/types\/product"}],"replies":[{"embeddable":true,"href":"https:\/\/www.hydraulic-cylinders.net\/es\/wp-json\/wp\/v2\/comments?post=15491"}],"wp:featuredmedia":[{"embeddable":true,"href":"https:\/\/www.hydraulic-cylinders.net\/es\/wp-json\/wp\/v2\/media\/14761"}],"wp:attachment":[{"href":"https:\/\/www.hydraulic-cylinders.net\/es\/wp-json\/wp\/v2\/media?parent=15491"}],"wp:term":[{"taxonomy":"product_brand","embeddable":true,"href":"https:\/\/www.hydraulic-cylinders.net\/es\/wp-json\/wp\/v2\/product_brand?post=15491"},{"taxonomy":"product_cat","embeddable":true,"href":"https:\/\/www.hydraulic-cylinders.net\/es\/wp-json\/wp\/v2\/product_cat?post=15491"},{"taxonomy":"product_tag","embeddable":true,"href":"https:\/\/www.hydraulic-cylinders.net\/es\/wp-json\/wp\/v2\/product_tag?post=15491"}],"curies":[{"name":"wp","href":"https:\/\/api.w.org\/{rel}","templated":true}]}}