{"id":15496,"date":"2025-01-19T14:36:11","date_gmt":"2025-01-19T14:36:11","guid":{"rendered":"https:\/\/www.hydraulic-cylinders.net\/product\/bucket-cylinder-for-zoomlion-middle-excavator-ze205e\/"},"modified":"2025-01-19T14:36:13","modified_gmt":"2025-01-19T14:36:13","slug":"bucket-cylinder-for-zoomlion-middle-excavator-ze205e","status":"publish","type":"product","link":"https:\/\/www.hydraulic-cylinders.net\/es\/producto\/bucket-cylinder-for-zoomlion-middle-excavator-ze205e\/","title":{"rendered":"Cilindro de cuchar\u00f3n para excavadora intermedia Zoomlion ZE205E"},"content":{"rendered":"<h1>Cilindro de cuchar\u00f3n para excavadora intermedia Zoomlion ZE205E<\/h1>\n<h2>Introducci\u00f3n<\/h2>\n<p>El cilindro del cuchar\u00f3n es un cilindro hidr\u00e1ulico especialmente dise\u00f1ado que se utiliza principalmente para controlar el movimiento del cuchar\u00f3n en maquinaria pesada como excavadoras, retroexcavadoras y cargadoras frontales. Su funci\u00f3n principal es permitir que el cuchar\u00f3n se eleve, baje e incline, facilitando diversas tareas de manipulaci\u00f3n de materiales. En el sistema hidr\u00e1ulico, el cilindro del cuchar\u00f3n logra un control preciso del cuchar\u00f3n mediante cambios en la presi\u00f3n del aceite hidr\u00e1ulico, lo que permite a los operadores manipular cargas pesadas con eficiencia y adaptarse a entornos de trabajo complejos y diversas necesidades operativas.<\/p>\n<p><img decoding=\"async\" src=\"https:\/\/www.hydraulic-cylinders.net\/wp-content\/uploads\/2025\/01\/songte-company-2.webp\" alt=\"Imagen del cilindro del cubo\"><\/p>\n<h2>Caracter\u00edsticas<\/h2>\n<ul>\n<li>Alta resistencia y durabilidad: generalmente hecho de acero o aluminio de alta resistencia, puede soportar alta presi\u00f3n y cargas pesadas, adaptarse a entornos de trabajo hostiles y est\u00e1 dise\u00f1ado para considerar la resistencia al desgaste y la resistencia a la corrosi\u00f3n para extender su vida \u00fatil.<\/li>\n<li>Operaci\u00f3n hidr\u00e1ulica eficiente: Se logran acciones suaves de extensi\u00f3n y retracci\u00f3n utilizando presi\u00f3n de aceite hidr\u00e1ulico, lo que proporciona poderosas fuerzas de empuje y tracci\u00f3n y es adecuado para manipular cargas pesadas y tareas operativas complejas.<\/li>\n<li>Diversos tipos: Se pueden seleccionar cilindros de simple efecto (hidr\u00e1ulicos en una sola direcci\u00f3n) o de doble efecto (hidr\u00e1ulicos en ambas direcciones) seg\u00fan las necesidades operativas. Algunos modelos son telesc\u00f3picos, lo que permite una mayor extensi\u00f3n sin aumentar las dimensiones externas, ideal para aplicaciones con espacio limitado.<\/li>\n<li>Reemplazable: Nuestro producto puede reemplazar perfectamente estos cilindros hidr\u00e1ulicos.<\/li>\n<\/ul>\n<p><img decoding=\"async\" src=\"https:\/\/www.hydraulic-cylinders.net\/wp-content\/uploads\/2025\/01\/songte-cylinder-head-with-all-kinds-excavator-models.webp\" alt=\"Imagen del producto\"><\/p>\n<h2>Aplicaciones<\/h2>\n<ul>\n<li>Equipos de construcci\u00f3n: En las excavadoras, son esenciales para excavar, cargar y mover tierra o escombros. En las retroexcavadoras, el cilindro del cuchar\u00f3n facilita tanto la excavaci\u00f3n como la elevaci\u00f3n. <\/li>\n<li>Maquinaria agr\u00edcola: Se utiliza para cargadores frontales, recogedores, elevadores y transportadores de tierra, heno y otros materiales. <\/li>\n<li>Excavadoras: El cilindro del cuchar\u00f3n permite la acci\u00f3n de excavaci\u00f3n al permitir que el cuchar\u00f3n penetre en el suelo. <\/li>\n<li>Cargadores frontales: En los cargadores frontales, ayudan tanto a levantar como a descargar mercanc\u00edas de manera eficaz.<\/li>\n<\/ul>\n<h2>Consideraciones de dise\u00f1o y criterios de selecci\u00f3n<\/h2>\n<ul>\n<li>Capacidad de carga: El cilindro debe ser capaz de soportar la carga, teniendo en cuenta los factores ambientales y las condiciones de operaci\u00f3n.<\/li>\n<li>Sellado: El cilindro debe estar sellado para evitar fugas y garantizar un funcionamiento adecuado. <\/li>\n<li>Durabilidad: El cilindro debe ser resistente al desgaste y a la corrosi\u00f3n, y dise\u00f1ado con materiales y recubrimientos que prolonguen su vida \u00fatil.<\/li>\n<li>Seguridad: El cilindro debe dise\u00f1arse e instalarse teniendo en cuenta la seguridad para evitar accidentes y garantizar un funcionamiento adecuado.<\/li>\n<li>Mantenimiento: El cilindro debe estar dise\u00f1ado para un f\u00e1cil mantenimiento, con piezas reemplazables y f\u00e1cil acceso para reparaci\u00f3n e inspecci\u00f3n.<\/li>\n<\/ul>\n<p><img decoding=\"async\" src=\"https:\/\/www.hydraulic-cylinders.net\/wp-content\/uploads\/2025\/01\/songte-oil-pipes-and-spare-parts.webp\" alt=\"Imagen de dise\u00f1o\"><\/p>\n<h2>Sellado y lubricaci\u00f3n<\/h2>\n<p>Se utilizan diversos elementos de sellado, como sellos de pist\u00f3n y de v\u00e1stago, y se seleccionan materiales resistentes al desgaste como poliuretano y caucho de nitrilo. El cuerpo del cilindro y la superficie del extremo roscado se procesan con precisi\u00f3n para mejorar la resistencia al desgaste. Es necesario reponer regularmente el aceite hidr\u00e1ulico para garantizar una lubricaci\u00f3n adecuada.<\/p>\n<p><img decoding=\"async\" src=\"https:\/\/www.hydraulic-cylinders.net\/wp-content\/uploads\/2025\/01\/songte-chushion-collar.webp\" alt=\"Imagen de sellado\"><\/p>\n<h2>Mantenimiento y reparaci\u00f3n<\/h2>\n<ul>\n<li>Inspecci\u00f3n peri\u00f3dica: El cilindro debe inspeccionarse peri\u00f3dicamente para garantizar un funcionamiento adecuado y detectar posibles problemas.<\/li>\n<li>Lubricaci\u00f3n: Una lubricaci\u00f3n adecuada es necesaria para garantizar un funcionamiento suave y prolongar la vida \u00fatil del cilindro.<\/li>\n<li>Reemplazo de sellos: Los sellos desgastados o da\u00f1ados deben reemplazarse r\u00e1pidamente para evitar fugas y garantizar un funcionamiento adecuado.<\/li>\n<\/ul>\n<p> Una instalaci\u00f3n correcta es fundamental para el rendimiento y la longevidad del cilindro. El cilindro debe estar correctamente alineado y fijado con los soportes de instalaci\u00f3n adecuados. Se proporcionan los procedimientos recomendados de inspecci\u00f3n, reparaci\u00f3n y reemplazo para prolongar la vida \u00fatil del cilindro.<\/p>\n<p><img decoding=\"async\" src=\"https:\/\/hzpt.com\/wp-content\/uploads\/2024\/11\/songte-company-1.webp\" alt=\"Imagen de mantenimiento\"><\/p>\n<h2>Consideraciones de seguridad y medio ambiente<\/h2>\n<p>Las precauciones de seguridad son fundamentales al utilizar cilindros hidr\u00e1ulicos. Es fundamental realizar una instalaci\u00f3n, un mantenimiento y un funcionamiento adecuados para evitar accidentes. Factores ambientales como la temperatura y la humedad pueden afectar el rendimiento del cilindro y deben tenerse en cuenta durante la instalaci\u00f3n y el funcionamiento.<\/p>\n<p><img decoding=\"async\" src=\"https:\/\/www.hydraulic-cylinders.net\/wp-content\/uploads\/2025\/01\/songte-bushings-with-all-kinds-of-excavator-models.webp\" alt=\"Imagen de seguridad\"><\/p>\n<h2>Soluci\u00f3n de problemas y problemas comunes<\/h2>\n<ul>\n<li>Fugas frecuentes: pueden deberse a sellos desgastados o cilindros da\u00f1ados.<\/li>\n<li>Falla frecuente del cilindro: puede deberse a una instalaci\u00f3n incorrecta, desalineaci\u00f3n u operaci\u00f3n incorrecta.<\/li>\n<li>Ruido anormal durante el funcionamiento: Puede ser causado por desgaste o da\u00f1os en componentes internos como cojinetes o sellos.<\/li>\n<\/ul>\n<p>La inspecci\u00f3n y el mantenimiento regulares pueden ayudar a prevenir estos problemas. Se ofrecen consejos y soluciones para ayudar a los lectores a diagnosticar y resolver problemas. Se recomiendan medidas preventivas para minimizar posibles problemas.<\/p>\n<p><img decoding=\"async\" src=\"https:\/\/www.hydraulic-cylinders.net\/wp-content\/uploads\/2025\/01\/songte-company-3.webp\" alt=\"Imagen de la empresa\"><\/p>\n<h2>Sobre nosotros<\/h2>\n<p>Somos fabricantes de cilindros hidr\u00e1ulicos de repuesto, con una amplia gama de productos y convirti\u00e9ndonos en uno de los principales fabricantes y distribuidores mayoristas de cilindros hidr\u00e1ulicos a nivel nacional e internacional. Nos adherimos al principio de excelente calidad y nos basamos en la estrategia de gesti\u00f3n de la producci\u00f3n industrializada de un taller de fabricaci\u00f3n sofisticado. Mejoramos continuamente la plataforma de fabricaci\u00f3n del taller mediante el uso de talentos t\u00e9cnicos, equipos de fabricaci\u00f3n digitales de alta gama y sistemas de prueba profesionales. Optimizamos la cadena de producci\u00f3n de calidad del producto y contamos con una s\u00f3lida capacidad creativa, con alta eficiencia, precisi\u00f3n y calidad para satisfacer las diversas necesidades de nuestros clientes.<\/p>\n<p>Ofrecemos servicios personalizados, utilizamos productos certificados internacionalmente y brindamos servicios profesionales de posventa, incluidos servicios de reemplazo de piezas y reconstrucci\u00f3n, para mejorar la vida \u00fatil del producto.<\/p>\n<p><img decoding=\"async\" src=\"https:\/\/www.hydraulic-cylinders.net\/wp-content\/uploads\/2025\/01\/songte-company-1.webp\" alt=\"Acerca de nosotros Imagen\"><\/p>\n<p>Autor: lyl.<\/p>","protected":false},"excerpt":{"rendered":"<p>Bucket Cylinder For Zoomlion Middle Excavator ZE205E Introduction The bucket cylinder is a specially designed hydraulic cylinder mainly used to control the movement of the bucket in heavy machinery such as excavators, backhoe loaders, and front loaders. Its main function is to enable the bucket to lift, lower, and tilt, making it easier to handle [&hellip;]<\/p>","protected":false},"featured_media":14784,"comment_status":"open","ping_status":"closed","template":"","meta":{"_et_pb_use_builder":"","_et_pb_old_content":"","_et_gb_content_width":""},"product_brand":[],"product_cat":[1494],"product_tag":[1495,1496],"class_list":{"0":"post-15496","1":"product","2":"type-product","3":"status-publish","4":"has-post-thumbnail","6":"product_cat-bucket-cylinders","7":"product_tag-bucket-cylinders","8":"product_tag-hydraulic-cylinders","10":"first","11":"instock","12":"shipping-taxable","13":"product-type-simple"},"amp_enabled":true,"_links":{"self":[{"href":"https:\/\/www.hydraulic-cylinders.net\/es\/wp-json\/wp\/v2\/product\/15496","targetHints":{"allow":["GET"]}}],"collection":[{"href":"https:\/\/www.hydraulic-cylinders.net\/es\/wp-json\/wp\/v2\/product"}],"about":[{"href":"https:\/\/www.hydraulic-cylinders.net\/es\/wp-json\/wp\/v2\/types\/product"}],"replies":[{"embeddable":true,"href":"https:\/\/www.hydraulic-cylinders.net\/es\/wp-json\/wp\/v2\/comments?post=15496"}],"wp:featuredmedia":[{"embeddable":true,"href":"https:\/\/www.hydraulic-cylinders.net\/es\/wp-json\/wp\/v2\/media\/14784"}],"wp:attachment":[{"href":"https:\/\/www.hydraulic-cylinders.net\/es\/wp-json\/wp\/v2\/media?parent=15496"}],"wp:term":[{"taxonomy":"product_brand","embeddable":true,"href":"https:\/\/www.hydraulic-cylinders.net\/es\/wp-json\/wp\/v2\/product_brand?post=15496"},{"taxonomy":"product_cat","embeddable":true,"href":"https:\/\/www.hydraulic-cylinders.net\/es\/wp-json\/wp\/v2\/product_cat?post=15496"},{"taxonomy":"product_tag","embeddable":true,"href":"https:\/\/www.hydraulic-cylinders.net\/es\/wp-json\/wp\/v2\/product_tag?post=15496"}],"curies":[{"name":"wp","href":"https:\/\/api.w.org\/{rel}","templated":true}]}}