{"id":15497,"date":"2025-01-19T14:36:15","date_gmt":"2025-01-19T14:36:15","guid":{"rendered":"https:\/\/www.hydraulic-cylinders.net\/product\/bucket-cylinder-for-zoomlion-middle-excavator-ze210e\/"},"modified":"2025-01-19T14:36:17","modified_gmt":"2025-01-19T14:36:17","slug":"bucket-cylinder-for-zoomlion-middle-excavator-ze210e","status":"publish","type":"product","link":"https:\/\/www.hydraulic-cylinders.net\/es\/producto\/bucket-cylinder-for-zoomlion-middle-excavator-ze210e\/","title":{"rendered":"Cilindro de cuchar\u00f3n para excavadora mediana Zoomlion ZE210E"},"content":{"rendered":"<h1>Cilindro de cuchar\u00f3n para excavadora mediana Zoomlion ZE210E<\/h1>\n<h2>Introducci\u00f3n<\/h2>\n<p>El cilindro de la cuchara para la excavadora mediana Zoomlion ZE210E es un cilindro hidr\u00e1ulico de dise\u00f1o especial que controla el movimiento de la cuchara en maquinaria pesada como excavadoras, retroexcavadoras y cargadoras frontales. Su funci\u00f3n principal es permitir que la cuchara se eleve, descienda e incline, facilitando as\u00ed diversas tareas de manipulaci\u00f3n de materiales. En el sistema hidr\u00e1ulico, el cilindro de la cuchara permite un control preciso de la misma mediante las variaciones de presi\u00f3n del aceite hidr\u00e1ulico, lo que permite a los operadores manejar cargas pesadas con eficiencia y adaptarse a entornos de trabajo complejos y diversas necesidades operativas.<\/p>\n<p><img decoding=\"async\" src=\"https:\/\/www.hydraulic-cylinders.net\/wp-content\/uploads\/2025\/01\/songte-company-2.webp\"><\/p>\n<h2>Caracter\u00edsticas<\/h2>\n<ul>\n<li>Alta resistencia y durabilidad: Fabricado generalmente en acero o aluminio de alta resistencia, soporta altas presiones y cargas pesadas, adapt\u00e1ndose a entornos de trabajo exigentes. Su dise\u00f1o considera la resistencia al desgaste y a la corrosi\u00f3n, prolongando su vida \u00fatil.<\/li>\n<li>Funcionamiento hidr\u00e1ulico eficiente: Al utilizar la presi\u00f3n del aceite hidr\u00e1ulico, logra movimientos suaves de extensi\u00f3n y retracci\u00f3n, responde r\u00e1pidamente a los comandos de control, proporciona potentes fuerzas de empuje y tracci\u00f3n, y es adecuado para manejar cargas pesadas y tareas operativas complejas.<\/li>\n<li>Variedad de tipos: Se pueden seleccionar cilindros de simple efecto (presi\u00f3n hidr\u00e1ulica en una sola direcci\u00f3n) o de doble efecto (presi\u00f3n hidr\u00e1ulica en ambas direcciones) seg\u00fan los requisitos, para satisfacer distintas necesidades operativas. Algunos modelos son telesc\u00f3picos, lo que permite una mayor extensi\u00f3n sin aumentar las dimensiones externas, ideales para aplicaciones con espacio limitado.<\/li>\n<li>Reemplazo perfecto: Nuestro producto puede reemplazar perfectamente estos cilindros hidr\u00e1ulicos.<\/li>\n<\/ul>\n<p><img decoding=\"async\" src=\"https:\/\/www.hydraulic-cylinders.net\/wp-content\/uploads\/2025\/01\/songte-cylinder-head-with-all-kinds-excavator-models.webp\"><\/p>\n<h2>Aplicaciones<\/h2>\n<p>El cilindro del cuchar\u00f3n para la excavadora mediana Zoomlion ZE210E se utiliza ampliamente en diversas m\u00e1quinas de construcci\u00f3n y agr\u00edcolas:<\/p>\n<h3>Equipos de construcci\u00f3n:<\/h3>\n<p>En las excavadoras, son esenciales para excavar, cargar y mover tierra o escombros. En las retroexcavadoras, el cilindro del cuchar\u00f3n ayuda tanto en la excavaci\u00f3n como en la elevaci\u00f3n.<\/p>\n<h3>Maquinaria agr\u00edcola:<\/h3>\n<p>Se utiliza en cargadores frontales para recoger, levantar y transportar tierra, heno y otros materiales.<\/p>\n<h3>Excavadoras:<\/h3>\n<p>El cilindro del cuchar\u00f3n permite realizar acciones de excavaci\u00f3n al permitir que el cuchar\u00f3n penetre en el suelo.<\/p>\n<h3>Cargadores:<\/h3>\n<p>En las cargadoras frontales, contribuyen a la elevaci\u00f3n y descarga eficientes de mercanc\u00edas.<\/p>\n<p><img decoding=\"async\" src=\"https:\/\/www.hydraulic-cylinders.net\/wp-content\/uploads\/2025\/01\/songte-bushings-with-all-kinds-of-excavator-models.webp\"><\/p>\n<h2>Consideraciones de dise\u00f1o y criterios de selecci\u00f3n<\/h2>\n<ul>\n<li>Capacidad de carga: El cilindro del cuchar\u00f3n est\u00e1 dise\u00f1ado para soportar altas cargas y presiones, lo que garantiza un funcionamiento seguro y fiable.<\/li>\n<li>Sellado: Se utilizan diversos componentes de sellado, como juntas de pist\u00f3n y de v\u00e1stago, fabricados con materiales resistentes al desgaste, como poliuretano y caucho de nitrilo. El cuerpo del cilindro y los extremos roscados reciben un tratamiento especial para mejorar su resistencia al desgaste.<\/li>\n<li>Durabilidad: El cilindro del cuchar\u00f3n est\u00e1 construido para soportar condiciones de trabajo duras y un uso prolongado, lo que garantiza una larga vida \u00fatil.<\/li>\n<li>Seguridad: El dise\u00f1o incorpora caracter\u00edsticas de seguridad para prevenir accidentes y garantizar la protecci\u00f3n del operador durante el funcionamiento.<\/li>\n<li>Mantenibilidad: El cilindro del cuchar\u00f3n est\u00e1 dise\u00f1ado para facilitar el mantenimiento, permitiendo inspecciones, reparaciones y reemplazos de componentes oportunos.<\/li>\n<\/ul>\n<p><img decoding=\"async\" src=\"https:\/\/www.hydraulic-cylinders.net\/wp-content\/uploads\/2025\/01\/songte-oil-pipes-and-spare-parts.webp\"><\/p>\n<h2>Sellado y lubricaci\u00f3n<\/h2>\n<p>El cilindro del cuchar\u00f3n utiliza diversos componentes de sellado, como juntas de pist\u00f3n y de v\u00e1stago, fabricados con materiales resistentes al desgaste como poliuretano y caucho de nitrilo. El cuerpo del cilindro y los extremos roscados reciben un tratamiento especial para mejorar su resistencia al desgaste. Es necesario lubricar regularmente con la cantidad adecuada de aceite hidr\u00e1ulico para garantizar un funcionamiento \u00f3ptimo y prolongar la vida \u00fatil del cilindro.<\/p>\n<h2>Inspecci\u00f3n y mantenimiento preventivo<\/h2>\n<p>Las inspecciones peri\u00f3dicas y las medidas de mantenimiento preventivo son esenciales para el \u00f3ptimo rendimiento y la larga vida \u00fatil del cilindro del cuchar\u00f3n. Los puntos clave incluyen:<\/p>\n<ul>\n<li>Revisiones peri\u00f3dicas para detectar fugas, da\u00f1os y movimientos anormales.<\/li>\n<li>Una lubricaci\u00f3n adecuada garantiza un funcionamiento correcto.<\/li>\n<li>Reemplazo del sello cuando sea necesario<\/li>\n<li>Comprobaciones de calibraci\u00f3n para un control preciso<\/li>\n<\/ul>\n<p>Una correcta instalaci\u00f3n, lubricaci\u00f3n y ajuste son fundamentales. Proporcionar instrucciones precisas para alinear el cilindro durante la instalaci\u00f3n, recomendar el uso de soportes de montaje adecuados para fijarlo y sugerir procedimientos de inspecci\u00f3n, reparaci\u00f3n y sustituci\u00f3n contribuyen a prolongar la vida \u00fatil del cilindro del cuchar\u00f3n.<\/p>\n<p><img decoding=\"async\" src=\"https:\/\/www.hydraulic-cylinders.net\/wp-content\/uploads\/2025\/01\/songte-chushion-collar.webp\"><\/p>\n<h2>Consideraciones de seguridad y factores ambientales<\/h2>\n<p>Es fundamental garantizar la seguridad al utilizar el cilindro de la cuchara. Deben seguirse estrictamente las precauciones de seguridad para evitar accidentes y garantizar el bienestar de los operadores y dem\u00e1s personal. Asimismo, para un uso responsable del cilindro de la cuchara, es esencial tener en cuenta factores ambientales, como la correcta eliminaci\u00f3n de residuos y el cumplimiento de la normativa medioambiental.<\/p>\n<h2>Diagn\u00f3stico de fallas y problemas comunes<\/h2>\n<p>Ante cualquier aver\u00eda, es fundamental diagnosticarla y solucionarla r\u00e1pidamente. Entre los problemas m\u00e1s comunes se incluyen fugas, movimientos anormales y p\u00e9rdida de presi\u00f3n hidr\u00e1ulica. Ofrecer consejos y soluciones para la resoluci\u00f3n de problemas ayuda a diagnosticar y solucionar problemas con eficacia. Adem\u00e1s, sugerir medidas preventivas para minimizar posibles problemas contribuye al buen funcionamiento del cilindro del cuchar\u00f3n.<\/p>\n<p><img decoding=\"async\" src=\"https:\/\/hzpt.com\/wp-content\/uploads\/2024\/11\/songte-company-1.webp\"><\/p>\n<h2>Acerca de nuestra empresa<\/h2>\n<p>Somos fabricantes de cilindros hidr\u00e1ulicos de repuesto y ofrecemos una amplia gama de productos. Nos hemos consolidado como uno de los principales fabricantes y distribuidores mayoristas de cilindros hidr\u00e1ulicos tanto en el mercado nacional como internacional. Nos regimos por los principios de la excelencia en la calidad y aplicamos estrategias de gesti\u00f3n de producci\u00f3n industrializadas en nuestros talleres de fabricaci\u00f3n, equipados con tecnolog\u00eda de vanguardia. Gracias a nuestro enfoque en el talento tecnol\u00f3gico, la maquinaria de fabricaci\u00f3n digital de \u00faltima generaci\u00f3n y los sistemas de pruebas profesionales, mejoramos continuamente nuestra plataforma de fabricaci\u00f3n, optimizamos los procesos de producci\u00f3n y contamos con una s\u00f3lida capacidad de innovaci\u00f3n. Nuestro compromiso con la eficiencia, la precisi\u00f3n y la alta calidad nos permite satisfacer las diversas necesidades de nuestros clientes.<\/p>\n<p><img decoding=\"async\" src=\"https:\/\/www.hydraulic-cylinders.net\/wp-content\/uploads\/2025\/01\/songte-company-3.webp\"><\/p>\n<p>Nos enorgullecemos de nuestra profesionalidad, certificaciones internacionales, servicios personalizados, equipos de producci\u00f3n y servicio posventa. Nuestro objetivo es brindar las mejores soluciones para las necesidades de cilindros hidr\u00e1ulicos de nuestros clientes. <\/p>\n<p>Autor: lyl<\/p>","protected":false},"excerpt":{"rendered":"<p>Bucket Cylinder For Zoomlion Middle Excavator ZE210E Introduction The bucket cylinder for Zoomlion middle excavator ZE210E is a specially designed hydraulic cylinder used to control the movement of the bucket in heavy machinery such as excavators, backhoe loaders, and front loaders. Its main function is to enable the bucket to lift, lower, and tilt, making [&hellip;]<\/p>","protected":false},"featured_media":14782,"comment_status":"open","ping_status":"closed","template":"","meta":{"_et_pb_use_builder":"","_et_pb_old_content":"","_et_gb_content_width":""},"product_brand":[],"product_cat":[1494],"product_tag":[1495,1496],"class_list":{"0":"post-15497","1":"product","2":"type-product","3":"status-publish","4":"has-post-thumbnail","6":"product_cat-bucket-cylinders","7":"product_tag-bucket-cylinders","8":"product_tag-hydraulic-cylinders","10":"first","11":"instock","12":"shipping-taxable","13":"product-type-simple"},"amp_enabled":true,"_links":{"self":[{"href":"https:\/\/www.hydraulic-cylinders.net\/es\/wp-json\/wp\/v2\/product\/15497","targetHints":{"allow":["GET"]}}],"collection":[{"href":"https:\/\/www.hydraulic-cylinders.net\/es\/wp-json\/wp\/v2\/product"}],"about":[{"href":"https:\/\/www.hydraulic-cylinders.net\/es\/wp-json\/wp\/v2\/types\/product"}],"replies":[{"embeddable":true,"href":"https:\/\/www.hydraulic-cylinders.net\/es\/wp-json\/wp\/v2\/comments?post=15497"}],"wp:featuredmedia":[{"embeddable":true,"href":"https:\/\/www.hydraulic-cylinders.net\/es\/wp-json\/wp\/v2\/media\/14782"}],"wp:attachment":[{"href":"https:\/\/www.hydraulic-cylinders.net\/es\/wp-json\/wp\/v2\/media?parent=15497"}],"wp:term":[{"taxonomy":"product_brand","embeddable":true,"href":"https:\/\/www.hydraulic-cylinders.net\/es\/wp-json\/wp\/v2\/product_brand?post=15497"},{"taxonomy":"product_cat","embeddable":true,"href":"https:\/\/www.hydraulic-cylinders.net\/es\/wp-json\/wp\/v2\/product_cat?post=15497"},{"taxonomy":"product_tag","embeddable":true,"href":"https:\/\/www.hydraulic-cylinders.net\/es\/wp-json\/wp\/v2\/product_tag?post=15497"}],"curies":[{"name":"wp","href":"https:\/\/api.w.org\/{rel}","templated":true}]}}