{"id":15498,"date":"2025-01-19T14:36:19","date_gmt":"2025-01-19T14:36:19","guid":{"rendered":"https:\/\/www.hydraulic-cylinders.net\/product\/bucket-cylinder-for-zoomlion-middle-excavator-ze220elc\/"},"modified":"2025-01-19T14:36:21","modified_gmt":"2025-01-19T14:36:21","slug":"bucket-cylinder-for-zoomlion-middle-excavator-ze220elc","status":"publish","type":"product","link":"https:\/\/www.hydraulic-cylinders.net\/es\/producto\/bucket-cylinder-for-zoomlion-middle-excavator-ze220elc\/","title":{"rendered":"Cilindro de cuchar\u00f3n para excavadora intermedia Zoomlion ZE220ELC"},"content":{"rendered":"<h1> Cilindro de cuchar\u00f3n para excavadora intermedia Zoomlion ZE220ELC <\/h1>\n<h2> Introducci\u00f3n <\/h2>\n<h3> Definici\u00f3n del cilindro del cubo <\/h3>\n<p> Un cilindro de cuchar\u00f3n es un cilindro hidr\u00e1ulico especializado que se utiliza principalmente para controlar el movimiento del cuchar\u00f3n en maquinaria pesada, como excavadoras, retroexcavadoras y cargadoras frontales. Su funci\u00f3n principal es permitir que el cuchar\u00f3n se eleve, baje e incline, facilitando la realizaci\u00f3n de diversas tareas de manipulaci\u00f3n de materiales. En el sistema hidr\u00e1ulico, el cilindro del cuchar\u00f3n logra un control preciso del cuchar\u00f3n mediante la variaci\u00f3n de la presi\u00f3n del aceite hidr\u00e1ulico, lo que permite al operador manipular cargas pesadas con eficiencia y adaptarse a entornos de trabajo complejos y a diversos requisitos. <\/p>\n<p><img decoding=\"async\" src=\"https:\/\/www.hydraulic-cylinders.net\/wp-content\/uploads\/2025\/01\/songte-company-2.webp\" alt=\"Imagen del cilindro del cubo\"><\/p>\n<h3> Caracter\u00edsticas del cilindro de cangilones <\/h3>\n<ul>\n<li> Alta resistencia y durabilidad: generalmente fabricado en acero o aluminio de alta resistencia, puede soportar alta presi\u00f3n y cargas pesadas, adaptarse a entornos de trabajo hostiles y est\u00e1 dise\u00f1ado con resistencia al desgaste y a la corrosi\u00f3n, lo que extiende la vida \u00fatil.<\/li>\n<li> Operaci\u00f3n hidr\u00e1ulica eficiente: utiliza presi\u00f3n de aceite hidr\u00e1ulico para lograr una acci\u00f3n telesc\u00f3pica suave, puede responder r\u00e1pidamente a los comandos de control, proporcionar poderosas fuerzas de empuje y tracci\u00f3n, adecuado para manipular cargas pesadas y tareas laborales complejas.<\/li>\n<li> Diversos tipos: Se pueden seleccionar cilindros de simple efecto (hidr\u00e1ulicos en una sola direcci\u00f3n) o de doble efecto (hidr\u00e1ulicos en dos direcciones) seg\u00fan las necesidades operativas. Algunos modelos son telesc\u00f3picos, lo que permite una mayor extensi\u00f3n sin aumentar las dimensiones externas, ideal para aplicaciones con espacio limitado.<\/li>\n<\/ul>\n<p> Nuestro producto puede sustituir perfectamente a estos cilindros hidr\u00e1ulicos. <\/p>\n<p><img decoding=\"async\" src=\"https:\/\/www.hydraulic-cylinders.net\/wp-content\/uploads\/2025\/01\/songte-cylinder-head-with-all-kinds-excavator-models.webp\" alt=\"Imagen de cilindro hidr\u00e1ulico\"><\/p>\n<h2> Aplicaciones del cilindro de cubo <\/h2>\n<p> Los cilindros de cangilones se utilizan ampliamente en diversas industrias, entre ellas: <\/p>\n<h3> Equipos de construcci\u00f3n <\/h3>\n<p> Los cilindros del cuchar\u00f3n son esenciales para las excavadoras al excavar, cargar y mover tierra o escombros. En las retroexcavadoras, el cilindro del cuchar\u00f3n facilita tanto la excavaci\u00f3n como la elevaci\u00f3n. <\/p>\n<h3> Maquinaria agr\u00edcola <\/h3>\n<p> Se utiliza en cargadores frontales para recoger, levantar y transportar tierra, heno y otros materiales. <\/p>\n<h3> excavadoras <\/h3>\n<p> El cilindro del cuchar\u00f3n consigue la acci\u00f3n de excavaci\u00f3n permitiendo que el cuchar\u00f3n penetre en el suelo. <\/p>\n<h3> Cargadores <\/h3>\n<p> En los cargadores frontales, ayudan a levantar e inclinar la carga de manera eficaz. <\/p>\n<h2> Consideraciones y est\u00e1ndares de dise\u00f1o <\/h2>\n<h3> Capacidad de llevar <\/h3>\n<p> La capacidad de carga del cilindro del cuchar\u00f3n es un factor crucial en el dise\u00f1o. Debe ser capaz de soportar el peso de la carga y la fuerza ejercida durante la operaci\u00f3n. <\/p>\n<h3> Caza de focas <\/h3>\n<p> Un sellado adecuado es esencial para evitar fugas de aceite y garantizar el funcionamiento eficiente del cilindro. Se requieren sellos de pist\u00f3n y de v\u00e1stago de alta calidad para evitar la contaminaci\u00f3n del fluido hidr\u00e1ulico y mantener el rendimiento del cilindro. <\/p>\n<h3> Durabilidad <\/h3>\n<p> El cilindro del cuchar\u00f3n est\u00e1 dise\u00f1ado para soportar entornos de trabajo hostiles, como la exposici\u00f3n al polvo, la humedad y las temperaturas extremas. Su construcci\u00f3n debe soportar los rigores del uso diario para garantizar su longevidad y un rendimiento fiable. <\/p>\n<h3> Seguridad <\/h3>\n<p> La seguridad es primordial al trabajar con maquinaria pesada. El cilindro del cuchar\u00f3n debe estar dise\u00f1ado para prevenir accidentes y minimizar el riesgo para el operador. <\/p>\n<h3> Mantenimiento <\/h3>\n<p> El mantenimiento regular es necesario para garantizar el \u00f3ptimo rendimiento del cilindro del cuchar\u00f3n. La lubricaci\u00f3n, la inspecci\u00f3n y el reemplazo adecuados de las piezas desgastadas son esenciales para prolongar su vida \u00fatil. <\/p>\n<p><img decoding=\"async\" src=\"https:\/\/www.hydraulic-cylinders.net\/wp-content\/uploads\/2025\/01\/songte-oil-pipes-and-spare-parts.webp\" alt=\"Imagen de repuestos para cilindro de cuchar\u00f3n\"><\/p>\n<h2> Sellado y lubricaci\u00f3n <\/h2>\n<p> El cilindro del cuchar\u00f3n utiliza diversos sellos para evitar fugas de aceite, incluyendo sellos de pist\u00f3n y de v\u00e1stago. Estos sellos est\u00e1n fabricados con materiales resistentes al desgaste, como poliuretano y caucho de nitrilo. El cuerpo del cilindro y las superficies roscadas de los extremos tienen un acabado fino para mejorar la resistencia al desgaste. Tambi\u00e9n es necesario a\u00f1adir regularmente una cantidad adecuada de aceite hidr\u00e1ulico para su lubricaci\u00f3n. <\/p>\n<h2> Medidas preventivas y de mantenimiento <\/h2>\n<p> Para garantizar el rendimiento \u00f3ptimo y la vida \u00fatil del cilindro del cuchar\u00f3n, son necesarias medidas preventivas y de mantenimiento. <\/p>\n<h3> Instalaci\u00f3n <\/h3>\n<p> Una instalaci\u00f3n correcta es fundamental para el rendimiento y la seguridad del cilindro del cuchar\u00f3n. Se recomienda utilizar soportes de instalaci\u00f3n adecuados para asegurar el cilindro y proporcionar una gu\u00eda adecuada durante la instalaci\u00f3n. <\/p>\n<h3> Lubricaci\u00f3n <\/h3>\n<p> Una lubricaci\u00f3n adecuada es esencial para garantizar el buen funcionamiento del cilindro. Es importante lubricarlo regularmente con el aceite hidr\u00e1ulico recomendado para evitar el desgaste de sus componentes internos. <\/p>\n<h3> Reemplazo de sellos <\/h3>\n<p> Los sellos de pist\u00f3n y de varilla deben reemplazarse peri\u00f3dicamente para evitar fugas de aceite y garantizar un funcionamiento eficiente. <\/p>\n<p><img decoding=\"async\" src=\"https:\/\/www.hydraulic-cylinders.net\/wp-content\/uploads\/2025\/01\/songte-chushion-collar.webp\" alt=\"Imagen del collar\u00edn del coj\u00edn del cilindro del cubo\"><\/p>\n<h2> Consideraciones de seguridad y factores ambientales <\/h2>\n<p> La seguridad es primordial al trabajar con maquinaria pesada, incluidos los cilindros de cuchar\u00f3n. Es fundamental seguir las normas de seguridad para prevenir accidentes y minimizar los riesgos para el operador y el medio ambiente. <\/p>\n<h2> Diagn\u00f3stico y soluci\u00f3n de problemas <\/h2>\n<p> El diagn\u00f3stico y la resoluci\u00f3n de problemas son necesarios para identificar y resolver problemas con el cilindro del cuchar\u00f3n. Los problemas comunes incluyen fugas de aceite, deriva del cilindro y reducci\u00f3n del rendimiento. Es fundamental seguir los procedimientos de diagn\u00f3stico y reparaci\u00f3n adecuados para evitar mayores da\u00f1os y garantizar un rendimiento \u00f3ptimo. <\/p>\n<h2> Acerca de nuestra empresa <\/h2>\n<p> Nuestra empresa es l\u00edder en la fabricaci\u00f3n y distribuci\u00f3n mayorista de cilindros hidr\u00e1ulicos en los mercados nacional e internacional. Nos regimos por los principios de excelente calidad y nos basamos en la estrategia de gesti\u00f3n de la producci\u00f3n industrializada de un sofisticado taller de fabricaci\u00f3n. Mejoramos continuamente la plataforma de fabricaci\u00f3n del taller, perfeccionamos la cadena de producci\u00f3n de calidad del producto y contamos con una s\u00f3lida capacidad de creaci\u00f3n para satisfacer las diversas necesidades de nuestros clientes. <\/p>\n<p> Ofrecemos servicios profesionales, con certificaci\u00f3n internacional y personalizados a nuestros clientes. Nuestros equipos de fabricaci\u00f3n y servicio posventa son de primera calidad, lo que garantiza que nuestros productos cumplan con los m\u00e1s altos est\u00e1ndares de calidad. <\/p>\n<p><img decoding=\"async\" src=\"https:\/\/hzpt.com\/wp-content\/uploads\/2024\/11\/songte-company-1.webp\" alt=\"Imagen de la empresa\"><\/p>\n<p> Autor: lyl <\/p>","protected":false},"excerpt":{"rendered":"<p>Bucket Cylinder For Zoomlion Middle Excavator ZE220ELC Introduction Defining Bucket Cylinder A bucket cylinder is a specialized hydraulic cylinder that is mainly used to control the movement of the bucket in heavy-duty machinery such as excavators, backhoe excavators, and front-end loaders. Its primary function is to enable the bucket to lift, lower, and tilt, making [&hellip;]<\/p>","protected":false},"featured_media":14780,"comment_status":"open","ping_status":"closed","template":"","meta":{"_et_pb_use_builder":"","_et_pb_old_content":"","_et_gb_content_width":""},"product_brand":[],"product_cat":[1494],"product_tag":[1495,1496],"class_list":{"0":"post-15498","1":"product","2":"type-product","3":"status-publish","4":"has-post-thumbnail","6":"product_cat-bucket-cylinders","7":"product_tag-bucket-cylinders","8":"product_tag-hydraulic-cylinders","10":"first","11":"instock","12":"shipping-taxable","13":"product-type-simple"},"amp_enabled":true,"_links":{"self":[{"href":"https:\/\/www.hydraulic-cylinders.net\/es\/wp-json\/wp\/v2\/product\/15498","targetHints":{"allow":["GET"]}}],"collection":[{"href":"https:\/\/www.hydraulic-cylinders.net\/es\/wp-json\/wp\/v2\/product"}],"about":[{"href":"https:\/\/www.hydraulic-cylinders.net\/es\/wp-json\/wp\/v2\/types\/product"}],"replies":[{"embeddable":true,"href":"https:\/\/www.hydraulic-cylinders.net\/es\/wp-json\/wp\/v2\/comments?post=15498"}],"wp:featuredmedia":[{"embeddable":true,"href":"https:\/\/www.hydraulic-cylinders.net\/es\/wp-json\/wp\/v2\/media\/14780"}],"wp:attachment":[{"href":"https:\/\/www.hydraulic-cylinders.net\/es\/wp-json\/wp\/v2\/media?parent=15498"}],"wp:term":[{"taxonomy":"product_brand","embeddable":true,"href":"https:\/\/www.hydraulic-cylinders.net\/es\/wp-json\/wp\/v2\/product_brand?post=15498"},{"taxonomy":"product_cat","embeddable":true,"href":"https:\/\/www.hydraulic-cylinders.net\/es\/wp-json\/wp\/v2\/product_cat?post=15498"},{"taxonomy":"product_tag","embeddable":true,"href":"https:\/\/www.hydraulic-cylinders.net\/es\/wp-json\/wp\/v2\/product_tag?post=15498"}],"curies":[{"name":"wp","href":"https:\/\/api.w.org\/{rel}","templated":true}]}}