{"id":15504,"date":"2025-01-19T14:36:49","date_gmt":"2025-01-19T14:36:49","guid":{"rendered":"https:\/\/www.hydraulic-cylinders.net\/product\/bucket-cylinder-for-zoomlion-middle-excavator-ze230e-9\/"},"modified":"2025-01-19T14:36:51","modified_gmt":"2025-01-19T14:36:51","slug":"bucket-cylinder-for-zoomlion-middle-excavator-ze230e-9","status":"publish","type":"product","link":"https:\/\/www.hydraulic-cylinders.net\/es\/producto\/bucket-cylinder-for-zoomlion-middle-excavator-ze230e-9\/","title":{"rendered":"Cilindro de cuchar\u00f3n para excavadora mediana Zoomlion ZE230E-9"},"content":{"rendered":"<h1>Cilindro de cuchar\u00f3n para excavadora mediana Zoomlion ZE230E-9<\/h1>\n<h2>Introducci\u00f3n<\/h2>\n<p>El cilindro de la cuchara es un cilindro hidr\u00e1ulico especializado que se utiliza principalmente para controlar el movimiento de la cuchara en maquinaria pesada como excavadoras, retroexcavadoras y cargadoras frontales. Su funci\u00f3n principal es permitir la elevaci\u00f3n, el descenso y la inclinaci\u00f3n de la cuchara, facilitando as\u00ed diversas tareas de manipulaci\u00f3n de materiales. En el sistema hidr\u00e1ulico, el cilindro de la cuchara permite un control preciso de la misma mediante variaciones en la presi\u00f3n del aceite hidr\u00e1ulico, lo que permite a los operadores manipular cargas pesadas con eficiencia y adaptarse a entornos de trabajo complejos y a diversas necesidades operativas.<\/p>\n<p><img decoding=\"async\" src=\"https:\/\/www.hydraulic-cylinders.net\/wp-content\/uploads\/2025\/01\/songte-company-2.webp\"\/><\/p>\n<h2>Caracter\u00edsticas<\/h2>\n<ul>\n<li>Alta resistencia y durabilidad: Generalmente fabricadas en acero o aluminio de alta resistencia, capaces de soportar altas presiones y cargas pesadas, adecuadas para entornos de trabajo exigentes, dise\u00f1adas para resistir el desgaste y la corrosi\u00f3n, y para una vida \u00fatil m\u00e1s larga.<\/li>\n<li>Funcionamiento hidr\u00e1ulico eficiente: El suave movimiento telesc\u00f3pico se logra mediante el uso de la presi\u00f3n del aceite hidr\u00e1ulico, que puede responder r\u00e1pidamente a los comandos de control, proporciona potentes fuerzas de empuje y tracci\u00f3n, y es adecuado para el manejo de cargas pesadas y tareas operativas complejas.<\/li>\n<li>Existen diversos tipos: se pueden seleccionar cilindros de simple efecto (accionamiento hidr\u00e1ulico en un solo sentido) o de doble efecto (accionamiento hidr\u00e1ulico en ambos sentidos) seg\u00fan las necesidades para satisfacer diferentes requisitos operativos. Algunos modelos son telesc\u00f3picos, lo que permite una mayor extensi\u00f3n sin aumentar las dimensiones externas, siendo id\u00f3neos para aplicaciones con espacio limitado.<\/li>\n<\/ul>\n<p>Podemos fabricar este producto y nuestro producto puede reemplazar perfectamente estos cilindros hidr\u00e1ulicos.<\/p>\n<p><img decoding=\"async\" src=\"https:\/\/www.hydraulic-cylinders.net\/wp-content\/uploads\/2025\/01\/songte-cylinder-head-with-all-kinds-excavator-models.webp\"\/><\/p>\n<h2>Aplicaciones<\/h2>\n<p>El cilindro del cuchar\u00f3n se utiliza ampliamente en diversas m\u00e1quinas pesadas, entre ellas:<\/p>\n<ul>\n<li>Equipos de construcci\u00f3n: En las excavadoras, son cruciales para excavar, cargar y mover tierra o escombros. En las retroexcavadoras, los cilindros del cuchar\u00f3n facilitan la excavaci\u00f3n y la elevaci\u00f3n. En las cargadoras frontales, ayudan a elevar e inclinar mercanc\u00edas de forma eficiente.<\/li>\n<li>Maquinaria agr\u00edcola: Se utiliza en cargadoras frontales para excavar, levantar y transportar tierra, heno y otros materiales.<\/li>\n<li>Excavadoras: El cilindro del cuchar\u00f3n permite que este penetre en el suelo para realizar la excavaci\u00f3n.<\/li>\n<\/ul>\n<h2>Consideraciones de dise\u00f1o y criterios de selecci\u00f3n<\/h2>\n<p>Desde el punto de vista del dise\u00f1o, las consideraciones clave incluyen la capacidad de carga, el sellado, la durabilidad, la seguridad y la facilidad de mantenimiento. <\/p>\n<ul>\n<li>Capacidad de carga: El cilindro del cuchar\u00f3n debe ser capaz de soportar altas presiones y cargas pesadas.<\/li>\n<li>Sellado: Diversos sellos, como los de pist\u00f3n y v\u00e1stago, deben fabricarse con materiales resistentes al desgaste, como poliuretano y caucho de nitrilo. El cuerpo del cilindro y las superficies roscadas deben tener un acabado de precisi\u00f3n para mejorar su resistencia al desgaste. <\/li>\n<li>Durabilidad: El cilindro del cuchar\u00f3n debe estar fabricado con materiales de alta resistencia, dise\u00f1ado teniendo en cuenta la resistencia al desgaste y a la corrosi\u00f3n, y ser capaz de soportar entornos de trabajo adversos. <\/li>\n<li>Seguridad: El cilindro debe dise\u00f1arse con elementos de seguridad, como v\u00e1lvulas de seguridad y circuitos hidr\u00e1ulicos bloqueables, para evitar movimientos bruscos y garantizar un funcionamiento seguro.<\/li>\n<li>Mantenibilidad: El cilindro del cuchar\u00f3n debe dise\u00f1arse teniendo en cuenta la facilidad de mantenimiento, permitiendo la inspecci\u00f3n y sustituci\u00f3n peri\u00f3dicas de los componentes clave.<\/li>\n<\/ul>\n<p><img decoding=\"async\" src=\"https:\/\/www.hydraulic-cylinders.net\/wp-content\/uploads\/2025\/01\/songte-oil-pipes-and-spare-parts.webp\"\/><\/p>\n<h2>Sellado y lubricaci\u00f3n<\/h2>\n<p>El cilindro del cuchar\u00f3n utiliza diversos sellos, incluyendo sellos de pist\u00f3n y de v\u00e1stago, para evitar fugas de aceite hidr\u00e1ulico. Estos sellos deben estar fabricados con materiales resistentes al desgaste, como poliuretano y caucho de nitrilo. El cuerpo del cilindro y las superficies roscadas deben tener un acabado de precisi\u00f3n para mejorar su resistencia al desgaste. Para un rendimiento \u00f3ptimo, se requiere una lubricaci\u00f3n regular con aceite hidr\u00e1ulico.<\/p>\n<h2>Mantenimiento y reparaci\u00f3n<\/h2>\n<p>El mantenimiento peri\u00f3dico y las medidas preventivas son esenciales para prolongar la vida \u00fatil del cilindro del cuchar\u00f3n. Las tareas de mantenimiento comunes incluyen:<\/p>\n<ul>\n<li>Inspecci\u00f3n peri\u00f3dica para identificar cualquier signo de desgaste o da\u00f1os.<\/li>\n<li>Lubricaci\u00f3n adecuada del cilindro<\/li>\n<li>Sustituci\u00f3n de juntas da\u00f1adas u otros componentes clave<\/li>\n<\/ul>\n<p>Una correcta instalaci\u00f3n es esencial para garantizar el rendimiento \u00f3ptimo y la durabilidad del cilindro del cuchar\u00f3n. Es importante alinear correctamente el cilindro y utilizar los soportes de montaje adecuados para fijarlo. Deben seguirse los procedimientos recomendados de inspecci\u00f3n, reparaci\u00f3n y sustituci\u00f3n.<\/p>\n<p><img decoding=\"async\" src=\"https:\/\/www.hydraulic-cylinders.net\/wp-content\/uploads\/2025\/01\/songte-chushion-collar.webp\"\/><\/p>\n<h2>Consideraciones de seguridad y medio ambiente<\/h2>\n<p>Al utilizar el cilindro del cuchar\u00f3n, deben implementarse medidas de seguridad, como v\u00e1lvulas de seguridad y circuitos hidr\u00e1ulicos bloqueables, para evitar movimientos bruscos y garantizar un funcionamiento seguro. Asimismo, deben abordarse factores ambientales como las fugas de aceite para prevenir la contaminaci\u00f3n del entorno.<\/p>\n<h2>Soluci\u00f3n de problemas y problemas comunes<\/h2>\n<p>Entre los problemas m\u00e1s comunes de los cilindros de los cucharones se incluyen las fugas de aceite hidr\u00e1ulico y los da\u00f1os en las juntas. Se deben proporcionar consejos y soluciones para la resoluci\u00f3n de problemas, con el fin de diagnosticarlos y solucionarlos. Asimismo, se deben sugerir medidas preventivas para minimizar posibles problemas.<\/p>\n<p><img decoding=\"async\" src=\"https:\/\/www.hydraulic-cylinders.net\/wp-content\/uploads\/2025\/01\/songte-bushings-with-all-kinds-of-excavator-models.webp\"\/><\/p>\n<h2>Acerca de nuestra empresa<\/h2>\n<p>Somos fabricantes de cilindros hidr\u00e1ulicos de repuesto con una amplia gama de productos y nos hemos consolidado como uno de los principales fabricantes y distribuidores mayoristas de cilindros hidr\u00e1ulicos en los mercados nacionales e internacionales. Nos regimos por el principio de la excelencia en la calidad, aplicamos estrategias de gesti\u00f3n de producci\u00f3n industrializadas en talleres de alta precisi\u00f3n, mejoramos continuamente nuestra plataforma de fabricaci\u00f3n y nuestra l\u00ednea de producci\u00f3n, y contamos con una gran capacidad de innovaci\u00f3n. Nos esforzamos por satisfacer las diversas necesidades de nuestros clientes con alta eficiencia, precisi\u00f3n y calidad.<\/p>\n<p><img decoding=\"async\" src=\"https:\/\/hzpt.com\/wp-content\/uploads\/2024\/11\/songte-company-1.webp\"\/><\/p>\n<h3>Profesionalismo<\/h3>\n<p>Contamos con un equipo de profesionales experimentados que se esfuerzan por brindar a nuestros clientes las mejores soluciones para satisfacer sus necesidades espec\u00edficas. Nuestro s\u00f3lido equipo de investigaci\u00f3n y desarrollo se mantiene al d\u00eda con las \u00faltimas tecnolog\u00edas y tendencias del mercado para garantizar la innovaci\u00f3n continua de nuestros productos.<\/p>\n<h3>Certificaci\u00f3n Internacional<\/h3>\n<p>Hemos obtenido m\u00faltiples certificaciones internacionales, como ISO9001 y CE, que demuestran nuestro compromiso con la calidad y la fiabilidad.<\/p>\n<h3>Servicios de personalizaci\u00f3n<\/h3>\n<p>Ofrecemos servicios de personalizaci\u00f3n para satisfacer las necesidades espec\u00edficas de nuestros clientes. Podemos personalizar el dise\u00f1o, el tama\u00f1o y otras especificaciones de los cilindros hidr\u00e1ulicos para cumplir con sus requisitos espec\u00edficos.<\/p>\n<h3>Equipos de producci\u00f3n<\/h3>\n<p>Utilizamos equipos de producci\u00f3n avanzados, como m\u00e1quinas CNC y equipos de prueba de \u00faltima generaci\u00f3n, para garantizar productos de alta calidad.<\/p>\n<h3>Servicio postventa<\/h3>\n<p>Ofrecemos servicios postventa integrales, que incluyen mantenimiento, reparaci\u00f3n y sustituci\u00f3n de piezas, para garantizar la durabilidad y el rendimiento \u00f3ptimo de los cilindros hidr\u00e1ulicos.<\/p>\n<p>Autor: lyl<\/p>","protected":false},"excerpt":{"rendered":"<p>Bucket Cylinder For Zoomlion Middle Excavator ZE230E-9 Introduction A bucket cylinder is a specialized hydraulic cylinder used primarily to control the movement of the bucket in heavy machinery such as excavators, backhoe excavators, and front-end loaders. Its main function is to enable the bucket to be lifted, lowered, and tilted, making it easier to handle [&hellip;]<\/p>","protected":false},"featured_media":14765,"comment_status":"open","ping_status":"closed","template":"","meta":{"_et_pb_use_builder":"","_et_pb_old_content":"","_et_gb_content_width":""},"product_brand":[],"product_cat":[1494],"product_tag":[1495,1496],"class_list":{"0":"post-15504","1":"product","2":"type-product","3":"status-publish","4":"has-post-thumbnail","6":"product_cat-bucket-cylinders","7":"product_tag-bucket-cylinders","8":"product_tag-hydraulic-cylinders","10":"first","11":"instock","12":"shipping-taxable","13":"product-type-simple"},"amp_enabled":true,"_links":{"self":[{"href":"https:\/\/www.hydraulic-cylinders.net\/es\/wp-json\/wp\/v2\/product\/15504","targetHints":{"allow":["GET"]}}],"collection":[{"href":"https:\/\/www.hydraulic-cylinders.net\/es\/wp-json\/wp\/v2\/product"}],"about":[{"href":"https:\/\/www.hydraulic-cylinders.net\/es\/wp-json\/wp\/v2\/types\/product"}],"replies":[{"embeddable":true,"href":"https:\/\/www.hydraulic-cylinders.net\/es\/wp-json\/wp\/v2\/comments?post=15504"}],"wp:featuredmedia":[{"embeddable":true,"href":"https:\/\/www.hydraulic-cylinders.net\/es\/wp-json\/wp\/v2\/media\/14765"}],"wp:attachment":[{"href":"https:\/\/www.hydraulic-cylinders.net\/es\/wp-json\/wp\/v2\/media?parent=15504"}],"wp:term":[{"taxonomy":"product_brand","embeddable":true,"href":"https:\/\/www.hydraulic-cylinders.net\/es\/wp-json\/wp\/v2\/product_brand?post=15504"},{"taxonomy":"product_cat","embeddable":true,"href":"https:\/\/www.hydraulic-cylinders.net\/es\/wp-json\/wp\/v2\/product_cat?post=15504"},{"taxonomy":"product_tag","embeddable":true,"href":"https:\/\/www.hydraulic-cylinders.net\/es\/wp-json\/wp\/v2\/product_tag?post=15504"}],"curies":[{"name":"wp","href":"https:\/\/api.w.org\/{rel}","templated":true}]}}