{"id":15505,"date":"2025-01-19T14:36:53","date_gmt":"2025-01-19T14:36:53","guid":{"rendered":"https:\/\/www.hydraulic-cylinders.net\/product\/bucket-cylinder-for-zoomlion-large-excavator-ze330e\/"},"modified":"2025-01-19T14:36:55","modified_gmt":"2025-01-19T14:36:55","slug":"bucket-cylinder-for-zoomlion-large-excavator-ze330e","status":"publish","type":"product","link":"https:\/\/www.hydraulic-cylinders.net\/es\/producto\/bucket-cylinder-for-zoomlion-large-excavator-ze330e\/","title":{"rendered":"Cilindro de cuchar\u00f3n para excavadora grande Zoomlion ZE330E"},"content":{"rendered":"<h1>Cilindro de cuchar\u00f3n para excavadora grande Zoomlion ZE330E<\/h1>\n<h2>Introducci\u00f3n<\/h2>\n<p>El cilindro del cuchar\u00f3n para la excavadora grande Zoomlion ZE330E es un cilindro hidr\u00e1ulico especialmente dise\u00f1ado que se utiliza principalmente para controlar el movimiento del cuchar\u00f3n en maquinaria pesada como excavadoras, retroexcavadoras y cargadoras frontales. Su funci\u00f3n principal es permitir que el cuchar\u00f3n se eleve, baje e incline, facilitando diversas tareas de manipulaci\u00f3n de materiales. En el sistema hidr\u00e1ulico, el cilindro del cuchar\u00f3n controla con precisi\u00f3n el movimiento del cuchar\u00f3n modificando la presi\u00f3n del aceite hidr\u00e1ulico, lo que permite a los operadores manipular cargas pesadas con eficiencia y adaptarse a entornos de trabajo complejos y a diversos requisitos.<\/p>\n<p><img decoding=\"async\" src=\"https:\/\/www.hydraulic-cylinders.net\/wp-content\/uploads\/2025\/01\/songte-company-2.webp\" alt=\"Cilindro de cubo\" \/><\/p>\n<h2>Caracter\u00edsticas del producto<\/h2>\n<ul>\n<li>\n<h3>Alta resistencia y durabilidad<\/h3>\n<p>Los cilindros de cangilones suelen estar hechos de acero o aluminio de alta resistencia, capaces de soportar alta presi\u00f3n y cargas pesadas, adaptarse a entornos de trabajo hostiles y dise\u00f1ados teniendo en cuenta la resistencia al desgaste y la corrosi\u00f3n, lo que extiende su vida \u00fatil.<\/p>\n<\/li>\n<li>\n<h3>Operaci\u00f3n hidr\u00e1ulica eficiente<\/h3>\n<p>Los cilindros de cangilones utilizan la presi\u00f3n del aceite hidr\u00e1ulico para lograr una acci\u00f3n telesc\u00f3pica suave, responder r\u00e1pidamente a los comandos de control, proporcionar una poderosa fuerza de empuje y tracci\u00f3n y son adecuados para manipular cargas pesadas y tareas laborales complejas.<\/p>\n<\/li>\n<li>\n<h3>Diversos tipos<\/h3>\n<p>Los cilindros de cangilones pueden ser de simple efecto (utilizando hidr\u00e1ulica en una sola direcci\u00f3n) o de doble efecto (utilizando hidr\u00e1ulica en ambas direcciones) dependiendo de los requerimientos, y algunos modelos son telesc\u00f3picos, lo que permite una mayor expansi\u00f3n sin aumentar las dimensiones externas, haci\u00e9ndolos adecuados para aplicaciones con espacio limitado.<\/p>\n<\/li>\n<li>\n<h3>Reemplazos de productos<\/h3>\n<p>Nuestros productos pueden reemplazar perfectamente estos cilindros hidr\u00e1ulicos.<\/p>\n<\/li>\n<\/ul>\n<p><img decoding=\"async\" src=\"https:\/\/www.hydraulic-cylinders.net\/wp-content\/uploads\/2025\/01\/songte-cylinder-head-with-all-kinds-excavator-models.webp\" alt=\"Culata\" \/><\/p>\n<h2>Aplicaciones del cilindro de cubo<\/h2>\n<p>El cilindro del cuchar\u00f3n se utiliza com\u00fanmente en diversos equipos de construcci\u00f3n, incluidos:<\/p>\n<ul>\n<li>\n<h3>excavadoras<\/h3>\n<p>El cilindro del cuchar\u00f3n permite la acci\u00f3n de excavaci\u00f3n al permitir que el cuchar\u00f3n penetre en el suelo.<\/p>\n<\/li>\n<li>\n<h3>retroexcavadoras<\/h3>\n<p>El cilindro del cuchar\u00f3n ayuda tanto a cavar como a levantar.<\/p>\n<\/li>\n<li>\n<h3>Cargadores frontales<\/h3>\n<p>El cilindro del cuchar\u00f3n ayuda a levantar e inclinar el cuchar\u00f3n del cargador, lo que lo hace eficaz para descargar y volcar materiales.<\/p>\n<\/li>\n<\/ul>\n<h2>Consideraciones de dise\u00f1o y criterios de selecci\u00f3n<\/h2>\n<p>Al seleccionar y dise\u00f1ar cilindros para cangilones, es importante considerar factores clave como la capacidad de carga, el sellado, la durabilidad, la seguridad y la facilidad de mantenimiento. A continuaci\u00f3n, se presentan algunos puntos importantes a considerar:<\/p>\n<ul>\n<li>\n<h3>Capacidad de carga<\/h3>\n<p>El cilindro del cuchar\u00f3n debe estar dise\u00f1ado para soportar la carga que soportar\u00e1, la cual est\u00e1 determinada por el peso del material que se manipula y las fuerzas involucradas en su movimiento.<\/p>\n<\/li>\n<li>\n<h3>Sellado y durabilidad<\/h3>\n<p>Los cilindros de cangilones requieren materiales de sellado de alta calidad, como sellos de pist\u00f3n y de v\u00e1stago, fabricados con materiales resistentes al desgaste como poliuretano y caucho de nitrilo. Tambi\u00e9n es fundamental asegurar un tratamiento fino de la superficie del cuerpo del cilindro y del extremo de la rosca para mejorar la resistencia al desgaste. Es necesario a\u00f1adir regularmente la cantidad correcta de aceite hidr\u00e1ulico para su lubricaci\u00f3n.<\/p>\n<\/li>\n<li>\n<h3>Seguridad y mantenibilidad<\/h3>\n<p>Los cilindros de cangilones deben dise\u00f1arse teniendo en cuenta la seguridad, con caracter\u00edsticas de seguridad incorporadas, como v\u00e1lvulas de alivio de presi\u00f3n y v\u00e1lvulas de bloqueo, adem\u00e1s de ser f\u00e1ciles de mantener y reparar proporcionando piezas f\u00e1ciles de reemplazar y reconstruir, y procedimientos de mantenimiento adecuados para extender su vida \u00fatil. <\/p>\n<\/li>\n<\/ul>\n<p><img decoding=\"async\" src=\"https:\/\/www.hydraulic-cylinders.net\/wp-content\/uploads\/2025\/01\/songte-oil-pipes-and-spare-parts.webp\" alt=\"Tuber\u00edas de petr\u00f3leo\"\/><\/p>\n<h2>Mantenimiento y soluci\u00f3n de problemas<\/h2>\n<p>La inspecci\u00f3n regular y el mantenimiento preventivo son esenciales para mantener el cilindro del cuchar\u00f3n en buen estado de funcionamiento. A continuaci\u00f3n, se presentan algunas tareas de mantenimiento comunes:<\/p>\n<ul>\n<li>\n<h3>Inspecci\u00f3n regular<\/h3>\n<p>Verifique si hay fugas, abolladuras o rayones, aseg\u00farese de que el cilindro est\u00e9 correctamente lubricado y limpio, y verifique que las mangueras y conectores hidr\u00e1ulicos no presenten da\u00f1os o desgaste.<\/p>\n<\/li>\n<li>\n<h3>Lubricaci\u00f3n<\/h3>\n<p>Es importante utilizar el tipo y la cantidad adecuados de aceite hidr\u00e1ulico para garantizar un funcionamiento suave y eficiente y proteger contra el desgaste.<\/p>\n<\/li>\n<li>\n<h3>Inspecci\u00f3n de calibraci\u00f3n y reemplazo de sellos<\/h3>\n<p>Reemplace las piezas de sellado desgastadas y verifique la calibraci\u00f3n, realice los ajustes necesarios para garantizar un movimiento preciso del cilindro.<\/p>\n<\/li>\n<\/ul>\n<p>Es importante considerar la correcta instalaci\u00f3n, lubricaci\u00f3n y ajuste del cilindro del cuchar\u00f3n durante el mantenimiento para evitar posibles problemas como fugas, reducci\u00f3n del rendimiento o fallos totales. Es fundamental brindar una gu\u00eda adecuada sobre la instalaci\u00f3n, utilizar los soportes de instalaci\u00f3n adecuados para asegurar el cilindro, recomendar procedimientos de revisi\u00f3n, reparaci\u00f3n y reemplazo, y brindar consejos para prolongar la vida \u00fatil del cilindro.<\/p>\n<p><img decoding=\"async\" src=\"https:\/\/www.hydraulic-cylinders.net\/wp-content\/uploads\/2025\/01\/songte-chushion-collar.webp\" alt=\"Cuello acolchado\"\/><\/p>\n<h2>Consideraciones de seguridad y factores ambientales<\/h2>\n<p>Al trabajar con cilindros de cangilones, es importante seguir las medidas de seguridad, como usar el equipo de protecci\u00f3n adecuado, mantener las manos y la ropa alejadas de las piezas m\u00f3viles y asegurarse de que el equipo est\u00e9 en buen estado de funcionamiento. La correcta eliminaci\u00f3n del aceite hidr\u00e1ulico tambi\u00e9n es fundamental para proteger el medio ambiente.<\/p>\n<p><img decoding=\"async\" src=\"https:\/\/www.hydraulic-cylinders.net\/wp-content\/uploads\/2025\/01\/songte-bushings-with-all-kinds-of-excavator-models.webp\" alt=\"Bujes\"\/><\/p>\n<h2>Acerca de nuestra empresa<\/h2>\n<p>Somos fabricantes de cilindros hidr\u00e1ulicos de repuesto con una gama completa de productos, convirti\u00e9ndonos en uno de los principales fabricantes y mayoristas de cilindros hidr\u00e1ulicos en el mercado nacional e internacional. Nos adherimos al principio de excelente calidad, nos basamos en estrategias de gesti\u00f3n de producci\u00f3n industrializada en talleres de alta manufactura, mejoramos continuamente la plataforma de fabricaci\u00f3n, optimizamos la calidad de nuestros productos y contamos con una s\u00f3lida capacidad de innovaci\u00f3n. Satisfacemos las diversas necesidades de nuestros clientes con los principios de alta eficiencia, precisi\u00f3n y calidad.<\/p>\n<p>Nuestra empresa ofrece servicios profesionales, certificaci\u00f3n internacional, servicios personalizados, equipos de producci\u00f3n avanzados y servicios posventa.<\/p>\n<p><img decoding=\"async\" src=\"https:\/\/hzpt.com\/wp-content\/uploads\/2024\/11\/songte-company-1.webp\" alt=\"Perfil de la empresa\"\/><\/p>\n<p>Autor: lyl<\/p>","protected":false},"excerpt":{"rendered":"<p>Bucket Cylinder For Zoomlion Large Excavator ZE330E Introduction The bucket cylinder for Zoomlion large excavator ZE330E is a specially designed hydraulic cylinder mainly used to control the movement of the bucket in heavy machinery such as excavators, backhoe loaders, and front loaders. Its main function is to enable the bucket to lift, lower, and tilt, [&hellip;]<\/p>","protected":false},"featured_media":14762,"comment_status":"open","ping_status":"closed","template":"","meta":{"_et_pb_use_builder":"","_et_pb_old_content":"","_et_gb_content_width":""},"product_brand":[],"product_cat":[1494],"product_tag":[1495,1496],"class_list":{"0":"post-15505","1":"product","2":"type-product","3":"status-publish","4":"has-post-thumbnail","6":"product_cat-bucket-cylinders","7":"product_tag-bucket-cylinders","8":"product_tag-hydraulic-cylinders","10":"first","11":"instock","12":"shipping-taxable","13":"product-type-simple"},"amp_enabled":true,"_links":{"self":[{"href":"https:\/\/www.hydraulic-cylinders.net\/es\/wp-json\/wp\/v2\/product\/15505","targetHints":{"allow":["GET"]}}],"collection":[{"href":"https:\/\/www.hydraulic-cylinders.net\/es\/wp-json\/wp\/v2\/product"}],"about":[{"href":"https:\/\/www.hydraulic-cylinders.net\/es\/wp-json\/wp\/v2\/types\/product"}],"replies":[{"embeddable":true,"href":"https:\/\/www.hydraulic-cylinders.net\/es\/wp-json\/wp\/v2\/comments?post=15505"}],"wp:featuredmedia":[{"embeddable":true,"href":"https:\/\/www.hydraulic-cylinders.net\/es\/wp-json\/wp\/v2\/media\/14762"}],"wp:attachment":[{"href":"https:\/\/www.hydraulic-cylinders.net\/es\/wp-json\/wp\/v2\/media?parent=15505"}],"wp:term":[{"taxonomy":"product_brand","embeddable":true,"href":"https:\/\/www.hydraulic-cylinders.net\/es\/wp-json\/wp\/v2\/product_brand?post=15505"},{"taxonomy":"product_cat","embeddable":true,"href":"https:\/\/www.hydraulic-cylinders.net\/es\/wp-json\/wp\/v2\/product_cat?post=15505"},{"taxonomy":"product_tag","embeddable":true,"href":"https:\/\/www.hydraulic-cylinders.net\/es\/wp-json\/wp\/v2\/product_tag?post=15505"}],"curies":[{"name":"wp","href":"https:\/\/api.w.org\/{rel}","templated":true}]}}