{"id":15506,"date":"2025-01-19T14:36:57","date_gmt":"2025-01-19T14:36:57","guid":{"rendered":"https:\/\/www.hydraulic-cylinders.net\/product\/bucket-cylinder-for-zoomlion-large-excavator-ze520e\/"},"modified":"2025-01-19T14:36:59","modified_gmt":"2025-01-19T14:36:59","slug":"bucket-cylinder-for-zoomlion-large-excavator-ze520e","status":"publish","type":"product","link":"https:\/\/www.hydraulic-cylinders.net\/es\/producto\/bucket-cylinder-for-zoomlion-large-excavator-ze520e\/","title":{"rendered":"Cilindro de cuchar\u00f3n para excavadora grande Zoomlion ZE520E"},"content":{"rendered":"<h1>Cilindro de cuchar\u00f3n para excavadora grande Zoomlion ZE520E<\/h1>\n<h2>Introducci\u00f3n<\/h2>\n<p>El cilindro del cuchar\u00f3n para la excavadora grande Zoomlion ZE520E es un cilindro hidr\u00e1ulico especialmente dise\u00f1ado que se utiliza principalmente para controlar el movimiento del cuchar\u00f3n en maquinaria pesada como excavadoras, retroexcavadoras y cargadoras frontales. Su funci\u00f3n principal es permitir que el cuchar\u00f3n se eleve, baje e incline, facilitando diversas tareas de manipulaci\u00f3n de materiales. En el sistema hidr\u00e1ulico, el cilindro del cuchar\u00f3n controla el movimiento preciso del cuchar\u00f3n mediante cambios en la presi\u00f3n del aceite hidr\u00e1ulico, lo que permite al operador manipular cargas pesadas con eficiencia y adaptarse a entornos de trabajo complejos y diversas necesidades operativas.<\/p>\n<p><img decoding=\"async\" src=\"https:\/\/www.hydraulic-cylinders.net\/wp-content\/uploads\/2025\/01\/songte-company-2.webp\" alt=\"Cilindro de cuchar\u00f3n para excavadora grande Zoomlion ZE520E\"><\/p>\n<h2>Caracter\u00edsticas<\/h2>\n<ul>\n<li>Alta resistencia y durabilidad: generalmente fabricado en acero o aluminio de alta resistencia, puede soportar alta presi\u00f3n y cargas pesadas, adaptarse a entornos de trabajo hostiles y est\u00e1 dise\u00f1ado con resistencia al desgaste y a la corrosi\u00f3n para extender la vida \u00fatil.<\/li>\n<li>Operaci\u00f3n hidr\u00e1ulica eficiente: La acci\u00f3n suave de extensi\u00f3n y contracci\u00f3n se logra utilizando presi\u00f3n de aceite hidr\u00e1ulico, puede responder r\u00e1pidamente a los comandos de control, proporciona poderosas fuerzas de empuje y tracci\u00f3n, adecuado para manipular cargas pesadas y tareas laborales complejas.<\/li>\n<li>Diversos tipos: Se pueden seleccionar cilindros de simple efecto (hidr\u00e1ulicos en una sola direcci\u00f3n) o de doble efecto (hidr\u00e1ulicos en ambas direcciones) seg\u00fan las necesidades operativas. Algunos modelos son telesc\u00f3picos, lo que permite una mayor extensi\u00f3n sin aumentar las dimensiones externas, ideal para aplicaciones con espacio limitado.<\/li>\n<li>Reemplazables: Nuestros productos pueden reemplazar perfectamente estos cilindros hidr\u00e1ulicos.<\/li>\n<\/ul>\n<p><img decoding=\"async\" src=\"https:\/\/www.hydraulic-cylinders.net\/wp-content\/uploads\/2025\/01\/songte-cylinder-head-with-all-kinds-excavator-models.webp\" alt=\"Cilindro de cuchar\u00f3n para excavadora grande Zoomlion ZE520E\"><\/p>\n<h2>Aplicaciones<\/h2>\n<p>El cilindro del cuchar\u00f3n para la excavadora grande Zoomlion ZE520E se puede utilizar en varios campos, incluidos:<\/p>\n<ul>\n<li>Equipos de construcci\u00f3n: En las excavadoras, son esenciales para excavar, cargar y mover tierra o escombros. En las retroexcavadoras, los cilindros del cuchar\u00f3n facilitan la excavaci\u00f3n y la elevaci\u00f3n. <\/li>\n<li>Maquinaria agr\u00edcola: Se utiliza para cargadores frontales, para recoger, levantar y transportar tierra, heno y otros materiales. <\/li>\n<li>Excavadoras: Los cilindros del cuchar\u00f3n permiten la acci\u00f3n de excavaci\u00f3n al dejar que el cuchar\u00f3n penetre en el suelo.<\/li>\n<li>Cargadores: En los cargadores frontales, ayudan a levantar e inclinar la carga de manera eficiente.<\/li>\n<\/ul>\n<h2>Consideraciones de dise\u00f1o y criterios de selecci\u00f3n<\/h2>\n<p>Cuando se trata de consideraciones de dise\u00f1o, se deben tener en cuenta factores clave como la capacidad de carga, el sellado, la durabilidad, la seguridad y la facilidad de mantenimiento en la selecci\u00f3n del cilindro del cuchar\u00f3n. <\/p>\n<ul>\n<li>Capacidad de carga: El cilindro debe poder soportar alta presi\u00f3n y cargas pesadas para garantizar un funcionamiento adecuado.<\/li>\n<li>Sellado: El uso de diversos sellos, como sellos de pist\u00f3n y sellos de varilla hechos de materiales resistentes al desgaste como poliuretano y caucho de nitrilo, puede ayudar a prevenir fugas y contaminaci\u00f3n de aceite.<\/li>\n<li>Durabilidad: La superficie del cilindro debe procesarse con precisi\u00f3n para mejorar la resistencia al desgaste y la resistencia a la corrosi\u00f3n para extender la vida \u00fatil.<\/li>\n<li>Seguridad: El dise\u00f1o del cilindro debe ser seguro de usar, minimizando el riesgo de accidentes y lesiones.<\/li>\n<li>Mantenibilidad: El acceso a las piezas esenciales debe ser f\u00e1cil, lo que permite un reemplazo y una reparaci\u00f3n eficientes y oportunos.<\/li>\n<\/ul>\n<p><img decoding=\"async\" src=\"https:\/\/www.hydraulic-cylinders.net\/wp-content\/uploads\/2025\/01\/songte-oil-pipes-and-spare-parts.webp\" alt=\"Cilindro de cuchar\u00f3n para excavadora grande Zoomlion ZE520E\"><\/p>\n<h2>Sellado y lubricaci\u00f3n<\/h2>\n<p>El cilindro del cuchar\u00f3n de la excavadora grande Zoomlion ZE520E utiliza diversos componentes de sellado, como sellos de pist\u00f3n y de v\u00e1stago, fabricados con materiales resistentes al desgaste como poliuretano y caucho de nitrilo, para evitar fugas de aceite y contaminaci\u00f3n. La superficie del cilindro se procesa con precisi\u00f3n para mejorar la resistencia al desgaste y a la corrosi\u00f3n, prolongando as\u00ed su vida \u00fatil. Es necesaria una lubricaci\u00f3n regular con la cantidad adecuada de aceite hidr\u00e1ulico para evitar el desgaste por fricci\u00f3n y garantizar un funcionamiento correcto.<\/p>\n<p><img decoding=\"async\" src=\"https:\/\/www.hydraulic-cylinders.net\/wp-content\/uploads\/2025\/01\/songte-chushion-collar.webp\" alt=\"Cilindro de cuchar\u00f3n para excavadora grande Zoomlion ZE520E\"><\/p>\n<h2>Mantenimiento y soluci\u00f3n de problemas<\/h2>\n<p>El mantenimiento regular es crucial para garantizar el correcto funcionamiento del cilindro del cuchar\u00f3n y prolongar su vida \u00fatil. Las tareas habituales de mantenimiento incluyen revisiones peri\u00f3dicas, lubricaci\u00f3n adecuada, reemplazo de sellos y comprobaciones de calibraci\u00f3n. Una instalaci\u00f3n, lubricaci\u00f3n y ajuste adecuados son cruciales para garantizar el funcionamiento eficiente del cilindro del cuchar\u00f3n. Es fundamental una correcta alineaci\u00f3n y el uso de soportes de montaje adecuados para asegurar el cilindro. Disponemos de procedimientos recomendados de inspecci\u00f3n, reparaci\u00f3n y reemplazo, que incluyen piezas de repuesto y servicios de reconstrucci\u00f3n, y consejos para prolongar la vida \u00fatil del cilindro. <\/p>\n<p><img decoding=\"async\" src=\"https:\/\/www.hydraulic-cylinders.net\/wp-content\/uploads\/2025\/01\/songte-bushings-with-all-kinds-of-excavator-models.webp\" alt=\"Cilindro de cuchar\u00f3n para excavadora grande Zoomlion ZE520E\"><\/p>\n<h2>Consideraciones de seguridad y factores ambientales<\/h2>\n<p>El funcionamiento seguro del cilindro del cuchar\u00f3n es fundamental, por lo que siempre se deben tomar medidas de seguridad durante su instalaci\u00f3n, operaci\u00f3n y mantenimiento. Las inspecciones peri\u00f3dicas y el mantenimiento preventivo pueden ayudar a reducir posibles problemas y garantizar un funcionamiento seguro. Se deben tener en cuenta factores ambientales como la temperatura, la humedad y el terreno para garantizar un funcionamiento correcto y evitar da\u00f1os al cilindro.<\/p>\n<h2>Acerca de nuestra empresa<\/h2>\n<p>Somos un fabricante de cilindros hidr\u00e1ulicos especializado en la sustituci\u00f3n de cilindros hidr\u00e1ulicos. Ofrecemos una gama completa de productos y nos hemos convertido en uno de los principales fabricantes y distribuidores mayoristas de cilindros hidr\u00e1ulicos en el mercado nacional e internacional. Nos esforzamos por ofrecer una excelente calidad y nos basamos en estrategias de gesti\u00f3n de la producci\u00f3n industrial basadas en sofisticados talleres de fabricaci\u00f3n, mejorando continuamente nuestra plataforma de fabricaci\u00f3n y perfeccionando las l\u00edneas de producci\u00f3n de calidad de nuestros productos. Contamos con una gran capacidad creativa y ofrecemos servicios eficientes, precisos y de alta calidad para satisfacer las diversas necesidades de nuestros clientes. <\/p>\n<p><img decoding=\"async\" src=\"https:\/\/hzpt.com\/wp-content\/uploads\/2024\/11\/songte-company-1.webp\" alt=\"Cilindro de cuchar\u00f3n para excavadora grande Zoomlion ZE520E\"><\/p>\n<ul>\n<li>Profesionalismo, certificaci\u00f3n internacional y servicios personalizados.<\/li>\n<li>Equipos de producci\u00f3n y servicio postventa<\/li>\n<\/ul>\n<p>Autor: lyl<\/p>","protected":false},"excerpt":{"rendered":"<p>Bucket Cylinder For Zoomlion Large Excavator ZE520E Introduction The bucket cylinder for Zoomlion large excavator ZE520E is a specially designed hydraulic cylinder that is mainly used to control the movement of the bucket in heavy machinery such as excavators, backhoe loaders, and front-end loaders. Its main function is to enable the bucket to lift, lower, [&hellip;]<\/p>","protected":false},"featured_media":14761,"comment_status":"open","ping_status":"closed","template":"","meta":{"_et_pb_use_builder":"","_et_pb_old_content":"","_et_gb_content_width":""},"product_brand":[],"product_cat":[1494],"product_tag":[1495,1496],"class_list":{"0":"post-15506","1":"product","2":"type-product","3":"status-publish","4":"has-post-thumbnail","6":"product_cat-bucket-cylinders","7":"product_tag-bucket-cylinders","8":"product_tag-hydraulic-cylinders","10":"first","11":"instock","12":"shipping-taxable","13":"product-type-simple"},"amp_enabled":true,"_links":{"self":[{"href":"https:\/\/www.hydraulic-cylinders.net\/es\/wp-json\/wp\/v2\/product\/15506","targetHints":{"allow":["GET"]}}],"collection":[{"href":"https:\/\/www.hydraulic-cylinders.net\/es\/wp-json\/wp\/v2\/product"}],"about":[{"href":"https:\/\/www.hydraulic-cylinders.net\/es\/wp-json\/wp\/v2\/types\/product"}],"replies":[{"embeddable":true,"href":"https:\/\/www.hydraulic-cylinders.net\/es\/wp-json\/wp\/v2\/comments?post=15506"}],"wp:featuredmedia":[{"embeddable":true,"href":"https:\/\/www.hydraulic-cylinders.net\/es\/wp-json\/wp\/v2\/media\/14761"}],"wp:attachment":[{"href":"https:\/\/www.hydraulic-cylinders.net\/es\/wp-json\/wp\/v2\/media?parent=15506"}],"wp:term":[{"taxonomy":"product_brand","embeddable":true,"href":"https:\/\/www.hydraulic-cylinders.net\/es\/wp-json\/wp\/v2\/product_brand?post=15506"},{"taxonomy":"product_cat","embeddable":true,"href":"https:\/\/www.hydraulic-cylinders.net\/es\/wp-json\/wp\/v2\/product_cat?post=15506"},{"taxonomy":"product_tag","embeddable":true,"href":"https:\/\/www.hydraulic-cylinders.net\/es\/wp-json\/wp\/v2\/product_tag?post=15506"}],"curies":[{"name":"wp","href":"https:\/\/api.w.org\/{rel}","templated":true}]}}