{"id":15507,"date":"2025-01-19T14:37:01","date_gmt":"2025-01-19T14:37:01","guid":{"rendered":"https:\/\/www.hydraulic-cylinders.net\/product\/bucket-cylinder-for-zoomlion-large-excavator-ze480esp\/"},"modified":"2025-01-19T14:37:03","modified_gmt":"2025-01-19T14:37:03","slug":"bucket-cylinder-for-zoomlion-large-excavator-ze480esp","status":"publish","type":"product","link":"https:\/\/www.hydraulic-cylinders.net\/es\/producto\/bucket-cylinder-for-zoomlion-large-excavator-ze480esp\/","title":{"rendered":"Cilindro de cuchar\u00f3n para excavadora grande Zoomlion ZE480ESP"},"content":{"rendered":"<h1>Cilindro de cuchar\u00f3n para excavadora grande Zoomlion ZE480ESP<\/h1>\n<h2>Introducci\u00f3n<\/h2>\n<p>El cilindro del cuchar\u00f3n para la excavadora grande Zoomlion ZE480ESP es un cilindro hidr\u00e1ulico especializado, dise\u00f1ado para controlar el movimiento del cuchar\u00f3n en maquinaria pesada como excavadoras, retroexcavadoras y cargadoras frontales. Su funci\u00f3n principal es permitir que el cuchar\u00f3n se eleve, baje e incline, facilitando diversas tareas de manipulaci\u00f3n de materiales. En el sistema hidr\u00e1ulico, el cilindro del cuchar\u00f3n controla el movimiento preciso del cuchar\u00f3n modificando la presi\u00f3n del aceite hidr\u00e1ulico, lo que permite al operador manipular objetos pesados \u200b\u200bcon eficiencia y adaptarse a entornos de trabajo complejos y a diversos requisitos. <\/p>\n<p><img decoding=\"async\" src=\"https:\/\/www.hydraulic-cylinders.net\/wp-content\/uploads\/2025\/01\/songte-company-2.webp\"><\/p>\n<h2>Caracter\u00edsticas<\/h2>\n<ul>\n<li>\n<h3>Alta resistencia y durabilidad<\/h3>\n<p>Los cilindros de cangilones suelen estar fabricados en acero o aluminio de alta resistencia, capaces de soportar altas presiones y cargas pesadas, adapt\u00e1ndose a entornos de trabajo hostiles. El dise\u00f1o considera la resistencia al desgaste y a la corrosi\u00f3n, lo que prolonga su vida \u00fatil.<\/p>\n<\/li>\n<li>\n<h3>Operaci\u00f3n hidr\u00e1ulica eficiente<\/h3>\n<p>Los cilindros de cangilones utilizan la presi\u00f3n del aceite hidr\u00e1ulico para lograr una expansi\u00f3n y contracci\u00f3n suaves, pueden responder r\u00e1pidamente a los comandos de control, proporcionan una poderosa fuerza de empuje y tracci\u00f3n y son adecuados para manipular objetos pesados \u200b\u200by tareas laborales complejas.<\/p>\n<\/li>\n<li>\n<h3>Diversos tipos<\/h3>\n<p>Los cilindros de cangilones pueden ser de simple efecto (hidr\u00e1ulico en una sola direcci\u00f3n) o de doble efecto (hidr\u00e1ulico en dos direcciones), que se pueden seleccionar seg\u00fan las necesidades para satisfacer diferentes requisitos operativos. Algunos modelos son telesc\u00f3picos, lo que permite una mayor extensi\u00f3n sin aumentar las dimensiones externas, ideal para aplicaciones con espacio limitado.<\/p>\n<\/li>\n<li>\n<h3>Productos de reemplazo<\/h3>\n<p>Nuestros productos pueden reemplazar perfectamente estos cilindros hidr\u00e1ulicos.<\/p>\n<\/li>\n<\/ul>\n<p><img decoding=\"async\" src=\"https:\/\/www.hydraulic-cylinders.net\/wp-content\/uploads\/2025\/01\/songte-cylinder-head-with-all-kinds-excavator-models.webp\"><\/p>\n<h2>Aplicaciones<\/h2>\n<p>El cilindro del cuchar\u00f3n para la excavadora grande Zoomlion ZE480ESP se utiliza ampliamente en diversas m\u00e1quinas pesadas para realizar diversas tareas. Algunas de sus aplicaciones incluyen:<\/p>\n<ul>\n<li>\n<h3>Equipos de construcci\u00f3n<\/h3>\n<p>Los equipos de construcci\u00f3n utilizan cilindros de cuchar\u00f3n para excavar, cargar y mover tierra o escombros. En las retroexcavadoras, los cilindros de cuchar\u00f3n facilitan la excavaci\u00f3n y la elevaci\u00f3n.<\/p>\n<\/li>\n<li>\n<h3>Maquinaria agr\u00edcola<\/h3>\n<p>Los cilindros del cuchar\u00f3n se utilizan en cargadoras frontales para recoger, levantar y transportar tierra, heno y otros materiales. En las excavadoras, los cilindros del cuchar\u00f3n facilitan la excavaci\u00f3n al permitir que el cuchar\u00f3n penetre en el suelo.<\/p>\n<\/li>\n<li>\n<h3>Equipo de carga<\/h3>\n<p>Los cilindros del cuchar\u00f3n ayudan a levantar y descargar la carga de manera efectiva en cargadores frontales.<\/p>\n<\/li>\n<\/ul>\n<h2>Consideraciones de dise\u00f1o y criterios de selecci\u00f3n<\/h2>\n<p>Los cilindros de cangilones est\u00e1n dise\u00f1ados para soportar cargas pesadas, por lo que las consideraciones de dise\u00f1o y los criterios de selecci\u00f3n son cruciales para el rendimiento del producto. Algunas de las consideraciones de dise\u00f1o incluyen:<\/p>\n<ul>\n<li>\n<h3>Capacidad de carga<\/h3>\n<p>La capacidad del cilindro para soportar cargas pesadas est\u00e1 determinada por la capacidad de carga, que se calcula en funci\u00f3n del di\u00e1metro del cilindro, el tama\u00f1o de la varilla y la clasificaci\u00f3n de presi\u00f3n.<\/p>\n<\/li>\n<li>\n<h3>Propiedades de sellado<\/h3>\n<p>Los sellos de caucho utilizados en el cilindro del cuchar\u00f3n deben soportar altas temperaturas, altas presiones y la posibilidad de part\u00edculas abrasivas. Se utilizan com\u00fanmente caucho de poliuretano y nitrilo.<\/p>\n<\/li>\n<li>\n<h3>Durabilidad<\/h3>\n<p>La durabilidad del cilindro est\u00e1 determinada por factores como el material utilizado, el tratamiento de la superficie y el proceso de fabricaci\u00f3n, que deben soportar entornos de trabajo hostiles y un uso prolongado.<\/p>\n<\/li>\n<li>\n<h3>Seguridad y mantenimiento<\/h3>\n<p>Los cilindros de cangilones deben cumplir con est\u00e1ndares de seguridad y requieren mantenimiento regular para garantizar un rendimiento \u00f3ptimo y prevenir accidentes.<\/p>\n<\/li>\n<\/ul>\n<p><img decoding=\"async\" src=\"https:\/\/www.hydraulic-cylinders.net\/wp-content\/uploads\/2025\/01\/songte-oil-pipes-and-spare-parts.webp\"><\/p>\n<h2>Sellado y lubricaci\u00f3n del producto<\/h2>\n<p>Los cilindros de cuchar\u00f3n utilizan diversos sellos, como sellos de pist\u00f3n, sellos de v\u00e1stago y sellos rascadores, para evitar fugas de fluido hidr\u00e1ulico. Estos sellos deben estar fabricados con materiales resistentes al desgaste, como poliuretano y caucho de nitrilo. La superficie del cuerpo del cilindro y los extremos de las roscas requieren un mecanizado preciso para mejorar la resistencia al desgaste. La lubricaci\u00f3n regular del cilindro previene el desgaste y reduce la posibilidad de fugas. <\/p>\n<h2>Inspecci\u00f3n peri\u00f3dica y medidas de mantenimiento preventivo<\/h2>\n<p>La inspecci\u00f3n peri\u00f3dica y el mantenimiento preventivo del cilindro del cuchar\u00f3n son esenciales para garantizar la longevidad del producto. Algunas de las medidas incluyen:<\/p>\n<ul>\n<li>\n<h3>Inspecci\u00f3n regular<\/h3>\n<p>Inspecci\u00f3n peri\u00f3dica del exterior del cilindro, los sellos y las conexiones para identificar cualquier desgaste, da\u00f1o o fuga.<\/p>\n<\/li>\n<li>\n<h3>Lubricaci\u00f3n adecuada<\/h3>\n<p>Lubricaci\u00f3n adecuada del cilindro con aceite hidr\u00e1ulico o grasa para evitar el desgaste y reducir la posibilidad de fugas.<\/p>\n<\/li>\n<li>\n<h3>Sustituci\u00f3n de juntas y comprobaci\u00f3n de calibraci\u00f3n<\/h3>\n<p>Reemplazo peri\u00f3dico de sellos y verificaci\u00f3n de calibraci\u00f3n para garantizar un rendimiento \u00f3ptimo.<\/p>\n<\/li>\n<\/ul>\n<p><img decoding=\"async\" src=\"https:\/\/www.hydraulic-cylinders.net\/wp-content\/uploads\/2025\/01\/songte-chushion-collar.webp\"><\/p>\n<h2>Consideraciones de seguridad y factores ambientales<\/h2>\n<p>Los cilindros de cangilones se utilizan en maquinaria pesada y requieren precauciones de seguridad, como asegurar su correcta alineaci\u00f3n y sujeci\u00f3n. Factores ambientales como la temperatura y la humedad pueden afectar el rendimiento del cilindro y deben ser monitoreados.<\/p>\n<h2>Diagn\u00f3stico de fallas y problemas comunes<\/h2>\n<p>Los problemas comunes con los cilindros de cuchar\u00f3n incluyen fugas, deslizamiento del cilindro y tiempos de respuesta lentos. El diagn\u00f3stico de fallas implica identificar la causa del problema y tomar las medidas adecuadas para solucionarlo. Las medidas preventivas, como la inspecci\u00f3n y el mantenimiento regulares, pueden reducir la posibilidad de problemas.<\/p>\n<p><img decoding=\"async\" src=\"https:\/\/www.hydraulic-cylinders.net\/wp-content\/uploads\/2025\/01\/songte-bushings-with-all-kinds-of-excavator-models.webp\"><\/p>\n<h2>Sobre nosotros<\/h2>\n<p>Somos un fabricante y distribuidor mayorista l\u00edder de cilindros hidr\u00e1ulicos en los mercados nacional e internacional. Nuestra gama de productos es diversa y nos esforzamos por lograr una excelente calidad mediante una estrategia de gesti\u00f3n de la producci\u00f3n basada en la industrializaci\u00f3n de sofisticados talleres de fabricaci\u00f3n. Mediante el uso de talento tecnol\u00f3gico, equipos de fabricaci\u00f3n digitales de alta gama y un sistema de pruebas profesional, continuamos mejorando la plataforma de fabricaci\u00f3n, la calidad de los productos y las rutas de producci\u00f3n, y contamos con una s\u00f3lida capacidad creativa. Nuestro objetivo es satisfacer las diversas necesidades de nuestros clientes con alta eficiencia, precisi\u00f3n y calidad.<\/p>\n<ul>\n<li>\n<h3>Profesionalismo<\/h3>\n<p>Contamos con un equipo de ingenieros y t\u00e9cnicos profesionales con amplia experiencia en el dise\u00f1o y fabricaci\u00f3n de cilindros hidr\u00e1ulicos.<\/p>\n<\/li>\n<li>\n<h3>Certificaci\u00f3n Internacional<\/h3>\n<p>Nuestros cilindros hidr\u00e1ulicos est\u00e1n certificados por ISO 9001 y CE, garantizando calidad y seguridad.<\/p>\n<\/li>\n<li>\n<h3>Servicios de personalizaci\u00f3n<\/h3>\n<p>Ofrecemos servicios de personalizaci\u00f3n, atendiendo a los requisitos espec\u00edficos de nuestros clientes.<\/p>\n<\/li>\n<li>\n<h3>Equipos de producci\u00f3n<\/h3>\n<p>Utilizamos equipos de fabricaci\u00f3n avanzados, como centros de mecanizado CNC, m\u00e1quinas de soldadura autom\u00e1ticas y equipos de tratamiento de superficies.<\/p>\n<\/li>\n<li>\n<h3>Servicio posventa<\/h3>\n<p>Brindamos servicio postventa, que incluye mantenimiento, reparaci\u00f3n y reemplazo de piezas, para garantizar la satisfacci\u00f3n de nuestros clientes.<\/p>\n<\/li>\n<\/ul>\n<p><img decoding=\"async\" src=\"https:\/\/hzpt.com\/wp-content\/uploads\/2024\/11\/songte-company-1.webp\"><\/p>\n<h3>Autor: lyl<\/h3>","protected":false},"excerpt":{"rendered":"<p>Bucket Cylinder For Zoomlion Large Excavator ZE480ESP Introduction The Bucket Cylinder for Zoomlion Large Excavator ZE480ESP is a specialized hydraulic cylinder designed to control the movement of the bucket in heavy machinery such as excavators, backhoe excavators, and front-end loaders. Its main function is to enable the bucket to lift, lower, and tilt, making it [&hellip;]<\/p>","protected":false},"featured_media":14789,"comment_status":"open","ping_status":"closed","template":"","meta":{"_et_pb_use_builder":"","_et_pb_old_content":"","_et_gb_content_width":""},"product_brand":[],"product_cat":[1494],"product_tag":[1495,1496],"class_list":{"0":"post-15507","1":"product","2":"type-product","3":"status-publish","4":"has-post-thumbnail","6":"product_cat-bucket-cylinders","7":"product_tag-bucket-cylinders","8":"product_tag-hydraulic-cylinders","10":"first","11":"instock","12":"shipping-taxable","13":"product-type-simple"},"amp_enabled":true,"_links":{"self":[{"href":"https:\/\/www.hydraulic-cylinders.net\/es\/wp-json\/wp\/v2\/product\/15507","targetHints":{"allow":["GET"]}}],"collection":[{"href":"https:\/\/www.hydraulic-cylinders.net\/es\/wp-json\/wp\/v2\/product"}],"about":[{"href":"https:\/\/www.hydraulic-cylinders.net\/es\/wp-json\/wp\/v2\/types\/product"}],"replies":[{"embeddable":true,"href":"https:\/\/www.hydraulic-cylinders.net\/es\/wp-json\/wp\/v2\/comments?post=15507"}],"wp:featuredmedia":[{"embeddable":true,"href":"https:\/\/www.hydraulic-cylinders.net\/es\/wp-json\/wp\/v2\/media\/14789"}],"wp:attachment":[{"href":"https:\/\/www.hydraulic-cylinders.net\/es\/wp-json\/wp\/v2\/media?parent=15507"}],"wp:term":[{"taxonomy":"product_brand","embeddable":true,"href":"https:\/\/www.hydraulic-cylinders.net\/es\/wp-json\/wp\/v2\/product_brand?post=15507"},{"taxonomy":"product_cat","embeddable":true,"href":"https:\/\/www.hydraulic-cylinders.net\/es\/wp-json\/wp\/v2\/product_cat?post=15507"},{"taxonomy":"product_tag","embeddable":true,"href":"https:\/\/www.hydraulic-cylinders.net\/es\/wp-json\/wp\/v2\/product_tag?post=15507"}],"curies":[{"name":"wp","href":"https:\/\/api.w.org\/{rel}","templated":true}]}}