{"id":15510,"date":"2025-01-19T14:37:12","date_gmt":"2025-01-19T14:37:12","guid":{"rendered":"https:\/\/www.hydraulic-cylinders.net\/product\/bucket-cylinder-for-zoomlion-large-excavator-ze700esp\/"},"modified":"2025-01-19T14:37:14","modified_gmt":"2025-01-19T14:37:14","slug":"bucket-cylinder-for-zoomlion-large-excavator-ze700esp","status":"publish","type":"product","link":"https:\/\/www.hydraulic-cylinders.net\/es\/producto\/bucket-cylinder-for-zoomlion-large-excavator-ze700esp\/","title":{"rendered":"Cilindro de cuchar\u00f3n para excavadora grande Zoomlion ZE700ESP"},"content":{"rendered":"<p><!DOCTYPE html><br \/>\n<html><br \/>\n<head><br \/>\n<title>Cilindro de cuchar\u00f3n para excavadora grande Zoomlion ZE700ESP<\/title><br \/>\n<\/head><br \/>\n<body><\/p>\n<h1>Cilindro de cuchar\u00f3n para excavadora grande Zoomlion ZE700ESP<\/h1>\n<h2>Introducci\u00f3n<\/h2>\n<p>El cilindro de la cuchara para la excavadora Zoomlion ZE700ESP es un cilindro hidr\u00e1ulico de dise\u00f1o especial que controla el movimiento de la cuchara en maquinaria pesada como excavadoras, retroexcavadoras y cargadoras frontales. Su funci\u00f3n principal es permitir la elevaci\u00f3n, el descenso y la inclinaci\u00f3n de la cuchara, facilitando as\u00ed diversas tareas de manipulaci\u00f3n de materiales. En el sistema hidr\u00e1ulico, el cilindro de la cuchara logra un control preciso de la misma mediante el aprovechamiento de las variaciones de presi\u00f3n del aceite hidr\u00e1ulico, lo que permite a los operadores manejar cargas pesadas con eficiencia y adaptarse a entornos de trabajo complejos y diversas necesidades operativas.<\/p>\n<p><img decoding=\"async\" src=\"https:\/\/www.hydraulic-cylinders.net\/wp-content\/uploads\/2025\/01\/songte-company-2.webp\" alt=\"Cilindro de cubo\"><\/p>\n<h2>Caracter\u00edsticas<\/h2>\n<ul>\n<li>Alta resistencia y durabilidad: Generalmente fabricadas con acero o aluminio de alta resistencia, capaces de soportar altas presiones y cargas pesadas, adapt\u00e1ndose a entornos de trabajo adversos y dise\u00f1adas teniendo en cuenta la resistencia al desgaste y a la corrosi\u00f3n para prolongar su vida \u00fatil.<\/li>\n<li>Funcionamiento hidr\u00e1ulico eficiente: Utiliza la presi\u00f3n del aceite hidr\u00e1ulico para lograr movimientos suaves de extensi\u00f3n y contracci\u00f3n, lo que permite una respuesta r\u00e1pida a los comandos de control, proporcionando potentes fuerzas de empuje y tracci\u00f3n, adecuadas para el manejo de cargas pesadas y tareas operativas complejas.<\/li>\n<li>Variedad de tipos: Disponibles con cilindros de simple efecto (hidr\u00e1ulico solo en una direcci\u00f3n) o de doble efecto (hidr\u00e1ulico en ambas direcciones) para satisfacer diferentes necesidades operativas. Algunos modelos son telesc\u00f3picos, lo que permite una mayor extensi\u00f3n sin aumentar las dimensiones externas, ideales para aplicaciones con espacio limitado.<\/li>\n<li>Reemplazo perfecto: Nuestros productos pueden reemplazar perfectamente estos cilindros hidr\u00e1ulicos, ofreciendo una alternativa fiable.<\/li>\n<\/ul>\n<p><img decoding=\"async\" src=\"https:\/\/www.hydraulic-cylinders.net\/wp-content\/uploads\/2025\/01\/songte-cylinder-head-with-all-kinds-excavator-models.webp\" alt=\"Imagen del producto\"><\/p>\n<h2>Aplicaciones<\/h2>\n<p>El cilindro del cuchar\u00f3n encuentra aplicaciones en diversos equipos:<\/p>\n<ul>\n<li>Maquinaria de construcci\u00f3n: Presentes en las excavadoras, son cruciales para excavar, cargar y mover tierra o escombros. En las retroexcavadoras, el cilindro del cuchar\u00f3n ayuda tanto en la excavaci\u00f3n como en la elevaci\u00f3n.<\/li>\n<li>Maquinaria agr\u00edcola: Se utiliza en cargadoras frontales para recoger, levantar y transportar tierra, heno y otros materiales.<\/li>\n<li>Excavadoras: El cilindro del cuchar\u00f3n permite la acci\u00f3n de excavaci\u00f3n al permitir que el cuchar\u00f3n penetre en el suelo.<\/li>\n<li>Cargadores: En los cargadores frontales, ayudan a levantar e inclinar las mercanc\u00edas de forma eficaz.<\/li>\n<\/ul>\n<h2>Consideraciones de dise\u00f1o y criterios de selecci\u00f3n<\/h2>\n<p>En lo que respecta a las consideraciones de dise\u00f1o, se tienen en cuenta factores clave como la capacidad de carga, el sellado, la durabilidad, la seguridad y la facilidad de mantenimiento:<\/p>\n<p><img decoding=\"async\" src=\"https:\/\/www.hydraulic-cylinders.net\/wp-content\/uploads\/2025\/01\/songte-oil-pipes-and-spare-parts.webp\" alt=\"Dise\u00f1o de producto\"><\/p>\n<h2>Sellado y lubricaci\u00f3n<\/h2>\n<p>El cilindro del cuchar\u00f3n incorpora diversos componentes de sellado, como juntas de pist\u00f3n y de v\u00e1stago. Estas juntas est\u00e1n fabricadas con materiales resistentes al desgaste, como poliuretano y caucho de nitrilo. El cuerpo del cilindro y los extremos roscados reciben un tratamiento meticuloso para mejorar su resistencia al desgaste. Es necesaria una lubricaci\u00f3n peri\u00f3dica con el aceite hidr\u00e1ulico adecuado para garantizar un funcionamiento \u00f3ptimo.<\/p>\n<h2>Inspecci\u00f3n regular y mantenimiento preventivo<\/h2>\n<p>Para garantizar un rendimiento \u00f3ptimo y una mayor vida \u00fatil, se recomienda realizar inspecciones peri\u00f3dicas y medidas de mantenimiento preventivo:<\/p>\n<h2>Gu\u00eda de instalaci\u00f3n del producto<\/h2>\n<p>La correcta instalaci\u00f3n del cilindro del cuchar\u00f3n es crucial para su rendimiento y seguridad:<\/p>\n<p><img decoding=\"async\" src=\"https:\/\/www.hydraulic-cylinders.net\/wp-content\/uploads\/2025\/01\/songte-chushion-collar.webp\" alt=\"Gu\u00eda de instalaci\u00f3n\"><\/p>\n<h2>Tareas de mantenimiento<\/h2>\n<p>Las tareas de mantenimiento habituales del cilindro del cuchar\u00f3n incluyen la inspecci\u00f3n peri\u00f3dica, la lubricaci\u00f3n adecuada, la sustituci\u00f3n de juntas y las comprobaciones de calibraci\u00f3n:<\/p>\n<p><img decoding=\"async\" src=\"https:\/\/www.hydraulic-cylinders.net\/wp-content\/uploads\/2025\/01\/songte-bushings-with-all-kinds-of-excavator-models.webp\" alt=\"Tareas de mantenimiento\"><\/p>\n<h2>Consideraciones de seguridad y factores ambientales<\/h2>\n<p>Es fundamental tener en cuenta las medidas de seguridad al utilizar el cilindro del cuchar\u00f3n. Tambi\u00e9n deben considerarse los factores ambientales al seleccionar y operar el equipo.<\/p>\n<h2>Soluci\u00f3n de problemas y problemas comunes<\/h2>\n<p>Cuando se presenten problemas con el cilindro del cuchar\u00f3n, es esencial diagnosticar y resolver los problemas de manera efectiva:<\/p>\n<p><img decoding=\"async\" src=\"https:\/\/hzpt.com\/wp-content\/uploads\/2024\/11\/songte-company-1.webp\" alt=\"Soluci\u00f3n de problemas y problemas comunes\"><\/p>\n<h2>Acerca de nuestra empresa<\/h2>\n<p>Somos fabricantes de cilindros hidr\u00e1ulicos de repuesto y ofrecemos una amplia gama de productos. Nos hemos consolidado como uno de los principales fabricantes y distribuidores mayoristas de cilindros hidr\u00e1ulicos tanto en el mercado nacional como internacional. Nuestra empresa se rige por los principios de excelencia en la calidad y una gesti\u00f3n de producci\u00f3n industrializada, apoy\u00e1ndonos en talleres de fabricaci\u00f3n de \u00faltima generaci\u00f3n, personal t\u00e9cnico altamente cualificado, equipos de fabricaci\u00f3n digital avanzados y sistemas de pruebas profesionales. Mejoramos continuamente nuestra plataforma de fabricaci\u00f3n, perfeccionamos nuestros procesos de producci\u00f3n y contamos con una gran capacidad de innovaci\u00f3n. Con alta eficiencia, precisi\u00f3n y calidad, satisfacemos las diversas necesidades de nuestros clientes.<\/p>\n<p><img decoding=\"async\" src=\"https:\/\/www.hydraulic-cylinders.net\/wp-content\/uploads\/2025\/01\/songte-company-3.webp\" alt=\"Imagen de la empresa\"><\/p>\n<p>Nuestra empresa se distingue por:<\/p>\n<ul>\n<li>Profesionalismo<\/li>\n<li>Certificaciones internacionales<\/li>\n<li>Servicios de personalizaci\u00f3n<\/li>\n<li>Equipos de producci\u00f3n<\/li>\n<li>Servicios posventa<\/li>\n<\/ul>\n<p>Autor: lyl<\/p>\n<p><\/body><br \/>\n<\/html><\/p>","protected":false},"excerpt":{"rendered":"<p>Bucket Cylinder For Zoomlion Large Excavator ZE700ESP Bucket Cylinder For Zoomlion Large Excavator ZE700ESP Introduction The bucket cylinder for Zoomlion large excavator ZE700ESP is a specially designed hydraulic cylinder used to control the movement of the bucket in heavy machinery such as excavators, backhoe loaders, and front-end loaders. Its main function is to enable the [&hellip;]<\/p>","protected":false},"featured_media":14785,"comment_status":"open","ping_status":"closed","template":"","meta":{"_et_pb_use_builder":"","_et_pb_old_content":"","_et_gb_content_width":""},"product_brand":[],"product_cat":[1494],"product_tag":[1495,1496],"class_list":{"0":"post-15510","1":"product","2":"type-product","3":"status-publish","4":"has-post-thumbnail","6":"product_cat-bucket-cylinders","7":"product_tag-bucket-cylinders","8":"product_tag-hydraulic-cylinders","10":"first","11":"instock","12":"shipping-taxable","13":"product-type-simple"},"amp_enabled":true,"_links":{"self":[{"href":"https:\/\/www.hydraulic-cylinders.net\/es\/wp-json\/wp\/v2\/product\/15510","targetHints":{"allow":["GET"]}}],"collection":[{"href":"https:\/\/www.hydraulic-cylinders.net\/es\/wp-json\/wp\/v2\/product"}],"about":[{"href":"https:\/\/www.hydraulic-cylinders.net\/es\/wp-json\/wp\/v2\/types\/product"}],"replies":[{"embeddable":true,"href":"https:\/\/www.hydraulic-cylinders.net\/es\/wp-json\/wp\/v2\/comments?post=15510"}],"wp:featuredmedia":[{"embeddable":true,"href":"https:\/\/www.hydraulic-cylinders.net\/es\/wp-json\/wp\/v2\/media\/14785"}],"wp:attachment":[{"href":"https:\/\/www.hydraulic-cylinders.net\/es\/wp-json\/wp\/v2\/media?parent=15510"}],"wp:term":[{"taxonomy":"product_brand","embeddable":true,"href":"https:\/\/www.hydraulic-cylinders.net\/es\/wp-json\/wp\/v2\/product_brand?post=15510"},{"taxonomy":"product_cat","embeddable":true,"href":"https:\/\/www.hydraulic-cylinders.net\/es\/wp-json\/wp\/v2\/product_cat?post=15510"},{"taxonomy":"product_tag","embeddable":true,"href":"https:\/\/www.hydraulic-cylinders.net\/es\/wp-json\/wp\/v2\/product_tag?post=15510"}],"curies":[{"name":"wp","href":"https:\/\/api.w.org\/{rel}","templated":true}]}}