{"id":15511,"date":"2025-01-19T14:37:16","date_gmt":"2025-01-19T14:37:16","guid":{"rendered":"https:\/\/www.hydraulic-cylinders.net\/product\/bucket-cylinder-for-zoomlion-large-excavator-ze1250e\/"},"modified":"2025-01-19T14:37:18","modified_gmt":"2025-01-19T14:37:18","slug":"bucket-cylinder-for-zoomlion-large-excavator-ze1250e","status":"publish","type":"product","link":"https:\/\/www.hydraulic-cylinders.net\/es\/producto\/bucket-cylinder-for-zoomlion-large-excavator-ze1250e\/","title":{"rendered":"Cilindro de cuchar\u00f3n para excavadora grande Zoomlion ZE1250E"},"content":{"rendered":"<h1>Cilindro de cuchar\u00f3n para excavadora grande Zoomlion ZE1250E<\/h1>\n<h2>Introducci\u00f3n<\/h2>\n<h3>Definici\u00f3n<\/h3>\n<p>Un cilindro de cuchar\u00f3n es un tipo de cilindro hidr\u00e1ulico especialmente dise\u00f1ado para controlar el movimiento del cuchar\u00f3n en maquinaria pesada como excavadoras, retroexcavadoras y cargadoras frontales. Su funci\u00f3n principal es permitir la elevaci\u00f3n, el descenso y la inclinaci\u00f3n del cuchar\u00f3n, facilitando la manipulaci\u00f3n de diversos materiales. En el sistema hidr\u00e1ulico, el cilindro del cuchar\u00f3n controla el movimiento preciso del cuchar\u00f3n mediante cambios en la presi\u00f3n del aceite hidr\u00e1ulico, lo que permite a los operadores manipular cargas pesadas con eficiencia y adaptarse a entornos de trabajo complejos y diversas necesidades operativas.<\/p>\n<p><img decoding=\"async\" src=\"https:\/\/www.hydraulic-cylinders.net\/wp-content\/uploads\/2025\/01\/songte-company-2.webp\" alt=\"Imagen del cilindro del cubo\"><\/p>\n<h2>Caracter\u00edsticas del producto<\/h2>\n<h3>Alta resistencia y durabilidad<\/h3>\n<p>Los cilindros de cangilones suelen estar hechos de acero o aluminio de alta resistencia, lo que les permite soportar alta presi\u00f3n y cargas pesadas, adaptarse a entornos de trabajo hostiles y est\u00e1n dise\u00f1ados teniendo en cuenta la resistencia al desgaste y la corrosi\u00f3n, lo que extiende su vida \u00fatil.<\/p>\n<h3>Operaci\u00f3n hidr\u00e1ulica eficiente<\/h3>\n<p>El cilindro del cuchar\u00f3n utiliza presi\u00f3n de aceite hidr\u00e1ulico para lograr una extensi\u00f3n y retracci\u00f3n suaves, lo que le permite responder r\u00e1pidamente a los comandos de control, proporcionar potentes fuerzas de empuje y tracci\u00f3n y ser adecuado para manipular cargas pesadas y tareas operativas complejas.<\/p>\n<h3>Varios tipos<\/h3>\n<p>Los cilindros de cangilones pueden ser de simple efecto (hidr\u00e1ulico en una sola direcci\u00f3n) o de doble efecto (hidr\u00e1ulico en ambas direcciones), seg\u00fan las necesidades operativas. Algunos modelos son telesc\u00f3picos, lo que permite una mayor extensi\u00f3n sin aumentar las dimensiones externas, lo que los hace ideales para aplicaciones con espacio limitado.<\/p>\n<h3>Disponibilidad del producto<\/h3>\n<p>Nuestra empresa produce y suministra una gama de modelos de cilindros de cangilones que pueden reemplazar perfectamente estos cilindros hidr\u00e1ulicos.<\/p>\n<p><img decoding=\"async\" src=\"https:\/\/www.hydraulic-cylinders.net\/wp-content\/uploads\/2025\/01\/songte-cylinder-head-with-all-kinds-excavator-models.webp\" alt=\"Modelos de cilindros de cubo\"><\/p>\n<h2>Aplicaciones<\/h2>\n<h3>Equipos de construcci\u00f3n<\/h3>\n<p>En las excavadoras, son esenciales para excavar, cargar y mover tierra o escombros. En las retroexcavadoras, el cilindro del cuchar\u00f3n facilita la excavaci\u00f3n y la elevaci\u00f3n. En las cargadoras frontales, ayudan a elevar y descargar la carga eficientemente.<\/p>\n<h3>Maquinaria agr\u00edcola<\/h3>\n<p>Se utiliza en cargadoras frontales para recoger, levantar y transportar tierra, heno y otros materiales. En las excavadoras, el cilindro del cuchar\u00f3n permite excavar al permitir que el cuchar\u00f3n penetre en el suelo.<\/p>\n<h2>Consideraciones de dise\u00f1o y criterios de selecci\u00f3n<\/h2>\n<h3>Capacidad de carga<\/h3>\n<p>La capacidad del cilindro del cuchar\u00f3n para soportar cargas es un factor cr\u00edtico de dise\u00f1o. Debe ser capaz de soportar las fuerzas generadas por el cuchar\u00f3n y los materiales que transporta.<\/p>\n<h3>Caza de focas<\/h3>\n<p>El sellado del cilindro del cuchar\u00f3n es esencial, ya que si no est\u00e1 bien sellado, podr\u00eda producirse una fuga de aceite hidr\u00e1ulico, lo que podr\u00eda comprometer su funcionamiento. El anillo de sellado del pist\u00f3n, el anillo de sellado del v\u00e1stago y otros elementos de sellado deben estar fabricados con materiales resistentes al desgaste y la corrosi\u00f3n.<\/p>\n<h3>Durabilidad<\/h3>\n<p>La durabilidad del cilindro del cuchar\u00f3n es un aspecto crucial de su dise\u00f1o. El cilindro debe soportar condiciones ambientales adversas, como temperaturas extremas, humedad, agua salada y otras sustancias corrosivas, sin sufrir desgaste ni da\u00f1os significativos.<\/p>\n<h3>Seguridad<\/h3>\n<p>El cilindro del cuchar\u00f3n debe dise\u00f1arse pensando en la seguridad. Se deben instalar dispositivos de seguridad como v\u00e1lvulas de alivio de presi\u00f3n, v\u00e1lvulas de retenci\u00f3n y otros para evitar que el cilindro se sobrecargue o provoque accidentes.<\/p>\n<h3>Mantenimiento<\/h3>\n<p>El cilindro del cuchar\u00f3n debe estar dise\u00f1ado para facilitar su mantenimiento. Debe ser de f\u00e1cil acceso, desmontaje y montaje, lo que permite al personal de mantenimiento inspeccionar, sustituir o reparar piezas f\u00e1cilmente.<\/p>\n<p><img decoding=\"async\" src=\"https:\/\/www.hydraulic-cylinders.net\/wp-content\/uploads\/2025\/01\/songte-oil-pipes-and-spare-parts.webp\" alt=\"Piezas del cilindro del cubo\"><\/p>\n<h2>Sellado y lubricaci\u00f3n<\/h2>\n<p>Para sellar el cilindro del cuchar\u00f3n se utilizan diversos sellos, como anillos de sellado de pist\u00f3n y de v\u00e1stago, fabricados con materiales resistentes al desgaste como poliuretano y caucho de nitrilo. El cuerpo del cilindro y la superficie de la conexi\u00f3n roscada se someten a un procesamiento fino para mejorar la resistencia al desgaste. Se a\u00f1ade regularmente aceite hidr\u00e1ulico adecuado para lubricar el cilindro y garantizar un funcionamiento suave.<\/p>\n<h2>Medidas de inspecci\u00f3n y mantenimiento preventivo<\/h2>\n<p>El mantenimiento regular, la lubricaci\u00f3n y el reemplazo de sellos desgastados son tareas esenciales para los cilindros de cangilones. La correcta instalaci\u00f3n, lubricaci\u00f3n y ajuste del cilindro son cruciales para su rendimiento. Durante el proceso de instalaci\u00f3n, se recomienda alinear el cilindro correctamente y utilizar soportes de instalaci\u00f3n adecuados para asegurarlo. Tambi\u00e9n recomendamos seguir los procedimientos recomendados de inspecci\u00f3n, reparaci\u00f3n y reemplazo para prolongar la vida \u00fatil del cilindro.<\/p>\n<p><img decoding=\"async\" src=\"https:\/\/www.hydraulic-cylinders.net\/wp-content\/uploads\/2025\/01\/songte-chushion-collar.webp\" alt=\"Collar\u00edn del cilindro del cubo\"><\/p>\n<h2>Consideraciones de seguridad y medio ambiente<\/h2>\n<p>Al utilizar cilindros de cangilones, se deben tomar precauciones de seguridad para evitar accidentes. Se debe capacitar a los operadores para asegurar que comprendan los procedimientos correctos de operaci\u00f3n y seguridad. La eliminaci\u00f3n adecuada del aceite hidr\u00e1ulico, los filtros y otros componentes usados \u200b\u200bes fundamental para minimizar el impacto ambiental.<\/p>\n<h2>Soluci\u00f3n de problemas y problemas comunes<\/h2>\n<p>Los problemas m\u00e1s comunes con los cilindros de cangilones son fugas, sellos defectuosos y da\u00f1os en el cilindro. La inspecci\u00f3n y el mantenimiento regulares pueden ayudar a prevenir estos problemas. Cuando se presentan problemas, es fundamental diagnosticarlos y repararlos r\u00e1pidamente para evitar da\u00f1os mayores que podr\u00edan provocar fallas en el equipo.<\/p>\n<p><img decoding=\"async\" src=\"https:\/\/www.hydraulic-cylinders.net\/wp-content\/uploads\/2025\/01\/songte-bushings-with-all-kinds-of-excavator-models.webp\" alt=\"Bujes del cilindro del cuchar\u00f3n\"><\/p>\n<h2>Acerca de nuestra empresa<\/h2>\n<p>Somos fabricantes de cilindros hidr\u00e1ulicos de repuesto, con una amplia gama de productos, y nos hemos convertido en uno de los principales fabricantes y mayoristas de cilindros hidr\u00e1ulicos en el mercado nacional e internacional. Nos adherimos al principio de excelencia en calidad, nos basamos en estrategias de gesti\u00f3n de producci\u00f3n industrializada en talleres de alta calidad y mejoramos continuamente la plataforma de fabricaci\u00f3n y el proceso de calidad del producto mediante talento tecnol\u00f3gico, equipos de fabricaci\u00f3n digitales de alta gama y sistemas de prueba profesionales. Nuestros productos son eficientes, precisos y de alta calidad, satisfaciendo las diversas necesidades de nuestros clientes.<\/p>\n<p><strong>Especialidad:<\/strong> Nuestra empresa se especializa en la producci\u00f3n de cilindros hidr\u00e1ulicos de repuesto.<\/p>\n<p><strong>Certificaci\u00f3n Internacional:<\/strong> Nuestros productos est\u00e1n certificados por est\u00e1ndares internacionales, como ISO, SGS y CE.<\/p>\n<p><strong>Servicio de personalizaci\u00f3n:<\/strong> Ofrecemos servicios de personalizaci\u00f3n para satisfacer las especificaciones del cliente.<\/p>\n<p><strong>Equipo de producci\u00f3n:<\/strong> Contamos con equipos de producci\u00f3n avanzados, como tornos CNC, centros de mecanizado CNC y equipos de prueba.<\/p>\n<p><strong>Servicio postventa:<\/strong> Brindamos a nuestros clientes soporte t\u00e9cnico, servicio de garant\u00eda y asistencia t\u00e9cnica remota. <\/p>\n<p><img decoding=\"async\" src=\"https:\/\/hzpt.com\/wp-content\/uploads\/2024\/11\/songte-company-1.webp\" alt=\"Imagen de la empresa\"><\/p>\n<p>Autor: lyl<\/p>","protected":false},"excerpt":{"rendered":"<p>Bucket Cylinder For Zoomlion Large Excavator ZE1250E Introduction Definition A bucket cylinder is a type of hydraulic cylinder specially designed for controlling the movement of the bucket in heavy machinery such as excavators, backhoes, and front-end loaders. Its primary function is to enable the bucket to be lifted, lowered, and tilted, making it easier for [&hellip;]<\/p>","protected":false},"featured_media":14784,"comment_status":"open","ping_status":"closed","template":"","meta":{"_et_pb_use_builder":"","_et_pb_old_content":"","_et_gb_content_width":""},"product_brand":[],"product_cat":[1494],"product_tag":[1495,1496],"class_list":{"0":"post-15511","1":"product","2":"type-product","3":"status-publish","4":"has-post-thumbnail","6":"product_cat-bucket-cylinders","7":"product_tag-bucket-cylinders","8":"product_tag-hydraulic-cylinders","10":"first","11":"instock","12":"shipping-taxable","13":"product-type-simple"},"amp_enabled":true,"_links":{"self":[{"href":"https:\/\/www.hydraulic-cylinders.net\/es\/wp-json\/wp\/v2\/product\/15511","targetHints":{"allow":["GET"]}}],"collection":[{"href":"https:\/\/www.hydraulic-cylinders.net\/es\/wp-json\/wp\/v2\/product"}],"about":[{"href":"https:\/\/www.hydraulic-cylinders.net\/es\/wp-json\/wp\/v2\/types\/product"}],"replies":[{"embeddable":true,"href":"https:\/\/www.hydraulic-cylinders.net\/es\/wp-json\/wp\/v2\/comments?post=15511"}],"wp:featuredmedia":[{"embeddable":true,"href":"https:\/\/www.hydraulic-cylinders.net\/es\/wp-json\/wp\/v2\/media\/14784"}],"wp:attachment":[{"href":"https:\/\/www.hydraulic-cylinders.net\/es\/wp-json\/wp\/v2\/media?parent=15511"}],"wp:term":[{"taxonomy":"product_brand","embeddable":true,"href":"https:\/\/www.hydraulic-cylinders.net\/es\/wp-json\/wp\/v2\/product_brand?post=15511"},{"taxonomy":"product_cat","embeddable":true,"href":"https:\/\/www.hydraulic-cylinders.net\/es\/wp-json\/wp\/v2\/product_cat?post=15511"},{"taxonomy":"product_tag","embeddable":true,"href":"https:\/\/www.hydraulic-cylinders.net\/es\/wp-json\/wp\/v2\/product_tag?post=15511"}],"curies":[{"name":"wp","href":"https:\/\/api.w.org\/{rel}","templated":true}]}}