{"id":15518,"date":"2025-01-19T14:37:50","date_gmt":"2025-01-19T14:37:50","guid":{"rendered":"https:\/\/www.hydraulic-cylinders.net\/product\/bucket-cylinder-for-sunward-small-excavator-swe150e\/"},"modified":"2025-01-19T14:37:52","modified_gmt":"2025-01-19T14:37:52","slug":"bucket-cylinder-for-sunward-small-excavator-swe150e","status":"publish","type":"product","link":"https:\/\/www.hydraulic-cylinders.net\/es\/producto\/bucket-cylinder-for-sunward-small-excavator-swe150e\/","title":{"rendered":"Cilindro de cuchar\u00f3n para miniexcavadora Sunward SWE150E"},"content":{"rendered":"<h1>Cilindro de cuchar\u00f3n para miniexcavadora Sunward SWE150E<\/h1>\n<h2>Introducci\u00f3n<\/h2>\n<p>El cilindro de la cuchara es un cilindro hidr\u00e1ulico especialmente dise\u00f1ado que se utiliza principalmente para controlar el movimiento de la cuchara en maquinaria pesada como excavadoras, retroexcavadoras y cargadoras frontales. Su funci\u00f3n principal es permitir que la cuchara se eleve, descienda e incline, facilitando as\u00ed la manipulaci\u00f3n de diversos materiales. En el sistema hidr\u00e1ulico, el cilindro de la cuchara permite un control preciso de la misma mediante variaciones en la presi\u00f3n del aceite hidr\u00e1ulico, lo que permite a los operadores manejar cargas pesadas con eficiencia y adaptarse a entornos de trabajo complejos y diversas necesidades operativas.<\/p>\n<p><img decoding=\"async\" src=\"https:\/\/www.hydraulic-cylinders.net\/wp-content\/uploads\/2025\/01\/songte-company-2.webp\" alt=\"Cilindro de cuchar\u00f3n para miniexcavadora Sunward SWE150E\"><\/p>\n<h2>Caracter\u00edsticas<\/h2>\n<ol>\n<li><strong>Alta resistencia y durabilidad:<\/strong> Generalmente fabricado con acero o aluminio de alta resistencia, puede soportar altas presiones y cargas pesadas, se adapta a entornos de trabajo exigentes y est\u00e1 dise\u00f1ado teniendo en cuenta la resistencia al desgaste y a la corrosi\u00f3n para prolongar su vida \u00fatil.<\/li>\n<li><strong>Funcionamiento hidr\u00e1ulico eficiente:<\/strong> Permite movimientos suaves de extensi\u00f3n y contracci\u00f3n mediante la presi\u00f3n del aceite hidr\u00e1ulico, responde r\u00e1pidamente a los comandos de control, proporciona potentes fuerzas de empuje y tracci\u00f3n, y es adecuado para el manejo de cargas pesadas y tareas operativas complejas.<\/li>\n<li><strong>Varios tipos:<\/strong> Se pueden seleccionar cilindros de simple efecto (accionamiento hidr\u00e1ulico en un solo sentido) o de doble efecto (accionamiento hidr\u00e1ulico en ambos sentidos) seg\u00fan las necesidades operativas. Algunos modelos son telesc\u00f3picos, lo que permite una mayor extensi\u00f3n sin aumentar las dimensiones externas, haci\u00e9ndolos id\u00f3neos para aplicaciones con espacio limitado.<\/li>\n<li><strong>Fabricado por nosotros:<\/strong> Nuestros productos pueden reemplazar perfectamente estos cilindros hidr\u00e1ulicos.<\/li>\n<\/ol>\n<p><img decoding=\"async\" src=\"https:\/\/www.hydraulic-cylinders.net\/wp-content\/uploads\/2025\/01\/songte-cylinder-head-with-all-kinds-excavator-models.webp\" alt=\"Cilindro de cuchar\u00f3n para miniexcavadora Sunward SWE150E\"><\/p>\n<h2>Aplicaciones<\/h2>\n<p><strong>Equipos de construcci\u00f3n:<\/strong> En las excavadoras, son cruciales para excavar, cargar y mover tierra o escombros. En las retroexcavadoras, el cilindro del cuchar\u00f3n facilita la excavaci\u00f3n y la elevaci\u00f3n. En las cargadoras frontales, ayudan a elevar y descargar la carga de forma eficaz.<\/p>\n<p><strong>Maquinaria agr\u00edcola:<\/strong> Se utilizan en cargadoras frontales para recoger, levantar y transportar tierra, heno y otros materiales. En las excavadoras, el cilindro del cuchar\u00f3n permite la excavaci\u00f3n al penetrar el suelo. En las cargadoras frontales, facilitan la elevaci\u00f3n e inclinaci\u00f3n eficiente de mercanc\u00edas.<\/p>\n<h2>Consideraciones de dise\u00f1o y criterios de selecci\u00f3n<\/h2>\n<p>En lo que respecta a las consideraciones de dise\u00f1o, la capacidad de carga, el sellado, la durabilidad, la seguridad y la facilidad de mantenimiento del cilindro del cuchar\u00f3n se analizan en los siguientes puntos:<\/p>\n<ul>\n<li><strong>Capacidad de llevar:<\/strong> El cilindro debe ser capaz de soportar la carga m\u00e1xima que encontrar\u00e1 durante su funcionamiento.<\/li>\n<li><strong>Caza de focas:<\/strong> El cilindro debe dise\u00f1arse con diversos sellos, como sellos de pist\u00f3n, sellos de v\u00e1stago, etc., fabricados con materiales resistentes al desgaste como poliuretano y caucho de nitrilo. El cuerpo del cilindro y las superficies roscadas de los extremos se procesan con precisi\u00f3n para mejorar su resistencia al desgaste. Se requiere la adici\u00f3n peri\u00f3dica de aceite hidr\u00e1ulico adecuado para la lubricaci\u00f3n.<\/li>\n<li><strong>Durabilidad:<\/strong> El cilindro debe soportar las exigencias del entorno operativo y estar dise\u00f1ado teniendo en cuenta la resistencia al desgaste y a la corrosi\u00f3n para prolongar su vida \u00fatil.<\/li>\n<li><strong>Seguridad:<\/strong> El cilindro debe instalarse y mantenerse correctamente seg\u00fan las instrucciones para prevenir accidentes y garantizar la seguridad del operador.<\/li>\n<li><strong>Mantenibilidad:<\/strong> El cilindro debe dise\u00f1arse para facilitar el desmontaje, la inspecci\u00f3n y la sustituci\u00f3n de piezas, con el fin de minimizar el tiempo de inactividad y reducir los costes de mantenimiento.<\/li>\n<\/ul>\n<p><img decoding=\"async\" src=\"https:\/\/www.hydraulic-cylinders.net\/wp-content\/uploads\/2025\/01\/songte-oil-pipes-and-spare-parts.webp\" alt=\"Cilindro de cuchar\u00f3n para miniexcavadora Sunward SWE150E\"><\/p>\n<h2>Sellado y lubricaci\u00f3n<\/h2>\n<p>En el cilindro del cuchar\u00f3n se utilizan diversos sellos, como los de pist\u00f3n y v\u00e1stago, fabricados con materiales resistentes al desgaste como el poliuretano y el caucho de nitrilo. El cuerpo del cilindro y las superficies roscadas de los extremos reciben un mecanizado de precisi\u00f3n para mejorar su resistencia al desgaste. Es necesario a\u00f1adir peri\u00f3dicamente aceite hidr\u00e1ulico adecuado para su lubricaci\u00f3n.<\/p>\n<h2>Medidas de inspecci\u00f3n y mantenimiento preventivo<\/h2>\n<p>La inspecci\u00f3n peri\u00f3dica, la lubricaci\u00f3n adecuada, la sustituci\u00f3n de juntas y las comprobaciones de calibraci\u00f3n son tareas de mantenimiento habituales. Es importante proporcionar las instrucciones correctas para alinear el cilindro durante la instalaci\u00f3n y se recomienda el uso de soportes de montaje adecuados para fijarlo. Se proporcionan procedimientos recomendados de inspecci\u00f3n, reparaci\u00f3n y sustituci\u00f3n para prolongar la vida \u00fatil del cilindro del cuchar\u00f3n.<\/p>\n<p><img decoding=\"async\" src=\"https:\/\/www.hydraulic-cylinders.net\/wp-content\/uploads\/2025\/01\/songte-chushion-collar.webp\" alt=\"Cilindro de cuchar\u00f3n para miniexcavadora Sunward SWE150E\"><\/p>\n<h2>Consideraciones de seguridad y factores ambientales<\/h2>\n<p>La importancia de las medidas de seguridad al usar el cilindro de cangilones se destaca al utilizar las palabras clave. Es fundamental seguir todas las normas de seguridad y tomar las precauciones necesarias para prevenir accidentes. Tambi\u00e9n se deben considerar factores ambientales como la temperatura y la humedad al usar el cilindro de cangilones para garantizar un rendimiento y una seguridad \u00f3ptimos.<\/p>\n<h2>Diagn\u00f3stico y soluci\u00f3n de problemas<\/h2>\n<p>El diagn\u00f3stico de fallas y los problemas comunes relacionados con el cilindro del cuchar\u00f3n se analizan en detalle en los siguientes puntos:<\/p>\n<ul>\n<li><strong>Fuga:<\/strong> Puede ocurrir debido al desgaste o da\u00f1os en los sellos u otros componentes.<\/li>\n<li><strong>Funcionamiento lento:<\/strong> Puede ocurrir debido a una presi\u00f3n hidr\u00e1ulica insuficiente o a la contaminaci\u00f3n del aceite.<\/li>\n<li><strong>Ruido:<\/strong> Puede ocurrir debido a componentes sueltos o desalineaci\u00f3n.<\/li>\n<\/ul>\n<p>Se ofrecen consejos y soluciones para la resoluci\u00f3n de problemas y la prevenci\u00f3n de posibles problemas para ayudar a los lectores a diagnosticar y resolver problemas de manera eficaz.<\/p>\n<p><img decoding=\"async\" src=\"https:\/\/www.hydraulic-cylinders.net\/wp-content\/uploads\/2025\/01\/songte-bushings-with-all-kinds-of-excavator-models.webp\" alt=\"Cilindro de cuchar\u00f3n para miniexcavadora Sunward SWE150E\"><\/p>\n<h2>Acerca de nuestra empresa<\/h2>\n<p>Somos fabricantes de cilindros hidr\u00e1ulicos de repuesto. Nuestra empresa ofrece una gama completa de productos y se ha consolidado como uno de los principales fabricantes y distribuidores mayoristas de cilindros hidr\u00e1ulicos en los mercados nacionales e internacionales. Nos guiamos por una estrategia de excelencia en la calidad y nos basamos en una gesti\u00f3n de producci\u00f3n industrial en talleres de fabricaci\u00f3n de \u00faltima generaci\u00f3n. Desde el uso de personal t\u00e9cnico altamente cualificado y equipos de fabricaci\u00f3n digitales de vanguardia, hasta el empleo de sistemas de prueba profesionales, mejoramos continuamente nuestras instalaciones de fabricaci\u00f3n, optimizamos la calidad de nuestros productos y contamos con una gran capacidad de innovaci\u00f3n. Nos esforzamos por satisfacer las diversas necesidades de nuestros clientes con alta eficiencia, precisi\u00f3n y calidad.<\/p>\n<p><img decoding=\"async\" src=\"https:\/\/hzpt.com\/wp-content\/uploads\/2024\/11\/songte-company-1.webp\" alt=\"Cilindro de cuchar\u00f3n para miniexcavadora Sunward SWE150E\"><\/p>\n<h2>informaci\u00f3n adicional<\/h2>\n<ul>\n<li><strong>Profesionalismo:<\/strong> Nuestra empresa cuenta con un equipo profesional de dise\u00f1o y desarrollo, un equipo de producci\u00f3n y un equipo de ventas para brindar a los clientes productos y servicios de alta calidad.<\/li>\n<li><strong>Certificaci\u00f3n internacional:<\/strong> Nuestros productos han superado las certificaciones ISO, CE y otras certificaciones internacionales, lo que demuestra la calidad y fiabilidad de nuestros productos.<\/li>\n<li><strong>Servicio de personalizaci\u00f3n:<\/strong> Ofrecemos servicios personalizados para satisfacer las necesidades y requisitos individuales de nuestros clientes.<\/li>\n<li><strong>Equipo de producci\u00f3n:<\/strong> Nuestra empresa cuenta con equipos de producci\u00f3n y de prueba avanzados para garantizar la producci\u00f3n y la calidad de los productos.<\/li>\n<li><strong>Servicio postventa:<\/strong> Nuestra empresa ofrece un servicio postventa profesional a sus clientes, que incluye mantenimiento, reparaci\u00f3n y sustituci\u00f3n de productos.<\/li>\n<\/ul>\n<p>Autor: lyl<\/p>","protected":false},"excerpt":{"rendered":"<p>Bucket Cylinder For Sunward Small Excavator SWE150E Introduction A bucket cylinder is a specially designed hydraulic cylinder used primarily to control the movement of the bucket in heavy machinery such as excavators, backhoe excavators, and front-end loaders. Its main function is to enable the bucket to lift, lower, and tilt, making it easy to handle [&hellip;]<\/p>","protected":false},"featured_media":14769,"comment_status":"open","ping_status":"closed","template":"","meta":{"_et_pb_use_builder":"","_et_pb_old_content":"","_et_gb_content_width":""},"product_brand":[],"product_cat":[1494],"product_tag":[1495,1496],"class_list":{"0":"post-15518","1":"product","2":"type-product","3":"status-publish","4":"has-post-thumbnail","6":"product_cat-bucket-cylinders","7":"product_tag-bucket-cylinders","8":"product_tag-hydraulic-cylinders","10":"first","11":"instock","12":"shipping-taxable","13":"product-type-simple"},"amp_enabled":true,"_links":{"self":[{"href":"https:\/\/www.hydraulic-cylinders.net\/es\/wp-json\/wp\/v2\/product\/15518","targetHints":{"allow":["GET"]}}],"collection":[{"href":"https:\/\/www.hydraulic-cylinders.net\/es\/wp-json\/wp\/v2\/product"}],"about":[{"href":"https:\/\/www.hydraulic-cylinders.net\/es\/wp-json\/wp\/v2\/types\/product"}],"replies":[{"embeddable":true,"href":"https:\/\/www.hydraulic-cylinders.net\/es\/wp-json\/wp\/v2\/comments?post=15518"}],"wp:featuredmedia":[{"embeddable":true,"href":"https:\/\/www.hydraulic-cylinders.net\/es\/wp-json\/wp\/v2\/media\/14769"}],"wp:attachment":[{"href":"https:\/\/www.hydraulic-cylinders.net\/es\/wp-json\/wp\/v2\/media?parent=15518"}],"wp:term":[{"taxonomy":"product_brand","embeddable":true,"href":"https:\/\/www.hydraulic-cylinders.net\/es\/wp-json\/wp\/v2\/product_brand?post=15518"},{"taxonomy":"product_cat","embeddable":true,"href":"https:\/\/www.hydraulic-cylinders.net\/es\/wp-json\/wp\/v2\/product_cat?post=15518"},{"taxonomy":"product_tag","embeddable":true,"href":"https:\/\/www.hydraulic-cylinders.net\/es\/wp-json\/wp\/v2\/product_tag?post=15518"}],"curies":[{"name":"wp","href":"https:\/\/api.w.org\/{rel}","templated":true}]}}