{"id":15519,"date":"2025-01-19T14:37:54","date_gmt":"2025-01-19T14:37:54","guid":{"rendered":"https:\/\/www.hydraulic-cylinders.net\/product\/bucket-cylinder-for-sunward-middle-excavator-swe210\/"},"modified":"2025-01-19T14:37:56","modified_gmt":"2025-01-19T14:37:56","slug":"bucket-cylinder-for-sunward-middle-excavator-swe210","status":"publish","type":"product","link":"https:\/\/www.hydraulic-cylinders.net\/es\/producto\/bucket-cylinder-for-sunward-middle-excavator-swe210\/","title":{"rendered":"Cilindro de cuchar\u00f3n para excavadora central Sunward SWE210"},"content":{"rendered":"<p><!DOCTYPE html><br \/>\n<html><\/p>\n<p><head><br \/>\n  <title>Cilindro de cuchar\u00f3n para excavadora central Sunward SWE210<\/title><br \/>\n<\/head><\/p>\n<p><body><\/p>\n<h1>Cilindro de cuchar\u00f3n para excavadora central Sunward SWE210<\/h1>\n<h2>Introducci\u00f3n<\/h2>\n<p>El cilindro del cuchar\u00f3n es un cilindro hidr\u00e1ulico especialmente dise\u00f1ado que se utiliza para controlar el movimiento del cuchar\u00f3n en maquinaria pesada como excavadoras, retroexcavadoras y cargadoras frontales. Su funci\u00f3n principal es permitir que el cuchar\u00f3n se eleve, baje e incline, lo que facilita diversas tareas de manipulaci\u00f3n de materiales. En el sistema hidr\u00e1ulico, el cilindro del cuchar\u00f3n logra un control preciso del cuchar\u00f3n mediante la variaci\u00f3n de la presi\u00f3n del aceite hidr\u00e1ulico, lo que permite a los operadores manipular cargas pesadas con eficiencia y adaptarse a entornos de trabajo complejos y a diversos requisitos.<\/p>\n<p>  <img decoding=\"async\" src=\"https:\/\/www.hydraulic-cylinders.net\/wp-content\/uploads\/2025\/01\/songte-company-2.webp\" alt=\"Cilindro de cubo\"><\/p>\n<h2>Caracter\u00edsticas<\/h2>\n<ul>\n<li>Alta resistencia y durabilidad: generalmente fabricados en acero o aluminio de alta resistencia, capaces de soportar alta presi\u00f3n y cargas pesadas, adapt\u00e1ndose a entornos de trabajo hostiles y dise\u00f1ados teniendo en cuenta la resistencia al desgaste y la corrosi\u00f3n para prolongar la vida \u00fatil.<\/li>\n<li>Operaci\u00f3n hidr\u00e1ulica eficiente: utiliza la presi\u00f3n del aceite hidr\u00e1ulico para lograr acciones suaves de extensi\u00f3n y retracci\u00f3n, capaz de responder r\u00e1pidamente a los comandos de control, proporcionando poderosas fuerzas de empuje y tracci\u00f3n, adecuadas para manipular cargas pesadas y tareas laborales complejas.<\/li>\n<li>Diversos tipos: Se pueden seleccionar cilindros de simple efecto (hidr\u00e1ulicos en una sola direcci\u00f3n) o de doble efecto (hidr\u00e1ulicos en ambas direcciones) seg\u00fan las necesidades operativas. Algunos modelos son telesc\u00f3picos, lo que permite una mayor extensi\u00f3n sin aumentar las dimensiones externas, ideal para aplicaciones con espacio limitado.<\/li>\n<li>Reemplazo perfecto: Nuestro producto puede reemplazar perfectamente los cilindros hidr\u00e1ulicos existentes. <\/li>\n<\/ul>\n<p>  <img decoding=\"async\" src=\"https:\/\/www.hydraulic-cylinders.net\/wp-content\/uploads\/2025\/01\/songte-cylinder-head-with-all-kinds-excavator-models.webp\" alt=\"Reemplazo de producto\"><\/p>\n<h2>Aplicaciones<\/h2>\n<ul>\n<li>Equipos de construcci\u00f3n: Presentes en las excavadoras, son cruciales para la excavaci\u00f3n, la carga y el movimiento de tierra o escombros. En las retroexcavadoras, el cilindro del cuchar\u00f3n facilita tanto la excavaci\u00f3n como la elevaci\u00f3n.<\/li>\n<li>Maquinaria agr\u00edcola: Se utiliza en cargadoras frontales para recoger, levantar y transportar tierra, heno y otros materiales.<\/li>\n<li>Excavadoras: El cilindro del cuchar\u00f3n permite realizar acciones de excavaci\u00f3n al permitir que el cuchar\u00f3n penetre en el suelo.<\/li>\n<li>Cargadores: En los cargadores frontales, ayudan a levantar y descargar la carga de manera eficiente.<\/li>\n<\/ul>\n<h2>Consideraciones de dise\u00f1o y criterios de selecci\u00f3n<\/h2>\n<ul>\n<li>Capacidad de carga: an\u00e1lisis de la capacidad de carga del cilindro.<\/li>\n<li>Capacidad de sellado: exploraci\u00f3n de la importancia de los sellos para mantener la eficiencia del cilindro hidr\u00e1ulico.<\/li>\n<li>Durabilidad: Se analiza la durabilidad del cilindro, haciendo hincapi\u00e9 en la resistencia al desgaste y la longevidad.<\/li>\n<li>Seguridad: Destacar las consideraciones de seguridad en el dise\u00f1o del cilindro hidr\u00e1ulico.<\/li>\n<li>Mantenibilidad: Discutir la facilidad de mantenimiento y reparaci\u00f3n del cilindro hidr\u00e1ulico.<\/li>\n<\/ul>\n<p>  <img decoding=\"async\" src=\"https:\/\/www.hydraulic-cylinders.net\/wp-content\/uploads\/2025\/01\/songte-oil-pipes-and-spare-parts.webp\" alt=\"Componentes del cilindro hidr\u00e1ulico\"><\/p>\n<h2>Sellado y lubricaci\u00f3n<\/h2>\n<p>El cilindro del cuchar\u00f3n utiliza diversos sellos, como sellos de pist\u00f3n y sellos de v\u00e1stago, fabricados con materiales resistentes al desgaste como poliuretano y caucho de nitrilo. El cuerpo del cilindro y los extremos roscados se someten a un tratamiento preciso para mejorar la resistencia al desgaste. Es necesaria una lubricaci\u00f3n regular con la cantidad adecuada de aceite hidr\u00e1ulico para mantener un funcionamiento \u00f3ptimo.<\/p>\n<h2>Medidas de mantenimiento y prevenci\u00f3n<\/h2>\n<ul>\n<li>Inspecci\u00f3n regular: Enfatizando la importancia de la inspecci\u00f3n regular para identificar problemas potenciales.<\/li>\n<li>Lubricaci\u00f3n adecuada: destacando la importancia de una lubricaci\u00f3n adecuada para un rendimiento \u00f3ptimo.<\/li>\n<li>Reemplazo del sello: se recomienda el reemplazo oportuno del sello para evitar fugas y garantizar la eficiencia.<\/li>\n<li>Comprobaci\u00f3n de calibraci\u00f3n: Se enfatiza la importancia de calibrar el cilindro para un funcionamiento preciso.<\/li>\n<\/ul>\n<p>  <img decoding=\"async\" src=\"https:\/\/www.hydraulic-cylinders.net\/wp-content\/uploads\/2025\/01\/songte-chushion-collar.webp\" alt=\"Mantenimiento de cilindros hidr\u00e1ulicos\"><\/p>\n<h2>Consideraciones de seguridad y factores ambientales<\/h2>\n<p>Discutir la importancia de las medidas de seguridad al utilizar el cilindro del cuchar\u00f3n y considerar los factores ambientales en su funcionamiento.<\/p>\n<h2>Soluci\u00f3n de problemas y problemas comunes<\/h2>\n<p>Identificar problemas comunes y brindar consejos y soluciones para diagnosticar y resolver problemas eficazmente. Recomendar medidas preventivas para minimizar posibles problemas.<\/p>\n<p>  <img decoding=\"async\" src=\"https:\/\/www.hydraulic-cylinders.net\/wp-content\/uploads\/2025\/01\/songte-bushings-with-all-kinds-of-excavator-models.webp\" alt=\"Soluci\u00f3n de problemas de cilindros hidr\u00e1ulicos\"><\/p>\n<h2>Acerca de nuestra empresa<\/h2>\n<p>Somos un fabricante y distribuidor mayorista l\u00edder de cilindros hidr\u00e1ulicos en el mercado nacional e internacional. Nuestra amplia gama de productos nos convierte en una de las mejores opciones del sector. Nos adherimos a los principios de excelente calidad y a una estrategia de gesti\u00f3n de producci\u00f3n industrializada, contando con profesionales cualificados, equipos de fabricaci\u00f3n avanzados y sistemas de prueba profesionales. Mejoramos continuamente nuestra plataforma de fabricaci\u00f3n y nuestras rutas de producci\u00f3n para garantizar la calidad de nuestros productos, lo que nos permite satisfacer las diversas necesidades de nuestros clientes con alta eficiencia, precisi\u00f3n y calidad.<\/p>\n<p>  <img decoding=\"async\" src=\"https:\/\/www.hydraulic-cylinders.net\/wp-content\/uploads\/2025\/01\/songte-company-3.webp\" alt=\"Informaci\u00f3n de la empresa\"><\/p>\n<h3>Aspectos destacados de nuestra empresa:<\/h3>\n<ul>\n<li>Experiencia: Destacamos nuestra experiencia en la producci\u00f3n de cilindros hidr\u00e1ulicos.<\/li>\n<li>Certificaciones Internacionales: Enfatizando nuestro compromiso con los est\u00e1ndares internacionales de calidad.<\/li>\n<li>Servicios de personalizaci\u00f3n: Ofrecemos soluciones personalizadas para satisfacer los requisitos espec\u00edficos del cliente.<\/li>\n<li>Equipo de producci\u00f3n: Descripci\u00f3n de nuestro equipo de producci\u00f3n de \u00faltima generaci\u00f3n.<\/li>\n<li>Servicio postventa: Garantizamos una excelente asistencia y soporte al cliente.<\/li>\n<\/ul>\n<p>Autor: lyl<\/p>\n<p><\/body><\/p>\n<p><\/html><\/p>","protected":false},"excerpt":{"rendered":"<p>Bucket Cylinder For Sunward Middle Excavator SWE210 Bucket Cylinder For Sunward Middle Excavator SWE210 Introduction The bucket cylinder is a specially designed hydraulic cylinder used to control the movement of the bucket in heavy machinery such as excavators, backhoe loaders, and front-end loaders. Its main function is to enable the bucket to lift, lower, and [&hellip;]<\/p>","protected":false},"featured_media":14765,"comment_status":"open","ping_status":"closed","template":"","meta":{"_et_pb_use_builder":"","_et_pb_old_content":"","_et_gb_content_width":""},"product_brand":[],"product_cat":[1494],"product_tag":[1495,1496],"class_list":{"0":"post-15519","1":"product","2":"type-product","3":"status-publish","4":"has-post-thumbnail","6":"product_cat-bucket-cylinders","7":"product_tag-bucket-cylinders","8":"product_tag-hydraulic-cylinders","10":"first","11":"instock","12":"shipping-taxable","13":"product-type-simple"},"amp_enabled":true,"_links":{"self":[{"href":"https:\/\/www.hydraulic-cylinders.net\/es\/wp-json\/wp\/v2\/product\/15519","targetHints":{"allow":["GET"]}}],"collection":[{"href":"https:\/\/www.hydraulic-cylinders.net\/es\/wp-json\/wp\/v2\/product"}],"about":[{"href":"https:\/\/www.hydraulic-cylinders.net\/es\/wp-json\/wp\/v2\/types\/product"}],"replies":[{"embeddable":true,"href":"https:\/\/www.hydraulic-cylinders.net\/es\/wp-json\/wp\/v2\/comments?post=15519"}],"wp:featuredmedia":[{"embeddable":true,"href":"https:\/\/www.hydraulic-cylinders.net\/es\/wp-json\/wp\/v2\/media\/14765"}],"wp:attachment":[{"href":"https:\/\/www.hydraulic-cylinders.net\/es\/wp-json\/wp\/v2\/media?parent=15519"}],"wp:term":[{"taxonomy":"product_brand","embeddable":true,"href":"https:\/\/www.hydraulic-cylinders.net\/es\/wp-json\/wp\/v2\/product_brand?post=15519"},{"taxonomy":"product_cat","embeddable":true,"href":"https:\/\/www.hydraulic-cylinders.net\/es\/wp-json\/wp\/v2\/product_cat?post=15519"},{"taxonomy":"product_tag","embeddable":true,"href":"https:\/\/www.hydraulic-cylinders.net\/es\/wp-json\/wp\/v2\/product_tag?post=15519"}],"curies":[{"name":"wp","href":"https:\/\/api.w.org\/{rel}","templated":true}]}}