{"id":15520,"date":"2025-01-19T14:37:58","date_gmt":"2025-01-19T14:37:58","guid":{"rendered":"https:\/\/www.hydraulic-cylinders.net\/product\/bucket-cylinder-for-sunward-middle-excavator-swe26olc\/"},"modified":"2025-01-19T14:38:00","modified_gmt":"2025-01-19T14:38:00","slug":"bucket-cylinder-for-sunward-middle-excavator-swe26olc","status":"publish","type":"product","link":"https:\/\/www.hydraulic-cylinders.net\/es\/producto\/bucket-cylinder-for-sunward-middle-excavator-swe26olc\/","title":{"rendered":"Cilindro de cuchar\u00f3n para excavadora central Sunward SWE26OLC"},"content":{"rendered":"<h1>Cilindro de cuchar\u00f3n para excavadora central Sunward SWE26OLC<\/h1>\n<h2>Introducci\u00f3n<\/h2>\n<p>Un cilindro de cuchara es un cilindro hidr\u00e1ulico especialmente dise\u00f1ado que se utiliza principalmente para controlar el movimiento de las cucharas en maquinaria pesada, como excavadoras, retroexcavadoras y cargadoras frontales. Su funci\u00f3n principal es permitir que la cuchara se eleve, baje e incline, facilitando as\u00ed diversas tareas de manipulaci\u00f3n de materiales. En el sistema hidr\u00e1ulico, el cilindro de la cuchara controla con precisi\u00f3n el movimiento de la cuchara variando la presi\u00f3n del aceite hidr\u00e1ulico, lo que permite a los operadores manipular objetos pesados \u200b\u200bcon eficiencia y adaptarse a entornos de trabajo complejos y a diversos requisitos.<\/p>\n<p><img decoding=\"async\" src=\"https:\/\/www.hydraulic-cylinders.net\/wp-content\/uploads\/2025\/01\/songte-company-2.webp\" alt=\"Imagen del cilindro del cubo\"><\/p>\n<h2>Caracter\u00edsticas<\/h2>\n<ul>\n<li>Alta resistencia y durabilidad: generalmente fabricado en acero o aluminio de alta resistencia, puede soportar alta presi\u00f3n y cargas pesadas, adaptarse a entornos de trabajo hostiles y est\u00e1 dise\u00f1ado teniendo en cuenta la resistencia al desgaste y la corrosi\u00f3n para extender su vida \u00fatil.<\/li>\n<li>Operaci\u00f3n hidr\u00e1ulica eficiente: utiliza presi\u00f3n de aceite hidr\u00e1ulico para lograr una extensi\u00f3n y retracci\u00f3n suaves, puede responder r\u00e1pidamente a los comandos de control, proporcionar poderosas fuerzas de empuje y tracci\u00f3n y es adecuado para manipular objetos pesados \u200b\u200b\u200b\u200by tareas laborales complejas.<\/li>\n<li>M\u00faltiples tipos: Puede elegir entre cilindros de simple efecto (hidr\u00e1ulicos en una sola direcci\u00f3n) o de doble efecto (hidr\u00e1ulicos en ambas direcciones) seg\u00fan sea necesario para satisfacer diferentes requisitos operativos. Algunos modelos son telesc\u00f3picos, lo que permite una mayor extensi\u00f3n sin aumentar las dimensiones externas, lo que los hace ideales para aplicaciones con espacio limitado.<\/li>\n<li>Producci\u00f3n: Nuestra empresa puede producir este producto y nuestro producto puede ser un reemplazo perfecto para estos cilindros hidr\u00e1ulicos.<\/li>\n<\/ul>\n<p><img decoding=\"async\" src=\"https:\/\/www.hydraulic-cylinders.net\/wp-content\/uploads\/2025\/01\/songte-cylinder-head-with-all-kinds-excavator-models.webp\" alt=\"Imagen de reemplazo del cilindro del cuchar\u00f3n\"><\/p>\n<h2>Aplicaciones<\/h2>\n<p>El cilindro de cuchara tiene diversas aplicaciones en diferentes industrias como:<\/p>\n<ul>\n<li>Equipos de construcci\u00f3n: En las excavadoras, son cruciales para excavar, cargar y mover tierra o escombros. En las retroexcavadoras, el cilindro del cuchar\u00f3n facilita tanto la excavaci\u00f3n como la elevaci\u00f3n. <\/li>\n<li>Maquinaria agr\u00edcola: Se utiliza para cargadores frontales, para recoger, levantar y transportar tierra, heno y otros materiales. <\/li>\n<li>Excavadoras: El cilindro del cuchar\u00f3n logra la acci\u00f3n de excavaci\u00f3n al permitir que el cuchar\u00f3n penetre en el suelo. <\/li>\n<li>Cargadores frontales: En los cargadores frontales, ayudan a levantar e inclinar mercanc\u00edas de manera eficaz.<\/li>\n<\/ul>\n<p>El cilindro de cuchara se puede utilizar para diversas tareas en diferentes industrias, lo que lo convierte en un equipo vers\u00e1til.<\/p>\n<h2>Consideraciones de dise\u00f1o y criterios de selecci\u00f3n<\/h2>\n<p>Las consideraciones de dise\u00f1o para los cilindros de cangilones incluyen la capacidad de carga, la hermeticidad, la durabilidad, la seguridad y la facilidad de mantenimiento. Nuestros cilindros de cangilones est\u00e1n dise\u00f1ados para soportar cargas pesadas, con un sellado superior que evita fugas y garantiza una larga vida \u00fatil. Est\u00e1n fabricados con materiales duraderos y dise\u00f1ados pensando en la seguridad y el mantenimiento. <\/p>\n<p>Algunos de los criterios de selecci\u00f3n para cilindros de cangilones incluyen el di\u00e1metro y la carrera del cilindro, el rango de presi\u00f3n y temperatura de funcionamiento, y el espacio de instalaci\u00f3n. Nuestros productos cuentan con una amplia gama de especificaciones para satisfacer diferentes requisitos.<\/p>\n<p><img decoding=\"async\" src=\"https:\/\/www.hydraulic-cylinders.net\/wp-content\/uploads\/2025\/01\/songte-oil-pipes-and-spare-parts.webp\" alt=\"Imagen de repuestos para cilindro de cuchar\u00f3n\"><\/p>\n<h2>Sellado y lubricaci\u00f3n<\/h2>\n<p>Nuestros cilindros de cangilones utilizan diversos sellos, como sellos de pist\u00f3n, sellos de v\u00e1stago, etc., fabricados con materiales resistentes al desgaste como poliuretano y caucho de nitrilo. El cuerpo del cilindro y la superficie del extremo roscado est\u00e1n finamente procesados \u200b\u200bpara mejorar la resistencia al desgaste. Se requiere lubricaci\u00f3n regular con aceite hidr\u00e1ulico adecuado para garantizar un funcionamiento sin problemas.<\/p>\n<h2>Mantenimiento y reparaci\u00f3n<\/h2>\n<p>Las inspecciones peri\u00f3dicas, la lubricaci\u00f3n adecuada, el reemplazo de sellos y las comprobaciones de calibraci\u00f3n son tareas comunes de mantenimiento para los cilindros de cangilones. Una instalaci\u00f3n, lubricaci\u00f3n y ajuste adecuados son esenciales para garantizar su larga vida \u00fatil. Durante la instalaci\u00f3n, es fundamental alinear el cilindro correctamente y utilizar soportes de instalaci\u00f3n adecuados para asegurarlo. Recomendamos realizar inspecciones, reparaciones y reemplazos peri\u00f3dicos para prolongar la vida \u00fatil de los cilindros de cangilones.<\/p>\n<p><img decoding=\"async\" src=\"https:\/\/www.hydraulic-cylinders.net\/wp-content\/uploads\/2025\/01\/songte-chushion-collar.webp\" alt=\"Imagen de piezas de repuesto del cilindro del cubo\"><\/p>\n<h2>Consideraciones de seguridad y factores ambientales<\/h2>\n<p>Las medidas de seguridad para los cilindros de cangilones incluyen la instalaci\u00f3n, el mantenimiento y el funcionamiento adecuados para prevenir accidentes. Factores ambientales como la temperatura, la humedad y los contaminantes pueden afectar el rendimiento de los cilindros de cangilones, por lo que se deben tomar las medidas adecuadas para abordar estos problemas.<\/p>\n<h2>Soluci\u00f3n de problemas y problemas comunes<\/h2>\n<p>Los problemas comunes con los cilindros de la cuchara incluyen fugas, potencia insuficiente y ruidos anormales. Si surge alguno de estos problemas, se recomienda consultar a un t\u00e9cnico profesional. El mantenimiento y la inspecci\u00f3n regulares pueden ayudar a prevenirlos.<\/p>\n<p><img decoding=\"async\" src=\"https:\/\/www.hydraulic-cylinders.net\/wp-content\/uploads\/2025\/01\/songte-bushings-with-all-kinds-of-excavator-models.webp\" alt=\"Imagen del buje del cilindro del cuchar\u00f3n\"><\/p>\n<h2>Acerca de nuestra empresa<\/h2>\n<p>Somos fabricantes de cilindros hidr\u00e1ulicos de repuesto y ofrecemos una amplia gama de productos. Como fabricante y mayorista l\u00edder de cilindros hidr\u00e1ulicos en el mercado nacional e internacional, nos adherimos a los principios de excelencia en calidad y nos basamos en estrategias de gesti\u00f3n de producci\u00f3n industrializadas en talleres de alta calidad. Nos esforzamos por mejorar nuestra plataforma de fabricaci\u00f3n, perfeccionar nuestras l\u00edneas de producci\u00f3n de calidad y contamos con una s\u00f3lida capacidad creativa para satisfacer las diversas necesidades de nuestros clientes con eficiencia, precisi\u00f3n y alta calidad. <\/p>\n<p>Brindamos servicios profesionales, certificaciones internacionales, servicios personalizados, equipos de producci\u00f3n avanzados y servicios postventa a nuestros clientes.<\/p>\n<p><img decoding=\"async\" src=\"https:\/\/hzpt.com\/wp-content\/uploads\/2024\/11\/songte-company-1.webp\" alt=\"Imagen de la empresa\"><\/p>\n<p>Autor: lyl.<\/p>","protected":false},"excerpt":{"rendered":"<p>Bucket Cylinder For Sunward Middle Excavator SWE26OLC Introduction A bucket cylinder is a specially designed hydraulic cylinder mainly used for controlling the movement of buckets in heavy machinery such as excavators, backhoe excavators, and front-end loaders. Its main function is to enable the bucket to lift, lower, and tilt, thus facilitating various material handling tasks. [&hellip;]<\/p>","protected":false},"featured_media":14762,"comment_status":"open","ping_status":"closed","template":"","meta":{"_et_pb_use_builder":"","_et_pb_old_content":"","_et_gb_content_width":""},"product_brand":[],"product_cat":[1494],"product_tag":[1495,1496],"class_list":{"0":"post-15520","1":"product","2":"type-product","3":"status-publish","4":"has-post-thumbnail","6":"product_cat-bucket-cylinders","7":"product_tag-bucket-cylinders","8":"product_tag-hydraulic-cylinders","10":"first","11":"instock","12":"shipping-taxable","13":"product-type-simple"},"amp_enabled":true,"_links":{"self":[{"href":"https:\/\/www.hydraulic-cylinders.net\/es\/wp-json\/wp\/v2\/product\/15520","targetHints":{"allow":["GET"]}}],"collection":[{"href":"https:\/\/www.hydraulic-cylinders.net\/es\/wp-json\/wp\/v2\/product"}],"about":[{"href":"https:\/\/www.hydraulic-cylinders.net\/es\/wp-json\/wp\/v2\/types\/product"}],"replies":[{"embeddable":true,"href":"https:\/\/www.hydraulic-cylinders.net\/es\/wp-json\/wp\/v2\/comments?post=15520"}],"wp:featuredmedia":[{"embeddable":true,"href":"https:\/\/www.hydraulic-cylinders.net\/es\/wp-json\/wp\/v2\/media\/14762"}],"wp:attachment":[{"href":"https:\/\/www.hydraulic-cylinders.net\/es\/wp-json\/wp\/v2\/media?parent=15520"}],"wp:term":[{"taxonomy":"product_brand","embeddable":true,"href":"https:\/\/www.hydraulic-cylinders.net\/es\/wp-json\/wp\/v2\/product_brand?post=15520"},{"taxonomy":"product_cat","embeddable":true,"href":"https:\/\/www.hydraulic-cylinders.net\/es\/wp-json\/wp\/v2\/product_cat?post=15520"},{"taxonomy":"product_tag","embeddable":true,"href":"https:\/\/www.hydraulic-cylinders.net\/es\/wp-json\/wp\/v2\/product_tag?post=15520"}],"curies":[{"name":"wp","href":"https:\/\/api.w.org\/{rel}","templated":true}]}}