{"id":15522,"date":"2025-01-19T14:38:06","date_gmt":"2025-01-19T14:38:06","guid":{"rendered":"https:\/\/www.hydraulic-cylinders.net\/product\/bucket-cylinder-for-sunward-middle-excavator-swe230e\/"},"modified":"2025-01-19T14:38:08","modified_gmt":"2025-01-19T14:38:08","slug":"bucket-cylinder-for-sunward-middle-excavator-swe230e","status":"publish","type":"product","link":"https:\/\/www.hydraulic-cylinders.net\/es\/producto\/bucket-cylinder-for-sunward-middle-excavator-swe230e\/","title":{"rendered":"Cilindro de cuchar\u00f3n para excavadora central Sunward SWE230E"},"content":{"rendered":"<p><!DOCTYPE html><br \/>\n<html><br \/>\n<head><br \/>\n<title>Cilindro de cuchar\u00f3n para excavadora central Sunward SWE230E<\/title><br \/>\n<\/head><br \/>\n<body><\/p>\n<h1>Cilindro de cuchar\u00f3n para excavadora central Sunward SWE230E<\/h1>\n<h2>Introducci\u00f3n<\/h2>\n<p>Un cilindro de cuchar\u00f3n es un cilindro hidr\u00e1ulico especialmente dise\u00f1ado que se utiliza para controlar el movimiento del cuchar\u00f3n en maquinaria pesada como excavadoras, retroexcavadoras y cargadoras frontales. Su funci\u00f3n principal es permitir que el cuchar\u00f3n se eleve, baje e incline, lo que facilita diversas tareas de manipulaci\u00f3n de materiales. En el sistema hidr\u00e1ulico, el cilindro del cuchar\u00f3n logra un control preciso del cuchar\u00f3n variando la presi\u00f3n del aceite hidr\u00e1ulico, lo que permite a los operadores manipular cargas pesadas con eficiencia y adaptarse a entornos de trabajo complejos y diversos requisitos operativos.<\/p>\n<p><img decoding=\"async\" src=\"https:\/\/www.hydraulic-cylinders.net\/wp-content\/uploads\/2025\/01\/songte-company-2.webp\" alt=\"Imagen del producto\"><\/p>\n<h2>Caracter\u00edsticas<\/h2>\n<ul>\n<li>Alta resistencia y durabilidad: Fabricado generalmente en acero o aluminio de alta resistencia, el cilindro del cuchar\u00f3n soporta alta presi\u00f3n y cargas pesadas, adapt\u00e1ndose a entornos de trabajo hostiles. Su dise\u00f1o considera la resistencia al desgaste y a la corrosi\u00f3n para prolongar su vida \u00fatil.<\/li>\n<li>Operaci\u00f3n hidr\u00e1ulica eficiente: al utilizar la presi\u00f3n del aceite hidr\u00e1ulico, el cilindro del cuchar\u00f3n permite movimientos telesc\u00f3picos suaves, una respuesta r\u00e1pida a los comandos de control y proporciona poderosas fuerzas de empuje y tracci\u00f3n, adecuadas para manipular cargas pesadas y tareas operativas complejas.<\/li>\n<li>Varios tipos: El cilindro del cuchar\u00f3n puede seleccionarse como de simple efecto (hidr\u00e1ulico en una sola direcci\u00f3n) o de doble efecto (hidr\u00e1ulico en ambas direcciones) seg\u00fan las necesidades operativas. Algunos modelos son telesc\u00f3picos, lo que permite una mayor extensi\u00f3n sin aumentar las dimensiones externas, lo que los hace ideales para aplicaciones con espacio limitado.<\/li>\n<li>Reemplazo perfecto: Nuestros productos pueden reemplazar perfectamente estos cilindros hidr\u00e1ulicos.<\/li>\n<\/ul>\n<p><img decoding=\"async\" src=\"https:\/\/www.hydraulic-cylinders.net\/wp-content\/uploads\/2025\/01\/songte-cylinder-head-with-all-kinds-excavator-models.webp\" alt=\"Imagen del producto\"><\/p>\n<h2>Aplicaciones<\/h2>\n<ul>\n<li>Equipos de construcci\u00f3n: Presentes en las excavadoras, son cruciales para excavar, cargar y mover tierra o escombros. En las retroexcavadoras, el cilindro del cuchar\u00f3n facilita tanto la excavaci\u00f3n como la elevaci\u00f3n.<\/li>\n<li>Maquinaria agr\u00edcola: Se utilizan en cargadores frontales y ayudan a recoger, levantar y transportar tierra, heno y otros materiales.<\/li>\n<li>Excavadoras: El cilindro del cuchar\u00f3n permite realizar acciones de excavaci\u00f3n al permitir que el cuchar\u00f3n penetre en el suelo.<\/li>\n<li>Cargadores: En los cargadores frontales, ayudan a levantar e inclinar cargas de manera efectiva.<\/li>\n<\/ul>\n<h2>Consideraciones de dise\u00f1o y criterios de selecci\u00f3n<\/h2>\n<ul>\n<li>Capacidad de carga: Analice la capacidad de soportar cargas.<\/li>\n<li>Sellado: Analice la importancia de un sellado adecuado para evitar fugas.<\/li>\n<li>Durabilidad: Analice la durabilidad del cilindro del cuchar\u00f3n.<\/li>\n<li>Seguridad: Analice las consideraciones de seguridad en el dise\u00f1o del cilindro.<\/li>\n<li>Mantenibilidad: Analice la facilidad de mantenimiento y reparaciones.<\/li>\n<\/ul>\n<p><img decoding=\"async\" src=\"https:\/\/www.hydraulic-cylinders.net\/wp-content\/uploads\/2025\/01\/songte-oil-pipes-and-spare-parts.webp\" alt=\"Imagen del producto\"><\/p>\n<h2>Sellado y lubricaci\u00f3n<\/h2>\n<p>El cilindro del cuchar\u00f3n utiliza diversos sellos, como sellos de pist\u00f3n y sellos de v\u00e1stago, fabricados con materiales resistentes al desgaste como poliuretano y caucho de nitrilo. El cuerpo del cilindro y la superficie roscada del extremo se someten a un tratamiento de precisi\u00f3n para mejorar la resistencia al desgaste. Para una lubricaci\u00f3n adecuada, se requiere una lubricaci\u00f3n regular con una cantidad adecuada de aceite hidr\u00e1ulico.<\/p>\n<h2>Inspecci\u00f3n y mantenimiento preventivo<\/h2>\n<ul>\n<li>Inspecci\u00f3n regular: Analice la importancia de las inspecciones regulares.<\/li>\n<li>Lubricaci\u00f3n adecuada: Enfatizar la necesidad de una lubricaci\u00f3n adecuada.<\/li>\n<li>Reemplazo del sello: brindar orientaci\u00f3n sobre el reemplazo del sello.<\/li>\n<li>Comprobaciones de calibraci\u00f3n: Explique la importancia de calibrar el cilindro.<\/li>\n<\/ul>\n<p><img decoding=\"async\" src=\"https:\/\/www.hydraulic-cylinders.net\/wp-content\/uploads\/2025\/01\/songte-chushion-collar.webp\" alt=\"Imagen del producto\"><\/p>\n<h2>Consideraciones de seguridad y factores ambientales<\/h2>\n<p>Analice la importancia de las medidas de seguridad al utilizar el cilindro del cubo con palabras clave y considere los factores ambientales.<\/p>\n<h2>Soluci\u00f3n de problemas y problemas comunes<\/h2>\n<p>Analice problemas comunes y proporcione consejos y soluciones para ayudar a los lectores a diagnosticar y resolver problemas eficazmente. Adem\u00e1s, sugiera medidas preventivas para minimizar posibles problemas.<\/p>\n<p><img decoding=\"async\" src=\"https:\/\/www.hydraulic-cylinders.net\/wp-content\/uploads\/2025\/01\/songte-bushings-with-all-kinds-of-excavator-models.webp\" alt=\"Imagen del producto\"><\/p>\n<h2>Introducci\u00f3n de la empresa<\/h2>\n<p>Somos un fabricante y distribuidor mayorista l\u00edder de cilindros hidr\u00e1ulicos en el mercado nacional e internacional. Nuestra empresa ofrece una amplia gama de productos y est\u00e1 comprometida con la excelencia en la calidad. Gracias a nuestra estrategia de gesti\u00f3n de producci\u00f3n industrializada, que utiliza talento tecnol\u00f3gico, equipos de fabricaci\u00f3n digitales de alta gama y sistemas de prueba profesionales, mejoramos continuamente nuestra plataforma de fabricaci\u00f3n para garantizar la calidad de nuestros productos. Contamos con una s\u00f3lida capacidad para crear productos de alta eficiencia, precisi\u00f3n y calidad que satisfacen las diversas necesidades de nuestros clientes.<\/p>\n<p><img decoding=\"async\" src=\"https:\/\/hzpt.com\/wp-content\/uploads\/2024\/11\/songte-company-1.webp\" alt=\"Imagen de la empresa\"><\/p>\n<h3>Nuestra empresa destaca:<\/h3>\n<ul>\n<li>Profesionalismo<\/li>\n<li>Certificaciones internacionales<\/li>\n<li>Servicios de personalizaci\u00f3n<\/li>\n<li>Equipos de producci\u00f3n<\/li>\n<li>Servicio posventa<\/li>\n<\/ul>\n<p><img decoding=\"async\" src=\"https:\/\/www.hydraulic-cylinders.net\/wp-content\/uploads\/2025\/01\/songte-company-3.webp\" alt=\"Imagen de la empresa\"><\/p>\n<p>Autor: lyl<\/p>\n<p><\/body><br \/>\n<\/html><\/p>","protected":false},"excerpt":{"rendered":"<p>Bucket Cylinder For Sunward Middle Excavator SWE230E Bucket Cylinder For Sunward Middle Excavator SWE230E Introduction A bucket cylinder is a specially designed hydraulic cylinder used to control the movement of the bucket in heavy machinery such as excavators, backhoe loaders, and front-end loaders. Its main function is to enable the bucket to lift, lower, and [&hellip;]<\/p>","protected":false},"featured_media":14789,"comment_status":"open","ping_status":"closed","template":"","meta":{"_et_pb_use_builder":"","_et_pb_old_content":"","_et_gb_content_width":""},"product_brand":[],"product_cat":[1494],"product_tag":[1495,1496],"class_list":{"0":"post-15522","1":"product","2":"type-product","3":"status-publish","4":"has-post-thumbnail","6":"product_cat-bucket-cylinders","7":"product_tag-bucket-cylinders","8":"product_tag-hydraulic-cylinders","10":"first","11":"instock","12":"shipping-taxable","13":"product-type-simple"},"amp_enabled":true,"_links":{"self":[{"href":"https:\/\/www.hydraulic-cylinders.net\/es\/wp-json\/wp\/v2\/product\/15522","targetHints":{"allow":["GET"]}}],"collection":[{"href":"https:\/\/www.hydraulic-cylinders.net\/es\/wp-json\/wp\/v2\/product"}],"about":[{"href":"https:\/\/www.hydraulic-cylinders.net\/es\/wp-json\/wp\/v2\/types\/product"}],"replies":[{"embeddable":true,"href":"https:\/\/www.hydraulic-cylinders.net\/es\/wp-json\/wp\/v2\/comments?post=15522"}],"wp:featuredmedia":[{"embeddable":true,"href":"https:\/\/www.hydraulic-cylinders.net\/es\/wp-json\/wp\/v2\/media\/14789"}],"wp:attachment":[{"href":"https:\/\/www.hydraulic-cylinders.net\/es\/wp-json\/wp\/v2\/media?parent=15522"}],"wp:term":[{"taxonomy":"product_brand","embeddable":true,"href":"https:\/\/www.hydraulic-cylinders.net\/es\/wp-json\/wp\/v2\/product_brand?post=15522"},{"taxonomy":"product_cat","embeddable":true,"href":"https:\/\/www.hydraulic-cylinders.net\/es\/wp-json\/wp\/v2\/product_cat?post=15522"},{"taxonomy":"product_tag","embeddable":true,"href":"https:\/\/www.hydraulic-cylinders.net\/es\/wp-json\/wp\/v2\/product_tag?post=15522"}],"curies":[{"name":"wp","href":"https:\/\/api.w.org\/{rel}","templated":true}]}}