{"id":15525,"date":"2025-01-19T14:38:19","date_gmt":"2025-01-19T14:38:19","guid":{"rendered":"https:\/\/www.hydraulic-cylinders.net\/product\/bucket-cylinder-for-sunward-large-excavator-swe365e\/"},"modified":"2025-01-19T14:38:21","modified_gmt":"2025-01-19T14:38:21","slug":"bucket-cylinder-for-sunward-large-excavator-swe365e","status":"publish","type":"product","link":"https:\/\/www.hydraulic-cylinders.net\/es\/producto\/bucket-cylinder-for-sunward-large-excavator-swe365e\/","title":{"rendered":"Cilindro de cuchar\u00f3n para excavadora grande Sunward SWE365E"},"content":{"rendered":"<p><!DOCTYPE html><br \/>\n<html><br \/>\n<head><br \/>\n<title>Cilindro de cuchar\u00f3n para excavadora grande Sunward SWE365E<\/title><br \/>\n<\/head><br \/>\n<body><\/p>\n<h1>Cilindro de cuchar\u00f3n para excavadora grande Sunward SWE365E<\/h1>\n<h2>Introducci\u00f3n<\/h2>\n<p>Un cilindro de cuchar\u00f3n es un cilindro hidr\u00e1ulico dise\u00f1ado espec\u00edficamente para controlar el movimiento de los cucharones en maquinaria pesada, como excavadoras, retroexcavadoras y cargadoras frontales. Su funci\u00f3n principal es permitir la elevaci\u00f3n, el descenso y la inclinaci\u00f3n del cuchar\u00f3n, lo que facilita diversas tareas de manipulaci\u00f3n de materiales. En un sistema hidr\u00e1ulico, el cilindro del cuchar\u00f3n logra un control preciso del cuchar\u00f3n mediante el aprovechamiento de los cambios de presi\u00f3n en el aceite hidr\u00e1ulico, lo que permite a los operadores manipular cargas pesadas de forma eficiente y adaptarse a entornos de trabajo complejos y a diversos requisitos.<\/p>\n<p><img decoding=\"async\" src=\"https:\/\/www.hydraulic-cylinders.net\/wp-content\/uploads\/2025\/01\/songte-company-2.webp\" alt=\"Imagen del cilindro del cubo\"><\/p>\n<h2>Caracter\u00edsticas<\/h2>\n<ul>\n<li>Alta resistencia y durabilidad: Fabricado generalmente en acero o aluminio de alta resistencia, soporta alta presi\u00f3n y cargas pesadas, adapt\u00e1ndose a entornos de trabajo hostiles. Su dise\u00f1o considera la resistencia al desgaste y a la corrosi\u00f3n, lo que prolonga su vida \u00fatil.<\/li>\n<li>Operaci\u00f3n hidr\u00e1ulica eficiente: Utilizando la presi\u00f3n del aceite hidr\u00e1ulico, logra movimientos suaves de extensi\u00f3n y retracci\u00f3n, proporcionando potentes fuerzas de empuje y tracci\u00f3n. Es ideal para manipular cargas pesadas y realizar tareas complejas.<\/li>\n<li>Diversos tipos: Disponibles en cilindros de simple efecto (presi\u00f3n hidr\u00e1ulica en una sola direcci\u00f3n) o de doble efecto (presi\u00f3n hidr\u00e1ulica en ambas direcciones) para satisfacer diversas necesidades operativas. Algunos modelos son telesc\u00f3picos, lo que permite una mayor extensi\u00f3n sin aumentar las dimensiones externas, lo que los hace ideales para aplicaciones con espacio limitado.<\/li>\n<li>Reemplazo perfecto: Nuestros productos pueden sustituir perfectamente estos cilindros hidr\u00e1ulicos.<\/li>\n<\/ul>\n<p><img decoding=\"async\" src=\"https:\/\/www.hydraulic-cylinders.net\/wp-content\/uploads\/2025\/01\/songte-cylinder-head-with-all-kinds-excavator-models.webp\" alt=\"Imagen de cilindro hidr\u00e1ulico\"><\/p>\n<h2>Aplicaciones<\/h2>\n<p>El cilindro de cuchara encuentra aplicaciones esenciales en diversos equipos:<\/p>\n<ul>\n<li>Equipos de construcci\u00f3n: En las excavadoras, son vitales para excavar, cargar y mover tierra o escombros. En las retroexcavadoras, el cilindro del cuchar\u00f3n facilita tanto la excavaci\u00f3n como la elevaci\u00f3n.<\/li>\n<li>Maquinaria agr\u00edcola: Se utiliza en cargadores frontales para recoger, levantar y transportar tierra, heno y otros materiales.<\/li>\n<li>Excavadoras: El cilindro del cuchar\u00f3n permite realizar acciones de excavaci\u00f3n al permitir que el cuchar\u00f3n penetre en el suelo.<\/li>\n<li>Cargadores: En los cargadores frontales, ayudan a levantar e inclinar las mercanc\u00edas de manera eficaz.<\/li>\n<\/ul>\n<h2>Consideraciones de dise\u00f1o y criterios de selecci\u00f3n<\/h2>\n<p>Al dise\u00f1ar cilindros de cangilones, se deben tener en cuenta varios factores clave:<\/p>\n<ul>\n<li>Capacidad de carga<\/li>\n<li>Rendimiento de sellado<\/li>\n<li>Durabilidad<\/li>\n<li>Seguridad<\/li>\n<li>Mantenibilidad<\/li>\n<\/ul>\n<p><img decoding=\"async\" src=\"https:\/\/www.hydraulic-cylinders.net\/wp-content\/uploads\/2025\/01\/songte-oil-pipes-and-spare-parts.webp\" alt=\"Imagen de los componentes del cilindro hidr\u00e1ulico\"><\/p>\n<h2>Sellado y lubricaci\u00f3n<\/h2>\n<p>Se utilizan diversos sellos, como sellos de pist\u00f3n y de v\u00e1stago, para garantizar un sellado adecuado. Estos sellos est\u00e1n fabricados con materiales resistentes al desgaste, como poliuretano y caucho de nitrilo. El cuerpo del cilindro y las superficies roscadas de los extremos est\u00e1n finamente procesadas para mejorar la resistencia al desgaste. Es necesaria una lubricaci\u00f3n regular con la cantidad adecuada de aceite hidr\u00e1ulico.<\/p>\n<h2>Inspecciones regulares y mantenimiento preventivo<\/h2>\n<p>Para garantizar un rendimiento \u00f3ptimo y una larga vida \u00fatil, se deben implementar inspecciones peri\u00f3dicas y medidas de mantenimiento preventivo:<\/p>\n<ul>\n<li>Inspecci\u00f3n y ajuste de la alineaci\u00f3n durante la instalaci\u00f3n<\/li>\n<li>Lubricaci\u00f3n peri\u00f3dica<\/li>\n<li>Reemplazo del sello<\/li>\n<li>Comprobaciones de calibraci\u00f3n<\/li>\n<\/ul>\n<p><img decoding=\"async\" src=\"https:\/\/www.hydraulic-cylinders.net\/wp-content\/uploads\/2025\/01\/songte-chushion-collar.webp\" alt=\"Imagen de instalaci\u00f3n del cilindro hidr\u00e1ulico\"><\/p>\n<h2>Consideraciones de seguridad y factores ambientales<\/h2>\n<p>Al utilizar cilindros hidr\u00e1ulicos, las precauciones de seguridad son de suma importancia. La instalaci\u00f3n correcta, el mantenimiento regular y el cumplimiento de las normas de seguridad garantizan un funcionamiento seguro. Tambi\u00e9n se deben considerar los factores ambientales para minimizar cualquier impacto negativo.<\/p>\n<h2>Soluci\u00f3n de problemas y problemas comunes<\/h2>\n<p>Los problemas comunes que pueden surgir con los cilindros de los cangilones incluyen fugas, rendimiento reducido y ruidos anormales. A continuaci\u00f3n, se ofrecen algunos consejos y soluciones para diagnosticar y resolver problemas:<\/p>\n<ul>\n<li>Inspeccione y mantenga peri\u00f3dicamente el cilindro.<\/li>\n<li>Alinee correctamente el cilindro durante la instalaci\u00f3n<\/li>\n<li>Aseg\u00farese de que haya una lubricaci\u00f3n adecuada<\/li>\n<li>Reemplazar componentes desgastados<\/li>\n<\/ul>\n<p><img decoding=\"async\" src=\"https:\/\/www.hydraulic-cylinders.net\/wp-content\/uploads\/2025\/01\/songte-bushings-with-all-kinds-of-excavator-models.webp\" alt=\"Imagen de bujes de cilindros hidr\u00e1ulicos\"><\/p>\n<h2>Acerca de nuestra empresa<\/h2>\n<p>Somos un fabricante y distribuidor mayorista l\u00edder de cilindros hidr\u00e1ulicos en el mercado nacional e internacional. Con una amplia gama de productos, nos adherimos a los principios de excelencia y satisfacemos las diversas necesidades de nuestros clientes con alta eficiencia, precisi\u00f3n y calidad. Nuestra empresa cuenta con instalaciones de fabricaci\u00f3n avanzadas, un equipo de expertos t\u00e9cnicos y un sistema de pruebas profesional para garantizar la producci\u00f3n de cilindros hidr\u00e1ulicos de primera calidad.<\/p>\n<p><img decoding=\"async\" src=\"https:\/\/www.hydraulic-cylinders.net\/wp-content\/uploads\/2025\/01\/songte-company-3.webp\" alt=\"Imagen de la empresa\"><\/p>\n<p><em>Autor: lyl<\/em><\/p>\n<p><img decoding=\"async\" src=\"https:\/\/hzpt.com\/wp-content\/uploads\/2024\/11\/songte-company-1.webp\" alt=\"Imagen de la empresa\"><\/p>\n<p><\/body><br \/>\n<\/html><\/p>","protected":false},"excerpt":{"rendered":"<p>Bucket Cylinder For Sunward Large Excavator SWE365E Bucket Cylinder For Sunward Large Excavator SWE365E Introduction A bucket cylinder is a specifically designed hydraulic cylinder used to control the movement of buckets in heavy machinery such as excavators, backhoe loaders, and front loaders. Its main function is to enable the lifting, lowering, and tilting of the [&hellip;]<\/p>","protected":false},"featured_media":14785,"comment_status":"open","ping_status":"closed","template":"","meta":{"_et_pb_use_builder":"","_et_pb_old_content":"","_et_gb_content_width":""},"product_brand":[],"product_cat":[1494],"product_tag":[1495,1496],"class_list":{"0":"post-15525","1":"product","2":"type-product","3":"status-publish","4":"has-post-thumbnail","6":"product_cat-bucket-cylinders","7":"product_tag-bucket-cylinders","8":"product_tag-hydraulic-cylinders","10":"first","11":"instock","12":"shipping-taxable","13":"product-type-simple"},"amp_enabled":true,"_links":{"self":[{"href":"https:\/\/www.hydraulic-cylinders.net\/es\/wp-json\/wp\/v2\/product\/15525","targetHints":{"allow":["GET"]}}],"collection":[{"href":"https:\/\/www.hydraulic-cylinders.net\/es\/wp-json\/wp\/v2\/product"}],"about":[{"href":"https:\/\/www.hydraulic-cylinders.net\/es\/wp-json\/wp\/v2\/types\/product"}],"replies":[{"embeddable":true,"href":"https:\/\/www.hydraulic-cylinders.net\/es\/wp-json\/wp\/v2\/comments?post=15525"}],"wp:featuredmedia":[{"embeddable":true,"href":"https:\/\/www.hydraulic-cylinders.net\/es\/wp-json\/wp\/v2\/media\/14785"}],"wp:attachment":[{"href":"https:\/\/www.hydraulic-cylinders.net\/es\/wp-json\/wp\/v2\/media?parent=15525"}],"wp:term":[{"taxonomy":"product_brand","embeddable":true,"href":"https:\/\/www.hydraulic-cylinders.net\/es\/wp-json\/wp\/v2\/product_brand?post=15525"},{"taxonomy":"product_cat","embeddable":true,"href":"https:\/\/www.hydraulic-cylinders.net\/es\/wp-json\/wp\/v2\/product_cat?post=15525"},{"taxonomy":"product_tag","embeddable":true,"href":"https:\/\/www.hydraulic-cylinders.net\/es\/wp-json\/wp\/v2\/product_tag?post=15525"}],"curies":[{"name":"wp","href":"https:\/\/api.w.org\/{rel}","templated":true}]}}