{"id":15535,"date":"2025-01-19T14:39:09","date_gmt":"2025-01-19T14:39:09","guid":{"rendered":"https:\/\/www.hydraulic-cylinders.net\/product\/bucket-cylinder-for-lishide-small-excavator-sc85-8\/"},"modified":"2025-01-19T14:39:11","modified_gmt":"2025-01-19T14:39:11","slug":"bucket-cylinder-for-lishide-small-excavator-sc85-8","status":"publish","type":"product","link":"https:\/\/www.hydraulic-cylinders.net\/es\/producto\/bucket-cylinder-for-lishide-small-excavator-sc85-8\/","title":{"rendered":"Cilindro de cuchar\u00f3n para excavadora peque\u00f1a Lishide SC85.8"},"content":{"rendered":"<h2>Cilindro de cuchar\u00f3n para excavadora peque\u00f1a Lishide SC85.8<\/h2>\n<p>El cilindro del cuchar\u00f3n para la excavadora peque\u00f1a Lishide SC85.8 es un cilindro hidr\u00e1ulico especializado, dise\u00f1ado para controlar el movimiento del cuchar\u00f3n en maquinaria pesada como excavadoras, retroexcavadoras y cargadoras frontales. Su funci\u00f3n principal es permitir la elevaci\u00f3n, el descenso y la inclinaci\u00f3n del cuchar\u00f3n, lo que facilita diversas tareas de manipulaci\u00f3n de materiales.<\/p>\n<p>En un sistema hidr\u00e1ulico, el cilindro del cuchar\u00f3n logra un control preciso del cuchar\u00f3n al utilizar los cambios de presi\u00f3n del aceite hidr\u00e1ulico, lo que permite a los operadores manejar eficientemente cargas pesadas y adaptarse a entornos de trabajo complejos y diversos requisitos operativos.<\/p>\n<p><img decoding=\"async\" src=\"https:\/\/www.hydraulic-cylinders.net\/wp-content\/uploads\/2025\/01\/songte-company-2.webp\"><\/p>\n<h3>Caracter\u00edsticas del producto<\/h3>\n<ul>\n<li><strong>Alta resistencia y durabilidad:<\/strong> Generalmente fabricado en acero o aluminio de alta resistencia, el cilindro del cuchar\u00f3n puede soportar alta presi\u00f3n y cargas pesadas, adapt\u00e1ndose a entornos de trabajo hostiles. Su dise\u00f1o considera la resistencia al desgaste y a la corrosi\u00f3n para prolongar su vida \u00fatil.<\/li>\n<li><strong>Operaci\u00f3n hidr\u00e1ulica eficiente:<\/strong> Al utilizar la presi\u00f3n del aceite hidr\u00e1ulico, el cilindro del cuchar\u00f3n logra acciones suaves de extensi\u00f3n y retracci\u00f3n, brindando una respuesta r\u00e1pida a los comandos de control y entregando poderosas fuerzas de empuje y tracci\u00f3n, lo que lo hace adecuado para manipular cargas pesadas y tareas complejas.<\/li>\n<li><strong>Varios tipos:<\/strong> El cilindro del cuchar\u00f3n puede seleccionarse como de simple efecto (presi\u00f3n hidr\u00e1ulica en una sola direcci\u00f3n) o de doble efecto (presi\u00f3n hidr\u00e1ulica en ambas direcciones), seg\u00fan los requisitos operativos. Algunos modelos son telesc\u00f3picos, lo que permite una mayor extensi\u00f3n sin aumentar las dimensiones externas, lo que los hace ideales para aplicaciones con espacio limitado.<\/li>\n<li><strong>Reemplazo para varios cilindros hidr\u00e1ulicos:<\/strong> Nuestro producto puede reemplazar perfectamente varios cilindros hidr\u00e1ulicos. <\/li>\n<\/ul>\n<p><img decoding=\"async\" src=\"https:\/\/www.hydraulic-cylinders.net\/wp-content\/uploads\/2025\/01\/songte-cylinder-head-with-all-kinds-excavator-models.webp\"><\/p>\n<h3>Aplicaciones<\/h3>\n<p>El cilindro de cuchara encuentra su aplicaci\u00f3n en varios tipos de equipos:<\/p>\n<ul>\n<li><strong>Equipos de construcci\u00f3n:<\/strong> Se encuentran en las excavadoras y son cruciales para excavar, cargar y mover tierra o escombros. En las retroexcavadoras, el cilindro del cuchar\u00f3n facilita tanto la excavaci\u00f3n como la elevaci\u00f3n.<\/li>\n<li><strong>Maquinaria agr\u00edcola:<\/strong> El cilindro del cuchar\u00f3n se utiliza en cargadores frontales y se emplea para recoger, levantar y transportar tierra, heno y otros materiales.<\/li>\n<li><strong>Excavadoras:<\/strong> El cilindro del cuchar\u00f3n permite realizar acciones de excavaci\u00f3n al permitir que el cuchar\u00f3n penetre en el suelo.<\/li>\n<li><strong>Cargadores:<\/strong> En los cargadores frontales, ayudan a levantar y descargar mercanc\u00edas de manera eficaz.<\/li>\n<\/ul>\n<h3>Consideraciones de dise\u00f1o y criterios de selecci\u00f3n<\/h3>\n<p>Desde una perspectiva de dise\u00f1o, aspectos clave como la capacidad de carga, el sellado, la durabilidad, la seguridad y la facilidad de mantenimiento juegan un papel crucial en la selecci\u00f3n de un cilindro de cangil\u00f3n.<\/p>\n<p><img decoding=\"async\" src=\"https:\/\/www.hydraulic-cylinders.net\/wp-content\/uploads\/2025\/01\/songte-oil-pipes-and-spare-parts.webp\"><\/p>\n<h3>Sellado y lubricaci\u00f3n<\/h3>\n<p>El cilindro del cuchar\u00f3n utiliza diversos componentes de sellado, como sellos de pist\u00f3n y de v\u00e1stago, fabricados con materiales resistentes al desgaste como poliuretano y caucho de nitrilo. El cuerpo del cilindro y las superficies roscadas de los extremos se someten a un tratamiento minucioso para mejorar la resistencia al desgaste. La lubricaci\u00f3n regular con una cantidad adecuada de aceite hidr\u00e1ulico es necesaria para un funcionamiento fluido.<\/p>\n<h3>Inspecci\u00f3n regular y mantenimiento preventivo<\/h3>\n<p>Para garantizar un rendimiento \u00f3ptimo y una larga vida \u00fatil, se deben implementar inspecciones peri\u00f3dicas y medidas de mantenimiento preventivo:<\/p>\n<ul>\n<li>Inspeccione y mantenga la alineaci\u00f3n adecuada durante la instalaci\u00f3n.<\/li>\n<li>Utilice soportes de montaje adecuados para asegurar el cilindro durante la instalaci\u00f3n.<\/li>\n<li>Implementar los procedimientos recomendados de inspecci\u00f3n, reparaci\u00f3n y reemplazo.<\/li>\n<li>Proporcionar piezas de repuesto y servicios de reconstrucci\u00f3n para prolongar la vida \u00fatil del cilindro del cuchar\u00f3n.<\/li>\n<\/ul>\n<p><img decoding=\"async\" src=\"https:\/\/www.hydraulic-cylinders.net\/wp-content\/uploads\/2025\/01\/songte-chushion-collar.webp\"><\/p>\n<h3>Consideraciones de seguridad y factores ambientales<\/h3>\n<p>Al utilizar cilindros de cangilones, es fundamental seguir medidas de seguridad para garantizar el bienestar de los operadores y mitigar el impacto ambiental.<\/p>\n<h3>Soluci\u00f3n de problemas y problemas comunes<\/h3>\n<p>En caso de aver\u00edas, es importante diagnosticar y abordar los problemas comunes con prontitud. Ofrecer consejos y soluciones para la resoluci\u00f3n de problemas ayuda a los lectores a identificar y resolver los problemas eficazmente, adem\u00e1s de sugerir medidas preventivas para minimizar posibles problemas.<\/p>\n<p><img decoding=\"async\" src=\"https:\/\/www.hydraulic-cylinders.net\/wp-content\/uploads\/2025\/01\/songte-bushings-with-all-kinds-of-excavator-models.webp\"><\/p>\n<p>Recuerde organizar el art\u00edculo de forma l\u00f3gica, utilizar subt\u00edtulos para facilitar la navegaci\u00f3n, incorporar im\u00e1genes o gr\u00e1ficos relevantes para mejorar la comprensi\u00f3n y asegurarse de que el contenido sea claro, conciso y adecuado para lectores con distintos niveles de conocimientos t\u00e9cnicos.<\/p>\n<h2>Acerca de nuestra empresa<\/h2>\n<p>Somos fabricantes de cilindros hidr\u00e1ulicos de repuesto y ofrecemos una amplia gama de productos. Como uno de los principales fabricantes y distribuidores mayoristas de cilindros hidr\u00e1ulicos en el mercado nacional e internacional, priorizamos la excelencia en la calidad. Nuestra estrategia de gesti\u00f3n de producci\u00f3n industrializada se basa en t\u00e9cnicos cualificados, equipos de fabricaci\u00f3n digital de \u00faltima generaci\u00f3n y sistemas de prueba profesionales. Con principios eficientes, precisos y de alta calidad, satisfacemos las diversas necesidades de nuestros clientes.<\/p>\n<p><img decoding=\"async\" src=\"https:\/\/www.hydraulic-cylinders.net\/wp-content\/uploads\/2025\/01\/songte-company-3.webp\"><\/p>\n<p>Adem\u00e1s, proporcionamos informaci\u00f3n completa sobre nuestra empresa desde aspectos como experiencia, certificaciones internacionales, servicios personalizados, equipos de producci\u00f3n y servicio postventa.<\/p>\n<p>Autor: lyl<\/p>","protected":false},"excerpt":{"rendered":"<p>Bucket Cylinder For Lishide Small Excavator SC85.8 The Bucket Cylinder for Lishide Small Excavator SC85.8 is a specialized hydraulic cylinder designed to control the movement of the bucket in heavy machinery such as excavators, backhoe loaders, and front loaders. Its main function is to enable the lifting, lowering, and tilting of the bucket, making it [&hellip;]<\/p>","protected":false},"featured_media":14762,"comment_status":"open","ping_status":"closed","template":"","meta":{"_et_pb_use_builder":"","_et_pb_old_content":"","_et_gb_content_width":""},"product_brand":[],"product_cat":[1494],"product_tag":[1495,1496],"class_list":{"0":"post-15535","1":"product","2":"type-product","3":"status-publish","4":"has-post-thumbnail","6":"product_cat-bucket-cylinders","7":"product_tag-bucket-cylinders","8":"product_tag-hydraulic-cylinders","10":"first","11":"instock","12":"shipping-taxable","13":"product-type-simple"},"amp_enabled":true,"_links":{"self":[{"href":"https:\/\/www.hydraulic-cylinders.net\/es\/wp-json\/wp\/v2\/product\/15535","targetHints":{"allow":["GET"]}}],"collection":[{"href":"https:\/\/www.hydraulic-cylinders.net\/es\/wp-json\/wp\/v2\/product"}],"about":[{"href":"https:\/\/www.hydraulic-cylinders.net\/es\/wp-json\/wp\/v2\/types\/product"}],"replies":[{"embeddable":true,"href":"https:\/\/www.hydraulic-cylinders.net\/es\/wp-json\/wp\/v2\/comments?post=15535"}],"wp:featuredmedia":[{"embeddable":true,"href":"https:\/\/www.hydraulic-cylinders.net\/es\/wp-json\/wp\/v2\/media\/14762"}],"wp:attachment":[{"href":"https:\/\/www.hydraulic-cylinders.net\/es\/wp-json\/wp\/v2\/media?parent=15535"}],"wp:term":[{"taxonomy":"product_brand","embeddable":true,"href":"https:\/\/www.hydraulic-cylinders.net\/es\/wp-json\/wp\/v2\/product_brand?post=15535"},{"taxonomy":"product_cat","embeddable":true,"href":"https:\/\/www.hydraulic-cylinders.net\/es\/wp-json\/wp\/v2\/product_cat?post=15535"},{"taxonomy":"product_tag","embeddable":true,"href":"https:\/\/www.hydraulic-cylinders.net\/es\/wp-json\/wp\/v2\/product_tag?post=15535"}],"curies":[{"name":"wp","href":"https:\/\/api.w.org\/{rel}","templated":true}]}}