{"id":1555,"date":"2023-09-28T08:49:11","date_gmt":"2023-09-28T08:49:11","guid":{"rendered":"https:\/\/hydraulic-cylinders.net\/?post_type=product&#038;p=1555"},"modified":"2025-04-11T01:52:22","modified_gmt":"2025-04-11T01:52:22","slug":"mobile-crane-outrigger-cylinder","status":"publish","type":"product","link":"https:\/\/www.hydraulic-cylinders.net\/es\/producto\/mobile-crane-outrigger-cylinder\/","title":{"rendered":"Cilindro estabilizador de gr\u00faa m\u00f3vil"},"content":{"rendered":"<h1 style=\"text-align: center;\"><strong>Cilindro estabilizador de gr\u00faa m\u00f3vil<\/strong><\/h1>\n<p><img loading=\"lazy\" decoding=\"async\" class=\"aligncenter wp-image-1556\" src=\"https:\/\/hydraulic-cylinders.net\/wp-content\/uploads\/2023\/09\/outrigger-expansion-cylinder-1-300x300.webp\" alt=\"\" width=\"400\" height=\"400\" \/><\/p>\n<p>El cilindro estabilizador de la gr\u00faa m\u00f3vil es un componente fundamental en los sistemas de gr\u00faas m\u00f3viles, dise\u00f1ado para proporcionar estabilidad y seguridad durante las operaciones de elevaci\u00f3n. Este cilindro hidr\u00e1ulico est\u00e1 dise\u00f1ado espec\u00edficamente para extender y retraer las vigas estabilizadoras de la gr\u00faa, garantizando una base s\u00f3lida y evitando vuelcos o inestabilidad.<\/p>\n<p>El cilindro estabilizador de la gr\u00faa m\u00f3vil garantiza estabilidad y seguridad durante las operaciones de elevaci\u00f3n. Gracias a su robusta construcci\u00f3n, extensi\u00f3n y retracci\u00f3n hidr\u00e1ulica, mejora de la estabilidad y caracter\u00edsticas de seguridad integradas, este cilindro hidr\u00e1ulico permite a los operadores de gr\u00faas establecer una base segura y evitar vuelcos o inestabilidad al manipular cargas pesadas. Siguiendo los m\u00e9todos de uso adecuados y las pr\u00e1cticas de mantenimiento recomendadas, los operadores pueden maximizar la vida \u00fatil y el rendimiento del cilindro estabilizador de la gr\u00faa m\u00f3vil, lo que contribuye a operaciones de elevaci\u00f3n m\u00e1s seguras y eficientes. Elija este componente hidr\u00e1ulico esencial para aumentar la estabilidad y la seguridad de su gr\u00faa m\u00f3vil, permitiendo elevaciones exitosas y sin complicaciones a nuevas alturas.<\/p>\n<p>Caracter\u00edsticas principales del cilindro estabilizador de gr\u00faa m\u00f3vil:<\/p>\n<ol>\n<li>Construcci\u00f3n robusta:<\/li>\n<\/ol>\n<ul>\n<li>El cilindro estabilizador de la gr\u00faa m\u00f3vil est\u00e1 fabricado con materiales de alta calidad, lo que garantiza durabilidad y fiabilidad incluso en condiciones de trabajo exigentes.<\/li>\n<li>Est\u00e1 dise\u00f1ado para soportar cargas pesadas, vibraciones y la exposici\u00f3n a los elementos ambientales, lo que garantiza un rendimiento duradero.<\/li>\n<\/ul>\n<ol start=\"2\">\n<li>Extensi\u00f3n y retracci\u00f3n hidr\u00e1ulica:<\/li>\n<\/ol>\n<ul>\n<li>Este cilindro utiliza energ\u00eda hidr\u00e1ulica para extender y retraer las vigas de apoyo de la gr\u00faa m\u00f3vil.<\/li>\n<li>El sistema hidr\u00e1ulico permite un control preciso y un funcionamiento fluido, lo que facilita la r\u00e1pida instalaci\u00f3n y ajuste de los estabilizadores.<\/li>\n<\/ul>\n<ol start=\"3\">\n<li>Mejora de la estabilidad:<\/li>\n<\/ol>\n<ul>\n<li>Al extender las vigas de los estabilizadores, el cilindro estabilizador de la gr\u00faa m\u00f3vil aumenta significativamente la estabilidad de la gr\u00faa durante las operaciones de elevaci\u00f3n.<\/li>\n<li>Proporciona una base de apoyo m\u00e1s amplia, minimizando el riesgo de vuelco o ca\u00edda, especialmente al manipular cargas pesadas o al operar en terrenos irregulares.<\/li>\n<\/ul>\n<ol start=\"4\">\n<li>Caracter\u00edsticas de seguridad:<\/li>\n<\/ol>\n<ul>\n<li>El cilindro del estabilizador est\u00e1 equipado con mecanismos de seguridad, como pasadores de bloqueo o v\u00e1lvulas, para fijar las vigas del estabilizador extendidas en su posici\u00f3n.<\/li>\n<li>Estas caracter\u00edsticas evitan la retracci\u00f3n accidental y garantizan la estabilidad de la gr\u00faa durante todo el izamiento.<\/li>\n<\/ul>\n<h2><strong>Par\u00e1metros del cilindro del estabilizador de la gr\u00faa m\u00f3vil:<\/strong><\/h2>\n<table border=\"1\" cellspacing=\"0\" cellpadding=\"0\">\n<tbody>\n<tr>\n<td>Nombre del producto<\/td>\n<td>Cilindro estabilizador de gr\u00faa m\u00f3vil<\/td>\n<\/tr>\n<tr>\n<td>Caracter\u00edsticas:<\/td>\n<td>Soporta el peso de todo el equipo cuando la gr\u00faa est\u00e1 levantando.<\/td>\n<\/tr>\n<tr>\n<td>Di\u00e1metro del orificio:<\/td>\n<td>70 mm a 360 mm<\/td>\n<\/tr>\n<tr>\n<td>Di\u00e1metro de la varilla:<\/td>\n<td>45 mm a 320 mm<br \/>\nCarrera \u2264 800 mm<\/td>\n<\/tr>\n<tr>\n<td>Presi\u00f3n:<\/td>\n<td>M\u00e1ximo 42 MPa<\/td>\n<\/tr>\n<tr>\n<td>Aplicaciones de los cilindros de los estabilizadores:<\/td>\n<td>Gr\u00faa m\u00f3vil<\/td>\n<\/tr>\n<\/tbody>\n<\/table>\n<h2><strong>Diagrama de identificaci\u00f3n de gr\u00faas m\u00f3viles:<\/strong><\/h2>\n<p><img loading=\"lazy\" decoding=\"async\" class=\"alignnone wp-image-1551 size-full\" src=\"https:\/\/hydraulic-cylinders.net\/wp-content\/uploads\/2023\/09\/mobile-crane-cylinder-construction-1.webp\" alt=\"\" width=\"1418\" height=\"946\" srcset=\"https:\/\/hydraulic-cylinders.net\/wp-content\/uploads\/2023\/09\/mobile-crane-cylinder-construction-1.webp 1418w, https:\/\/hydraulic-cylinders.net\/wp-content\/uploads\/2023\/09\/mobile-crane-cylinder-construction-1-1280x854.webp 1280w, https:\/\/hydraulic-cylinders.net\/wp-content\/uploads\/2023\/09\/mobile-crane-cylinder-construction-1-980x654.webp 980w, https:\/\/hydraulic-cylinders.net\/wp-content\/uploads\/2023\/09\/mobile-crane-cylinder-construction-1-480x320.webp 480w\" sizes=\"(min-width: 0px) and (max-width: 480px) 480px, (min-width: 481px) and (max-width: 980px) 980px, (min-width: 981px) and (max-width: 1280px) 1280px, (min-width: 1281px) 1418px, 100vw\" \/><\/p>\n<h2><strong>M\u00e9todo de uso del cilindro estabilizador de gr\u00faa m\u00f3vil<\/strong><strong>:<\/strong><\/h2>\n<ol>\n<li><strong>Evaluaci\u00f3n del sitio:<\/strong><\/li>\n<\/ol>\n<ul>\n<li>Antes de desplegar los estabilizadores, eval\u00fae minuciosamente el \u00e1rea de trabajo para identificar cualquier peligro o dificultad potencial.<\/li>\n<li>Aseg\u00farese de que el terreno sea estable y capaz de soportar el peso de la gr\u00faa y las cargas que pueda levantar.<\/li>\n<\/ul>\n<ol start=\"2\">\n<li><strong>Familiar\u00edcese con los controles:<\/strong><\/li>\n<\/ol>\n<ul>\n<li>Comprenda los mecanismos de control y los procedimientos operativos espec\u00edficos de su modelo de gr\u00faa m\u00f3vil.<\/li>\n<li>Identifique los controles responsables de extender y retraer las vigas de soporte.<\/li>\n<\/ul>\n<ol start=\"3\">\n<li><strong>Extender los estabilizadores:<\/strong><\/li>\n<\/ol>\n<ul>\n<li>Active el control para extender el cilindro del estabilizador de la gr\u00faa m\u00f3vil, permitiendo que las vigas estabilizadoras alcancen su posici\u00f3n extendida.<\/li>\n<li>Supervise la posici\u00f3n de las vigas de soporte, asegur\u00e1ndose de que est\u00e9n correctamente alineadas y firmemente sujetas en su lugar.<\/li>\n<\/ul>\n<ol start=\"4\">\n<li><strong>Retracci\u00f3n de los estabilizadores:<\/strong><\/li>\n<\/ol>\n<ul>\n<li>Cuando finalice la operaci\u00f3n de elevaci\u00f3n, active el control para retraer las vigas de soporte.<\/li>\n<li>Aseg\u00farese de que los estabilizadores se retraigan de forma suave y uniforme, aline\u00e1ndose con el cuerpo de la gr\u00faa para un transporte seguro.<\/li>\n<\/ul>\n<h2><strong>\u00bfC\u00f3mo purgar el aire del sistema hidr\u00e1ulico del tractor?<\/strong><\/h2>\n<p>Purgar el aire del sistema hidr\u00e1ulico de un tractor es fundamental para mantener un rendimiento \u00f3ptimo y prevenir problemas como la disminuci\u00f3n de la capacidad de respuesta y el funcionamiento err\u00e1tico. A continuaci\u00f3n, se presenta una gu\u00eda paso a paso sobre c\u00f3mo purgar el aire del sistema hidr\u00e1ulico de un tractor:<\/p>\n<ol>\n<li><strong>Identificar puntos de sangrado:<\/strong>\n<ul>\n<li>Identifique los puntos del sistema hidr\u00e1ulico donde puede acumularse aire. Los puntos de purga m\u00e1s comunes incluyen v\u00e1lvulas de purga de aire, tornillos de purga o conexiones con tapas extra\u00edbles.<\/li>\n<li>Consulte el manual del tractor o las instrucciones del fabricante para obtener informaci\u00f3n espec\u00edfica sobre los puntos de purga.<\/li>\n<\/ul>\n<\/li>\n<li><strong>Preparar el sistema:<\/strong>\n<ul>\n<li>Aseg\u00farese de que el tractor est\u00e9 apagado y que la presi\u00f3n hidr\u00e1ulica est\u00e9 completamente liberada.<\/li>\n<li>Localice el dep\u00f3sito de l\u00edquido hidr\u00e1ulico y compruebe el nivel. Mantenga el nivel de l\u00edquido dentro del rango recomendado.<\/li>\n<\/ul>\n<\/li>\n<li><strong>Comience por el punto m\u00e1s bajo:<\/strong>\n<ul>\n<li>Comience el proceso de purga en el punto m\u00e1s bajo del sistema hidr\u00e1ulico, donde se puede acumular aire.<\/li>\n<li>Afloje la v\u00e1lvula de purga de aire o retire la tapa del racor para acceder al tornillo de purga.<\/li>\n<\/ul>\n<\/li>\n<li><strong>Abrir el punto de sangrado:<\/strong>\n<ul>\n<li>Utilice una herramienta adecuada, como una llave inglesa o un destornillador, para abrir lentamente la v\u00e1lvula de purga de aire o aflojar el tornillo de purga.<\/li>\n<li>Tenga cuidado de no retirar completamente la v\u00e1lvula o el tornillo, ya que podr\u00eda producirse una fuga de l\u00edquido.<\/li>\n<\/ul>\n<\/li>\n<li><strong>Purificar el aire:<\/strong>\n<ul>\n<li>Al abrirse el punto de purga, pueden empezar a escapar burbujas de aire junto con el fluido hidr\u00e1ulico.<\/li>\n<li>Deje que el aire se purgue del sistema hasta que se observe un flujo constante de fluido sin burbujas de aire.<\/li>\n<li>Tenga a mano un recipiente o material absorbente para recoger cualquier l\u00edquido que pueda derramarse durante este proceso.<\/li>\n<\/ul>\n<\/li>\n<li><strong>Cierre el punto de sangrado:<\/strong>\n<ul>\n<li>Una vez purgado el aire, cierre la v\u00e1lvula de purga de aire o apriete firmemente el tornillo de purga.<\/li>\n<li>Aseg\u00farese de que la v\u00e1lvula o el tornillo est\u00e9n correctamente sellados para evitar que entre m\u00e1s aire.<\/li>\n<\/ul>\n<\/li>\n<li><strong>Pasar al siguiente punto de sangrado:<\/strong>\n<ul>\n<li>Proceda al siguiente punto m\u00e1s alto del sistema donde se pueda acumular aire y repita los pasos 4 a 6.<\/li>\n<li>Contin\u00fae purgando el sistema en cada punto de sangrado identificado, avanzando gradualmente hasta llegar al punto m\u00e1s alto.<\/li>\n<\/ul>\n<\/li>\n<li><strong>Comprobar el nivel del l\u00edquido:<\/strong>\n<ul>\n<li>Durante todo el proceso de sangrado, controle el nivel de l\u00edquido en el dep\u00f3sito y rell\u00e9nelo si es necesario.<\/li>\n<li>Utilice el fluido hidr\u00e1ulico recomendado que se especifica en el manual del tractor o por el fabricante.<\/li>\n<\/ul>\n<\/li>\n<li><strong>Probar y verificar:<\/strong>\n<ul>\n<li>Tras purgar todos los puntos identificados, arranque el tractor y ponga en marcha el sistema hidr\u00e1ulico para garantizar su correcto funcionamiento.<\/li>\n<li>Compruebe si hay signos de respuesta esponjosa, ruidos anormales o comportamiento err\u00e1tico.<\/li>\n<li>Si los problemas persisten, repita el proceso de purga o consulte a un t\u00e9cnico cualificado para obtener m\u00e1s ayuda.<\/li>\n<\/ul>\n<\/li>\n<\/ol>\n<h2><strong>Capacidad de la f\u00e1brica:<\/strong><\/h2>\n<h3>(1) Montaje<\/h3>\n<p>Contamos con una plataforma de ensamblaje independiente de primera clase para investigaci\u00f3n y desarrollo. El taller de producci\u00f3n de cilindros hidr\u00e1ulicos cuenta con cuatro l\u00edneas de ensamblaje de cilindros de elevaci\u00f3n semiautom\u00e1ticos y una l\u00ednea de ensamblaje de cilindros de inclinaci\u00f3n autom\u00e1ticos, con una capacidad de producci\u00f3n anual dise\u00f1ada de 1 mill\u00f3n de piezas. El taller de cilindros especiales est\u00e1 equipado con un sistema de ensamblaje de limpieza semiautom\u00e1tico de diversas especificaciones, con una capacidad de producci\u00f3n anual dise\u00f1ada de 200,000 unidades, y est\u00e1 equipado con reconocidos equipos de mecanizado CNC, un centro de mecanizado, equipos especiales de procesamiento de cilindros de alta precisi\u00f3n, una m\u00e1quina de soldadura robotizada, una m\u00e1quina de limpieza autom\u00e1tica, una m\u00e1quina de ensamblaje de cilindros autom\u00e1ticos y una l\u00ednea de producci\u00f3n de pintura autom\u00e1tica. Contamos con m\u00e1s de 300 equipos cr\u00edticos. La asignaci\u00f3n \u00f3ptima y el uso eficiente de los recursos de equipo garantizan la precisi\u00f3n y la alta calidad de los productos.<\/p>\n<p><img loading=\"lazy\" decoding=\"async\" class=\"alignnone wp-image-626\" src=\"https:\/\/hydraulic-cylinders.net\/wp-content\/uploads\/2023\/08\/hydraulic-cylinder-product-1-300x158.webp\" alt=\"\" width=\"495\" height=\"260\" srcset=\"https:\/\/hydraulic-cylinders.net\/wp-content\/uploads\/2023\/08\/hydraulic-cylinder-product-1-300x158.webp 495w, https:\/\/hydraulic-cylinders.net\/wp-content\/uploads\/2023\/08\/hydraulic-cylinder-product-1-480x252.webp 480w\" sizes=\"(min-width: 0px) and (max-width: 480px) 480px, (min-width: 481px) 495px, 100vw\" \/> <img loading=\"lazy\" decoding=\"async\" class=\"alignnone wp-image-627\" src=\"https:\/\/hydraulic-cylinders.net\/wp-content\/uploads\/2023\/08\/hydraulic-cylinder-product-2-300x189.webp\" alt=\"\" width=\"413\" height=\"260\" \/><\/p>\n<h3>(2) Mecanizado<\/h3>\n<p>El taller de mecanizado est\u00e1 equipado con un centro de torneado de carril inclinado personalizado, un centro de mecanizado, una m\u00e1quina de bru\u00f1ido de alta velocidad, un robot de soldadura y otros equipos relacionados, que pueden procesar tubos cil\u00edndricos con un di\u00e1metro interior m\u00e1ximo de 400 mm y una longitud m\u00e1xima de 6 metros.<\/p>\n<p><img loading=\"lazy\" decoding=\"async\" class=\"alignnone wp-image-628 size-large\" src=\"https:\/\/hydraulic-cylinders.net\/wp-content\/uploads\/2023\/08\/hydraulic-cylinder-product-3-1024x391.webp\" alt=\"\" width=\"1024\" height=\"391\" srcset=\"https:\/\/hydraulic-cylinders.net\/wp-content\/uploads\/2023\/08\/hydraulic-cylinder-product-3-980x374.webp 980w, https:\/\/hydraulic-cylinders.net\/wp-content\/uploads\/2023\/08\/hydraulic-cylinder-product-3-480x183.webp 480w\" sizes=\"(min-width: 0px) and (max-width: 480px) 480px, (min-width: 481px) and (max-width: 980px) 980px, (min-width: 981px) 1024px, 100vw\" \/><\/p>\n<h3>(3) Soldadura<\/h3>\n<p><img loading=\"lazy\" decoding=\"async\" class=\"alignnone wp-image-629 size-large\" src=\"https:\/\/hydraulic-cylinders.net\/wp-content\/uploads\/2023\/08\/hydraulic-cylinder-product-4-1024x510.webp\" alt=\"\" width=\"1024\" height=\"510\" srcset=\"https:\/\/hydraulic-cylinders.net\/wp-content\/uploads\/2023\/08\/hydraulic-cylinder-product-4-980x488.webp 980w, https:\/\/hydraulic-cylinders.net\/wp-content\/uploads\/2023\/08\/hydraulic-cylinder-product-4-480x239.webp 480w\" sizes=\"(min-width: 0px) and (max-width: 480px) 480px, (min-width: 481px) and (max-width: 980px) 980px, (min-width: 981px) 1024px, 100vw\" \/><\/p>\n<h3>(4) Pintura y revestimiento<\/h3>\n<p>Con peque\u00f1as y medianas l\u00edneas de cilindros autom\u00e1ticos de recubrimiento de pintura a base de agua, para lograr la carga y descarga autom\u00e1tica de robots y pulverizaci\u00f3n autom\u00e1tica, la capacidad de dise\u00f1o de 4000 piezas por turno;<br \/>\nTambi\u00e9n disponemos de una l\u00ednea semiautom\u00e1tica de producci\u00f3n de pintura para grandes cilindros accionada por cadena, con una capacidad de dise\u00f1o de 60 cajas por turno.<\/p>\n<p><img loading=\"lazy\" decoding=\"async\" class=\"alignnone wp-image-630\" src=\"https:\/\/hydraulic-cylinders.net\/wp-content\/uploads\/2023\/08\/hydraulic-cylinder-product-5-300x213.webp\" alt=\"\" width=\"366\" height=\"260\" \/> <img loading=\"lazy\" decoding=\"async\" class=\"alignnone wp-image-631\" src=\"https:\/\/hydraulic-cylinders.net\/wp-content\/uploads\/2023\/08\/hydraulic-cylinder-product-6-300x225.webp\" alt=\"\" width=\"347\" height=\"260\" \/><\/p>\n<h3>(5) Pruebas<\/h3>\n<p>Disponemos de instalaciones de inspecci\u00f3n y bancos de pruebas de primera clase para garantizar que el rendimiento del cilindro cumple los requisitos.<\/p>\n<p><img loading=\"lazy\" decoding=\"async\" class=\"alignnone wp-image-632\" src=\"https:\/\/hydraulic-cylinders.net\/wp-content\/uploads\/2023\/08\/hydraulic-cylinder-product-8-300x200.webp\" alt=\"\" width=\"389\" height=\"260\" \/><\/p>\n<p>&nbsp;<\/p>\n<p>&nbsp;<\/p>\n<p>Somos uno de los mejores fabricantes de cilindros hidr\u00e1ulicos. Ofrecemos cilindros hidr\u00e1ulicos integrales. Tambi\u00e9n proporcionamos... <a href=\"https:\/\/hzpt.com\/agricultural-pto-gearbox\/\" target=\"_blank\" rel=\"noopener\">cajas de cambios agr\u00edcolas<\/a>Hemos exportado nuestros productos a clientes de todo el mundo y nos hemos ganado una excelente reputaci\u00f3n gracias a nuestra excelente calidad y servicio posventa. Invitamos a clientes nacionales e internacionales a contactarnos para negociar negocios, intercambiar informaci\u00f3n y... <a href=\"https:\/\/www.hydraulic-cylinders.net\/es\/contact-us\/\">colabore con nosotros<\/a>!<\/p>","protected":false},"excerpt":{"rendered":"<p>Mobile Crane Outrigger Cylinder The mobile crane outrigger cylinder is a critical component in mobile crane systems, designed to provide stability and safety during lifting operations. This hydraulic cylinder is specifically engineered to extend and retract the outrigger beams of the crane, ensuring a solid foundation and preventing tipping or instability. The mobile crane outrigger [&hellip;]<\/p>","protected":false},"featured_media":1561,"comment_status":"open","ping_status":"closed","template":"","meta":{"_et_pb_use_builder":"","_et_pb_old_content":"","_et_gb_content_width":""},"product_brand":[],"product_cat":[1514,1549],"product_tag":[1380],"class_list":{"0":"post-1555","1":"product","2":"type-product","3":"status-publish","4":"has-post-thumbnail","6":"product_cat-mobile-crane-hydraulic-cylinders","7":"product_cat-single-acting-hydraulic-cylinder","8":"product_tag-hydraulic-cylinder","10":"first","11":"instock","12":"shipping-taxable","13":"product-type-simple"},"amp_enabled":true,"_links":{"self":[{"href":"https:\/\/www.hydraulic-cylinders.net\/es\/wp-json\/wp\/v2\/product\/1555","targetHints":{"allow":["GET"]}}],"collection":[{"href":"https:\/\/www.hydraulic-cylinders.net\/es\/wp-json\/wp\/v2\/product"}],"about":[{"href":"https:\/\/www.hydraulic-cylinders.net\/es\/wp-json\/wp\/v2\/types\/product"}],"replies":[{"embeddable":true,"href":"https:\/\/www.hydraulic-cylinders.net\/es\/wp-json\/wp\/v2\/comments?post=1555"}],"wp:featuredmedia":[{"embeddable":true,"href":"https:\/\/www.hydraulic-cylinders.net\/es\/wp-json\/wp\/v2\/media\/1561"}],"wp:attachment":[{"href":"https:\/\/www.hydraulic-cylinders.net\/es\/wp-json\/wp\/v2\/media?parent=1555"}],"wp:term":[{"taxonomy":"product_brand","embeddable":true,"href":"https:\/\/www.hydraulic-cylinders.net\/es\/wp-json\/wp\/v2\/product_brand?post=1555"},{"taxonomy":"product_cat","embeddable":true,"href":"https:\/\/www.hydraulic-cylinders.net\/es\/wp-json\/wp\/v2\/product_cat?post=1555"},{"taxonomy":"product_tag","embeddable":true,"href":"https:\/\/www.hydraulic-cylinders.net\/es\/wp-json\/wp\/v2\/product_tag?post=1555"}],"curies":[{"name":"wp","href":"https:\/\/api.w.org\/{rel}","templated":true}]}}