{"id":15557,"date":"2025-01-19T14:40:52","date_gmt":"2025-01-19T14:40:52","guid":{"rendered":"https:\/\/www.hydraulic-cylinders.net\/product\/bucket-cylinder-for-lovol-middle-excavator-fr200\/"},"modified":"2025-01-19T14:40:54","modified_gmt":"2025-01-19T14:40:54","slug":"bucket-cylinder-for-lovol-middle-excavator-fr200","status":"publish","type":"product","link":"https:\/\/www.hydraulic-cylinders.net\/es\/producto\/bucket-cylinder-for-lovol-middle-excavator-fr200\/","title":{"rendered":"Cilindro de cuchar\u00f3n para excavadora mediana Lovol FR200"},"content":{"rendered":"<h1>Cilindro de cuchar\u00f3n para excavadora mediana Lovol FR200<\/h1>\n<h2>Definici\u00f3n del producto<\/h2>\n<p>El cilindro de la cuchara es un cilindro hidr\u00e1ulico dise\u00f1ado espec\u00edficamente para controlar el movimiento de la cuchara en maquinaria pesada como excavadoras, retroexcavadoras y cargadoras frontales. Su funci\u00f3n principal es permitir la elevaci\u00f3n, el descenso y la inclinaci\u00f3n de la cuchara, facilitando as\u00ed diversas tareas de manipulaci\u00f3n de materiales. En el sistema hidr\u00e1ulico, el cilindro de la cuchara logra un control preciso de la misma mediante las variaciones de presi\u00f3n del aceite hidr\u00e1ulico, lo que permite a los operadores manejar cargas pesadas con eficiencia y adaptarse a entornos de trabajo complejos y a diversos requisitos operativos.<\/p>\n<p><img decoding=\"async\" src=\"https:\/\/www.hydraulic-cylinders.net\/wp-content\/uploads\/2025\/01\/songte-company-2.webp\" alt=\"Imagen del producto\"><\/p>\n<h2>Caracter\u00edsticas del producto<\/h2>\n<ul>\n<li><strong>Alta resistencia y durabilidad:<\/strong> El cilindro del cuchar\u00f3n, generalmente fabricado en acero de alta resistencia o aluminio, es capaz de soportar altas presiones y cargas pesadas, adapt\u00e1ndose a entornos de trabajo exigentes. Su dise\u00f1o tiene en cuenta la resistencia al desgaste y a la corrosi\u00f3n, prolongando as\u00ed su vida \u00fatil.<\/li>\n<li><strong>Operaci\u00f3n hidr\u00e1ulica eficiente:<\/strong> Al utilizar la presi\u00f3n del aceite hidr\u00e1ulico, el cilindro del cuchar\u00f3n logra acciones suaves de extensi\u00f3n y retracci\u00f3n, lo que permite una respuesta r\u00e1pida a los comandos de control y proporciona fuerzas de empuje y tracci\u00f3n potentes, adecuadas para el manejo de cargas pesadas y tareas operativas complejas.<\/li>\n<li><strong>Varios tipos:<\/strong> El cilindro del cuchar\u00f3n puede seleccionarse como de simple efecto (accionamiento hidr\u00e1ulico en un solo sentido) o de doble efecto (accionamiento hidr\u00e1ulico en ambos sentidos), seg\u00fan se requiera, para adaptarse a diferentes necesidades operativas. Algunos modelos son telesc\u00f3picos, lo que permite una mayor extensi\u00f3n sin aumentar las dimensiones externas, resultando id\u00f3neos para aplicaciones con espacio limitado.<\/li>\n<li><strong>Reemplazo perfecto:<\/strong> Nuestros productos pueden reemplazar perfectamente estos cilindros hidr\u00e1ulicos.<\/li>\n<\/ul>\n<p><img decoding=\"async\" src=\"https:\/\/www.hydraulic-cylinders.net\/wp-content\/uploads\/2025\/01\/songte-cylinder-head-with-all-kinds-excavator-models.webp\" alt=\"Imagen del producto\"><\/p>\n<h2>Aplicaciones<\/h2>\n<p>El cilindro de cangilones encuentra aplicaci\u00f3n en diversas industrias y equipos:<\/p>\n<ul>\n<li><strong>Equipos de construcci\u00f3n:<\/strong> Presentes en las excavadoras, son cruciales para excavar, cargar y mover tierra o escombros. En las retroexcavadoras, el cilindro del cuchar\u00f3n ayuda tanto en la excavaci\u00f3n como en la elevaci\u00f3n.<\/li>\n<li><strong>Maquinaria agr\u00edcola:<\/strong> Se utiliza en cargadores frontales para recoger, levantar y transportar tierra, heno y otros materiales.<\/li>\n<li><strong>Excavadoras:<\/strong> El cilindro del cuchar\u00f3n permite realizar acciones de excavaci\u00f3n al permitir que el cuchar\u00f3n penetre en el suelo.<\/li>\n<li><strong>Cargadores:<\/strong> En las cargadoras frontales, ayudan a elevar y descargar la mercanc\u00eda de forma eficiente.<\/li>\n<\/ul>\n<h2>Consideraciones de dise\u00f1o y criterios de selecci\u00f3n<\/h2>\n<p>Al dise\u00f1ar cilindros de cangilones, se toman en consideraci\u00f3n varios factores:<\/p>\n<ul>\n<li><strong>Capacidad de carga:<\/strong> El cilindro debe ser capaz de soportar las cargas previstas sin fallar.<\/li>\n<li><strong>Caza de focas:<\/strong> Se utilizan diversos componentes de sellado, como juntas de pist\u00f3n y juntas de v\u00e1stago, para garantizar un sellado adecuado y evitar fugas.<\/li>\n<li><strong>Durabilidad:<\/strong> El cilindro est\u00e1 dise\u00f1ado para soportar las duras condiciones de funcionamiento y proporcionar un rendimiento duradero.<\/li>\n<li><strong>Seguridad:<\/strong> Se incorporan elementos de seguridad para prevenir accidentes y garantizar la protecci\u00f3n de los operadores y los equipos.<\/li>\n<li><strong>Mantenibilidad:<\/strong> Se han tenido en cuenta diversas consideraciones para facilitar el mantenimiento y la reparaci\u00f3n del cilindro.<\/li>\n<\/ul>\n<p><img decoding=\"async\" src=\"https:\/\/www.hydraulic-cylinders.net\/wp-content\/uploads\/2025\/01\/songte-oil-pipes-and-spare-parts.webp\" alt=\"Imagen del producto\"><\/p>\n<h2>Sellado y lubricaci\u00f3n<\/h2>\n<p>El cilindro del cuchar\u00f3n utiliza diversos sellos, como sellos de pist\u00f3n y de v\u00e1stago, fabricados con materiales resistentes al desgaste como poliuretano y caucho de nitrilo. El cuerpo del cilindro y los extremos roscados reciben un tratamiento especial para mejorar su resistencia al desgaste. Es necesario lubricar regularmente con la cantidad adecuada de aceite hidr\u00e1ulico para garantizar un funcionamiento \u00f3ptimo.<\/p>\n<h2>Inspecci\u00f3n regular y mantenimiento preventivo<\/h2>\n<p>Para garantizar un rendimiento \u00f3ptimo y prolongar la vida \u00fatil del cilindro del cuchar\u00f3n, se deben realizar inspecciones peri\u00f3dicas y un mantenimiento preventivo. Se recomiendan las siguientes medidas:<\/p>\n<ul>\n<li>Inspeccione el cilindro para detectar cualquier signo de da\u00f1o, fugas o desgaste.<\/li>\n<li>Lubrique correctamente el cilindro siguiendo las instrucciones del fabricante.<\/li>\n<li>Sustituya las juntas desgastadas y realice las comprobaciones de calibraci\u00f3n seg\u00fan sea necesario.<\/li>\n<\/ul>\n<p><img decoding=\"async\" src=\"https:\/\/www.hydraulic-cylinders.net\/wp-content\/uploads\/2025\/01\/songte-chushion-collar.webp\" alt=\"Imagen del producto\"><\/p>\n<h2>Consideraciones de seguridad y factores ambientales<\/h2>\n<p>Al utilizar el cilindro de la cuchara, es fundamental priorizar las medidas de seguridad. Deben seguirse las precauciones de seguridad para prevenir accidentes y garantizar el bienestar de los operarios y las personas presentes. Tambi\u00e9n deben tenerse en cuenta factores ambientales como la correcta eliminaci\u00f3n de residuos y el cumplimiento de la normativa.<\/p>\n<h2>Diagn\u00f3stico y soluci\u00f3n de problemas<\/h2>\n<p>En caso de aver\u00edas o problemas con el cilindro del cuchar\u00f3n, los siguientes consejos y m\u00e9todos de soluci\u00f3n de problemas pueden ayudar a diagnosticar y resolver los problemas de manera eficaz. Tambi\u00e9n es importante implementar medidas preventivas para minimizar los posibles problemas.<\/p>\n<p><img decoding=\"async\" src=\"https:\/\/www.hydraulic-cylinders.net\/wp-content\/uploads\/2025\/01\/songte-bushings-with-all-kinds-of-excavator-models.webp\" alt=\"Imagen del producto\"><\/p>\n<h2>Introducci\u00f3n de la empresa<\/h2>\n<p>Somos fabricantes especializados en la producci\u00f3n de cilindros hidr\u00e1ulicos de repuesto. Con una amplia gama de productos, nos hemos consolidado como uno de los principales fabricantes y distribuidores mayoristas de cilindros hidr\u00e1ulicos en los mercados nacionales e internacionales. Nos regimos por los principios de excelencia y aplicamos estrategias de gesti\u00f3n de producci\u00f3n industrializadas en nuestros talleres de fabricaci\u00f3n, equipados con tecnolog\u00eda de punta. Gracias a nuestro talento t\u00e9cnico, equipos de fabricaci\u00f3n avanzados y sistemas de prueba profesionales, mejoramos continuamente nuestra plataforma de fabricaci\u00f3n, optimizamos el proceso de producci\u00f3n para garantizar la calidad de nuestros productos y contamos con una gran capacidad de innovaci\u00f3n para satisfacer las diversas necesidades de nuestros clientes con alta eficiencia, precisi\u00f3n y calidad.<\/p>\n<p><img decoding=\"async\" src=\"https:\/\/www.hydraulic-cylinders.net\/wp-content\/uploads\/2025\/01\/songte-company-3.webp\" alt=\"Imagen de la empresa\"><\/p>\n<p>Nuestra empresa es conocida por:<\/p>\n<ul>\n<li>Profesionalismo<\/li>\n<li>Certificaciones internacionales<\/li>\n<li>Servicios de personalizaci\u00f3n<\/li>\n<li>Equipos de producci\u00f3n<\/li>\n<li>Servicio posventa<\/li>\n<\/ul>\n<p><em>Autor: lyl<\/em><\/p>","protected":false},"excerpt":{"rendered":"<p>Bucket Cylinder For Lovol Middle Excavator FR200 Product Definition The bucket cylinder is a specifically designed hydraulic cylinder used to control the movement of the bucket in heavy machinery such as excavators, backhoe loaders, and front-end loaders. Its main function is to enable the lifting, lowering, and tilting of the bucket, making it convenient for [&hellip;]<\/p>","protected":false},"featured_media":14782,"comment_status":"open","ping_status":"closed","template":"","meta":{"_et_pb_use_builder":"","_et_pb_old_content":"","_et_gb_content_width":""},"product_brand":[],"product_cat":[1494],"product_tag":[1495,1496],"class_list":{"0":"post-15557","1":"product","2":"type-product","3":"status-publish","4":"has-post-thumbnail","6":"product_cat-bucket-cylinders","7":"product_tag-bucket-cylinders","8":"product_tag-hydraulic-cylinders","10":"first","11":"instock","12":"shipping-taxable","13":"product-type-simple"},"amp_enabled":true,"_links":{"self":[{"href":"https:\/\/www.hydraulic-cylinders.net\/es\/wp-json\/wp\/v2\/product\/15557","targetHints":{"allow":["GET"]}}],"collection":[{"href":"https:\/\/www.hydraulic-cylinders.net\/es\/wp-json\/wp\/v2\/product"}],"about":[{"href":"https:\/\/www.hydraulic-cylinders.net\/es\/wp-json\/wp\/v2\/types\/product"}],"replies":[{"embeddable":true,"href":"https:\/\/www.hydraulic-cylinders.net\/es\/wp-json\/wp\/v2\/comments?post=15557"}],"wp:featuredmedia":[{"embeddable":true,"href":"https:\/\/www.hydraulic-cylinders.net\/es\/wp-json\/wp\/v2\/media\/14782"}],"wp:attachment":[{"href":"https:\/\/www.hydraulic-cylinders.net\/es\/wp-json\/wp\/v2\/media?parent=15557"}],"wp:term":[{"taxonomy":"product_brand","embeddable":true,"href":"https:\/\/www.hydraulic-cylinders.net\/es\/wp-json\/wp\/v2\/product_brand?post=15557"},{"taxonomy":"product_cat","embeddable":true,"href":"https:\/\/www.hydraulic-cylinders.net\/es\/wp-json\/wp\/v2\/product_cat?post=15557"},{"taxonomy":"product_tag","embeddable":true,"href":"https:\/\/www.hydraulic-cylinders.net\/es\/wp-json\/wp\/v2\/product_tag?post=15557"}],"curies":[{"name":"wp","href":"https:\/\/api.w.org\/{rel}","templated":true}]}}